{"id":1877,"date":"2022-08-28T22:13:33","date_gmt":"2022-08-28T22:13:33","guid":{"rendered":"https:\/\/karandoogo.com\/?post_type=product&#038;p=1877"},"modified":"2025-10-19T13:50:18","modified_gmt":"2025-10-19T13:50:18","slug":"expose-de-philosophie-sur-la-mort","status":"publish","type":"product","link":"https:\/\/karandoogo.com\/index.php\/produit\/expose-de-philosophie-sur-la-mort\/","title":{"rendered":"Expos\u00e9 de philosophie sur la mort"},"content":{"rendered":"","protected":false},"excerpt":{"rendered":"<p><strong>NB:<\/strong> Les documents mis \u00e0 disposition sur ce site sont des documents \u00e0 exploiter, autrement dit des compl\u00e9ments pour parfaire votre travail. Ils ne sont pas faits pour \u00eatre pr\u00e9sent\u00e9s \u00e0 l\u2019\u00e9tat.<\/p>\n<p><strong><u>INTRODUCTION<\/u><\/strong><\/p>\n<ol type=\"I\">\n<li><strong><u>LA MORT, UN FAIT NATUREL ? \u2013ESSAI DE DEFINITION<\/u><\/strong><u><\/u><\/li>\n<\/ol>\n<p><strong><u>A- LA MORT, UNE LOI NATURELLE ?<\/u><\/strong><\/p>\n<p><strong><u>1) La mort un \u00e9v\u00e9nement n\u00e9cessaire\u2026 mais contingent !<\/u><\/strong><\/p>\n<p><strong><u>2) La mort, une loi naturelle pas comme les autres : \u00ab la \u00bb mort, \u00ab ta \u00bb mort, et \u00ab ma \u00bb mort<\/u><\/strong><\/p>\n<p><strong>a) ma mort<\/strong><\/p>\n<p><strong>b) la mort de nos proches<\/strong><\/p>\n<ol type=\"I\">\n<li><strong><u>LA MORT COMME L\u2019IMPENSABLE ET L\u2019INIMAGINABLE<\/u><\/strong><\/li>\n<li><strong><u>LA MORT COMME RENCONTRE DIFFICILE<\/u><\/strong><\/li>\n<\/ol>\n<p><strong><u>CONCLUSION<\/u><\/strong><\/p>\n<p><strong><u>INTRODUCTION<\/u><\/strong><\/p>\n<p>L\u2019id\u00e9e que nous pouvons nous faire de la mort est \u00e0 premi\u00e8re vue purement n\u00e9gative : biologiquement, la mort est l\u2019\u00e9tat d\u00e9finitif d\u2019un organisme qui a cess\u00e9 de vivre ; pour l\u2019individu, c\u2019est la fin de son existence. Il n\u2019y a rien au-del\u00e0 de ce terme d\u00e9finitif dont nous puissions faire l\u2019exp\u00e9rience, car, pour nous, avoir une exp\u00e9rience, sentir, penser, supposent toujours la vie. La mort n\u2019est donc pas l\u2019objet d\u2019une intuition, et, si elle est quelque chose, nous ne pouvons-nous la repr\u00e9senter autrement que comme un \u00e9tat de non-vie ou de non-conscience.<\/p>\n<ol type=\"I\">\n<li><strong><u>LA MORT, UN FAIT NATUREL ? \u2013ESSAI DE DEFINITION<\/u><\/strong><u><\/u><\/li>\n<\/ol>\n<p>Nous voulons savoir si la mort est quelque chose que nous pouvons penser de fa\u00e7on claire. Il nous faut donc essayer de d\u00e9gager un concept de la mort, l\u2019ensemble des caract\u00e9ristiques de cette notion. Qu\u2019est-ce que la mort ?<\/p>\n<p><strong><u>A- LA MORT, UNE LOI NATURELLE ?<\/u><\/strong><\/p>\n<p><strong><u>1) La mort un \u00e9v\u00e9nement n\u00e9cessaire\u2026 mais contingent !<\/u><\/strong><\/p>\n<p>La mort est d\u2019abord un \u00e9v\u00e9nement n\u00e9cessaire. N\u00e9cessaire : qui ne peut pas \u00eatre autrement. C\u2019est une loi du vivant\/ de la nature. Nul ne vit \u00e9ternellement.<\/p>\n<p>Qui dit n\u00e9cessaire, ne dit pas non contingent : la contingence d\u00e9signe ce qui peut arriver par hasard, ce qu\u2019on ne saurait pr\u00e9voir (ou bien, mais ici ce n\u2019est pas en ce sens l\u00e0 : ce qui peut \u00eatre autrement qu\u2019il n\u2019est). Ce que l\u2019on ne saurait d\u00e9duire d\u2019aucune loi.<\/p>\n<p>Tout comme il est n\u00e9cessaire que tout corps ob\u00e9it \u00e0 la loi de la chute des corps, on ne peut d\u00e9duire de cette loi le moment o\u00f9 la pierre va quitter son lieu, va \u00eatre d\u00e9plac\u00e9e, ou bouger, et donc, ob\u00e9ir effectivement \u00e0 la chute des corps. De m\u00eame, on ne peut d\u00e9duire de la n\u00e9cessit\u00e9 de la mort le moment o\u00f9 Pierre va mourir. Pierre mourra un jour ou l\u2019autre, mais ce moment est ind\u00e9termin\u00e9. C\u2019est un \u00e9v\u00e9nement. La mort est donc quelque chose qui\u2026<\/p>\n<p>Pour obtenir l&rsquo;expos\u00e9 complet contactez le +226 56196345 (WhatsApp).<\/p>\n","protected":false},"featured_media":831,"template":"","meta":{"jetpack_publicize_message":"","jetpack_publicize_feature_enabled":true,"jetpack_social_post_already_shared":false,"jetpack_social_options":{"image_generator_settings":{"template":"highway","default_image_id":0,"font":"","enabled":false},"version":2}},"product_brand":[],"product_cat":[613],"product_tag":[770,631],"class_list":{"0":"post-1877","1":"product","2":"type-product","3":"status-publish","4":"has-post-thumbnail","6":"product_cat-philosophie","7":"product_tag-la-mort","8":"product_tag-philosophie","10":"first","11":"instock","12":"downloadable","13":"virtual","14":"sold-individually","15":"purchasable","16":"product-type-simple"},"aioseo_notices":[],"jetpack_publicize_connections":[],"jetpack-related-posts":[],"jetpack_sharing_enabled":true,"_links":{"self":[{"href":"https:\/\/karandoogo.com\/index.php\/wp-json\/wp\/v2\/product\/1877","targetHints":{"allow":["GET"]}}],"collection":[{"href":"https:\/\/karandoogo.com\/index.php\/wp-json\/wp\/v2\/product"}],"about":[{"href":"https:\/\/karandoogo.com\/index.php\/wp-json\/wp\/v2\/types\/product"}],"wp:featuredmedia":[{"embeddable":true,"href":"https:\/\/karandoogo.com\/index.php\/wp-json\/wp\/v2\/media\/831"}],"wp:attachment":[{"href":"https:\/\/karandoogo.com\/index.php\/wp-json\/wp\/v2\/media?parent=1877"}],"wp:term":[{"taxonomy":"product_brand","embeddable":true,"href":"https:\/\/karandoogo.com\/index.php\/wp-json\/wp\/v2\/product_brand?post=1877"},{"taxonomy":"product_cat","embeddable":true,"href":"https:\/\/karandoogo.com\/index.php\/wp-json\/wp\/v2\/product_cat?post=1877"},{"taxonomy":"product_tag","embeddable":true,"href":"https:\/\/karandoogo.com\/index.php\/wp-json\/wp\/v2\/product_tag?post=1877"}],"curies":[{"name":"wp","href":"https:\/\/api.w.org\/{rel}","templated":true}]}}