{"id":1889,"date":"2022-08-28T22:23:51","date_gmt":"2022-08-28T22:23:51","guid":{"rendered":"https:\/\/karandoogo.com\/?post_type=product&#038;p=1889"},"modified":"2025-10-19T13:50:18","modified_gmt":"2025-10-19T13:50:18","slug":"expose-complet-sur-les-consequences-de-la-traite-negriere","status":"publish","type":"product","link":"https:\/\/karandoogo.com\/index.php\/produit\/expose-complet-sur-les-consequences-de-la-traite-negriere\/","title":{"rendered":"Expos\u00e9 complet sur les cons\u00e9quences de la traite n\u00e9gri\u00e8re"},"content":{"rendered":"","protected":false},"excerpt":{"rendered":"<p><strong>NB:<\/strong> Les documents mis \u00e0 disposition sur ce site sont des documents \u00e0 exploiter, autrement dit des compl\u00e9ments pour parfaire votre travail. Ils ne sont pas faits pour \u00eatre pr\u00e9sent\u00e9s \u00e0 l\u2019\u00e9tat.<\/p>\n<p><strong><u>INTRODUCTION<\/u><\/strong><\/p>\n<ol type=\"I\">\n<li><strong><u>LES CONSEQUENCES\u00a0 DE LA TRAITE EN AFRIQUE<\/u><\/strong><\/li>\n<li><strong><u>Cons\u00e9quences politiques<\/u><\/strong><\/li>\n<li><strong><u>Cons\u00e9quences humaines<\/u><\/strong><\/li>\n<li><strong><u>Cons\u00e9quences \u00e9conomiques<\/u><\/strong><\/li>\n<li><strong><u>LES CONSEQUENCES DE LA TRAITE EN\u00a0 AMERIQUE<\/u><\/strong><\/li>\n<li><strong><u>Cons\u00e9quences humaines<\/u><\/strong><\/li>\n<li><strong><u>Cons\u00e9quences \u00e9conomiques<\/u><\/strong><\/li>\n<li><strong><u>LES CONSEQUENCES EN EUROPE<\/u><\/strong><\/li>\n<li><strong><u>Cons\u00e9quences Economiques<\/u><\/strong><\/li>\n<li><strong><u>Cons\u00e9quences Politiques<\/u><\/strong><\/li>\n<li><strong><u>Les cons\u00e9quences humaines<\/u><\/strong><\/li>\n<\/ol>\n<p><strong><u>CONCLUSION<\/u><\/strong><\/p>\n<p><strong><u>INTRODUCTION<\/u><\/strong><\/p>\n<p>La traite n\u00e9gri\u00e8re est le commerce des noirs arrach\u00e9s de force \u00e0 leurs familles\u00a0vendues comme esclaves et transport\u00e9s en Am\u00e9rique \u00e0 partir du XVI si\u00e8cle. Elle est n\u00e9e en 1578 et est pratiqu\u00e9e par les Europ\u00e9ens. Elle se pratiquait entre trois continents \u00e0 savoir l\u2019Europe\u00a0l\u2019Am\u00e9rique et l\u2019Afrique\u00a0: Elle \u00e9volu\u00e9 de fa\u00e7on vertigineuse et prendra fin jusqu\u2019au XIX si\u00e8clegr\u00e2ce au Christianisme.\u00a0 Ses cons\u00e9quences ont \u00e9t\u00e9 profitables pour l\u2019Am\u00e9rique et surtout pour l\u2019Europe qui en b\u00e9n\u00e9ficiadavantage.<\/p>\n<ol type=\"I\">\n<li><strong><u>LES CONSEQUENCES\u00a0 DE LA TRAITE EN AFRIQUE<\/u><\/strong><\/li>\n<li><strong><u>Cons\u00e9quences politiques<\/u><\/strong><\/li>\n<\/ol>\n<p>Elle a install\u00e9 l\u2019instabilit\u00e9 politique en Afrique. En effet la traite n\u00e9gri\u00e8re a entrain\u00e9 la domination des soci\u00e9t\u00e9s \u00e9tatiques sur les soci\u00e9t\u00e9s sans \u00e9tats. L\u2019anarchie r\u00e9gnait partout car les produits \u00e9chang\u00e9s au moins le royaume de Dahomey, d\u2019Oyo, d\u2019Ashanti et d\u2019Ifi. A cette \u00e9poque tout le continent vivait dans un climat d\u2019ins\u00e9curit\u00e9politique.<\/p>\n<ul>\n<li><strong><u>Cons\u00e9quences humaines<\/u><\/strong><\/li>\n<\/ul>\n<p>En Afrique jusqu\u2019\u00e0 nos il est difficile de donner avec certitude le nombre d\u2019esclave victimes de la traite. Mais si nous tenons compte de ceux- qui ont \u00e9t\u00e9 d\u00e9port\u00e9s en Am\u00e9rique, au\u00a0Moyen orient et ceux qui ont perdus la vie lors des captures et m\u00eame lors de la travers\u00e9e sur la mer, on peut dire que l\u2019Afrique a perdu plus de 150 millions d\u2019hommes\u00a0; 100\u00a0000 esclaves a la fin du XVIII si\u00e8cle d\u2019 apr\u00e8s Ducasse et Joseph Ki Zerbo et 150 millions aussi apr\u00e8s l\u2019abolition.<\/p>\n<ul>\n<li><strong><u>Cons\u00e9quences \u00e9conomiques<\/u><\/strong><\/li>\n<\/ul>\n<p>Elle a entrain\u00e9 la baisse de l\u2019\u00e9conomie Africaine. La baisse des produits comme l\u2019\u00e9toffe entraine la d\u00e9cadence de l\u2019artisanat africaine, la famine, car tous les bras valides \u00e9taient transport\u00e9s et\u2026<\/p>\n<p>Pour obtenir l&rsquo;expos\u00e9 complet contactez le +226 56196345 (WhatsApp).<\/p>\n","protected":false},"featured_media":831,"template":"","meta":{"jetpack_publicize_message":"","jetpack_publicize_feature_enabled":true,"jetpack_social_post_already_shared":false,"jetpack_social_options":{"image_generator_settings":{"template":"highway","default_image_id":0,"font":"","enabled":false},"version":2}},"product_brand":[],"product_cat":[608],"product_tag":[771],"class_list":{"0":"post-1889","1":"product","2":"type-product","3":"status-publish","4":"has-post-thumbnail","6":"product_cat-histoire","7":"product_tag-traite-negriere","9":"first","10":"instock","11":"downloadable","12":"virtual","13":"sold-individually","14":"purchasable","15":"product-type-simple"},"aioseo_notices":[],"jetpack_publicize_connections":[],"jetpack-related-posts":[],"jetpack_sharing_enabled":true,"_links":{"self":[{"href":"https:\/\/karandoogo.com\/index.php\/wp-json\/wp\/v2\/product\/1889","targetHints":{"allow":["GET"]}}],"collection":[{"href":"https:\/\/karandoogo.com\/index.php\/wp-json\/wp\/v2\/product"}],"about":[{"href":"https:\/\/karandoogo.com\/index.php\/wp-json\/wp\/v2\/types\/product"}],"wp:featuredmedia":[{"embeddable":true,"href":"https:\/\/karandoogo.com\/index.php\/wp-json\/wp\/v2\/media\/831"}],"wp:attachment":[{"href":"https:\/\/karandoogo.com\/index.php\/wp-json\/wp\/v2\/media?parent=1889"}],"wp:term":[{"taxonomy":"product_brand","embeddable":true,"href":"https:\/\/karandoogo.com\/index.php\/wp-json\/wp\/v2\/product_brand?post=1889"},{"taxonomy":"product_cat","embeddable":true,"href":"https:\/\/karandoogo.com\/index.php\/wp-json\/wp\/v2\/product_cat?post=1889"},{"taxonomy":"product_tag","embeddable":true,"href":"https:\/\/karandoogo.com\/index.php\/wp-json\/wp\/v2\/product_tag?post=1889"}],"curies":[{"name":"wp","href":"https:\/\/api.w.org\/{rel}","templated":true}]}}