{"id":1890,"date":"2022-08-28T22:26:45","date_gmt":"2022-08-28T22:26:45","guid":{"rendered":"https:\/\/karandoogo.com\/?post_type=product&#038;p=1890"},"modified":"2025-10-19T13:50:18","modified_gmt":"2025-10-19T13:50:18","slug":"expose-complet-sur-le-commerce-mondial","status":"publish","type":"product","link":"https:\/\/karandoogo.com\/index.php\/produit\/expose-complet-sur-le-commerce-mondial\/","title":{"rendered":"Expos\u00e9 complet sur le commerce mondial"},"content":{"rendered":"","protected":false},"excerpt":{"rendered":"<p><strong>NB:<\/strong> Les documents mis \u00e0 disposition sur ce site sont des documents \u00e0 exploiter, autrement dit des compl\u00e9ments pour parfaire votre travail. Ils ne sont pas faits pour \u00eatre pr\u00e9sent\u00e9s \u00e0 l\u2019\u00e9tat.<\/p>\n<p><strong><u>PLAN<\/u><\/strong><\/p>\n<p><strong><u>INTRODUCTION<\/u><\/strong><\/p>\n<p><strong><u>I-LE LES MECANISMES DU COMMERCE MONDIAL<\/u><\/strong><\/p>\n<p><strong><u>1-importation<\/u><\/strong><\/p>\n<p><strong><u>2-exportations et balance commercial<\/u><\/strong><\/p>\n<p><strong><u>a-importation<\/u><\/strong><\/p>\n<p><strong><u>b-exportation<\/u><\/strong><\/p>\n<p><strong><u>c-balance commercial<\/u><\/strong><\/p>\n<p><strong><u>3-le r\u00f4le des bourses de valeur et des bourse de commerce<\/u><\/strong><\/p>\n<p><strong><u>a-Bourse de valeur<\/u><\/strong><\/p>\n<p><strong><u>b-bourse de commerce<\/u><\/strong><\/p>\n<p><strong><u>4-le commerce \u00e9quitable<\/u><\/strong><\/p>\n<p><strong><u>II-POLITIQUE COMMERCIAL A L\u2019ECHELLE MONDIALE<\/u><\/strong><\/p>\n<p><strong><u>1-le libre \u00e9change<\/u><\/strong><\/p>\n<p><strong><u>2-le protectionnisme<\/u><\/strong><\/p>\n<p><strong><u>3-le r\u00f4le l\u2019OMC<\/u><\/strong><\/p>\n<p><strong><u>4-l\u2019Entente douani\u00e8re<\/u><\/strong><\/p>\n<p><strong><u>III-LA PLACE DE L\u2019AFRIQUE ET DU BURKINA FASO DANS LE COMMERCE MONDIAL<\/u><\/strong><\/p>\n<p><strong><u>1-place de l\u2019Afrique et du Burkina Faso<\/u><\/strong><\/p>\n<p><strong><u>2-difficult\u00e9s commerciales<\/u><\/strong><\/p>\n<p><strong><u>3-politique de d\u00e9veloppement<\/u><\/strong><\/p>\n<p><strong><u>4-perspective<\/u><\/strong><\/p>\n<p><strong><u>CONCLUSION<\/u><\/strong><\/p>\n<p><strong><u>INTRODUCTION<\/u><\/strong><\/p>\n<p>Le commerce international est l\u2019\u00e9change de biens, de services entre pays. Ce type de commerce existe depuis des si\u00e8cles (cf. route de la soie), mais il conna\u00eet un nouvel essor du fait de la mondialisation \u00e9conomique.<\/p>\n<p>La th\u00e9orie du commerce international est la branche de l\u2019\u00e9conomie qui \u00e9tudie et mod\u00e9lise le commerce international.<\/p>\n<p>Par ailleurs, il existe un \u00ab droit des op\u00e9rations de commerce international \u00bb, formalis\u00e9 notamment par les incoterms de la Chambre de commerce internationale.<\/p>\n<p><strong><u>I-LE LES MECANISMES DU COMMERCE MONDIAL<\/u><\/strong><\/p>\n<p><strong><u>1-importation<\/u><\/strong><\/p>\n<p>L\u2019importation c\u2019est l\u2019action d\u2019acheter \u00e0 un pays \u00e9tranger des mati\u00e8res premi\u00e8res ou des biens de consommation et de les faire p\u00e9n\u00e9trer dans le territoire national. Une importation est une entr\u00e9e dans un pays de biens ou services provenant d\u2019un autre pays.<\/p>\n<p><strong><u>2-exportations et balance commercial<\/u><\/strong><\/p>\n<p><strong><u>a-importation<\/u><\/strong><\/p>\n<p>L\u2019importation poss\u00e8de des avantages pour le consommateur (plus grand choix de produits, meilleure concurrence sur les prix) et un aiguillon de comp\u00e9titivit\u00e9 pour les producteurs. Du fait de la mondialisation \u00e9conomique, les deux flux sont souvent li\u00e9s (par exemple, importation de mati\u00e8res et composants et r\u00e9exportation de produits finis) : les ressources obtenues par les producteurs d\u2019un pays en vendant avec succ\u00e8s dans un autre seront a priori utilis\u00e9es \u00e0 quelque chose par la suite.<\/p>\n<p><strong><u>b-exportation<\/u><\/strong><\/p>\n<p>L\u2019<strong>exportation<\/strong>\u00a0est l\u2019action de\u00a0<a href=\"https:\/\/fr.wikipedia.org\/wiki\/Vendre\">vendre<\/a>\u00a0\u00e0 l\u2019\u00e9tranger une partie de la production de\u00a0<a href=\"https:\/\/fr.wikipedia.org\/wiki\/Biens_et_services_marchands\">biens ou de services<\/a>\u00a0d\u2019un ensemble \u00e9conomique, pays ou r\u00e9gion. C\u2019est un terme miroir de celui\u2026<\/p>\n<p>Pour obtenir l&rsquo;expos\u00e9 complet contactez le +226 56196345 (WhatsApp).<\/p>\n","protected":false},"featured_media":831,"template":"","meta":{"jetpack_publicize_message":"","jetpack_publicize_feature_enabled":true,"jetpack_social_post_already_shared":false,"jetpack_social_options":{"image_generator_settings":{"template":"highway","default_image_id":0,"font":"","enabled":false},"version":2}},"product_brand":[],"product_cat":[703,613,546],"product_tag":[772,773],"class_list":{"0":"post-1890","1":"product","2":"type-product","3":"status-publish","4":"has-post-thumbnail","6":"product_cat-economie","7":"product_cat-philosophie","8":"product_cat-societe","9":"product_tag-commerce","10":"product_tag-monde","12":"first","13":"instock","14":"downloadable","15":"virtual","16":"sold-individually","17":"purchasable","18":"product-type-simple"},"aioseo_notices":[],"jetpack_publicize_connections":[],"jetpack-related-posts":[],"jetpack_sharing_enabled":true,"_links":{"self":[{"href":"https:\/\/karandoogo.com\/index.php\/wp-json\/wp\/v2\/product\/1890","targetHints":{"allow":["GET"]}}],"collection":[{"href":"https:\/\/karandoogo.com\/index.php\/wp-json\/wp\/v2\/product"}],"about":[{"href":"https:\/\/karandoogo.com\/index.php\/wp-json\/wp\/v2\/types\/product"}],"wp:featuredmedia":[{"embeddable":true,"href":"https:\/\/karandoogo.com\/index.php\/wp-json\/wp\/v2\/media\/831"}],"wp:attachment":[{"href":"https:\/\/karandoogo.com\/index.php\/wp-json\/wp\/v2\/media?parent=1890"}],"wp:term":[{"taxonomy":"product_brand","embeddable":true,"href":"https:\/\/karandoogo.com\/index.php\/wp-json\/wp\/v2\/product_brand?post=1890"},{"taxonomy":"product_cat","embeddable":true,"href":"https:\/\/karandoogo.com\/index.php\/wp-json\/wp\/v2\/product_cat?post=1890"},{"taxonomy":"product_tag","embeddable":true,"href":"https:\/\/karandoogo.com\/index.php\/wp-json\/wp\/v2\/product_tag?post=1890"}],"curies":[{"name":"wp","href":"https:\/\/api.w.org\/{rel}","templated":true}]}}