{"id":1892,"date":"2022-08-28T22:39:38","date_gmt":"2022-08-28T22:39:38","guid":{"rendered":"https:\/\/karandoogo.com\/?post_type=product&#038;p=1892"},"modified":"2025-10-19T13:50:17","modified_gmt":"2025-10-19T13:50:17","slug":"expose-sur-la-faiblesse-des-taux-de-scolarisation-au-burkina-faso-causes-consequences-solutions","status":"publish","type":"product","link":"https:\/\/karandoogo.com\/index.php\/produit\/expose-sur-la-faiblesse-des-taux-de-scolarisation-au-burkina-faso-causes-consequences-solutions\/","title":{"rendered":"EXPOSE sur LA FAIBLESSE DU TAUX DE SCOLARISATION AU BURKINA FASO (Causes, cons\u00e9quences, solutions)"},"content":{"rendered":"","protected":false},"excerpt":{"rendered":"<p><strong>NB:<\/strong> Les documents mis \u00e0 disposition sur ce site sont des documents \u00e0 exploiter, autrement dit des compl\u00e9ments pour parfaire votre travail. Ils ne sont pas faits pour \u00eatre pr\u00e9sent\u00e9s \u00e0 l\u2019\u00e9tat.<\/p>\n<p><strong><u>Plan\u00a0:<\/u><\/strong><\/p>\n<p><strong>I<\/strong>ntroduction<u><\/u><\/p>\n<ol type=\"I\">\n<li>D\u00e9finition des concepts<\/li>\n<li>Taux de scolarisation<\/li>\n<li>Le faible taux de scolarisation<\/li>\n<li>Les caract\u00e9ristiques des syst\u00e8mes \u00e9ducatifs burkinab\u00e9s<\/li>\n<li>Les causes de la faiblesse des taux de scolarisation au Burkina Faso<\/li>\n<li>Les causes sur le plan p\u00e9dagogique<\/li>\n<li>Les causes sur le plan politique<\/li>\n<li>Les causes sur le plan socio\u00e9conomique<\/li>\n<li>L\u2019influence de l\u2019ethnie sur la scolarisation<\/li>\n<li>Influence selon le sexe de l\u2019enfant<\/li>\n<li>L\u2019influence selon le milieu de r\u00e9sidence<\/li>\n<li>Influence selon le niveau d\u2019instruction du CM<\/li>\n<li>L\u2019influence selon le niveau de vie du menage<\/li>\n<li>Les cons\u00e9quences du faible taux de scolarisation au Burkina Faso<\/li>\n<li>Suggestion<\/li>\n<\/ol>\n<p><strong>C<\/strong>onclusion<\/p>\n<p><strong><u>Introduction<\/u><\/strong><\/p>\n<p>Le\u00a0 Burkina Faso est situ\u00e9 au c\u0153ur de l\u2019Afrique de l\u2019Ouest, avec une superficie de 274\u00a0200km2 et sa population est d\u2019environs 17 millions d\u2019habitants et plus de 60 ethnies. Il est l\u2019un des pays en voie de d\u00e9veloppement\u00a0; \u00ab\u00a0l\u2019\u00e9ducation pour tous \u00e0 l\u2019horizon 2015\u00a0\u00bb, tel est l\u2019objectif de la scolarisation universelle. Mais les analyses faites sur l\u2019\u00e9tat de notre syst\u00e8me \u00e9ducatif scolaire r\u00e9v\u00e9laient un \u00e9tat de crise au sein du pays.<\/p>\n<p>En effet, le taux de scolarisation est tr\u00e8s faible. Cette faiblesse est expliqu\u00e9e \u00e0 plusieurs niveaux politique, p\u00e9dagogique, socio-\u00e9conomique et influence de l\u2019ethnie sur la scolarisation, l\u2019influence selon le niveau de r\u00e9sidence, l\u2019influence selon le niveau d\u2019instruction du CM, l\u2019influence selon le niveau de vie du m\u00e9nage.<\/p>\n<ol type=\"I\">\n<li><strong><u>D\u00e9finition des concepts<\/u><\/strong><\/li>\n<\/ol>\n<ul>\n<li><strong>Taux de scolarisation\u00a0<\/strong>: c\u2019est le pourcentage de nombre d\u2019enfants inscrits \u00e0 l\u2019\u00e9cole pour 1000 habitants.<\/li>\n<li><strong>Faible taux de scolarisation\u00a0<u>:\u00a0<\/u><\/strong>c\u2019est le pourcentage de nombre d\u2019enfants inscrits \u00e0 l\u2019\u00e9cole et que le nombre d\u2019enfant inscrit est tr\u00e8s faible \u00e0 la normale pour 1000 habitants.<\/li>\n<\/ul>\n<ol type=\"I\">\n<li><strong><u>Les caract\u00e9ristiques des syst\u00e8mes \u00e9ducatifs burkinab\u00e9s<\/u><\/strong><u><\/u><\/li>\n<\/ol>\n<p>L\u2019un des \u00e9l\u00e9ments fondamentaux de contexte d\u2019un pays quand on parle de scolarisation est sans doute son syst\u00e8me \u00e9ducatif dont il importe de commenter certains aspects.<\/p>\n<p>Le syst\u00e8me \u00e9ducatif du Burkina comprend deux grands types d\u2019enseignement \u00e0 savoir, l\u2019\u00e9ducation formelle et l\u2019\u00e9ducation non formelle caract\u00e9ris\u00e9e selon les experts, par une faible efficacit\u00e9. En effet&#8230;<\/p>\n<p>Pour obtenir l&rsquo;expos\u00e9 complet contactez le +226 56196345 (WhatsApp).<\/p>\n","protected":false},"featured_media":831,"template":"","meta":{"jetpack_publicize_message":"","jetpack_publicize_feature_enabled":true,"jetpack_social_post_already_shared":false,"jetpack_social_options":{"image_generator_settings":{"template":"highway","default_image_id":0,"font":"","enabled":false},"version":2}},"product_brand":[],"product_cat":[714,546],"product_tag":[561,776],"class_list":{"0":"post-1892","1":"product","2":"type-product","3":"status-publish","4":"has-post-thumbnail","6":"product_cat-politique","7":"product_cat-societe","8":"product_tag-burkina-faso","9":"product_tag-scolarisation-filles","11":"first","12":"instock","13":"downloadable","14":"virtual","15":"sold-individually","16":"purchasable","17":"product-type-simple"},"aioseo_notices":[],"jetpack_publicize_connections":[],"jetpack-related-posts":[],"jetpack_sharing_enabled":true,"_links":{"self":[{"href":"https:\/\/karandoogo.com\/index.php\/wp-json\/wp\/v2\/product\/1892","targetHints":{"allow":["GET"]}}],"collection":[{"href":"https:\/\/karandoogo.com\/index.php\/wp-json\/wp\/v2\/product"}],"about":[{"href":"https:\/\/karandoogo.com\/index.php\/wp-json\/wp\/v2\/types\/product"}],"wp:featuredmedia":[{"embeddable":true,"href":"https:\/\/karandoogo.com\/index.php\/wp-json\/wp\/v2\/media\/831"}],"wp:attachment":[{"href":"https:\/\/karandoogo.com\/index.php\/wp-json\/wp\/v2\/media?parent=1892"}],"wp:term":[{"taxonomy":"product_brand","embeddable":true,"href":"https:\/\/karandoogo.com\/index.php\/wp-json\/wp\/v2\/product_brand?post=1892"},{"taxonomy":"product_cat","embeddable":true,"href":"https:\/\/karandoogo.com\/index.php\/wp-json\/wp\/v2\/product_cat?post=1892"},{"taxonomy":"product_tag","embeddable":true,"href":"https:\/\/karandoogo.com\/index.php\/wp-json\/wp\/v2\/product_tag?post=1892"}],"curies":[{"name":"wp","href":"https:\/\/api.w.org\/{rel}","templated":true}]}}