{"id":1921,"date":"2022-08-29T15:28:17","date_gmt":"2022-08-29T15:28:17","guid":{"rendered":"https:\/\/karandoogo.com\/?post_type=product&#038;p=1921"},"modified":"2025-10-19T13:50:17","modified_gmt":"2025-10-19T13:50:17","slug":"expose-complet-sur-la-democratie-dans-les-societes-traditionnelles-africaines","status":"publish","type":"product","link":"https:\/\/karandoogo.com\/index.php\/produit\/expose-complet-sur-la-democratie-dans-les-societes-traditionnelles-africaines\/","title":{"rendered":"Expos\u00e9 complet sur la d\u00e9mocratie dans les soci\u00e9t\u00e9s traditionnelles Africaines"},"content":{"rendered":"","protected":false},"excerpt":{"rendered":"<p><strong>NB:<\/strong> Les documents mis \u00e0 disposition sur ce site sont des documents \u00e0 exploiter, autrement dit des compl\u00e9ments pour parfaire votre travail. Ils ne sont pas faits pour \u00eatre pr\u00e9sent\u00e9s \u00e0 l\u2019\u00e9tat.<\/p>\n<p><strong><u>INTRODUCTION<\/u><\/strong><\/p>\n<ol type=\"I\">\n<li><strong><u>LES DIFF\u00c9RENTSSYST\u00c8MES POLITIQUES DES SOCIETES TRADITIONNELLESAFRICAINES<\/u><\/strong><\/li>\n<\/ol>\n<p><strong><u>1) les soci\u00e9t\u00e9s \u00ab anarchiques \u00bb :<\/u><\/strong><u><\/u><\/p>\n<p><strong><u>2) les \u00ab chefferies \u00bb :<\/u><\/strong><u><\/u><\/p>\n<p><strong><u>3) Les \u00ab Etats \u00bb :<\/u><\/strong><\/p>\n<p><strong><u>II- POUVOIR DANS LES SOCI\u00c9T\u00c9S TRADITIONNELLES AFRICAINES\u00a0:<\/u><\/strong><\/p>\n<p><strong><u>III-D\u00c9MOCRATIE DANS LES SOCI\u00c9T\u00c9S TRADITIONNELLES AFRICAINES<\/u><\/strong><\/p>\n<ol type=\"a\">\n<li><strong><u>Afrique, m\u00e8re de la d\u00e9mocratie<\/u><\/strong><\/li>\n<li><strong><u>Les parlementaires africaines<\/u><\/strong><\/li>\n<\/ol>\n<p><strong><u>IV-LA D\u00c9MOCRATIE EN AFRIQUE PR\u00c9COLONIALE<\/u><\/strong><\/p>\n<p><strong><u>V-LAD\u00c9MOCRATIE AFRICAINE CONTEMPORAINE<\/u><\/strong><\/p>\n<p><strong><u>V-SOLUTION POUR UNE AFRIQUE PLUS DEMOCRATIQUE<\/u><\/strong><\/p>\n<p><strong><u>CONCLUSION<\/u><\/strong><\/p>\n<p><strong><u>INTRODUCTION<\/u><\/strong><\/p>\n<p>\u00ab\u00a0La d\u00e9mocratie est le gouvernement du peuple par le peuple et pour le peuple.\u00a0\u00bb L\u2019actualit\u00e9 de cette assertion de l\u2019ancien pr\u00e9sident am\u00e9ricain Abraham Lincoln (1809-1865) n\u2019est plus \u00e0 d\u00e9montrer, tant elle transpara\u00eet dans la plupart des discours politiques en Afrique et dans les r\u00e9cents \u00e9v\u00e9n\u00ade\u00adments en C\u00f4te d\u2019Ivoire, en Tunisie, en \u00c9gypte, en Libye\u2026 Nombreux sont ces pays africains qui ont \u00e9t\u00e9 \u00e9pingl\u00e9s et mis au ban de la communaut\u00e9 internationale pour d\u00e9ficit d\u00e9mocratique n\u00e9 d\u2019intermi\u00adnables crises politiques<sup>.\u00a0<\/sup>En effet, la communaut\u00e9 internationale qui \u00e9tait originellement permissive sur la gestion politique des \u00c9tats a fait d\u00e9sor\u00admais de la l\u00e9gitimit\u00e9 d\u00e9mocratique une condition de reconnaissance des gouvernements. De nombreuses crises d\u2019ordre politique, social, \u00e9conomi\u00adque et institutionnel ont abouti \u00e0 des r\u00e9volutions ou soul\u00e8vements popu\u00adlaires, \u00e0 des r\u00e9bellions et, pire encore, \u00e0 des coups d\u2019\u00c9tat militaires<\/p>\n<p>\u00ab\u00a0L\u2019Afrique ne serait pas pr\u00eate pour la d\u00e9mocratie\u00a0!\u00a0\u00bb. Ce propos pr\u00eat\u00e9 \u00e0 l\u2019ancien pr\u00e9sident fran\u00e7ais Jacques Chirac (1995-2007), choquant pour plus d\u2019un Africain sur deux, m\u00e9rite qu\u2019on s\u2019y int\u00e9resse pour analyser les arguments qui militent en faveur de cette croyance et en faire une contre-analyse en d\u00e9montrant que l\u2019Afrique est d\u00e9j\u00e0 en marche vers la d\u00e9mocratie.<\/p>\n<ol type=\"I\">\n<li><strong><u>LES DIFFERENTS SYSTEMES POLITIQUES DES SOCIETES TRADITIONNELLESAFRICAINES<\/u><\/strong><\/li>\n<\/ol>\n<p>On retrouve dans plusieurs ouvrages d\u2019ethnologie une classification des syst\u00e8mes politiques africains. Je citerai ces classifications sans m\u2019y attarder pr\u00e9f\u00e9rant m\u2019attacher \u00e0 l\u2019\u00e9tude de cas concrets.<\/p>\n<p><strong><u>1) les soci\u00e9t\u00e9s \u00ab anarchiques \u00bb :<\/u><\/strong><u><\/u><\/p>\n<p>L\u2019anarchie, suivant l\u2019\u00e9tymologie grecque, c\u2019est l\u2019absence de commandement. Ce syst\u00e8me politique se rencontre en Afrique noire chez des peuples ou n\u2019existe pas d\u2019organisation \u00e9tendue, mais seulement des groupements sociaux ayant pour base les lignages, la religion, les associations. Dans chaque unit\u00e9 territoriale, on constate un \u00e9quilibre entre ces divers \u00e9l\u00e9ments et aussi l\u2019homog\u00e9n\u00e9it\u00e9 des conditions mat\u00e9rielles. Il n\u2019est pas besoin de commandement ni de force publique : les conflits sont r\u00e9duits au minimum par l\u2019absence de diff\u00e9rences sociales, par l\u2019impossibilit\u00e9 pour le l\u2019un des \u00e9l\u00e9ments de prendre le pas sur l\u2019autre, et surtout par l\u2019ob\u00e9issance naturelle de tous \u00e0 la coutume ancestrale. Les sanctions de la d\u00e9sob\u00e9issance sont seulement morales (m\u00e9pris g\u00e9n\u00e9ral) ou religieuses (ch\u00e2timent mythique sous forme de maladie, mort, calamit\u00e9s diverses frappera le coupable) ; dans des cas tr\u00e8s graves seulement, la collectivit\u00e9 rejette l\u2019individu coupable, d\u00e9sormais condamn\u00e9 \u00e0 adh\u00e9rer, priv\u00e9 de protection, retranch\u00e9 de son monde et de ses dieux. Quelques exemples :<\/p>\n<p><strong><u>2) les \u00ab chefferies \u00bb :<\/u><\/strong>\u00a0La chefferie est un groupement de lignages ou de familles etendues autour d\u2019un chef qui est en soi un membre de la famille la plus anciennement \u00e9tablie dans le pays, soit un personnage religieux. Les lignages et les associations subsistent et contrebalancent plus ou moins le pouvoir du chef. Parfois le chef profite des circonstances pour accro\u00eetre son pouvoir ; parfois une \u00e9volution se produit dans le sens contraire, vers\u2026<\/p>\n<p>Pour obtenir l&rsquo;expos\u00e9 complet contactez le +226 56196345 (WhatsApp).<\/p>\n","protected":false},"featured_media":831,"template":"","meta":{"jetpack_publicize_message":"","jetpack_publicize_feature_enabled":true,"jetpack_social_post_already_shared":false,"jetpack_social_options":{"image_generator_settings":{"template":"highway","default_image_id":0,"font":"","enabled":false},"version":2}},"product_brand":[],"product_cat":[608],"product_tag":[777,574],"class_list":{"0":"post-1921","1":"product","2":"type-product","3":"status-publish","4":"has-post-thumbnail","6":"product_cat-histoire","7":"product_tag-democratie-africaine","8":"product_tag-histoire-des-peuples-dafrique","10":"first","11":"instock","12":"downloadable","13":"virtual","14":"sold-individually","15":"purchasable","16":"product-type-simple"},"aioseo_notices":[],"jetpack_publicize_connections":[],"jetpack-related-posts":[],"jetpack_sharing_enabled":true,"_links":{"self":[{"href":"https:\/\/karandoogo.com\/index.php\/wp-json\/wp\/v2\/product\/1921","targetHints":{"allow":["GET"]}}],"collection":[{"href":"https:\/\/karandoogo.com\/index.php\/wp-json\/wp\/v2\/product"}],"about":[{"href":"https:\/\/karandoogo.com\/index.php\/wp-json\/wp\/v2\/types\/product"}],"wp:featuredmedia":[{"embeddable":true,"href":"https:\/\/karandoogo.com\/index.php\/wp-json\/wp\/v2\/media\/831"}],"wp:attachment":[{"href":"https:\/\/karandoogo.com\/index.php\/wp-json\/wp\/v2\/media?parent=1921"}],"wp:term":[{"taxonomy":"product_brand","embeddable":true,"href":"https:\/\/karandoogo.com\/index.php\/wp-json\/wp\/v2\/product_brand?post=1921"},{"taxonomy":"product_cat","embeddable":true,"href":"https:\/\/karandoogo.com\/index.php\/wp-json\/wp\/v2\/product_cat?post=1921"},{"taxonomy":"product_tag","embeddable":true,"href":"https:\/\/karandoogo.com\/index.php\/wp-json\/wp\/v2\/product_tag?post=1921"}],"curies":[{"name":"wp","href":"https:\/\/api.w.org\/{rel}","templated":true}]}}