{"id":1922,"date":"2022-08-29T15:31:05","date_gmt":"2022-08-29T15:31:05","guid":{"rendered":"https:\/\/karandoogo.com\/?post_type=product&#038;p=1922"},"modified":"2025-10-19T13:50:17","modified_gmt":"2025-10-19T13:50:17","slug":"expose-sur-la-crise-economique-de-1929-causes-et-consequences","status":"publish","type":"product","link":"https:\/\/karandoogo.com\/index.php\/produit\/expose-sur-la-crise-economique-de-1929-causes-et-consequences\/","title":{"rendered":"Expos\u00e9 sur la crise \u00e9conomique de 1929 (causes et cons\u00e9quences)"},"content":{"rendered":"","protected":false},"excerpt":{"rendered":"<p><strong>NB:<\/strong> Les documents mis \u00e0 disposition sur ce site sont des documents \u00e0 exploiter, autrement dit des compl\u00e9ments pour parfaire votre travail. Ils ne sont pas faits pour \u00eatre pr\u00e9sent\u00e9s \u00e0 l\u2019\u00e9tat.<\/p>\n<p><strong><u>PLAN<\/u><\/strong><\/p>\n<p><strong>Introduction<\/strong><\/p>\n<ol type=\"I\">\n<li><strong>Les Causes de la crise \u00e9conomique de 1929<\/strong><\/li>\n<li><strong>II- Les manifestations<\/strong><\/li>\n<li><strong>Sur le plan bancaire<\/strong><\/li>\n<li><strong>Sur le plan industriel<\/strong><\/li>\n<li><strong>Sur le plan agricole<\/strong><\/li>\n<li><strong>L\u2019extension de la crise dans le reste du monde<\/strong><\/li>\n<li><strong>En Allemagne<\/strong><\/li>\n<li><strong>En Angleterre<\/strong><\/li>\n<li><strong>En France<\/strong><\/li>\n<li><strong>Dans les colonies<\/strong><\/li>\n<li><strong>Les cons\u00e9quences<\/strong><\/li>\n<li><strong>Sur le plan \u00e9conomique<\/strong><\/li>\n<li><strong>Sur le plan politique<\/strong><\/li>\n<li><strong>Sur le plan social<\/strong><\/li>\n<\/ol>\n<p><strong><u>Conclusion<\/u><\/strong><\/p>\n<p><strong>INTRODUCTION<\/strong><\/p>\n<p>De 1914-1929 l\u2019\u00e9conomie des Etats-Unis connaissait une prosp\u00e9rit\u00e9. Brusquement \u00e0 partir de 1929 l\u2019\u00e9conomie am\u00e9ricaine s\u2019\u00e9croula\u00a0: c\u2019est ce ph\u00e9nom\u00e8ne que l\u2019on appel\u00e9 crise \u00e9conomique. En r\u00e9alit\u00e9 il a fallu 10 ans \u00e0 l\u2019\u00e9conomie mondiale apr\u00e8s la premi\u00e8re guerre mondiale pour atteindre la prosp\u00e9rit\u00e9 de 1913. A peinerelev\u00e9e de la grande guerre, les \u00e9conomies europ\u00e9ennes allaient \u00eatre affect\u00e9es par une crise venue des \u00e9tats unis en 1929. Cette crise \u00e9conomique qui s\u2019\u00e9croule sur le monde capitaliste lib\u00e9ral diff\u00e8re des autres cycliques traditionnelles par son ampleur et sa dur\u00e9e.<\/p>\n<ol type=\"I\">\n<li><strong><u>LES CAUSES DE LA CRISE ECONOMIQUE DE 1929<\/u><\/strong><\/li>\n<\/ol>\n<p>Apr\u00e8s\u00a0 la premi\u00e8re guerre mondiale les Etats Unis ont connu une tr\u00e8s forte croissance \u00e9conomique encourag\u00e9e par des progr\u00e8s techniques. Il y avait une importante activit\u00e9 boursi\u00e8re remarqu\u00e9e par une sp\u00e9culation boursi\u00e8re. Tout un chacun voulait\u00a0 s\u2019enrichir, tout le monde cherche \u00e0 faire du profit en achetant (souvent \u00e0 cr\u00e9dit) et en vendant des actions. Cette folle activit\u00e9 cache une crise de surproduction\u00a0: On produit trop par rapport \u00e0 ce que les am\u00e9ricains peuvent consommer. La demande ne suit plus l\u2019offre. En effet, le jeudi 24 Octobre 1929 appel\u00e9 \u00ab\u00a0Jeudi noir\u00a0\u00bb, la post\u00e9rit\u00e9 des \u00e9tats unis fait face \u00e0 une crise \u00e9conomique qui d\u00e9butepar un \u00ab\u00a0Crach Boursier\u00a0\u00bb au Wall Street de New York. Ce jour-l\u00e0, plusieurs dizaines de millions d\u2019actions perdent\u00a0 leurs\u00a0 valeurs\u00a0 et sont vendu \u00e0 des prix tr\u00e8s bas ou ne sont pas achet\u00e9es. Cela est d\u00fb au fait que l\u2019Europe est rentr\u00e9e dans une phase de croissance vers 1925-1926\u00a0; et\u2026<\/p>\n<p>Pour obtenir l&rsquo;expos\u00e9 complet contactez le +226 56196345 (WhatsApp).<\/p>\n","protected":false},"featured_media":831,"template":"","meta":{"jetpack_publicize_message":"","jetpack_publicize_feature_enabled":true,"jetpack_social_post_already_shared":false,"jetpack_social_options":{"image_generator_settings":{"template":"highway","default_image_id":0,"font":"","enabled":false},"version":2}},"product_brand":[],"product_cat":[608],"product_tag":[779,778],"class_list":{"0":"post-1922","1":"product","2":"type-product","3":"status-publish","4":"has-post-thumbnail","6":"product_cat-histoire","7":"product_tag-779","8":"product_tag-crise-economique","10":"first","11":"instock","12":"downloadable","13":"virtual","14":"sold-individually","15":"purchasable","16":"product-type-simple"},"aioseo_notices":[],"jetpack_publicize_connections":[],"jetpack-related-posts":[],"jetpack_sharing_enabled":true,"_links":{"self":[{"href":"https:\/\/karandoogo.com\/index.php\/wp-json\/wp\/v2\/product\/1922","targetHints":{"allow":["GET"]}}],"collection":[{"href":"https:\/\/karandoogo.com\/index.php\/wp-json\/wp\/v2\/product"}],"about":[{"href":"https:\/\/karandoogo.com\/index.php\/wp-json\/wp\/v2\/types\/product"}],"wp:featuredmedia":[{"embeddable":true,"href":"https:\/\/karandoogo.com\/index.php\/wp-json\/wp\/v2\/media\/831"}],"wp:attachment":[{"href":"https:\/\/karandoogo.com\/index.php\/wp-json\/wp\/v2\/media?parent=1922"}],"wp:term":[{"taxonomy":"product_brand","embeddable":true,"href":"https:\/\/karandoogo.com\/index.php\/wp-json\/wp\/v2\/product_brand?post=1922"},{"taxonomy":"product_cat","embeddable":true,"href":"https:\/\/karandoogo.com\/index.php\/wp-json\/wp\/v2\/product_cat?post=1922"},{"taxonomy":"product_tag","embeddable":true,"href":"https:\/\/karandoogo.com\/index.php\/wp-json\/wp\/v2\/product_tag?post=1922"}],"curies":[{"name":"wp","href":"https:\/\/api.w.org\/{rel}","templated":true}]}}