{"id":1923,"date":"2022-08-29T15:39:19","date_gmt":"2022-08-29T15:39:19","guid":{"rendered":"https:\/\/karandoogo.com\/?post_type=product&#038;p=1923"},"modified":"2025-10-19T13:50:17","modified_gmt":"2025-10-19T13:50:17","slug":"expose-complet-sur-le-royaume-ashanti-origine-et-evolution","status":"publish","type":"product","link":"https:\/\/karandoogo.com\/index.php\/produit\/expose-complet-sur-le-royaume-ashanti-origine-et-evolution\/","title":{"rendered":"Expos\u00e9 complet sur le Royaume Ashanti (Origine et Evolution)"},"content":{"rendered":"","protected":false},"excerpt":{"rendered":"<p><strong>NB:<\/strong> Les documents mis \u00e0 disposition sur ce site sont des documents \u00e0 exploiter, autrement dit des compl\u00e9ments pour parfaire votre travail. Ils ne sont pas faits pour \u00eatre pr\u00e9sent\u00e9s \u00e0 l\u2019\u00e9tat.<\/p>\n<p><strong><u>INTRODUCTION<\/u><\/strong><\/p>\n<ol type=\"I\">\n<li><strong><u>ORIGINES ET EVOLUTION DU ROYAUME<\/u><\/strong><\/li>\n<li><strong><u>Origine<\/u><\/strong><\/li>\n<li><strong><u>Evolution<\/u><\/strong><\/li>\n<li><strong><u>ORGANISATION POLITICO-ECONOMIQUE DU ROYAUME ASHANTI<\/u><\/strong><\/li>\n<li><strong><u>Organisation politique<\/u><\/strong><\/li>\n<li><strong><u>Organisation \u00e9conomique du Royaume Ashanti<\/u><\/strong><\/li>\n<li><strong><u>ECHANGES AVEC LES AUTRES ROYAUMES<\/u><\/strong><\/li>\n<li><strong><u>Commerce des esclaves<\/u><\/strong><\/li>\n<li><strong><u>Commerce des produits agricoles<\/u><\/strong><\/li>\n<\/ol>\n<p><strong><u>CONCLUSION<\/u><\/strong><\/p>\n<p><strong><u>INTRODUCTION<\/u><\/strong><\/p>\n<p>La vocation guerri\u00e8re du royaume Ashanti se manifeste imm\u00e9diatement. Au cours du r\u00e8gne d\u2019Osei Tutu, plusieurs exp\u00e9ditions victorieuses sont men\u00e9es contre les royaumes de Doma, de Denky\u00e9ra et des Akim. \u00c0 la mort du fondateur, en 1712 ou 1717, un conflit de succession entre deux de ses neveux faillit mettre en cause l\u2019\u0153uvre accomplie. Finalement, les partisans du pr\u00e9tendant vaincu \u00e9migr\u00e8rent vers l\u2019ouest o\u00f9 ils fond\u00e8rent le royaume Baoul\u00e9, et le jeune \u00c9tat ashanti surv\u00e9cut, poursuivant, sous le r\u00e8gne d\u2019Opoku Ware, son action militaire, en particulier contre les Akim et les Akwapim. L\u2019apog\u00e9e de la puissance ashanti se situe dans la premi\u00e8re moiti\u00e9 du XIXe si\u00e8cle, en particulier sous le r\u00e8gne d\u2019Osei Bonsu ou Osei Kwamina (1804-1823). Celui-ci accentue l\u2019expansion vers la c\u00f4te, soumettant une grande partie du pays Fanti, et s\u2019attaque aux peuples du Nord, conqu\u00e9rant le royaume de Gonja et imposant aux Dagomba vaincus un tribut en esclaves. \u00c0 l\u2019est, il entre en contact avec le royaume du Dahomey, avec lequel il entretiendra pendant un certain temps des relations diplomatiques.<\/p>\n<ol type=\"I\">\n<li><strong><u>ORIGINES ET EVOLUTION DU ROYAUME<\/u><\/strong><\/li>\n<li><strong><u>Origine<\/u><\/strong><\/li>\n<\/ol>\n<p>Les Ashantis sont l\u2019un des principaux groupes ethniques de ce qui constitue l\u2019actuel Ghana. Ils ont h\u00e9rit\u00e9 leur tradition militaire, leur c\u00e9r\u00e9monial de cour, leurs m\u0153urs extr\u00eamement disciplin\u00e9es ainsi que des aspects linguistiques de l\u2019ancien Empire du Ghana (Aujourd\u2019hui situ\u00e9 au\u2026<\/p>\n<p>Pour obtenir l&rsquo;expos\u00e9 complet contactez le +226 56196345 (WhatsApp).<\/p>\n","protected":false},"featured_media":831,"template":"","meta":{"jetpack_publicize_message":"","jetpack_publicize_feature_enabled":true,"jetpack_social_post_already_shared":false,"jetpack_social_options":{"image_generator_settings":{"template":"highway","default_image_id":0,"font":"","enabled":false},"version":2}},"product_brand":[],"product_cat":[608],"product_tag":[574,780],"class_list":{"0":"post-1923","1":"product","2":"type-product","3":"status-publish","4":"has-post-thumbnail","6":"product_cat-histoire","7":"product_tag-histoire-des-peuples-dafrique","8":"product_tag-royaume-ashanti","10":"first","11":"instock","12":"downloadable","13":"virtual","14":"sold-individually","15":"purchasable","16":"product-type-simple"},"aioseo_notices":[],"jetpack_publicize_connections":[],"jetpack-related-posts":[],"jetpack_sharing_enabled":true,"_links":{"self":[{"href":"https:\/\/karandoogo.com\/index.php\/wp-json\/wp\/v2\/product\/1923","targetHints":{"allow":["GET"]}}],"collection":[{"href":"https:\/\/karandoogo.com\/index.php\/wp-json\/wp\/v2\/product"}],"about":[{"href":"https:\/\/karandoogo.com\/index.php\/wp-json\/wp\/v2\/types\/product"}],"wp:featuredmedia":[{"embeddable":true,"href":"https:\/\/karandoogo.com\/index.php\/wp-json\/wp\/v2\/media\/831"}],"wp:attachment":[{"href":"https:\/\/karandoogo.com\/index.php\/wp-json\/wp\/v2\/media?parent=1923"}],"wp:term":[{"taxonomy":"product_brand","embeddable":true,"href":"https:\/\/karandoogo.com\/index.php\/wp-json\/wp\/v2\/product_brand?post=1923"},{"taxonomy":"product_cat","embeddable":true,"href":"https:\/\/karandoogo.com\/index.php\/wp-json\/wp\/v2\/product_cat?post=1923"},{"taxonomy":"product_tag","embeddable":true,"href":"https:\/\/karandoogo.com\/index.php\/wp-json\/wp\/v2\/product_tag?post=1923"}],"curies":[{"name":"wp","href":"https:\/\/api.w.org\/{rel}","templated":true}]}}