{"id":1925,"date":"2022-08-29T15:46:37","date_gmt":"2022-08-29T15:46:37","guid":{"rendered":"https:\/\/karandoogo.com\/?post_type=product&#038;p=1925"},"modified":"2025-10-19T13:50:17","modified_gmt":"2025-10-19T13:50:17","slug":"expose-complet-sur-le-royaume-gurmantche","status":"publish","type":"product","link":"https:\/\/karandoogo.com\/index.php\/produit\/expose-complet-sur-le-royaume-gurmantche\/","title":{"rendered":"Expos\u00e9 complet sur le Royaume Gurmantch\u00e9"},"content":{"rendered":"","protected":false},"excerpt":{"rendered":"<p><strong>NB:<\/strong> Les documents mis \u00e0 disposition sur ce site sont des documents \u00e0 exploiter, autrement dit des compl\u00e9ments pour parfaire votre travail. Ils ne sont pas faits pour \u00eatre pr\u00e9sent\u00e9s \u00e0 l\u2019\u00e9tat.<\/p>\n<p><strong><u>INTRODUCTION<\/u><\/strong><\/p>\n<ol>\n<li><strong><u>GEOGRAPHIE<\/u><\/strong><\/li>\n<li><strong><u>EVOLUTION<\/u><\/strong><\/li>\n<\/ol>\n<ul>\n<li><strong><u>CIVILISATION<\/u><\/strong><\/li>\n<\/ul>\n<p><strong><u>CONCLUSION<\/u><\/strong><\/p>\n<p><strong>Introduction<\/strong><\/p>\n<p>Les Gourmantch\u00e9 (aussi appel\u00e9s Gurma ou Gorma) constituent un groupe ethnique africain, qui vit dans l\u2019actuel Burkina Faso, autour de Fada N\u2019Gourma, mais aussi dans certaines r\u00e9gions du Togo, du B\u00e9nin, et dans le sud-ouest du Niger.<\/p>\n<p>Leur population actuelle est estim\u00e9e \u00e0 environ 1\u00a0200\u00a0000 individus. La localit\u00e9 a comme voisin Bougui \u00e0 l\u2019est (8km) Diapangou \u00e0 l\u2019ouest (9km) et Kouare au Sud (16km).<\/p>\n<p>Fada N\u2019Gourma aurait \u00e9t\u00e9 fond\u00e9 sous le r\u00e8gne des yendabri, 14<sup>\u00e8me<\/sup>\u00a0empereur des gourmantch\u00e9s. Ses fondateurs, les Natamba seraient venus de Ojbwa dans la Kompienga \u00e0 la recherche du chef de Bugi (Pr\u00e8s de Fada). Les noms de familles des autochtones les plus courants sont\u00a0: Combary, Naba, Nassouri, Tamkouan\u00e9, Thiombiano,\u2026<\/p>\n<p>Le nom administratif\u00a0 Fada N\u2019Gourma a \u00e9t\u00e9 attribu\u00e9 \u00e0 la localit\u00e9 par les sonrai pour signifier \u2018\u2019la cour du roi du gourma\u2019\u2019. Les gourmantch\u00e9s occupent l\u2019un des plus gros territoires du Burkina Faso dans tout l\u2019est du pays dont l\u2019ensemble de la fronti\u00e8re du Togo et du Niger. Ils comptent \u00e9galement une forte communaut\u00e9 dans ces pays, notamment au B\u00e9nin et seraient aujourd\u2019hui entre 1 million et 1,5 million. Paradoxalement, c\u2019est \u00e0 l\u2019extr\u00e9mit\u00e9 de leur territoire, \u00e0 la fronti\u00e8re du pays mossi, que se trouve le chef-lieu officiel des gourmantch\u00e9s\u00a0: Fada-N\u2019Gourma. Comme les autres communaut\u00e9s Burkinab\u00e9, ils sont constitu\u00e9s de plusieurs groupes linguistiques et culturels diff\u00e9rents parmi lesquels les bassari(\u00e0 ne pas confondre avec les bassiri du S\u00e9n\u00e9gal) ou les Mobo.<\/p>\n<p>C\u2019est une r\u00e9gion agricole tr\u00e8s riche qui a vis\u00e9 de petits royaumes.<\/p>\n<ol type=\"I\">\n<li><strong>ORIGINE ET EVOLUTION<\/strong><\/li>\n<\/ol>\n<ol type=\"1\">\n<li><strong>Origine<\/strong><\/li>\n<\/ol>\n<p>D\u2019apr\u00e8s des traditions Dagomba, un chasseur vint jadis du Tchad dans la r\u00e9gion actuelle de Fada. C\u2019est Tohadjie le vaillant guerrier qui \u00e9pousaPagawogb\u00e9, fille du roi. Ils eurent un fils, \u00e9galement grand chasseur qui quitta la r\u00e9gion de Fada pour aller plus au sud. Sa premi\u00e8re femme du nom de Souhousagb\u00e9 est la fille d\u2019un f\u00e9ticheur du Gourma. Le roi du Gourma lui offrit aussi sa fille en mariage. Il eut d\u2019elle NA-GBEWA qui est le premier roi du Dagomba. Ce dernier r\u00e9gna \u00e0 Pusga, \u00e0 la fronti\u00e8re de l\u2019actuel Ghana. Il eut de nombreux enfants qui furent les chefs des principales dynasties, y compris celle des mossis. En d\u00e9pit de la tradition Dagomba, il ne demeure pas moins vrai que les familles r\u00e9gnantes au Gourma viennent du Bornou.Les B\u00e9rib\u00e9ris \u00e9migr\u00e9s durent conqu\u00e9rir les descendants de DIABA\u00a0 LOMPO pour s\u2019\u00e9tablir ou d\u2019incorporer \u00e0 ces derniers par mariage et adopter leur nom de famille. L\u2019institution de l\u2019\u00e9change de cadeau qui se pratiqua jusqu\u2019au 17<sup>\u00e8me<\/sup>\u00a0\u00a0 si\u00e8cle. L\u2019interdiction au roi de reprendre le chemin de l\u2019Est. Le 14 juillet 1945, le gouverneur Toby convoqua le premier roi SIMANDARI \u00e0 Niamey et ce dernier lui r\u00e9pondit que la coutume lui interdit la vue du fleuve. Alors il s\u2019effor\u00e7a et\u00a0 s\u2019en alla. Au retour il se cassa un doigt et fut accus\u00e9 de sacrifice humain. Il fut alors destitu\u00e9 et incarc\u00e9r\u00e9. Le deuxi\u00e8me roi Hantiouri qui le rempla\u00e7a transgressa lui aussi la coutume et\u2026<\/p>\n<p>Pour obtenir l&rsquo;expos\u00e9 complet contactez le +226 56196345 (WhatsApp).<\/p>\n","protected":false},"featured_media":831,"template":"","meta":{"jetpack_publicize_message":"","jetpack_publicize_feature_enabled":true,"jetpack_social_post_already_shared":false,"jetpack_social_options":{"image_generator_settings":{"template":"highway","default_image_id":0,"font":"","enabled":false},"version":2}},"product_brand":[],"product_cat":[608],"product_tag":[782,783],"class_list":{"0":"post-1925","1":"product","2":"type-product","3":"status-publish","4":"has-post-thumbnail","6":"product_cat-histoire","7":"product_tag-le-gourma","8":"product_tag-royaume-gurmantche","10":"first","11":"instock","12":"downloadable","13":"virtual","14":"sold-individually","15":"purchasable","16":"product-type-simple"},"aioseo_notices":[],"jetpack_publicize_connections":[],"jetpack-related-posts":[],"jetpack_sharing_enabled":true,"_links":{"self":[{"href":"https:\/\/karandoogo.com\/index.php\/wp-json\/wp\/v2\/product\/1925","targetHints":{"allow":["GET"]}}],"collection":[{"href":"https:\/\/karandoogo.com\/index.php\/wp-json\/wp\/v2\/product"}],"about":[{"href":"https:\/\/karandoogo.com\/index.php\/wp-json\/wp\/v2\/types\/product"}],"wp:featuredmedia":[{"embeddable":true,"href":"https:\/\/karandoogo.com\/index.php\/wp-json\/wp\/v2\/media\/831"}],"wp:attachment":[{"href":"https:\/\/karandoogo.com\/index.php\/wp-json\/wp\/v2\/media?parent=1925"}],"wp:term":[{"taxonomy":"product_brand","embeddable":true,"href":"https:\/\/karandoogo.com\/index.php\/wp-json\/wp\/v2\/product_brand?post=1925"},{"taxonomy":"product_cat","embeddable":true,"href":"https:\/\/karandoogo.com\/index.php\/wp-json\/wp\/v2\/product_cat?post=1925"},{"taxonomy":"product_tag","embeddable":true,"href":"https:\/\/karandoogo.com\/index.php\/wp-json\/wp\/v2\/product_tag?post=1925"}],"curies":[{"name":"wp","href":"https:\/\/api.w.org\/{rel}","templated":true}]}}