{"id":1941,"date":"2022-08-29T16:25:54","date_gmt":"2022-08-29T16:25:54","guid":{"rendered":"https:\/\/karandoogo.com\/?post_type=product&#038;p=1941"},"modified":"2025-10-19T13:50:17","modified_gmt":"2025-10-19T13:50:17","slug":"expose-complet-sur-le-fascisme-et-les-agressions-fascistes","status":"publish","type":"product","link":"https:\/\/karandoogo.com\/index.php\/produit\/expose-complet-sur-le-fascisme-et-les-agressions-fascistes\/","title":{"rendered":"Expos\u00e9 complet sur le fascisme et les agressions fascistes"},"content":{"rendered":"","protected":false},"excerpt":{"rendered":"<p><strong>NB:<\/strong> Les documents mis \u00e0 disposition sur ce site sont des documents \u00e0 exploiter, autrement dit des compl\u00e9ments pour parfaire votre travail. Ils ne sont pas faits pour \u00eatre pr\u00e9sent\u00e9s \u00e0 l\u2019\u00e9tat.<\/p>\n<p><strong><u>INTRODUCTION<\/u><\/strong><\/p>\n<ol type=\"I\">\n<li><strong><u>HISTOIRE<\/u><\/strong><\/li>\n<li><strong><u>\u00c9TYMOLOGIE\u00a0 ET DEFINITION<\/u><\/strong><\/li>\n<li><strong><u>CARACTERISTIQUES DU FACISME<\/u><\/strong><\/li>\n<li><strong><u>LE FASCISME ALLEMAND ET ITALIEN<\/u><\/strong><\/li>\n<li><strong><u>Fascisme Italien<\/u><\/strong><\/li>\n<li><strong><u>Fascisme Allemand<\/u><\/strong><\/li>\n<li><strong><u>DIFFERENCE ENTRE FASCISME ALLEMAND ET ITALIEN<\/u><\/strong><\/li>\n<li><strong><u>Cr\u00e9ation du mouvement<\/u><\/strong><\/li>\n<li><strong><u>Italie<\/u><\/strong><\/li>\n<li><strong><u>Allemand<\/u><\/strong><\/li>\n<li><strong><u>En situation d\u2019apr\u00e8s guerre<\/u><\/strong><\/li>\n<li><strong><u>Italie<\/u><\/strong><\/li>\n<li><strong><u>Allemand<\/u><\/strong><\/li>\n<li><strong><u>LES AGRESSIONS FACISTES<\/u><\/strong><\/li>\n<li><strong><u>CRITIQUES SUR LE FACISME<\/u><\/strong><\/li>\n<\/ol>\n<p><strong><u>CONCLUSION<\/u><\/strong><\/p>\n<p><strong><u>INTRODUCTION<\/u><\/strong><\/p>\n<p>Apr\u00e8s la crise \u00e9conomique de 1929, le monde croule sous le poids de la mis\u00e8re et de la famine. Des milliardaires ruin\u00e9s se suicident et la d\u00e9solation se repend sur toute l\u2019Europe. Ce sinistre climat socio-\u00e9conomique est un terrain favorable aux id\u00e9ologies extr\u00e9mistes\u00a0: Les fascismes.<\/p>\n<p>Quelle est l\u2019histoire et quel a \u00e9t\u00e9 l\u2019impact des fascismes sur le cours de l\u2019histoire du monde\u00a0?<\/p>\n<ol type=\"I\">\n<li><strong><u>HISTOIRE<\/u><\/strong><\/li>\n<\/ol>\n<p>Le fascisme est d\u2019abord le nom que le mouvement et le r\u00e9gime de Mussolini se sont donn\u00e9. Le terme provient de la fondation apr\u00e8s la Premi\u00e8re Guerre mondiale, par Mussolini, du mouvement \u00ab Fasciitaliani di combattimento \u00bb (\u00ab faisceaux italiens de combat \u00bb), \u00e0 l\u2019origine des termes \u00ab fasciste \u00bb et \u00ab fascisme \u00bb. Le mot fasci lui-m\u00eame est une r\u00e9f\u00e9rence \u00e0 la Rome antique (les magistrats romains \u00e9taient pr\u00e9c\u00e9d\u00e9s d\u2019un certain nombre de gardes, les licteurs, charg\u00e9s de ces faisceaux, symboles d\u2019autorit\u00e9, de violence de la loi[18].) et aux fasci, mouvements et soci\u00e9t\u00e9s secr\u00e8tes des ann\u00e9es 1890, compos\u00e9s de paysans r\u00e9volutionnaires italiens[19]. Il na\u00eet en tant que mouvement d\u00e9centralis\u00e9 en mars 1919, sur les frustrations d\u2019une \u00ab victoire mutil\u00e9e \u00bb, th\u00e8me agit\u00e9 par les nationalistes en raison de la tournure des n\u00e9gociations lors du Congr\u00e8s de Versailles, concernant le sort des terres irr\u00e9dentes de Dalmatie, d\u2019Istrie, de Fiume\/Rijeka, mais aussi en r\u00e9action au communisme en pleine expansion. Le fascisme est alors le mouvement exalt\u00e9, le mouvement d\u2019un pays qui tente de retrouver une puissance perdue, un empire perdu, un honneur perdu. Le nationalisme, soutenu par la plupart des artistes de l\u2019\u00e9poque (Gabriele D\u2019Annunzio, les futuristes italiens, tels Filippo Tommaso Marinetti) devient le fer de lance du fascisme. Le populisme de Benito Mussolini et la passivit\u00e9 (due \u00e0 la pacification des milices des fascios, soutenues par les classes dirigeantes et IvanoeBonomi, le ministre de la Guerre de Giovanni Giolitti de 1920 \u00e0 1921), vont permettre\u2026<\/p>\n<p>Pour obtenir l&rsquo;expos\u00e9 complet contactez le +226 56196345 (WhatsApp).<\/p>\n","protected":false},"featured_media":831,"template":"","meta":{"jetpack_publicize_message":"","jetpack_publicize_feature_enabled":true,"jetpack_social_post_already_shared":false,"jetpack_social_options":{"image_generator_settings":{"template":"highway","default_image_id":0,"font":"","enabled":false},"version":2}},"product_brand":[],"product_cat":[608,714],"product_tag":[792,791],"class_list":{"0":"post-1941","1":"product","2":"type-product","3":"status-publish","4":"has-post-thumbnail","6":"product_cat-histoire","7":"product_cat-politique","8":"product_tag-agressions-fascistes","9":"product_tag-fascismes","11":"first","12":"instock","13":"downloadable","14":"virtual","15":"sold-individually","16":"purchasable","17":"product-type-simple"},"aioseo_notices":[],"jetpack_publicize_connections":[],"jetpack-related-posts":[],"jetpack_sharing_enabled":true,"_links":{"self":[{"href":"https:\/\/karandoogo.com\/index.php\/wp-json\/wp\/v2\/product\/1941","targetHints":{"allow":["GET"]}}],"collection":[{"href":"https:\/\/karandoogo.com\/index.php\/wp-json\/wp\/v2\/product"}],"about":[{"href":"https:\/\/karandoogo.com\/index.php\/wp-json\/wp\/v2\/types\/product"}],"wp:featuredmedia":[{"embeddable":true,"href":"https:\/\/karandoogo.com\/index.php\/wp-json\/wp\/v2\/media\/831"}],"wp:attachment":[{"href":"https:\/\/karandoogo.com\/index.php\/wp-json\/wp\/v2\/media?parent=1941"}],"wp:term":[{"taxonomy":"product_brand","embeddable":true,"href":"https:\/\/karandoogo.com\/index.php\/wp-json\/wp\/v2\/product_brand?post=1941"},{"taxonomy":"product_cat","embeddable":true,"href":"https:\/\/karandoogo.com\/index.php\/wp-json\/wp\/v2\/product_cat?post=1941"},{"taxonomy":"product_tag","embeddable":true,"href":"https:\/\/karandoogo.com\/index.php\/wp-json\/wp\/v2\/product_tag?post=1941"}],"curies":[{"name":"wp","href":"https:\/\/api.w.org\/{rel}","templated":true}]}}