{"id":1948,"date":"2022-08-29T17:05:40","date_gmt":"2022-08-29T17:05:40","guid":{"rendered":"https:\/\/karandoogo.com\/?post_type=product&#038;p=1948"},"modified":"2025-10-19T13:48:53","modified_gmt":"2025-10-19T13:48:53","slug":"expose-complet-sur-impacts-des-etres-vivants-sur-le-sol","status":"publish","type":"product","link":"https:\/\/karandoogo.com\/index.php\/produit\/expose-complet-sur-impacts-des-etres-vivants-sur-le-sol\/","title":{"rendered":"Expos\u00e9 complet sur IMPACTS DES ETRES VIVANTS SUR LE SOL"},"content":{"rendered":"","protected":false},"excerpt":{"rendered":"<p><strong>NB:<\/strong> Les documents mis \u00e0 disposition sur ce site sont des documents \u00e0 exploiter, autrement dit des compl\u00e9ments pour parfaire votre travail. Ils ne sont pas faits pour \u00eatre pr\u00e9sent\u00e9s \u00e0 l\u2019\u00e9tat.<\/p>\n<p><strong><u>PLAN<\/u><\/strong><\/p>\n<p><strong><u>Introduction<\/u><\/strong><\/p>\n<ol type=\"I\">\n<li><strong><u>IMPACTS NEGATIFS DES ETRES VIVANTS SUR LE SOL\u00a0: L\u2019exploitation des sols par l\u2019homme<\/u><\/strong><\/li>\n<li><strong><u>Les menaces li\u00e9es \u00e0 l\u2019agriculture<\/u><\/strong><\/li>\n<li><strong><u>En agriculture conventionnelle<\/u><\/strong><\/li>\n<li><strong><u>D\u00e9gradation des sols<\/u><\/strong><\/li>\n<li><strong><u>L\u2019\u00e9rosion<\/u><\/strong><\/li>\n<li><strong><u>La battance<\/u><\/strong><\/li>\n<li><strong><u>Les menaces li\u00e9es \u00e0 la destruction des for\u00eats<\/u><\/strong><\/li>\n<li><strong><u>Les menaces li\u00e9es aux activit\u00e9s industrielles<\/u><\/strong><\/li>\n<li><strong><u>Les d\u00e9chets industriels sp\u00e9ciaux<\/u><\/strong><\/li>\n<li><strong><u>Les menaces li\u00e9es \u00e0 l\u2019urbanisme<\/u><\/strong><\/li>\n<li><strong><u>IMPACTS POSITIFS DES ETRES VIVANTS SUR LE SOL\u00a0:<\/u><\/strong><\/li>\n<\/ol>\n<p><strong><u>L\u2019impact de la biodiversit\u00e9 du sol<\/u><\/strong><\/p>\n<ol type=\"1\">\n<li><strong><u>Les r\u00f4les de la biodiversit\u00e9 du sol<\/u><\/strong><\/li>\n<li><strong><u>Les services rendus par les organismes du sol<\/u><\/strong><\/li>\n<\/ol>\n<p><strong><u>Conclusion<\/u><\/strong><\/p>\n<p><strong><u>Introduction<\/u><\/strong><\/p>\n<p>Outre sa fonction de support de production, le\u00a0<a href=\"https:\/\/fr.wikipedia.org\/wiki\/Sol_(p%C3%A9dologie)\">sol<\/a>\u00a0remplit de nombreuses fonctions environnementales, comme celle de filtre et de lieu de stockage de l\u2019eau et des polluants. La fertilit\u00e9 des\u00a0<a href=\"https:\/\/fr.wikipedia.org\/wiki\/Sol_(p%C3%A9dologie)\">sols<\/a>, la qualit\u00e9 des productions alimentaires, la puret\u00e9 de l\u2019air et la qualit\u00e9 de l\u2019eau sont li\u00e9es \u00e0 un bon fonctionnement du\u00a0<a href=\"https:\/\/fr.wikipedia.org\/wiki\/Sol_(p%C3%A9dologie)\">sol<\/a>\u00a0et \u00e0 l\u2019activit\u00e9 des organismes qui le peuplent.<\/p>\n<p>Le\u00a0<a href=\"https:\/\/fr.wikipedia.org\/wiki\/Sol_(p%C3%A9dologie)\">sol<\/a>\u00a0abrite ainsi plus de 25\u00a0% des esp\u00e8ces animales et v\u00e9g\u00e9tales d\u00e9crites. Une cuill\u00e8re \u00e0 caf\u00e9 de sol de jardin peut contenir plus d\u2019un million d\u2019organismes r\u00e9partis en plusieurs milliers d\u2019esp\u00e8ces diff\u00e9rentes. Chacun de ces organismes vivants joue individuellement un r\u00f4le sp\u00e9cifique dans les fonctions et les propri\u00e9t\u00e9s du sol.<\/p>\n<p>Quels impacts la biodiversit\u00e9\u00a0 du sol d\u2019une part, et l\u2019homme d\u2019autre part ont sur l\u2019\u00e9volution du sol.<\/p>\n<ol type=\"I\">\n<li><strong><u>IMPACTS NEGATIFS DES ETRES VIVANTS SUR LE SOL\u00a0: L\u2019exploitation des sols par l\u2019homme<\/u><\/strong><\/li>\n<\/ol>\n<p>Depuis le XIX<sup>e<\/sup>\u00a0si\u00e8cle, les sciences et les techniques se d\u00e9veloppent. Elles contribuent \u00e0 am\u00e9liorer notre confort et prolonger la vie\u2026 En contrepartie, les besoins en ressources et en \u00e9nergie conduisent \u00e0 une exploitation trop souvent inconsid\u00e9r\u00e9e des sols et des sous-sols qui \u00e9puise et pollue les sols, les rendant parfois st\u00e9riles. L\u2019exploitation intensive des ressources du sous-sol porte des atteintes parfois irr\u00e9m\u00e9diables aux paysages, \u00e0 la biodiversit\u00e9 et \u00e0 la qualit\u00e9 des eaux souterraines. Face \u00e0 ces cons\u00e9quences, nous avons tous aujourd\u2019hui une part de responsabilit\u00e9.<\/p>\n<ol type=\"1\">\n<li><strong><u>Les menaces li\u00e9es \u00e0 l\u2019agriculture<\/u><\/strong><\/li>\n<\/ol>\n<p>Dans les pays en d\u00e9veloppement, l\u2019agriculture, primordiale pour les populations, est essentiellement\u00a0\u00ab\u00a0<a href=\"http:\/\/crdp.ac-amiens.fr\/enviro\/sols\/sol_maj_detailp5_2.htm\">extensive<\/a>\u00a0\u00bb. Trop souvent, des conditions climatiques particuli\u00e8rement difficiles, une instabilit\u00e9 politique aggrav\u00e9e par des conflits et des crises financi\u00e8res, tant aux niveaux local qu\u2019international, r\u00e9duisent consid\u00e9rablement les rendements.<br \/>\nQuant aux pays \u00e0 agriculture\u00a0\u00ab\u00a0<a href=\"http:\/\/crdp.ac-amiens.fr\/enviro\/sols\/sol_maj_detailp5_2.htm\">intensive<\/a>\u00a0\u00bb, malgr\u00e9 les techniques modernes, le recours aux engrais et aux substances phytosanitaires, les rendements tendent \u00e0 se stabiliser alors que les effets pervers s\u2019accroissent.<\/p>\n<ul>\n<li><strong><u>En agriculture conventionnelle<\/u><\/strong><\/li>\n<\/ul>\n<p>La modernisation des techniques agricoles a conduit au remembrement des territoires, \u00e0 l\u2019utilisation de nombreuses substances chimiques polluantes et\u2026<\/p>\n<p>Pour obtenir l&rsquo;expos\u00e9 complet contactez le +226 56196345 (WhatsApp).<\/p>\n","protected":false},"featured_media":831,"template":"","meta":{"jetpack_publicize_message":"","jetpack_publicize_feature_enabled":true,"jetpack_social_post_already_shared":false,"jetpack_social_options":{"image_generator_settings":{"template":"highway","default_image_id":0,"font":"","enabled":false},"version":2}},"product_brand":[],"product_cat":[549,627],"product_tag":[794,795],"class_list":{"0":"post-1948","1":"product","2":"type-product","3":"status-publish","4":"has-post-thumbnail","6":"product_cat-geographie","7":"product_cat-sciences-de-la-vie-et-de-la-terre","8":"product_tag-etre-vivants","9":"product_tag-sols","11":"first","12":"instock","13":"downloadable","14":"virtual","15":"sold-individually","16":"purchasable","17":"product-type-simple"},"aioseo_notices":[],"jetpack_publicize_connections":[],"jetpack-related-posts":[],"jetpack_sharing_enabled":true,"_links":{"self":[{"href":"https:\/\/karandoogo.com\/index.php\/wp-json\/wp\/v2\/product\/1948","targetHints":{"allow":["GET"]}}],"collection":[{"href":"https:\/\/karandoogo.com\/index.php\/wp-json\/wp\/v2\/product"}],"about":[{"href":"https:\/\/karandoogo.com\/index.php\/wp-json\/wp\/v2\/types\/product"}],"wp:featuredmedia":[{"embeddable":true,"href":"https:\/\/karandoogo.com\/index.php\/wp-json\/wp\/v2\/media\/831"}],"wp:attachment":[{"href":"https:\/\/karandoogo.com\/index.php\/wp-json\/wp\/v2\/media?parent=1948"}],"wp:term":[{"taxonomy":"product_brand","embeddable":true,"href":"https:\/\/karandoogo.com\/index.php\/wp-json\/wp\/v2\/product_brand?post=1948"},{"taxonomy":"product_cat","embeddable":true,"href":"https:\/\/karandoogo.com\/index.php\/wp-json\/wp\/v2\/product_cat?post=1948"},{"taxonomy":"product_tag","embeddable":true,"href":"https:\/\/karandoogo.com\/index.php\/wp-json\/wp\/v2\/product_tag?post=1948"}],"curies":[{"name":"wp","href":"https:\/\/api.w.org\/{rel}","templated":true}]}}