{"id":1954,"date":"2022-08-29T17:40:05","date_gmt":"2022-08-29T17:40:05","guid":{"rendered":"https:\/\/karandoogo.com\/?post_type=product&#038;p=1954"},"modified":"2025-10-19T13:48:53","modified_gmt":"2025-10-19T13:48:53","slug":"expose-complet-sur-les-causes-de-la-premiere-guerre-mondiale","status":"publish","type":"product","link":"https:\/\/karandoogo.com\/index.php\/produit\/expose-complet-sur-les-causes-de-la-premiere-guerre-mondiale\/","title":{"rendered":"Expos\u00e9 complet sur les causes de la premi\u00e8re guerre mondiale"},"content":{"rendered":"","protected":false},"excerpt":{"rendered":"<p><strong>NB:<\/strong> Les documents mis \u00e0 disposition sur ce site sont des documents \u00e0 exploiter, autrement dit des compl\u00e9ments pour parfaire votre travail. Ils ne sont pas faits pour \u00eatre pr\u00e9sent\u00e9s \u00e0 l\u2019\u00e9tat.<\/p>\n<p><strong><u>INTRODUCTION<\/u><\/strong><\/p>\n<ol type=\"I\">\n<li><strong><u>LES PRINCIPALES CAUSES DE LA 1<sup>ERE<\/sup>\u00a0GUERRE MONDIALE<\/u><\/strong><\/li>\n<\/ol>\n<p><strong><u>1- Entre 1904 et 1910, l\u2019Europe vit en paix arm\u00e9e.<\/u><\/strong><\/p>\n<p><strong><u>2- Respect des alliances\u00a0<\/u><\/strong><strong>\u00a0 \u00a0\u00a0\u00a0\u00a0\u00a0\u00a0\u00a0 \u00a0\u00a0\u00a0\u00a0\u00a0\u00a0\u00a0<\/strong><\/p>\n<p><strong><u>3- La crise des Balkans<\/u><\/strong><\/p>\n<p><strong><u>4- L\u2019engrenage infernal<\/u><\/strong><\/p>\n<p><strong><u>5- Les alliances diplomatiques<\/u><\/strong><\/p>\n<ol type=\"I\">\n<li><strong><u>LES CAUSES DE LA PREMIERE GUERRE MONDIALE\u00a0EN BREF<\/u><\/strong><\/li>\n<\/ol>\n<p><strong><u>CONCLUSION<\/u><\/strong><\/p>\n<p><strong><u>INTRODUCTION<\/u><\/strong><\/p>\n<p>En ao\u00fbt 1914 commence une guerre que l\u2019on avait imagin\u00e9e \u00e0 la fois courte et brutale : la Blitzkrieg (5 semaines \u00e0 2 mois). En fait elle va durer 51 mois. Par son ampleur, sa dur\u00e9e et ses cons\u00e9quences, cette Grande guerre a traumatis\u00e9 les populations europ\u00e9ennes. En quelques semaines le monde bascule dans la guerre et les bouleversements en Europe sont importants comme en Russie.<\/p>\n<ol type=\"I\">\n<li><strong><u>LES PRINCIPALES CAUSES DE LA 1<sup>ERE<\/sup>\u00a0GUERRE MONDIALE<\/u><\/strong><\/li>\n<\/ol>\n<p>Tensions internationales : colonies, zones de commerce et d\u2019influence<\/p>\n<p><strong><u>1- Entre 1904 et 1910, l\u2019Europe vit en paix arm\u00e9e.<\/u><\/strong><\/p>\n<p>\u2013 L\u2019Allemagne, en plein essor \u00e9conomique, est \u00e0 la recherche de nouveaux march\u00e9s. Guillaume II, empereur d\u2019Allemagne, souhaite \u00e9largir son empire qui ne poss\u00e8de quasiment aucune colonie. Il a des vues sur le Maroc, mais se heurte \u00e0 la France qui cherche \u00e0 renforcer son influence sur cette zone. Il en r\u00e9sulte les crises marocaines de 1905 et 1911 qui aboutissent \u00e0 un accord en demi-mesure entre l\u2019Allemagne et la France.<\/p>\n<p>\u2013 La Grande-Bretagne s\u2019inqui\u00e8te de perdre sa domination commerciale et coloniale sur le monde. Face \u00e0 la mont\u00e9e en puissance de l\u2019Allemagne, elle se rapproche de la France dans l\u2019Entente cordiale, oubliant les tensions qui existent pourtant entre les deux empires coloniaux. \u2013 La France, de son c\u00f4t\u00e9 n\u2019a pas oubli\u00e9 sa d\u00e9faite de\u2026<\/p>\n<p>Pour obtenir l&rsquo;expos\u00e9 complet contactez le +226 56196345 (WhatsApp).<\/p>\n","protected":false},"featured_media":831,"template":"","meta":{"jetpack_publicize_message":"","jetpack_publicize_feature_enabled":true,"jetpack_social_post_already_shared":false,"jetpack_social_options":{"image_generator_settings":{"template":"highway","default_image_id":0,"font":"","enabled":false},"version":2}},"product_brand":[],"product_cat":[608],"product_tag":[803,800],"class_list":{"0":"post-1954","1":"product","2":"type-product","3":"status-publish","4":"has-post-thumbnail","6":"product_cat-histoire","7":"product_tag-causes","8":"product_tag-premiere-guerre-mondiale","10":"first","11":"instock","12":"downloadable","13":"virtual","14":"sold-individually","15":"purchasable","16":"product-type-simple"},"aioseo_notices":[],"jetpack_publicize_connections":[],"jetpack-related-posts":[],"jetpack_sharing_enabled":true,"_links":{"self":[{"href":"https:\/\/karandoogo.com\/index.php\/wp-json\/wp\/v2\/product\/1954","targetHints":{"allow":["GET"]}}],"collection":[{"href":"https:\/\/karandoogo.com\/index.php\/wp-json\/wp\/v2\/product"}],"about":[{"href":"https:\/\/karandoogo.com\/index.php\/wp-json\/wp\/v2\/types\/product"}],"wp:featuredmedia":[{"embeddable":true,"href":"https:\/\/karandoogo.com\/index.php\/wp-json\/wp\/v2\/media\/831"}],"wp:attachment":[{"href":"https:\/\/karandoogo.com\/index.php\/wp-json\/wp\/v2\/media?parent=1954"}],"wp:term":[{"taxonomy":"product_brand","embeddable":true,"href":"https:\/\/karandoogo.com\/index.php\/wp-json\/wp\/v2\/product_brand?post=1954"},{"taxonomy":"product_cat","embeddable":true,"href":"https:\/\/karandoogo.com\/index.php\/wp-json\/wp\/v2\/product_cat?post=1954"},{"taxonomy":"product_tag","embeddable":true,"href":"https:\/\/karandoogo.com\/index.php\/wp-json\/wp\/v2\/product_tag?post=1954"}],"curies":[{"name":"wp","href":"https:\/\/api.w.org\/{rel}","templated":true}]}}