{"id":1960,"date":"2022-08-29T17:09:14","date_gmt":"2022-08-29T17:09:14","guid":{"rendered":"https:\/\/karandoogo.com\/?post_type=product&#038;p=1960"},"modified":"2025-10-19T13:48:53","modified_gmt":"2025-10-19T13:48:53","slug":"expose-complet-sur-la-vie-et-la-philosophie-de-sophocle","status":"publish","type":"product","link":"https:\/\/karandoogo.com\/index.php\/produit\/expose-complet-sur-la-vie-et-la-philosophie-de-sophocle\/","title":{"rendered":"Expos\u00e9 complet sur la vie et la philosophie de Sophocle"},"content":{"rendered":"","protected":false},"excerpt":{"rendered":"<p><strong>NB:<\/strong> Les documents mis \u00e0 disposition sur ce site sont des documents \u00e0 exploiter, autrement dit des compl\u00e9ments pour parfaire votre travail. Ils ne sont pas faits pour \u00eatre pr\u00e9sent\u00e9s \u00e0 l\u2019\u00e9tat.<\/p>\n<p><strong><u>PLAN<\/u><\/strong><\/p>\n<p><strong><u>INTRODUCTION<\/u><\/strong><\/p>\n<ol type=\"I\">\n<li><strong><u>BIOGRAPHIE DE SOPHOCLE<\/u><\/strong><\/li>\n<li><strong><u>BIBLIOGRAPHIE DE SOPHOCLE<\/u><\/strong><\/li>\n<li><strong><u>Antigone, une pi\u00e8ce importante dans l\u2019\u0153uvre de Sophocle<\/u><\/strong><\/li>\n<li><strong><u>Les autres \u0153uvres de Sophocle<\/u><\/strong><\/li>\n<li><strong><u>PHILOSOPHIE DE SOPHOCLE\u00a0: LE DRAME<\/u><\/strong><\/li>\n<\/ol>\n<p><strong><u>CONCLUSION<\/u><\/strong><\/p>\n<p><strong><u>INTRODUCTION<\/u><\/strong><\/p>\n<p><strong>Sophocle<\/strong>, n\u00e9 \u00e0\u00a0<a href=\"https:\/\/fr.wikipedia.org\/wiki\/Colone\">Colone<\/a>\u00a0en\u00a0<a href=\"https:\/\/fr.wikipedia.org\/wiki\/-495\">-495<\/a>\u00a0et mort en\u00a0<a href=\"https:\/\/fr.wikipedia.org\/wiki\/-406\">-406<\/a>, est l\u2019un des trois grands dramaturges\u00a0<a href=\"https:\/\/fr.wikipedia.org\/wiki\/Trag%C3%A9die_grecque\">grecs<\/a>\u00a0dont l\u2019\u0153uvre nous est partiellement parvenue, avec\u00a0<a href=\"https:\/\/fr.wikipedia.org\/wiki\/Eschyle\">Eschyle<\/a>\u00a0et\u00a0<a href=\"https:\/\/fr.wikipedia.org\/wiki\/Euripide\">Euripide<\/a>. Il est principalement l\u2019auteur de cent vingt-trois pi\u00e8ces (dont une centaine de trag\u00e9dies), mais dont seules huit nous sont parvenues. Cit\u00e9 comme\u00a0<a href=\"https:\/\/fr.wikipedia.org\/wiki\/Paradigme\">paradigme<\/a>\u00a0de la trag\u00e9die par\u00a0<a href=\"https:\/\/fr.wikipedia.org\/wiki\/Aristote\">Aristote<\/a>, notamment pour l\u2019usage qu\u2019il fait du\u00a0<a href=\"https:\/\/fr.wikipedia.org\/wiki\/Ch%C5%93ur_(th%C3%A9%C3%A2tre)\">ch\u0153ur<\/a>\u00a0et pour sa pi\u00e8ce\u00a0<a href=\"https:\/\/fr.wikipedia.org\/wiki\/%C5%92dipe_roi\"><em>\u0152dipe roi<\/em><\/a>, il remporte \u00e9galement le nombre le plus \u00e9lev\u00e9 de victoires au concours tragique des grandes\u00a0<a href=\"https:\/\/fr.wikipedia.org\/wiki\/Dionysies\">Dionysies<\/a>\u00a0(dix-neuf), et n\u2019y figure jamais dernier.<\/p>\n<p>Son th\u00e9\u00e2tre rompt avec la trilogie \u00ab\u00a0li\u00e9e\u00a0\u00bb et approfondit les aspects\u00a0<a href=\"https:\/\/fr.wikipedia.org\/wiki\/Psychologie\">psychologiques<\/a>\u00a0des personnages. Ses pi\u00e8ces mettent en sc\u00e8ne des\u00a0<a href=\"https:\/\/fr.wikipedia.org\/wiki\/H%C3%A9ros\">h\u00e9ros<\/a>, souvent solitaires et m\u00eame rejet\u00e9s (<a href=\"https:\/\/fr.wikipedia.org\/wiki\/Ajax_(Sophocle)\"><em>Ajax<\/em><\/a>,\u00a0<a href=\"https:\/\/fr.wikipedia.org\/wiki\/Antigone_(Sophocle)\"><em>Antigone<\/em><\/a>,\u00a0<a href=\"https:\/\/fr.wikipedia.org\/wiki\/%C5%92dipe\"><em>\u0152dipe<\/em><\/a>,\u00a0<a href=\"https:\/\/fr.wikipedia.org\/wiki\/%C3%89lectre_(Sophocle)\"><em>\u00c9lectre<\/em><\/a>) et confront\u00e9s \u00e0 des probl\u00e8mes moraux desquels na\u00eet la situation tragique. Compar\u00e9 \u00e0\u00a0<a href=\"https:\/\/fr.wikipedia.org\/wiki\/Eschyle\">Eschyle<\/a>, Sophocle ne met pas ou peu en sc\u00e8ne les dieux, qui n\u2019interviennent que par des\u00a0<a href=\"https:\/\/fr.wikipedia.org\/wiki\/Oracle_grec\">oracles<\/a>\u00a0dont le caract\u00e8re obscur trompe souvent les hommes, sur le mode de l\u2019ironie tragique.<\/p>\n<ol type=\"I\">\n<li><strong><u>BIOGRAPHIE DE SOPHOCLE<\/u><\/strong><\/li>\n<\/ol>\n<p>Les d\u00e9tails de la vie de Sophocle sont connus, bien qu\u2019assez mal, gr\u00e2ce \u00e0 une compilation anonyme1, la Souda2 et aux mentions d\u2019auteurs comme Plutarque de Ch\u00e9ron\u00e9e ou Ath\u00e9n\u00e9e3. Il est le fils d\u2019un certain Sophilos et na\u00eet en 496 av. J.-C. selon la chronique de Paros4, ou en 495 av. J.-C. selon son biographe anonyme1, \u00e0 Colone, village proche d\u2019Ath\u00e8nes, o\u00f9 il situera sa derni\u00e8re pi\u00e8ce \u0152dipe \u00e0 Colone. Il re\u00e7oit une \u00e9ducation tr\u00e8s soign\u00e9e, notamment en musique, o\u00f9 il profite des le\u00e7ons du c\u00e9l\u00e8bre Lampros, et en gymnastique : \u00e0 seize ans, il lui revient de conduire le ch\u0153ur du triomphe de Salamine5,1.<\/p>\n<p>Exact contemporain de P\u00e9ricl\u00e8s, Sophocle conna\u00eet l\u2019apog\u00e9e ath\u00e9nienne, et participe \u00e0 la vie politique : il est d\u00e9sign\u00e9 parmi les hell\u00e9notames (tr\u00e9soriers de la ligue de D\u00e9los) vers 443-442 av. J.-C., et parmi les strat\u00e8ges \u00e0 deux reprises, notamment en 440 av. J.-C. lors de l\u2019exp\u00e9dition contre Samos1. \u00c0 quatre-vingt-trois ans, il fait \u00e9galement partie des dix conseillers d\u00e9sign\u00e9s apr\u00e8s le d\u00e9sastre de Sicile. Sophocle meurt en 406 ou 405 av. J.-C.. Il est le p\u00e8re de Iophon, fils de l\u2019ath\u00e9nienne Nicostrata, et d\u2019Ariston, fils de la sicyonienne Thoris1. Suidas mentionne trois autres fils : L\u00e9osth\u00e9n\u00e8s, St\u00e9phanos et M\u00e9n\u00e9cl\u00e9id\u00e8s2. Ariston est le p\u00e8re de Sophocle le Jeune, \u00e9galement dou\u00e9 pour la trag\u00e9die, sous les soins de qui est repr\u00e9sent\u00e9e la derni\u00e8re pi\u00e8ce de son grand-p\u00e8re, \u0152dipe \u00e0\u2026<\/p>\n<p>Pour obtenir l&rsquo;expos\u00e9 complet contactez le +226 56196345 (WhatsApp).<\/p>\n","protected":false},"featured_media":831,"template":"","meta":{"jetpack_publicize_message":"","jetpack_publicize_feature_enabled":true,"jetpack_social_post_already_shared":false,"jetpack_social_options":{"image_generator_settings":{"template":"highway","default_image_id":0,"font":"","enabled":false},"version":2}},"product_brand":[],"product_cat":[608,598,613],"product_tag":[797,796],"class_list":{"0":"post-1960","1":"product","2":"type-product","3":"status-publish","4":"has-post-thumbnail","6":"product_cat-histoire","7":"product_cat-litterature","8":"product_cat-philosophie","9":"product_tag-sophocle","10":"product_tag-vie-et-philosophie","12":"first","13":"instock","14":"downloadable","15":"virtual","16":"sold-individually","17":"purchasable","18":"product-type-simple"},"aioseo_notices":[],"jetpack_publicize_connections":[],"jetpack-related-posts":[],"jetpack_sharing_enabled":true,"_links":{"self":[{"href":"https:\/\/karandoogo.com\/index.php\/wp-json\/wp\/v2\/product\/1960","targetHints":{"allow":["GET"]}}],"collection":[{"href":"https:\/\/karandoogo.com\/index.php\/wp-json\/wp\/v2\/product"}],"about":[{"href":"https:\/\/karandoogo.com\/index.php\/wp-json\/wp\/v2\/types\/product"}],"wp:featuredmedia":[{"embeddable":true,"href":"https:\/\/karandoogo.com\/index.php\/wp-json\/wp\/v2\/media\/831"}],"wp:attachment":[{"href":"https:\/\/karandoogo.com\/index.php\/wp-json\/wp\/v2\/media?parent=1960"}],"wp:term":[{"taxonomy":"product_brand","embeddable":true,"href":"https:\/\/karandoogo.com\/index.php\/wp-json\/wp\/v2\/product_brand?post=1960"},{"taxonomy":"product_cat","embeddable":true,"href":"https:\/\/karandoogo.com\/index.php\/wp-json\/wp\/v2\/product_cat?post=1960"},{"taxonomy":"product_tag","embeddable":true,"href":"https:\/\/karandoogo.com\/index.php\/wp-json\/wp\/v2\/product_tag?post=1960"}],"curies":[{"name":"wp","href":"https:\/\/api.w.org\/{rel}","templated":true}]}}