{"id":1962,"date":"2022-08-29T17:12:00","date_gmt":"2022-08-29T17:12:00","guid":{"rendered":"https:\/\/karandoogo.com\/?post_type=product&#038;p=1962"},"modified":"2025-10-19T13:48:53","modified_gmt":"2025-10-19T13:48:53","slug":"expose-complet-sur-les-genres-litteraires","status":"publish","type":"product","link":"https:\/\/karandoogo.com\/index.php\/produit\/expose-complet-sur-les-genres-litteraires\/","title":{"rendered":"Expos\u00e9 complet sur les genres litt\u00e9raires"},"content":{"rendered":"","protected":false},"excerpt":{"rendered":"<p><strong>NB:<\/strong> Les documents mis \u00e0 disposition sur ce site sont des documents \u00e0 exploiter, autrement dit des compl\u00e9ments pour parfaire votre travail. Ils ne sont pas faits pour \u00eatre pr\u00e9sent\u00e9s \u00e0 l\u2019\u00e9tat.<\/p>\n<p><strong><u>INTRODUCTION<\/u><\/strong><\/p>\n<ol type=\"I\">\n<li><strong><u>VUE GENERALE SUR LES GENRES LITTERAIRES<\/u><\/strong><\/li>\n<li><strong><u>DEFINITION<\/u><\/strong><\/li>\n<li><strong>Le mot Genre<\/strong><\/li>\n<li><strong>Genre litt\u00e9raire<\/strong><\/li>\n<li><strong><u>LES PRINCIPAUX GENRES LITTERAIRES<\/u><\/strong><\/li>\n<\/ol>\n<p><strong><u>CONCLUSION<\/u><\/strong><\/p>\n<p><strong><u>INTRODUCTION<\/u><\/strong><\/p>\n<p>Inscrire une \u0153uvre dans un genre est une fa\u00e7on de r\u00e9pondre \u00e0 l\u2019horizon d\u2019attente d\u2019un public donn\u00e9. Selon la fa\u00e7on dont une \u0153uvre est pr\u00e9sent\u00e9e (roman, autobiographie, com\u00e9die, drame\u2026), le lecteur s\u2019en fait une repr\u00e9sentation plus ou moins st\u00e9r\u00e9otyp\u00e9e, qui peut cependant \u00eatre remise en question lors de la lecture. Le genre est donc, avant tout, une convention qui donne un cadre au public et fonctionne comme un mod\u00e8le d\u2019\u00e9criture pour les auteurs. C\u2019est ce que souligne Tzvetan Todorov : \u00ab Chaque \u00e9poque a son propre syst\u00e8me de genres, qui est en rapport avec l\u2019id\u00e9ologie dominante. Une soci\u00e9t\u00e9 choisit et codifie les actes qui correspondent au plus pr\u00e8s \u00e0 son id\u00e9ologie ; c\u2019est pourquoi l\u2019existence de certains genres dans une soci\u00e9t\u00e9, leur absence dans une autre, sont r\u00e9v\u00e9latrices de cette id\u00e9ologie.<\/p>\n<ol type=\"I\">\n<li><strong><u>VUE GENERALE SUR LES GENRES LITTERAIRES<\/u><\/strong><\/li>\n<\/ol>\n<p>Un genre litt\u00e9raire est un concept de type cat\u00e9goriel qui permet de classer des productions litt\u00e9raires en prenant en compte des aspects de genre pictural, genre narratif ou genre dramatique, de contenu (entre autres : roman d\u2019aventure, journal intime, th\u00e9\u00e2tre de boulevard, etc.), ou encore de registre (fantastique, tragique, comique notamment).<\/p>\n<p>Divers crit\u00e8res pouvant se combiner et se chevaucher pour d\u00e9terminer des cat\u00e9gories secondaires, la liste des genres n\u2019\u00e9tant en effet pas close.<\/p>\n<ol type=\"I\">\n<li><strong><u>DEFINITION<\/u><\/strong><\/li>\n<\/ol>\n<ol type=\"1\">\n<li><strong><u>Le mot Genre<\/u><\/strong><\/li>\n<\/ol>\n<p>Les genres sont avant tout une classification commode \u00e0 manier en p\u00e9dagogie, permettant d\u2019appr\u00e9hender les caract\u00e9ristiques des productions litt\u00e9raires.<\/p>\n<ul>\n<li><strong><u>Genre litt\u00e9raire<\/u><\/strong><\/li>\n<\/ul>\n<p>Les genres litt\u00e9raires sont des cat\u00e9gories de la litt\u00e9rature d\u00e9termin\u00e9es en fonction de la forme d\u2019expression choisie (roman, pi\u00e8ce de th\u00e9\u00e2tre, po\u00e8me etc.), mais \u00e9galement du registre, du sujet, de l\u2019atmosph\u00e8re g\u00e9n\u00e9rale de l\u2019\u0153uvre (une pi\u00e8ce de th\u00e9\u00e2tre peut-\u00eatre une com\u00e9die ou une trag\u00e9die). Les principaux genres litt\u00e9raires\u2026<\/p>\n<p>Pour obtenir l&rsquo;expos\u00e9 complet contactez le +226 56196345 (WhatsApp).<\/p>\n","protected":false},"featured_media":831,"template":"","meta":{"jetpack_publicize_message":"","jetpack_publicize_feature_enabled":true,"jetpack_social_post_already_shared":false,"jetpack_social_options":{"image_generator_settings":{"template":"highway","default_image_id":0,"font":"","enabled":false},"version":2}},"product_brand":[],"product_cat":[598],"product_tag":[798],"class_list":{"0":"post-1962","1":"product","2":"type-product","3":"status-publish","4":"has-post-thumbnail","6":"product_cat-litterature","7":"product_tag-genres-litteraires","9":"first","10":"instock","11":"downloadable","12":"virtual","13":"sold-individually","14":"purchasable","15":"product-type-simple"},"aioseo_notices":[],"jetpack_publicize_connections":[],"jetpack-related-posts":[],"jetpack_sharing_enabled":true,"_links":{"self":[{"href":"https:\/\/karandoogo.com\/index.php\/wp-json\/wp\/v2\/product\/1962","targetHints":{"allow":["GET"]}}],"collection":[{"href":"https:\/\/karandoogo.com\/index.php\/wp-json\/wp\/v2\/product"}],"about":[{"href":"https:\/\/karandoogo.com\/index.php\/wp-json\/wp\/v2\/types\/product"}],"wp:featuredmedia":[{"embeddable":true,"href":"https:\/\/karandoogo.com\/index.php\/wp-json\/wp\/v2\/media\/831"}],"wp:attachment":[{"href":"https:\/\/karandoogo.com\/index.php\/wp-json\/wp\/v2\/media?parent=1962"}],"wp:term":[{"taxonomy":"product_brand","embeddable":true,"href":"https:\/\/karandoogo.com\/index.php\/wp-json\/wp\/v2\/product_brand?post=1962"},{"taxonomy":"product_cat","embeddable":true,"href":"https:\/\/karandoogo.com\/index.php\/wp-json\/wp\/v2\/product_cat?post=1962"},{"taxonomy":"product_tag","embeddable":true,"href":"https:\/\/karandoogo.com\/index.php\/wp-json\/wp\/v2\/product_tag?post=1962"}],"curies":[{"name":"wp","href":"https:\/\/api.w.org\/{rel}","templated":true}]}}