{"id":1969,"date":"2022-08-29T17:44:24","date_gmt":"2022-08-29T17:44:24","guid":{"rendered":"https:\/\/karandoogo.com\/?post_type=product&#038;p=1969"},"modified":"2025-10-19T13:48:53","modified_gmt":"2025-10-19T13:48:53","slug":"expose-complet-sur-la-notion-decosysteme","status":"publish","type":"product","link":"https:\/\/karandoogo.com\/index.php\/produit\/expose-complet-sur-la-notion-decosysteme\/","title":{"rendered":"Expos\u00e9 complet sur la notion d&rsquo;\u00e9cosyst\u00e8me"},"content":{"rendered":"","protected":false},"excerpt":{"rendered":"<p><strong>NB:<\/strong> Les documents mis \u00e0 disposition sur ce site sont des documents \u00e0 exploiter, autrement dit des compl\u00e9ments pour parfaire votre travail. Ils ne sont pas faits pour \u00eatre pr\u00e9sent\u00e9s \u00e0 l\u2019\u00e9tat.<\/p>\n<p><strong><u>PLAN<\/u><\/strong><\/p>\n<p><strong><u>INTRODUCTION<\/u><\/strong><\/p>\n<ol type=\"I\">\n<li><strong><u>DEFINITION<\/u><\/strong><\/li>\n<li><strong><u>TYPES D\u2019ECOSYSTEMES<\/u><\/strong><\/li>\n<li><strong><u>FONCTIONNEMENT DE L\u2019ECOSYSTHEME<\/u><\/strong><\/li>\n<li><strong><u>FORMATION\u00a0 ET EVOLUTION DE L\u2019ECOSYSTEME<\/u><\/strong><\/li>\n<\/ol>\n<p><strong><u>CONCLUSION<\/u><\/strong><\/p>\n<p><strong><u>INTRODUCTION<\/u><\/strong><\/p>\n<p>En \u00e9cologie, un \u00e9cosyst\u00e8me est un ensemble form\u00e9 par une communaut\u00e9 d\u2019\u00eatres vivants en interrelation (bioc\u00e9nose) avec son environnement (biotope). Les composants de l\u2019\u00e9cosyst\u00e8me d\u00e9veloppent un dense r\u00e9seau de d\u00e9pendances, d\u2019\u00e9changes d\u2019\u00e9nergie, d\u2019information et de mati\u00e8re permettant le maintien et le d\u00e9veloppement de la vie. Un \u00e9cosyst\u00e8me transform\u00e9 par l\u2019Homme dans le but de nourrir, c\u2019est-\u00e0-dire dans un contexte agricole s\u2019appelle un agro-syst\u00e8me (ou agro-\u00e9cosyst\u00e8me).<\/p>\n<ul>\n<li><strong><u>DEFINITION<\/u><\/strong><\/li>\n<\/ul>\n<p>La d\u00e9finition la plus simple d\u2019un \u00e9cosyst\u00e8me est la suivante : il s\u2019agit d\u2019un ensemble d\u2019\u00eatre vivants qui vivent au sein d\u2019un milieu ou d\u2019un environnement sp\u00e9cifique et interagissent entre eux au sein de ce milieu et avec ce milieu. L\u2019\u00e9cosyst\u00e8me est l\u2019unit\u00e9 de base du champ d\u2019\u00e9tude scientifique de la nature (l\u2019\u00e9cologie scientifique).<\/p>\n<ul>\n<li><strong><u>TYPES D\u2019ECOSYSTEMES<\/u><\/strong><\/li>\n<\/ul>\n<p>Selon cette discipline, l\u2019\u00e9cosyst\u00e8me est un milieu physiquement d\u00e9limit\u00e9, constitu\u00e9 de ses deux composantes indissociables :<\/p>\n<ul>\n<li>Le biotope : c\u2019est-\u00e0-dire un environnement physique particulier avec des caract\u00e9ristiques physiques sp\u00e9cifiques (temp\u00e9rature, humidit\u00e9, climat)<\/li>\n<li>La bioc\u00e9nose : c\u2019est-\u00e0-dire\u2026<\/li>\n<\/ul>\n<p>Pour obtenir l&rsquo;expos\u00e9 complet contactez le +226 56196345 (WhatsApp).<\/p>\n","protected":false},"featured_media":831,"template":"","meta":{"jetpack_publicize_message":"","jetpack_publicize_feature_enabled":true,"jetpack_social_post_already_shared":false,"jetpack_social_options":{"image_generator_settings":{"template":"highway","default_image_id":0,"font":"","enabled":false},"version":2}},"product_brand":[],"product_cat":[789,549],"product_tag":[804],"class_list":{"0":"post-1969","1":"product","2":"type-product","3":"status-publish","4":"has-post-thumbnail","6":"product_cat-environnement","7":"product_cat-geographie","8":"product_tag-ecosysteme","10":"first","11":"instock","12":"downloadable","13":"virtual","14":"sold-individually","15":"purchasable","16":"product-type-simple"},"aioseo_notices":[],"jetpack_publicize_connections":[],"jetpack-related-posts":[],"jetpack_sharing_enabled":true,"_links":{"self":[{"href":"https:\/\/karandoogo.com\/index.php\/wp-json\/wp\/v2\/product\/1969","targetHints":{"allow":["GET"]}}],"collection":[{"href":"https:\/\/karandoogo.com\/index.php\/wp-json\/wp\/v2\/product"}],"about":[{"href":"https:\/\/karandoogo.com\/index.php\/wp-json\/wp\/v2\/types\/product"}],"wp:featuredmedia":[{"embeddable":true,"href":"https:\/\/karandoogo.com\/index.php\/wp-json\/wp\/v2\/media\/831"}],"wp:attachment":[{"href":"https:\/\/karandoogo.com\/index.php\/wp-json\/wp\/v2\/media?parent=1969"}],"wp:term":[{"taxonomy":"product_brand","embeddable":true,"href":"https:\/\/karandoogo.com\/index.php\/wp-json\/wp\/v2\/product_brand?post=1969"},{"taxonomy":"product_cat","embeddable":true,"href":"https:\/\/karandoogo.com\/index.php\/wp-json\/wp\/v2\/product_cat?post=1969"},{"taxonomy":"product_tag","embeddable":true,"href":"https:\/\/karandoogo.com\/index.php\/wp-json\/wp\/v2\/product_tag?post=1969"}],"curies":[{"name":"wp","href":"https:\/\/api.w.org\/{rel}","templated":true}]}}