{"id":1975,"date":"2022-08-29T18:16:28","date_gmt":"2022-08-29T18:16:28","guid":{"rendered":"https:\/\/karandoogo.com\/?post_type=product&#038;p=1975"},"modified":"2025-10-19T13:48:53","modified_gmt":"2025-10-19T13:48:53","slug":"expose-complet-sur-la-greve-des-battus-daminata-sow-fall","status":"publish","type":"product","link":"https:\/\/karandoogo.com\/index.php\/produit\/expose-complet-sur-la-greve-des-battus-daminata-sow-fall\/","title":{"rendered":"Expos\u00e9 complet sur la gr\u00e8ve des Battus d&rsquo;Aminata Sow Fall"},"content":{"rendered":"<div data-test='contact-form'\n\t\t\tid='contact-form-1975'\n\t\t\tclass='wp-block-jetpack-contact-form-container '\n\t\t\tdata-wp-interactive='jetpack\/form' data-wp-context='{\"formId\":\"1975\",\"formHash\":\"2c7bdfd9358a15f6f3c5d20b7c13f03bcf62afbc\",\"showErrors\":false,\"errors\":[],\"fields\":[],\"isMultiStep\":false,\"useAjax\":true,\"submissionData\":null,\"formattedSubmissionData\":[],\"submissionSuccess\":false,\"submissionError\":null,\"elementId\":\"jp-form-2c7bdfd9358a15f6f3c5d20b7c13f03bcf62afbc\"}'\n\t\t\tdata-wp-watch--scroll-to-wrapper=\"callbacks.scrollToWrapper\"\n\t\t>\n<div class=\"contact-form-submission contact-form-ajax-submission\" data-wp-class--submission-success=\"context.submissionSuccess\"><p class=\"go-back-message\"><a class=\"link\" role=\"button\" tabindex=\"0\" data-wp-on--click=\"actions.goBack\" href=\"\/index.php\/wp-json\/wp\/v2\/product\/1975\">Retour<\/a><\/p><h4 id=\"contact-form-success-header\">Votre message a \u00e9t\u00e9 envoy\u00e9<\/h4>\n\n<template data-wp-each--submission=\"context.formattedSubmissionData\">\n\t\t\t\t<div>\n\t\t\t\t\t<div class=\"field-name\" data-wp-text=\"context.submission.label\" data-wp-bind--hidden=\"!context.submission.label\"><\/div>\n\t\t\t\t\t<div class=\"field-value\" data-wp-text=\"context.submission.value\"><\/div>\n\t\t\t\t\t<div class=\"field-images\" data-wp-bind--hidden=\"!context.submission.images\">\n\t\t\t\t\t\t<template data-wp-each--image=\"context.submission.images\">\n\t\t\t\t\t\t\t<img class=\"field-image\" data-wp-bind--src=\"context.image\" data-wp-bind--hidden=\"!context.image\"\/>\n\t\t\t\t\t\t<\/template>\n\t\t\t\t\t<\/div>\n\t\t\t\t<\/div>\n\t\t\t<\/template><\/div><form action='https:\/\/karandoogo.com\/index.php\/produit\/expose-complet-sur-la-greve-des-battus-daminata-sow-fall\/'\n\t\t\t\tid='jp-form-2c7bdfd9358a15f6f3c5d20b7c13f03bcf62afbc'\n\t\t\t\tmethod='post'\n\t\t\t\tclass='contact-form commentsblock' aria-label=\"Expos\u00e9 complet sur la gr\u00e8ve des Battus d&#039;Aminata Sow Fall\"\n\t\t\t\tdata-wp-on--submit=\"actions.onFormSubmit\"\n\t\t\t\tdata-wp-on--reset=\"actions.onFormReset\"\n\t\t\t\tdata-wp-class--submission-success=\"context.submissionSuccess\"\n\t\t\t\tdata-wp-class--is-first-step=\"state.isFirstStep\"\n\t\t\t\tdata-wp-class--is-last-step=\"state.isLastStep\"\n\t\t\t\tdata-wp-class--is-ajax-form=\"context.useAjax\"\n\t\t\t\tnovalidate >\n<input type='hidden' name='jetpack_contact_form_jwt' value='eyJ0eXAiOiJKV1QiLCJhbGciOiJIUzI1NiJ9.eyJhdHRyaWJ1dGVzIjp7InRvIjoia2FkZXJyYWJvQGdtYWlsLmNvbSIsInN1YmplY3QiOiJbS2FyYW5kb29nb10gRXhwb3NcdTAwZTkgY29tcGxldCBzdXIgbGEgZ3JcdTAwZTh2ZSBkZXMgQmF0dHVzIGQnQW1pbmF0YSBTb3cgRmFsbCIsInNob3dfc3ViamVjdCI6Im5vIiwid2lkZ2V0IjoiIiwiYmxvY2tfdGVtcGxhdGUiOiIiLCJibG9ja190ZW1wbGF0ZV9wYXJ0IjoiIiwiaWQiOiIxOTc1Iiwic3VibWl0X2J1dHRvbl90ZXh0IjoiRW52b3llciIsImN1c3RvbVRoYW5reW91IjoiIiwiY3VzdG9tVGhhbmt5b3VIZWFkaW5nIjoiVm90cmUgbWVzc2FnZSBhIFx1MDBlOXRcdTAwZTkgZW52b3lcdTAwZTkiLCJjdXN0b21UaGFua3lvdU1lc3NhZ2UiOiJNZXJjaSBwb3VyIHZvdHJlIHNvdW1pc3Npb25cdTAwYTAhIiwiY3VzdG9tVGhhbmt5b3VSZWRpcmVjdCI6IiIsImpldHBhY2tDUk0iOiIxIiwibWFpbHBvZXQiOiIiLCJjbGFzc05hbWUiOiIiLCJwb3N0VG9VcmwiOiIiLCJzYWxlc2ZvcmNlRGF0YSI6IiIsImhpZGRlbkZpZWxkcyI6IiIsInN0ZXBUcmFuc2l0aW9uIjoiZmFkZS1zbGlkZSIsInNhdmVSZXNwb25zZXMiOiJ5ZXMiLCJlbWFpbE5vdGlmaWNhdGlvbnMiOiJ5ZXMiLCJkaXNhYmxlR29CYWNrIjoiIn0sImNvbnRlbnQiOiJbY29udGFjdC1maWVsZCBsYWJlbD1cIk5vbVwiIHR5cGU9XCJuYW1lXCIgIHJlcXVpcmVkPVwidHJ1ZVwiIFwvXVtjb250YWN0LWZpZWxkIGxhYmVsPVwiRS1tYWlsXCIgdHlwZT1cImVtYWlsXCIgcmVxdWlyZWQ9XCJ0cnVlXCIgXC9dW2NvbnRhY3QtZmllbGQgbGFiZWw9XCJTaXRlIHdlYlwiIHR5cGU9XCJ1cmxcIiBcL11bY29udGFjdC1maWVsZCBsYWJlbD1cIk1lc3NhZ2VcIiB0eXBlPVwidGV4dGFyZWFcIiBcL10iLCJoYXNoIjoiMmM3YmRmZDkzNThhMTVmNmYzYzVkMjBiN2MxM2YwM2JjZjYyYWZiYyJ9.ceJ7hzeGORpXs49kfJ7lCl51ECYq9aVAUT3LvYfaqwM' \/>\n\n<div style=\"\"  data-wp-interactive=\"jetpack\/form\" data-wp-context='{\"fieldId\":\"g1975-nom\",\"fieldType\":\"name\",\"fieldLabel\":\"Nom\",\"fieldValue\":\"\",\"fieldPlaceholder\":\"\",\"fieldIsRequired\":\"1\",\"fieldErrorMessage\":\"\",\"fieldExtra\":[],\"formHash\":\"2c7bdfd9358a15f6f3c5d20b7c13f03bcf62afbc\"}'  class='grunion-field-name-wrap grunion-field-wrap'  data-wp-init='callbacks.initializeField' data-wp-on--jetpack-form-reset='callbacks.initializeField' >\n<label\n\t\t\t\tfor='g1975-nom' class=\"grunion-field-label name\" >Nom<span class=\"grunion-label-required\" aria-hidden=\"true\">(obligatoire)<\/span><\/label>\n<input\n\t\t\t\t\ttype='text'\n\t\t\t\t\tname='g1975-nom'\n\t\t\t\t\tid='g1975-nom'\n\t\t\t\t\tvalue=''\n\n\t\t\t\t\tdata-wp-bind--aria-invalid='state.fieldHasErrors'\n\t\t\t\t\tdata-wp-bind--value='state.getFieldValue'\n\t\t\t\t\taria-errormessage='g1975-nom-text-error-message'\n\t\t\t\t\tdata-wp-on--input='actions.onFieldChange'\n\t\t\t\t\tdata-wp-on--blur='actions.onFieldBlur'\n\t\t\t\t\tdata-wp-class--has-value='state.hasFieldValue'\n\n\t\t\t\t\tclass='name  grunion-field' \n\t\t\t\t\trequired='true' aria-required='true'  \/>\n \n\t\t\t<div id=\"g1975-nom-text-error\" class=\"contact-form__input-error\" data-wp-class--has-errors=\"state.fieldHasErrors\">\n\t\t\t\t<span class=\"contact-form__warning-icon\">\n\t\t\t\t\t<svg width=\"16\" height=\"16\" viewBox=\"0 0 16 16\" fill=\"none\" xmlns=\"http:\/\/www.w3.org\/2000\/svg\">\n\t\t\t\t\t\t<path d=\"M8.50015 11.6402H7.50015V10.6402H8.50015V11.6402Z\" \/>\n\t\t\t\t\t\t<path d=\"M7.50015 9.64018H8.50015V6.30684H7.50015V9.64018Z\" \/>\n\t\t\t\t\t\t<path fill-rule=\"evenodd\" clip-rule=\"evenodd\" d=\"M6.98331 3.0947C7.42933 2.30177 8.57096 2.30177 9.01698 3.09469L13.8771 11.7349C14.3145 12.5126 13.7525 13.4735 12.8602 13.4735H3.14004C2.24774 13.4735 1.68575 12.5126 2.12321 11.7349L6.98331 3.0947ZM8.14541 3.58496C8.08169 3.47168 7.9186 3.47168 7.85488 3.58496L2.99478 12.2251C2.93229 12.3362 3.01257 12.4735 3.14004 12.4735H12.8602C12.9877 12.4735 13.068 12.3362 13.0055 12.2251L8.14541 3.58496Z\" \/>\n\t\t\t\t\t<\/svg>\n\t\t\t\t\t<span class=\"visually-hidden\">Attention<\/span>\n\t\t\t\t<\/span>\n\t\t\t\t<span data-wp-text=\"state.errorMessage\" id=\"g1975-nom-text-error-message\"><\/span>\n\t\t\t<\/div> \n\t<\/div>\n\n<div style=\"\"  data-wp-interactive=\"jetpack\/form\" data-wp-context='{\"fieldId\":\"g1975-email\",\"fieldType\":\"email\",\"fieldLabel\":\"E-mail\",\"fieldValue\":\"\",\"fieldPlaceholder\":\"\",\"fieldIsRequired\":\"1\",\"fieldErrorMessage\":\"\",\"fieldExtra\":[],\"formHash\":\"2c7bdfd9358a15f6f3c5d20b7c13f03bcf62afbc\"}'  class='grunion-field-email-wrap grunion-field-wrap'  data-wp-init='callbacks.initializeField' data-wp-on--jetpack-form-reset='callbacks.initializeField' >\n<label\n\t\t\t\tfor='g1975-email' class=\"grunion-field-label email\" >E-mail<span class=\"grunion-label-required\" aria-hidden=\"true\">(obligatoire)<\/span><\/label>\n<input\n\t\t\t\t\ttype='email'\n\t\t\t\t\tname='g1975-email'\n\t\t\t\t\tid='g1975-email'\n\t\t\t\t\tvalue=''\n\n\t\t\t\t\tdata-wp-bind--aria-invalid='state.fieldHasErrors'\n\t\t\t\t\tdata-wp-bind--value='state.getFieldValue'\n\t\t\t\t\taria-errormessage='g1975-email-email-error-message'\n\t\t\t\t\tdata-wp-on--input='actions.onFieldChange'\n\t\t\t\t\tdata-wp-on--blur='actions.onFieldBlur'\n\t\t\t\t\tdata-wp-class--has-value='state.hasFieldValue'\n\n\t\t\t\t\tclass='email  grunion-field' \n\t\t\t\t\trequired='true' aria-required='true'  \/>\n \n\t\t\t<div id=\"g1975-email-email-error\" class=\"contact-form__input-error\" data-wp-class--has-errors=\"state.fieldHasErrors\">\n\t\t\t\t<span class=\"contact-form__warning-icon\">\n\t\t\t\t\t<svg width=\"16\" height=\"16\" viewBox=\"0 0 16 16\" fill=\"none\" xmlns=\"http:\/\/www.w3.org\/2000\/svg\">\n\t\t\t\t\t\t<path d=\"M8.50015 11.6402H7.50015V10.6402H8.50015V11.6402Z\" \/>\n\t\t\t\t\t\t<path d=\"M7.50015 9.64018H8.50015V6.30684H7.50015V9.64018Z\" \/>\n\t\t\t\t\t\t<path fill-rule=\"evenodd\" clip-rule=\"evenodd\" d=\"M6.98331 3.0947C7.42933 2.30177 8.57096 2.30177 9.01698 3.09469L13.8771 11.7349C14.3145 12.5126 13.7525 13.4735 12.8602 13.4735H3.14004C2.24774 13.4735 1.68575 12.5126 2.12321 11.7349L6.98331 3.0947ZM8.14541 3.58496C8.08169 3.47168 7.9186 3.47168 7.85488 3.58496L2.99478 12.2251C2.93229 12.3362 3.01257 12.4735 3.14004 12.4735H12.8602C12.9877 12.4735 13.068 12.3362 13.0055 12.2251L8.14541 3.58496Z\" \/>\n\t\t\t\t\t<\/svg>\n\t\t\t\t\t<span class=\"visually-hidden\">Attention<\/span>\n\t\t\t\t<\/span>\n\t\t\t\t<span data-wp-text=\"state.errorMessage\" id=\"g1975-email-email-error-message\"><\/span>\n\t\t\t<\/div> \n\t<\/div>\n\n<div style=\"\"  data-wp-interactive=\"jetpack\/form\" data-wp-context='{\"fieldId\":\"g1975-siteweb\",\"fieldType\":\"url\",\"fieldLabel\":\"Site web\",\"fieldValue\":\"\",\"fieldPlaceholder\":\"\",\"fieldIsRequired\":\"\",\"fieldErrorMessage\":\"\",\"fieldExtra\":[],\"formHash\":\"2c7bdfd9358a15f6f3c5d20b7c13f03bcf62afbc\"}'  class='grunion-field-url-wrap grunion-field-wrap'  data-wp-init='callbacks.initializeField' data-wp-on--jetpack-form-reset='callbacks.initializeField' >\n<label\n\t\t\t\tfor='g1975-siteweb' class=\"grunion-field-label url\" >Site web<\/label>\n<input\n\t\t\t\t\ttype='text'\n\t\t\t\t\tname='g1975-siteweb'\n\t\t\t\t\tid='g1975-siteweb'\n\t\t\t\t\tvalue=''\n\n\t\t\t\t\tdata-wp-bind--aria-invalid='state.fieldHasErrors'\n\t\t\t\t\tdata-wp-bind--value='state.getFieldValue'\n\t\t\t\t\taria-errormessage='g1975-siteweb-text-error-message'\n\t\t\t\t\tdata-wp-on--input='actions.onFieldChange'\n\t\t\t\t\tdata-wp-on--blur='actions.onFieldBlur'\n\t\t\t\t\tdata-wp-class--has-value='state.hasFieldValue'\n\n\t\t\t\t\tclass='url  grunion-field' \n\t\t\t\t\t \/>\n \n\t\t\t<div id=\"g1975-siteweb-text-error\" class=\"contact-form__input-error\" data-wp-class--has-errors=\"state.fieldHasErrors\">\n\t\t\t\t<span class=\"contact-form__warning-icon\">\n\t\t\t\t\t<svg width=\"16\" height=\"16\" viewBox=\"0 0 16 16\" fill=\"none\" xmlns=\"http:\/\/www.w3.org\/2000\/svg\">\n\t\t\t\t\t\t<path d=\"M8.50015 11.6402H7.50015V10.6402H8.50015V11.6402Z\" \/>\n\t\t\t\t\t\t<path d=\"M7.50015 9.64018H8.50015V6.30684H7.50015V9.64018Z\" \/>\n\t\t\t\t\t\t<path fill-rule=\"evenodd\" clip-rule=\"evenodd\" d=\"M6.98331 3.0947C7.42933 2.30177 8.57096 2.30177 9.01698 3.09469L13.8771 11.7349C14.3145 12.5126 13.7525 13.4735 12.8602 13.4735H3.14004C2.24774 13.4735 1.68575 12.5126 2.12321 11.7349L6.98331 3.0947ZM8.14541 3.58496C8.08169 3.47168 7.9186 3.47168 7.85488 3.58496L2.99478 12.2251C2.93229 12.3362 3.01257 12.4735 3.14004 12.4735H12.8602C12.9877 12.4735 13.068 12.3362 13.0055 12.2251L8.14541 3.58496Z\" \/>\n\t\t\t\t\t<\/svg>\n\t\t\t\t\t<span class=\"visually-hidden\">Attention<\/span>\n\t\t\t\t<\/span>\n\t\t\t\t<span data-wp-text=\"state.errorMessage\" id=\"g1975-siteweb-text-error-message\"><\/span>\n\t\t\t<\/div> \n\t<\/div>\n\n<div style=\"\"  data-wp-interactive=\"jetpack\/form\" data-wp-context='{\"fieldId\":\"g1975-message\",\"fieldType\":\"textarea\",\"fieldLabel\":\"Message\",\"fieldValue\":\"\",\"fieldPlaceholder\":\"\",\"fieldIsRequired\":\"\",\"fieldErrorMessage\":\"\",\"fieldExtra\":[],\"formHash\":\"2c7bdfd9358a15f6f3c5d20b7c13f03bcf62afbc\"}'  class='grunion-field-textarea-wrap grunion-field-wrap'  data-wp-init='callbacks.initializeField' data-wp-on--jetpack-form-reset='callbacks.initializeField' >\n<label\n\t\t\t\tfor='contact-form-comment-g1975-message' class=\"grunion-field-label textarea\" >Message<\/label>\n<textarea\n\t\t                style=''\n\t\t                name='g1975-message'\n\t\t                id='contact-form-comment-g1975-message'\n\t\t                rows='20'\n\t\t\t\t\t\tdata-wp-text='state.getFieldValue'\n\t\t\t\t\t\tdata-wp-on--input='actions.onFieldChange'\n\t\t\t\t\t\tdata-wp-on--blur='actions.onFieldBlur'\n\t\t\t\t\t\tdata-wp-class--has-value='state.hasFieldValue'\n\t\t\t\t\t\tdata-wp-bind--aria-invalid='state.fieldHasErrors'\n\t\t\t\t\t\tdata-wp-on--keydown='actions.onKeyDownTextarea'\n\t\t\t\t\t\taria-errormessage='g1975-message-textarea-error-message'\n\t\t\t\t\t\tclass='textarea  grunion-field'  ><\/textarea>\n \n\t\t\t<div id=\"g1975-message-textarea-error\" class=\"contact-form__input-error\" data-wp-class--has-errors=\"state.fieldHasErrors\">\n\t\t\t\t<span class=\"contact-form__warning-icon\">\n\t\t\t\t\t<svg width=\"16\" height=\"16\" viewBox=\"0 0 16 16\" fill=\"none\" xmlns=\"http:\/\/www.w3.org\/2000\/svg\">\n\t\t\t\t\t\t<path d=\"M8.50015 11.6402H7.50015V10.6402H8.50015V11.6402Z\" \/>\n\t\t\t\t\t\t<path d=\"M7.50015 9.64018H8.50015V6.30684H7.50015V9.64018Z\" \/>\n\t\t\t\t\t\t<path fill-rule=\"evenodd\" clip-rule=\"evenodd\" d=\"M6.98331 3.0947C7.42933 2.30177 8.57096 2.30177 9.01698 3.09469L13.8771 11.7349C14.3145 12.5126 13.7525 13.4735 12.8602 13.4735H3.14004C2.24774 13.4735 1.68575 12.5126 2.12321 11.7349L6.98331 3.0947ZM8.14541 3.58496C8.08169 3.47168 7.9186 3.47168 7.85488 3.58496L2.99478 12.2251C2.93229 12.3362 3.01257 12.4735 3.14004 12.4735H12.8602C12.9877 12.4735 13.068 12.3362 13.0055 12.2251L8.14541 3.58496Z\" \/>\n\t\t\t\t\t<\/svg>\n\t\t\t\t\t<span class=\"visually-hidden\">Attention<\/span>\n\t\t\t\t<\/span>\n\t\t\t\t<span data-wp-text=\"state.errorMessage\" id=\"g1975-message-textarea-error-message\"><\/span>\n\t\t\t<\/div>\n\t<\/div>\n\t<p class='contact-submit'>\n<div class=\"contact-form__error\" data-wp-class--show-errors=\"state.showFormErrors\"><span class=\"contact-form__warning-icon\"><span class=\"visually-hidden\">Attention.<\/span><i aria-hidden=\"true\"><\/i><\/span>\n\t\t\t\t<span data-wp-text=\"state.getFormErrorMessage\"><\/span>\n\t\t\t\t<ul>\n\t\t\t\t<template data-wp-each=\"state.getErrorList\" data-wp-key=\"context.item.id\">\n\t\t\t\t\t<li><a data-wp-bind--href=\"context.item.anchor\" data-wp-on--click=\"actions.scrollIntoView\" data-wp-text=\"context.item.label\"><\/a><\/li>\n\t\t\t\t<\/template>\n\t\t\t\t<\/ul><\/div><div class=\"contact-form__error\" data-wp-class--show-errors=\"state.showSubmissionError\" data-wp-text=\"context.submissionError\"><\/div>\t\t<button type='submit' class='pushbutton-wide'>Envoyer<\/button>\t\t<input type='hidden' name='contact-form-id' value='1975' \/>\n\t\t<input type='hidden' name='action' value='grunion-contact-form' \/>\n\t\t<input type='hidden' name='contact-form-hash' value='2c7bdfd9358a15f6f3c5d20b7c13f03bcf62afbc' \/>\n\t<\/p>\n<p style=\"display: none !important;\" class=\"akismet-fields-container\" data-prefix=\"ak_\"><label>&#916;<textarea name=\"ak_hp_textarea\" cols=\"45\" rows=\"8\" maxlength=\"100\"><\/textarea><\/label><input type=\"hidden\" id=\"ak_js_1\" name=\"ak_js\" value=\"105\"\/><script>document.getElementById( \"ak_js_1\" ).setAttribute( \"value\", ( new Date() ).getTime() );<\/script><\/p><\/form>\n<\/div>\n","protected":false},"excerpt":{"rendered":"<p><strong>NB:<\/strong> Les documents mis \u00e0 disposition sur ce site sont des documents \u00e0 exploiter, autrement dit des compl\u00e9ments pour parfaire votre travail. Ils ne sont pas faits pour \u00eatre pr\u00e9sent\u00e9s \u00e0 l\u2019\u00e9tat.<\/p>\n<p><strong><u>PLAN<\/u><\/strong><\/p>\n<p><strong><u>INTRODUCTION<\/u><\/strong><\/p>\n<p>&nbsp;<\/p>\n<p><strong><u>I- PRESENTATION DU LIVRE<br \/>\n1-L\u2019AUTEUR<br \/>\na) BIOGRAPHIE<\/u><\/strong><\/p>\n<p><strong><u>b) BIBLIOGRAPHIE<br \/>\n2-LE ROMAN<br \/>\na)ETUDE DE L\u2019ENSEMBLE DE L\u2019\u0152UVRE<br \/>\n-COMPREHENSION DU TITRE DU LIVRE<br \/>\n-STRUCTURE DU LIVRE<br \/>\nb)RESUME DU LIVRE<br \/>\nc)EVOLUTION DE L\u2019INTRIGUE<br \/>\nII-ETUDE DES PERSONNAGES<br \/>\n1-PERSONNAGE PRINCIPAL<br \/>\n2-PERSONNAGES SECONDAIRES<br \/>\n3-AUTRES PERSONNAGES<br \/>\nIII-ETUDE THEMATIQUE<br \/>\n1-THEME PRINCIPAL<br \/>\n2-THEMES SECONDAIRES<br \/>\nIV-BILAN D\u2019ENSEMBLE<br \/>\nCONCLUSION<\/u><\/strong><\/p>\n<p>&nbsp;<\/p>\n<p><strong><u>PLAN<\/u><\/strong><\/p>\n<p><strong><u>INTRODUCTION<br \/>\n<\/u><\/strong><\/p>\n<p>Le roman de notre \u00e9tude est une \u0153uvre n\u00e9gro africaine et post coloniale \u00e9dit\u00e9e en 1979.Il relate l\u2019histoire d\u2019une gr\u00e8ve imaginaire de mendiants pour montrer leur importance dans la soci\u00e9t\u00e9.<\/p>\n<p>PRESENTATION DU LIVRE<\/p>\n<p>L\u2019AUTEUR<\/p>\n<p>BIOGRAPHIE<\/p>\n<p>Aminata Sow Fall est n\u00e9e en 1941 dans le nord du S\u00e9n\u00e9gal, pr\u00e9cis\u00e9ment a saint louis.Apr\u00e8s quelques ann\u00e9es pass\u00e9es au lyc\u00e9e Faidherbe, elle finit le cycle secondaire au lyc\u00e9e Van Vo de Dakar.Elle se rend ensuite en France ou elle pr\u00e9pare une licence de lettres modernes puis elle se marie en 1963.Auteur d\u2019une \u0153uvre importante, cette grande dame des lettres africaines s\u2019est \u00e9galement engag\u00e9e dans la modernisation culturelle de son pays, le S\u00e9n\u00e9gal.Directrice du centre africain d\u2019animation et d\u2019\u00e9change culturelle de Dakar depuis 1987, elle est aussi \u00e0 la t\u00eate des \u00e9ditions Khoudia.Elle est docteur honoris causa du Mount Holyode, coll\u00e8ge South Hadley, Massachusetts ainsi que d\u2019autres \u00e9tablissements universitaires.<\/p>\n<p>BIBLIOGRAPHIE<\/p>\n<p>En plus de \u00ab la gr\u00e8ve des Battu \u00bb Aminata Sow Fall est l\u2019auteur de plusieurs \u0153uvres telles que :<br \/>\n&#8211; festins de la d\u00e9tresse (\u00e9ditions d\u2019en bas 2005)<br \/>\n&#8211; sur le flanc gauche de Bel\u00e9m (actes sud, 2002)<br \/>\n&#8211; l\u2019odyss\u00e9e atlantique, coffrets 6 volumes (actes sud 2002 collectif)<br \/>\n&#8211; un grain de vie d\u2019esp\u00e9rance (fran\u00e7aise Tuffro)<br \/>\n&#8211; gr\u00e8ve des battu (serpent a plumes 2001)<br \/>\n&#8211; le jujubier du patriarche (\u00e9ditions Khoudia 1993)<br \/>\n&#8211; l\u2019appel des ar\u00e8nes (s\u00e9pia 1993)<\/p>\n<p>LE ROMAN<\/p>\n<p>\u00ab La gr\u00e8ve des battu \u00bb est une \u0153uvre D\u2019Aminata Sow Fall \u00e9dit\u00e9 par les nouvelles \u00e9ditions africaines en 1979.Ce roman comporte 131 pages divis\u00e9es en 14 parties.<\/p>\n<p>ETUDE DE L\u2019ENSEMBLE DE L\u2019\u0152UVRE<\/p>\n<p>COMPREHENSION DU TITRE DU LIVRE<\/p>\n<p>Dans le titre, \u00ab la gr\u00e8ve des battu \u00bb, nous avons le mot \u00ab battu \u00bb qui veut dire en Wolof (langue s\u00e9n\u00e9galaise) \u2018\u2019les calebasses\u2019\u2019 ; et&#8230;.<\/p>\n<p>Pour obtenir l&rsquo;expos\u00e9 complet contactez le +226 56196345 (WhatsApp).<\/p>\n","protected":false},"featured_media":831,"template":"","meta":{"jetpack_publicize_message":"","jetpack_publicize_feature_enabled":true,"jetpack_social_post_already_shared":false,"jetpack_social_options":{"image_generator_settings":{"template":"highway","default_image_id":0,"font":"","enabled":false},"version":2}},"product_brand":[],"product_cat":[598,547],"product_tag":[808,563,807],"class_list":{"0":"post-1975","1":"product","2":"type-product","3":"status-publish","4":"has-post-thumbnail","6":"product_cat-litterature","7":"product_cat-litterature-africaine","8":"product_tag-aminata-sow-fall","9":"product_tag-auteurs-africains","10":"product_tag-greve-des-battus","12":"first","13":"instock","14":"downloadable","15":"virtual","16":"sold-individually","17":"purchasable","18":"product-type-simple"},"aioseo_notices":[],"jetpack_publicize_connections":[],"jetpack-related-posts":[],"jetpack_sharing_enabled":true,"_links":{"self":[{"href":"https:\/\/karandoogo.com\/index.php\/wp-json\/wp\/v2\/product\/1975","targetHints":{"allow":["GET"]}}],"collection":[{"href":"https:\/\/karandoogo.com\/index.php\/wp-json\/wp\/v2\/product"}],"about":[{"href":"https:\/\/karandoogo.com\/index.php\/wp-json\/wp\/v2\/types\/product"}],"wp:featuredmedia":[{"embeddable":true,"href":"https:\/\/karandoogo.com\/index.php\/wp-json\/wp\/v2\/media\/831"}],"wp:attachment":[{"href":"https:\/\/karandoogo.com\/index.php\/wp-json\/wp\/v2\/media?parent=1975"}],"wp:term":[{"taxonomy":"product_brand","embeddable":true,"href":"https:\/\/karandoogo.com\/index.php\/wp-json\/wp\/v2\/product_brand?post=1975"},{"taxonomy":"product_cat","embeddable":true,"href":"https:\/\/karandoogo.com\/index.php\/wp-json\/wp\/v2\/product_cat?post=1975"},{"taxonomy":"product_tag","embeddable":true,"href":"https:\/\/karandoogo.com\/index.php\/wp-json\/wp\/v2\/product_tag?post=1975"}],"curies":[{"name":"wp","href":"https:\/\/api.w.org\/{rel}","templated":true}]}}