{"id":2002,"date":"2022-08-29T19:05:56","date_gmt":"2022-08-29T19:05:56","guid":{"rendered":"https:\/\/karandoogo.com\/?post_type=product&#038;p=2002"},"modified":"2025-10-19T13:48:53","modified_gmt":"2025-10-19T13:48:53","slug":"expose-complet-sur-rene-descartes-et-la-philosophie-cartesienne","status":"publish","type":"product","link":"https:\/\/karandoogo.com\/index.php\/produit\/expose-complet-sur-rene-descartes-et-la-philosophie-cartesienne\/","title":{"rendered":"EXPOS\u00c9 COMPLET SUR R\u00c9N\u00c9 DESCARTES ET LA PHILOSOPHIE CART\u00c9SIENNE"},"content":{"rendered":"","protected":false},"excerpt":{"rendered":"<p><strong>NB:<\/strong> Les documents mis \u00e0 disposition sur ce site sont des documents \u00e0 exploiter, autrement dit des compl\u00e9ments pour parfaire votre travail. Ils ne sont pas faits pour \u00eatre pr\u00e9sent\u00e9s \u00e0 l\u2019\u00e9tat.<\/p>\n<p><strong><u>INTRODUCTION<\/u><\/strong><\/p>\n<ol type=\"I\">\n<li><strong><u>BIOGRAPHIE ET BIBLIOGRAPHIE<\/u><\/strong><\/li>\n<li><strong><u>Biographie<\/u><\/strong><\/li>\n<li><strong><u>bibliographie<\/u><\/strong><\/li>\n<li><strong><u>PHILOSOPHIE CARTESIENNE<\/u><\/strong><\/li>\n<li><strong><u>M\u00e9thode cart\u00e9sienne<\/u><\/strong><\/li>\n<li><strong><u>la philosophie de la connaissance<\/u><\/strong><\/li>\n<li><strong><u>l\u2019id\u00e9e de dieux selon Descartes<\/u><\/strong><\/li>\n<li><strong><u>la nature de la v\u00e9rit\u00e9 cart\u00e9sienne<\/u><\/strong><\/li>\n<\/ol>\n<p><strong><u>CONCLUSION<\/u><\/strong><\/p>\n<p><strong><u>INTRODUCTION<\/u><\/strong><\/p>\n<p>Il est consid\u00e9r\u00e9 comme l\u2019un des fondateurs de la philosophie moderne. Il reste c\u00e9l\u00e8bre pour avoir exprim\u00e9 dans son Discours de la m\u00e9thode le cogiton\u00a0 \u2014 \u00ab Je pense, donc je suis \u00bb \u2014 fondant ainsi le syst\u00e8me des sciences sur le sujet connaissant face au monde qu\u2019il se repr\u00e9sente. En physique, il a apport\u00e9 une contribution \u00e0 l\u2019optique et est consid\u00e9r\u00e9 comme l\u2019un des fondateurs du m\u00e9canisme. En math\u00e9matiques, il est \u00e0 l\u2019origine de la g\u00e9om\u00e9trie analytique. Certaines de ses th\u00e9ories ont par la suite \u00e9t\u00e9 contest\u00e9es (th\u00e9orie de l\u2019animal-machine) ou abandonn\u00e9es (th\u00e9orie des tourbillons ou des esprits animaux). Sa pens\u00e9e a pu \u00eatre rapproch\u00e9e de la peinture de Nicolas Poussin pour son caract\u00e8re clair et ordonn\u00e9, rapprochement qui semble contradictoire. \u00a0Vous l\u2019aurez certainement d\u00e9cid\u00e9 nous parlons de l\u2019auguste philosophe R\u00e9n\u00e9 Descartes. Au cours de cet expos\u00e9 nous parlerons plus en d\u00e9tail de sa vie et de son \u0153uvre.<\/p>\n<ol type=\"I\">\n<li><strong><u>BIOGRAPHIE ET BIBLIOGRAPHIE<\/u><\/strong><\/li>\n<li><strong><u>Biographie<\/u><\/strong><\/li>\n<\/ol>\n<p>N\u00e9 dans une famille de la petite noblesse, il est le troisi\u00e8me enfant de Joachim Descartes (Ch\u00e2tellerault, d\u00e9cembre 1563 \u2013 Suc\u00e9-sur-Erdre, 17 octobre 164010), conseiller au parlement de Bretagne \u00e0 Rennesn , et de Jeanne Brochard (n\u00e9e probablement \u00e0 La Haye-en-Touraine, aujourd\u2019hui Descartes (Indre-et-Loire) vers 1566, morte au m\u00eame endroit). Il na\u00eet \u00e0 La Haye chez ses grands-parents maternels, o\u00f9 sa m\u00e8re effectua tous ses accouchements, son p\u00e8re \u00e9tant de service \u00e0 Rennes au moment de sa naissance.<\/p>\n<p>Il apprend \u00e0 lire et \u00e0 \u00e9crire chez sa grand-m\u00e8re gr\u00e2ce \u00e0 un pr\u00e9cepteur (avec sa s\u0153ur a\u00een\u00e9e Jeanne). \u00c0 onze ans (tardivement, \u00e9tant consid\u00e9r\u00e9 comme fragile), il entre au Coll\u00e8ge royal Henri-le-Grand de La Fl\u00e8che, ouvert en 1604, o\u00f9 enseignent les J\u00e9suites dont le P\u00e8re Fran\u00e7ois Fournet, docteur en philosophie issu de l\u2019Universit\u00e9 de Douai et le p\u00e8re Jean Fran\u00e7ois, qui l\u2019initiera aux math\u00e9matiques pendant un an. Il y reste jusqu\u2019en 1614. Il y a droit \u00e0 un traitement de faveur, sans cours le matin en raison de sa sant\u00e9 fragile, et de ses dons intellectuels pr\u00e9coces. Il y apprend la physique et la philosophie scolastique et \u00e9tudie avec int\u00e9r\u00eat les math\u00e9matiques ; il ne cesse de r\u00e9p\u00e9ter, en particulier dans son Discours de la m\u00e9thode, combien ces \u00e9tudes lui paraissent incoh\u00e9rentes et fort impropres \u00e0 la bonne conduite de la raison. De cette p\u00e9riode, nous ne conservons qu\u2019une lettre d\u2019authenticit\u00e9 douteuse (peut-\u00eatre est-elle de l\u2019un de ses fr\u00e8res), lettre que Descartes aurait \u00e9crite \u00e0 sa grand-m\u00e8re. En novembre 1616, il obtient son baccalaur\u00e9at et sa licence en droit civil et\u2026<\/p>\n<p>Pour obtenir l&rsquo;expos\u00e9 complet contactez le +226 56196345 (WhatsApp).<\/p>\n","protected":false},"featured_media":831,"template":"","meta":{"jetpack_publicize_message":"","jetpack_publicize_feature_enabled":true,"jetpack_social_post_already_shared":false,"jetpack_social_options":{"image_generator_settings":{"template":"highway","default_image_id":0,"font":"","enabled":false},"version":2}},"product_brand":[],"product_cat":[613],"product_tag":[810,809],"class_list":{"0":"post-2002","1":"product","2":"type-product","3":"status-publish","4":"has-post-thumbnail","6":"product_cat-philosophie","7":"product_tag-philosophie-cartesienne","8":"product_tag-rene-descartes","10":"first","11":"instock","12":"downloadable","13":"virtual","14":"sold-individually","15":"purchasable","16":"product-type-simple"},"aioseo_notices":[],"jetpack_publicize_connections":[],"jetpack-related-posts":[],"jetpack_sharing_enabled":true,"_links":{"self":[{"href":"https:\/\/karandoogo.com\/index.php\/wp-json\/wp\/v2\/product\/2002","targetHints":{"allow":["GET"]}}],"collection":[{"href":"https:\/\/karandoogo.com\/index.php\/wp-json\/wp\/v2\/product"}],"about":[{"href":"https:\/\/karandoogo.com\/index.php\/wp-json\/wp\/v2\/types\/product"}],"wp:featuredmedia":[{"embeddable":true,"href":"https:\/\/karandoogo.com\/index.php\/wp-json\/wp\/v2\/media\/831"}],"wp:attachment":[{"href":"https:\/\/karandoogo.com\/index.php\/wp-json\/wp\/v2\/media?parent=2002"}],"wp:term":[{"taxonomy":"product_brand","embeddable":true,"href":"https:\/\/karandoogo.com\/index.php\/wp-json\/wp\/v2\/product_brand?post=2002"},{"taxonomy":"product_cat","embeddable":true,"href":"https:\/\/karandoogo.com\/index.php\/wp-json\/wp\/v2\/product_cat?post=2002"},{"taxonomy":"product_tag","embeddable":true,"href":"https:\/\/karandoogo.com\/index.php\/wp-json\/wp\/v2\/product_tag?post=2002"}],"curies":[{"name":"wp","href":"https:\/\/api.w.org\/{rel}","templated":true}]}}