{"id":2014,"date":"2022-08-29T19:31:39","date_gmt":"2022-08-29T19:31:39","guid":{"rendered":"https:\/\/karandoogo.com\/?post_type=product&#038;p=2014"},"modified":"2025-10-19T13:48:52","modified_gmt":"2025-10-19T13:48:52","slug":"expose-complet-sur-aristote-vie-et-philosophie","status":"publish","type":"product","link":"https:\/\/karandoogo.com\/index.php\/produit\/expose-complet-sur-aristote-vie-et-philosophie\/","title":{"rendered":"Expos\u00e9 complet sur Aristote (vie et philosophie)"},"content":{"rendered":"","protected":false},"excerpt":{"rendered":"<p><strong>NB:<\/strong> Les documents mis \u00e0 disposition sur ce site sont des documents \u00e0 exploiter, autrement dit des compl\u00e9ments pour parfaire votre travail. Ils ne sont pas faits pour \u00eatre pr\u00e9sent\u00e9s \u00e0 l\u2019\u00e9tat.<\/p>\n<p><strong><u>INTRODUCTION<\/u><\/strong><\/p>\n<ol type=\"I\">\n<li><strong><u>BIOGRAPHIES<\/u><\/strong><\/li>\n<li><strong><u>BIBLIOGRAPHIE<\/u><\/strong><\/li>\n<li><strong><u>PHILOSOPHIE<\/u><\/strong><\/li>\n<\/ol>\n<p><strong><u>CONCLUSION<\/u><\/strong><\/p>\n<p><strong><u>INTRODUCTION<\/u><\/strong><\/p>\n<p>Il est appel\u00e9 le \u00ab Prince des philosophes \u00bb et demeure l\u2019une des grandes figures de la philosophie grecque, avec Platon dont il fut l\u2019\u00e9l\u00e8ve.<\/p>\n<p>D\u2019une intelligence encyclop\u00e9dique, son \u0153uvre influencera toute la pens\u00e9e occidentale, mais aussi le monde arabo-islamique ainsi que la vision thomiste.<\/p>\n<p>On se consacrera ici, en marge de ses \u00e9tudes sur la physique et les sciences naturelles, \u00e0 ses trait\u00e9s de morale (Ethique \u00e0 Nicomaque ; Ethique \u00e0 Eud\u00e8me), de politique et d\u2019\u00e9conomie (La Politique principalement).<\/p>\n<ol type=\"I\">\n<li><strong><u>BIOGRAPHIE<\/u><\/strong><\/li>\n<\/ol>\n<p>384\u00a0avant J.-C : naissance d\u2019<strong>Aristote<\/strong>, fils du m\u00e9decin\u00a0<strong>Nicomaque<\/strong>, en\u00a0<strong>Mac\u00e9doine<\/strong>\u00a0(situ\u00e9e au nord-ouest de la Gr\u00e8ce et de la mer Eg\u00e9e).<\/p>\n<p>\u2013 367 \u00e0 347: il suit l\u2019enseignement de\u00a0<a href=\"http:\/\/classes.bnf.fr\/dossitsm\/b-platon.htm\"><strong>Platon<\/strong><\/a>\u00a0\u00e0 l\u2019<strong>Acad\u00e9mie d\u2019Ath\u00e8nes<\/strong>. \u00c0 la mort de son ma\u00eetre,\u00a0<strong>Aristote<\/strong>\u00a0s\u2019\u00e9loigne d\u2019Ath\u00e8nes et fonde une \u00e9cole \u00e0\u00a0<strong>Assos<\/strong>. Il rencontre\u00a0<strong>Th\u00e9ophraste<\/strong>\u00a0et se lie d\u2019amiti\u00e9 avec le naturaliste qui travaillera plus de vingt ans \u00e0 ses c\u00f4t\u00e9s.<\/p>\n<p>\u2013 342\u00a0:\u00a0<strong>Philippe<\/strong>, roi de Mac\u00e9doine, le fait venir \u00e0\u00a0<strong>Pella<\/strong>\u00a0pour \u00eatre pr\u00e9cepteur de son fils\u00a0<strong>Alexandre<\/strong>. \u2013 335 :\u00a0<strong>Alexandre le Grand\u00a0<\/strong>acc\u00e8de au tr\u00f4ne ;\u00a0<strong>Aristote<\/strong>\u00a0revient \u00e0\u00a0<strong>Ath\u00e8nes\u00a0<\/strong>et y fonde le\u00a0<strong>Lyc\u00e9e<\/strong>. Il y enseigne en marchant\u2026<\/p>\n<p>Pour obtenir l&rsquo;expos\u00e9 complet contactez le +226 56196345 (WhatsApp).<\/p>\n","protected":false},"featured_media":831,"template":"","meta":{"jetpack_publicize_message":"","jetpack_publicize_feature_enabled":true,"jetpack_social_post_already_shared":false,"jetpack_social_options":{"image_generator_settings":{"template":"highway","default_image_id":0,"font":"","enabled":false},"version":2}},"product_brand":[],"product_cat":[608,598,613],"product_tag":[817,796],"class_list":{"0":"post-2014","1":"product","2":"type-product","3":"status-publish","4":"has-post-thumbnail","6":"product_cat-histoire","7":"product_cat-litterature","8":"product_cat-philosophie","9":"product_tag-aristote","10":"product_tag-vie-et-philosophie","12":"first","13":"instock","14":"downloadable","15":"virtual","16":"sold-individually","17":"purchasable","18":"product-type-simple"},"aioseo_notices":[],"jetpack_publicize_connections":[],"jetpack-related-posts":[],"jetpack_sharing_enabled":true,"_links":{"self":[{"href":"https:\/\/karandoogo.com\/index.php\/wp-json\/wp\/v2\/product\/2014","targetHints":{"allow":["GET"]}}],"collection":[{"href":"https:\/\/karandoogo.com\/index.php\/wp-json\/wp\/v2\/product"}],"about":[{"href":"https:\/\/karandoogo.com\/index.php\/wp-json\/wp\/v2\/types\/product"}],"wp:featuredmedia":[{"embeddable":true,"href":"https:\/\/karandoogo.com\/index.php\/wp-json\/wp\/v2\/media\/831"}],"wp:attachment":[{"href":"https:\/\/karandoogo.com\/index.php\/wp-json\/wp\/v2\/media?parent=2014"}],"wp:term":[{"taxonomy":"product_brand","embeddable":true,"href":"https:\/\/karandoogo.com\/index.php\/wp-json\/wp\/v2\/product_brand?post=2014"},{"taxonomy":"product_cat","embeddable":true,"href":"https:\/\/karandoogo.com\/index.php\/wp-json\/wp\/v2\/product_cat?post=2014"},{"taxonomy":"product_tag","embeddable":true,"href":"https:\/\/karandoogo.com\/index.php\/wp-json\/wp\/v2\/product_tag?post=2014"}],"curies":[{"name":"wp","href":"https:\/\/api.w.org\/{rel}","templated":true}]}}