{"id":2016,"date":"2022-08-29T19:42:58","date_gmt":"2022-08-29T19:42:58","guid":{"rendered":"https:\/\/karandoogo.com\/?post_type=product&#038;p=2016"},"modified":"2025-10-19T13:48:52","modified_gmt":"2025-10-19T13:48:52","slug":"expose-complet-sur-les-contraintes-naturelles-et-les-politiques-de-developpement-de-lafrique","status":"publish","type":"product","link":"https:\/\/karandoogo.com\/index.php\/produit\/expose-complet-sur-les-contraintes-naturelles-et-les-politiques-de-developpement-de-lafrique\/","title":{"rendered":"EXPOS\u00c9 COMPLET SUR LES CONTRAINTES NATURELLES ET LES POLITIQUES DE DEVELOPPEMENT DE L\u2019AFRIQUE"},"content":{"rendered":"","protected":false},"excerpt":{"rendered":"<p><strong>NB:<\/strong> Les documents mis \u00e0 disposition sur ce site sont des documents \u00e0 exploiter, autrement dit des compl\u00e9ments pour parfaire votre travail. Ils ne sont pas faits pour \u00eatre pr\u00e9sent\u00e9s \u00e0 l\u2019\u00e9tat.<\/p>\n<p><strong><u>INTRODUCTION<\/u><\/strong><\/p>\n<ol type=\"I\">\n<li><strong><u>ASPECT PHYSIQUE<\/u><\/strong><\/li>\n<li><strong><u>Relief<\/u><\/strong><\/li>\n<li><strong><u>Climat et v\u00e9g\u00e9tation<\/u><\/strong><\/li>\n<li><strong><u>Sols<\/u><\/strong><\/li>\n<li><strong><u>Hydrographie<\/u><\/strong><\/li>\n<li><strong><u>ATOUTS ET CONTRAINTES EN MILIEU PHYSIQUE<\/u><\/strong><\/li>\n<li><strong><u>Atouts<\/u><\/strong><\/li>\n<li><strong><u>Contraintes<\/u><\/strong><\/li>\n<li><strong><u>POLITIQUES DE DEVELOPPEMENT ET PERSPECTIVES<\/u><\/strong><\/li>\n<li><strong><u>Politiques de d\u00e9veloppement<\/u><\/strong><\/li>\n<li><strong><u>Perspectives<\/u><\/strong><\/li>\n<\/ol>\n<p><strong><u>CONCLUSION<\/u><\/strong><\/p>\n<p><strong><u>INTRODUCTION<\/u><\/strong><\/p>\n<ol type=\"I\">\n<li><strong><u>Aspect Physique<\/u><\/strong><\/li>\n<li><strong><u>Relief<\/u><\/strong><\/li>\n<\/ol>\n<p>L\u2019Afrique est un continent qui couvre 6 % de la surface de la Terre et 20 % de la surface des terres \u00e9merg\u00e9es. Sa superficie est de 30 415 873 km\u00b2 avec les \u00eeles, ce qui en fait la troisi\u00e8me mondiale si l\u2019on compte l\u2019Am\u00e9rique comme un seul continent. L\u2019Afrique contient des plateaux monotones qui s\u2019\u00e9tendent sur de vastes tables ras\u00e9s ou aplanies par l\u2019\u00e9rosion, parfois ils subsistent des portions des roches plus dures, c\u2019est surtout des restants d\u2019anciens massifs volcaniques et alternant parfois avec les cuvettes int\u00e9rieures au nord; Hoggar : au sud de l\u2019Alg\u00e9rie. Les plateaux du nord-est compris entre 500 et 800m d\u2019altitude occupent la vaste r\u00e9gion allant des monts de cristal \u00e0 la province de l\u2019Ogoou\u00e9 Ivindo. A l\u2019extr\u00eame sud- est du pays s\u2019\u00e9tendent les vastes \u00e9tendues sablonneuses des plateaux Bat\u00e9k\u00e9.<\/p>\n<ul>\n<li><strong><u>Climat et v\u00e9g\u00e9tation<\/u><\/strong><\/li>\n<\/ul>\n<p>Travers\u00e9e presque en son milieu par l\u2019\u00e9quateur et comprise pour une majeure partie entre les deux tropiques, l\u2019Afrique est un continent chaud, avec une temp\u00e9rature moyenne sup\u00e9rieure \u00e0 21 \u00b0C neuf mois sur douze ; l\u2019intensit\u00e9 du rayonnement solaire y est constamment forte. Les climats et la v\u00e9g\u00e9tation qui leur correspond se d\u00e9finissent en fonction des variations pluviom\u00e9triques plut\u00f4t que thermiques.<\/p>\n<p>La pluviom\u00e9trie est essentiellement d\u00e9pendante des mouvements atmosph\u00e9riques se produisant dans la zone de convergence intertropicale (ZCIT). Il s\u2019agit, dans une zone comprise entre les tropiques et l\u2019\u00e9quateur, du mouvement ascendant d\u2019un air humide apport\u00e9 par les aliz\u00e9s. La mont\u00e9e en altitude rafra\u00eechit l\u2019air et l\u2019humidit\u00e9 est rel\u00e2ch\u00e9e sous forme de pr\u00e9cipitations \u00e0 hauteur de l\u2019\u00e9quateur, ce qui d\u00e9termine des climats humides, climat \u00e9quatorial au plus pr\u00e8s de l\u2019\u00e9quateur et climat tropical de part et d\u2019autre. L\u2019air ass\u00e9ch\u00e9 converge ensuite vers les tropiques nord et sud, ce qui cr\u00e9e un climat aride \u00e0 ces endroits, aux alentours des 20e parall\u00e8les nord et sud. Cela correspond au Sahara au nord, et au Kalahari au sud. Les d\u00e9serts et les plaines arides pr\u00e9valent \u00e9galement dans la corne de l\u2019Afrique.<\/p>\n<ul>\n<li><strong><u>Sols<\/u><\/strong><\/li>\n<\/ul>\n<p>Du point de vue g\u00e9ologique, on d\u00e9signe sous le terme de bouclier africain ou, simplement, d\u2019Afrique l\u2019ensemble form\u00e9 par le continent africain, la p\u00e9ninsule arabique et l\u2019\u00eele de Madagascar. En effet, ces deux derniers \u00e9l\u00e9ments n\u2019ont \u00e9t\u00e9 s\u00e9par\u00e9s du premier que par l\u2019ouverture plus ou moins ancienne de la mer Rouge, au nord, et du canal de Mozambique, au sud. Ainsi d\u00e9finie, l\u2019Afrique occupe une position \u00e0 part parmi les continents. Il s\u2019agit, pour l\u2019essentiel, d\u2019un immense craton stabilis\u00e9 \u00e0 la fin des temps pr\u00e9cambriens, vers 600 millions d\u2019ann\u00e9es. Ce craton n\u2019a \u00e9t\u00e9 que faiblement repris au cours des temps cal\u00e9dono-hercyniens sur ses marges nord (Hercynides du Maroc) et\u2026<\/p>\n<p>Pour obtenir l&rsquo;expos\u00e9 complet contactez le +226 56196345 (WhatsApp).<\/p>\n","protected":false},"featured_media":831,"template":"","meta":{"jetpack_publicize_message":"","jetpack_publicize_feature_enabled":true,"jetpack_social_post_already_shared":false,"jetpack_social_options":{"image_generator_settings":{"template":"highway","default_image_id":0,"font":"","enabled":false},"version":2}},"product_brand":[],"product_cat":[789,714,546],"product_tag":[610,819,820],"class_list":{"0":"post-2016","1":"product","2":"type-product","3":"status-publish","4":"has-post-thumbnail","6":"product_cat-environnement","7":"product_cat-politique","8":"product_cat-societe","9":"product_tag-afrique","10":"product_tag-contraintes-naturelles","11":"product_tag-developpement","13":"first","14":"instock","15":"downloadable","16":"virtual","17":"sold-individually","18":"purchasable","19":"product-type-simple"},"aioseo_notices":[],"jetpack_publicize_connections":[],"jetpack-related-posts":[],"jetpack_sharing_enabled":true,"_links":{"self":[{"href":"https:\/\/karandoogo.com\/index.php\/wp-json\/wp\/v2\/product\/2016","targetHints":{"allow":["GET"]}}],"collection":[{"href":"https:\/\/karandoogo.com\/index.php\/wp-json\/wp\/v2\/product"}],"about":[{"href":"https:\/\/karandoogo.com\/index.php\/wp-json\/wp\/v2\/types\/product"}],"wp:featuredmedia":[{"embeddable":true,"href":"https:\/\/karandoogo.com\/index.php\/wp-json\/wp\/v2\/media\/831"}],"wp:attachment":[{"href":"https:\/\/karandoogo.com\/index.php\/wp-json\/wp\/v2\/media?parent=2016"}],"wp:term":[{"taxonomy":"product_brand","embeddable":true,"href":"https:\/\/karandoogo.com\/index.php\/wp-json\/wp\/v2\/product_brand?post=2016"},{"taxonomy":"product_cat","embeddable":true,"href":"https:\/\/karandoogo.com\/index.php\/wp-json\/wp\/v2\/product_cat?post=2016"},{"taxonomy":"product_tag","embeddable":true,"href":"https:\/\/karandoogo.com\/index.php\/wp-json\/wp\/v2\/product_tag?post=2016"}],"curies":[{"name":"wp","href":"https:\/\/api.w.org\/{rel}","templated":true}]}}