{"id":2065,"date":"2022-08-30T15:36:26","date_gmt":"2022-08-30T15:36:26","guid":{"rendered":"https:\/\/karandoogo.com\/?post_type=product&#038;p=2065"},"modified":"2025-10-19T13:46:22","modified_gmt":"2025-10-19T13:46:22","slug":"expose-complet-sur-la-vie-et-la-philosophie-de-saint-augustin","status":"publish","type":"product","link":"https:\/\/karandoogo.com\/index.php\/produit\/expose-complet-sur-la-vie-et-la-philosophie-de-saint-augustin\/","title":{"rendered":"Expose complet sur la vie et la philosophie de Saint AUGUSTIN"},"content":{"rendered":"","protected":false},"excerpt":{"rendered":"<p><strong>NB:<\/strong> Les documents mis \u00e0 disposition sur ce site sont des documents \u00e0 exploiter, autrement dit des compl\u00e9ments pour parfaire votre travail. Ils ne sont pas faits pour \u00eatre pr\u00e9sent\u00e9s \u00e0 l\u2019\u00e9tat.<\/p>\n<p><strong>PLAN<\/strong><\/p>\n<p>Introduction<\/p>\n<p>I-Biographie de l\u2019auteur<\/p>\n<p>II-Bibliographie de l\u2019auteur<\/p>\n<p>III-La philosophie de l\u2019auteur<\/p>\n<p>Quelques citations<\/p>\n<p>IV-Les auteurs qui l\u2019ont influenc\u00e9<\/p>\n<p>V-Les auteurs qu\u2019il a influenc\u00e9s<\/p>\n<p>VI- Les \u0153uvres les plus c\u00e9l\u00e8bres<\/p>\n<p>Conclusion<\/p>\n<p><strong><u>Introduction<\/u><\/strong><\/p>\n<p><strong>Saint AUGUSTIN\u00a0<\/strong>(354-430 av JC) est un philosophe penseur exigeant dans tous les sens du terme. Homme cl\u00e9 de l\u2019\u00e9mergence du moi en occident, il a \u00e9galement jou\u00e9 un r\u00f4le de premier plan dans l\u2019\u00e9volution de la notion de Justice. Etant le p\u00e8re de l\u2019\u00e9glise Augustin \u00e9tait un de foi et v\u00e9rit\u00e9 et ce qui faisait lui charismatique.Quels sont les id\u00e9ologies lui ont-elles valu cette popularit\u00e9\u00a0?<\/p>\n<p><strong>I \u2013\u00a0<u>Biographie de saint Augustin<\/u><\/strong><\/p>\n<p>Saint Augustin Hipone na\u00eet le 13 novembre 354 \u00e0 Thagaste en Numidie (aujourd\u2019hui Souk Ahras en Alg\u00e9rie). C\u2019est un romain d\u2019Afrique, issu d\u2019une famille assez modeste : son p\u00e8re, Patricius, est un petit propri\u00e9taire foncier. L\u2019\u00e9ducation \u00e0 donner au jeune Augustin cause de la tension entre les parents car le p\u00e8re reste attach\u00e9 \u00e0 la religion du paganisme romain alors que sa m\u00e8re, Monique, est une fervente chr\u00e9tienne (l\u2019Eglise la fera Sainte Monique). Augustin sera \u00e9lev\u00e9 dans la religion maternelle. Augustin re\u00e7oit une formation intellectuelle solide et envisage un temps de devenir avocat mais, en r\u00e9alit\u00e9, devient professeur dans sa ville natale, puis \u00e0 Carthage, o\u00f9 il fonde une \u00e9cole de rh\u00e9torique, et enfin \u00e0 Rome et Milan. Pendant cette p\u00e9riode, au d\u00e9sespoir de sa m\u00e8re, il s\u2019\u00e9loigne de la religion de son enfance, menant une vie intense, une vie de d\u00e9bauche, dira-t-il dans les Confessions, une vie tourment\u00e9e, divis\u00e9e entre son amour pour la femme avec laquelle il est li\u00e9 depuis l\u2019\u00e2ge de 17 ans (et dont il a, en 372, un fils, Ad\u00e9odat), sa passion pour la litt\u00e9rature et le th\u00e9\u00e2tre et ses inqui\u00e9tudes m\u00e9taphysiques. Il d\u00e9couvre la philosophie vers 15 ans, en lisant Cic\u00e9ron, mais c\u2019est d\u2019abord au manich\u00e9isme qu\u2019il se convertit. Cette religion conna\u00eet \u00e0 cette \u00e9poque une grande expansion. Elle enseigne une vision dualiste et tragique du monde (le conflit entre le Bien et le Mal) et pr\u00e9conise une morale asc\u00e9tique par laquelle l\u2019\u00e2me ferait son salut en s\u2019arrachant au monde mauvais. Augustin, d\u00e9chir\u00e9 par ses conflits internes, est s\u00e9duit par cette doctrine et y adh\u00e8re pendant 9 ans. A son arriv\u00e9e \u00e0 Milan, il s\u2019\u00e9loigne d\u00e9j\u00e0 du manich\u00e9isme. Il subit alors l\u2019influence du grand th\u00e9ologien chr\u00e9tien Ambroise (plus tard Saint Ambroise) qui lui fait d\u00e9couvrir le n\u00e9o-platonisme. Il se tourne alors vers le christianisme, mais cette adh\u00e9sion intellectuelle n\u2019est pas encore d\u00e9cisive. C\u2019est dans un jardin de Milan que lui vient-la r\u00e9v\u00e9lation. Il entend une voix qu\u2019il\u2026<\/p>\n<p>Pour obtenir l&rsquo;expos\u00e9 complet contactez le +226 56196345 (WhatsApp).<\/p>\n","protected":false},"featured_media":831,"template":"","meta":{"jetpack_publicize_message":"","jetpack_publicize_feature_enabled":true,"jetpack_social_post_already_shared":false,"jetpack_social_options":{"image_generator_settings":{"template":"highway","default_image_id":0,"font":"","enabled":false},"version":2}},"product_brand":[],"product_cat":[598,613],"product_tag":[825],"class_list":{"0":"post-2065","1":"product","2":"type-product","3":"status-publish","4":"has-post-thumbnail","6":"product_cat-litterature","7":"product_cat-philosophie","8":"product_tag-saint-augustin","10":"first","11":"instock","12":"downloadable","13":"virtual","14":"sold-individually","15":"purchasable","16":"product-type-simple"},"aioseo_notices":[],"jetpack_publicize_connections":[],"jetpack-related-posts":[],"jetpack_sharing_enabled":true,"_links":{"self":[{"href":"https:\/\/karandoogo.com\/index.php\/wp-json\/wp\/v2\/product\/2065","targetHints":{"allow":["GET"]}}],"collection":[{"href":"https:\/\/karandoogo.com\/index.php\/wp-json\/wp\/v2\/product"}],"about":[{"href":"https:\/\/karandoogo.com\/index.php\/wp-json\/wp\/v2\/types\/product"}],"wp:featuredmedia":[{"embeddable":true,"href":"https:\/\/karandoogo.com\/index.php\/wp-json\/wp\/v2\/media\/831"}],"wp:attachment":[{"href":"https:\/\/karandoogo.com\/index.php\/wp-json\/wp\/v2\/media?parent=2065"}],"wp:term":[{"taxonomy":"product_brand","embeddable":true,"href":"https:\/\/karandoogo.com\/index.php\/wp-json\/wp\/v2\/product_brand?post=2065"},{"taxonomy":"product_cat","embeddable":true,"href":"https:\/\/karandoogo.com\/index.php\/wp-json\/wp\/v2\/product_cat?post=2065"},{"taxonomy":"product_tag","embeddable":true,"href":"https:\/\/karandoogo.com\/index.php\/wp-json\/wp\/v2\/product_tag?post=2065"}],"curies":[{"name":"wp","href":"https:\/\/api.w.org\/{rel}","templated":true}]}}