{"id":2072,"date":"2022-08-30T16:00:43","date_gmt":"2022-08-30T16:00:43","guid":{"rendered":"https:\/\/karandoogo.com\/?post_type=product&#038;p=2072"},"modified":"2025-10-19T13:46:21","modified_gmt":"2025-10-19T13:46:21","slug":"expose-complet-sur-la-vie-et-la-philosophie-de-frantz-fanon","status":"publish","type":"product","link":"https:\/\/karandoogo.com\/index.php\/produit\/expose-complet-sur-la-vie-et-la-philosophie-de-frantz-fanon\/","title":{"rendered":"Expos\u00e9 complet sur la vie et la philosophie de Frantz Fanon"},"content":{"rendered":"","protected":false},"excerpt":{"rendered":"<p><strong>NB:<\/strong> Les documents mis \u00e0 disposition sur ce site sont des documents \u00e0 exploiter, autrement dit des compl\u00e9ments pour parfaire votre travail. Ils ne sont pas faits pour \u00eatre pr\u00e9sent\u00e9s \u00e0 l\u2019\u00e9tat.<\/p>\n<p><strong><u>PLAN<\/u><\/strong><\/p>\n<p><strong><u>INTRODUCTION<\/u><\/strong><\/p>\n<ol type=\"I\">\n<li><strong><u>BIOGRAPHIE DE FRANTZ FANON<\/u><\/strong><\/li>\n<li><strong><u>BIBLIOGRAPHIE DE FRANTZ FANON<\/u><\/strong><\/li>\n<li><strong><u>PHILOSOPHIE DE FRANTZ FANON<\/u><\/strong><\/li>\n<li><strong><u>L\u2019ali\u00e9nation culturelle<\/u><\/strong><\/li>\n<li><strong><u>L\u2019ali\u00e9nation mentale<\/u><\/strong><\/li>\n<li><strong><u>L\u2019ali\u00e9nation coloniale<\/u><\/strong><\/li>\n<\/ol>\n<p><strong><u>CONCLUSION<\/u><\/strong><\/p>\n<p><strong><u>INTRODUCTION<\/u><\/strong><\/p>\n<p>Ibrahim Frantz Fanon, n\u00e9\u00a0Frantz Fanon\u00a0le\u00a0<a href=\"https:\/\/fr.wikipedia.org\/wiki\/20_juillet\">20<\/a>\u00a0<a href=\"https:\/\/fr.wikipedia.org\/wiki\/Juillet_1925\">juillet<\/a>\u00a0<a href=\"https:\/\/fr.wikipedia.org\/wiki\/1925\">1925<\/a>\u00a0\u00e0\u00a0<a href=\"https:\/\/fr.wikipedia.org\/wiki\/Fort-de-France\">Fort-de-France<\/a>\u00a0(<a href=\"https:\/\/fr.wikipedia.org\/wiki\/Martinique\">Martinique<\/a>) et mort le\u00a0<a href=\"https:\/\/fr.wikipedia.org\/wiki\/6_d%C3%A9cembre\">6<\/a>\u00a0<a href=\"https:\/\/fr.wikipedia.org\/wiki\/D%C3%A9cembre_1961\">d\u00e9cembre<\/a>\u00a0<a href=\"https:\/\/fr.wikipedia.org\/wiki\/1961\">1961<\/a>\u00a0\u00e0\u00a0<a href=\"https:\/\/fr.wikipedia.org\/wiki\/Bethesda_(Maryland)\">Bethesda<\/a>\u00a0dans un h\u00f4pital militaire de la banlieue de\u00a0<a href=\"https:\/\/fr.wikipedia.org\/wiki\/Washington_(district_de_Columbia)\">Washington<\/a>\u00a0aux\u00a0<a href=\"https:\/\/fr.wikipedia.org\/wiki\/%C3%89tats-Unis\">\u00c9tats-Unis<\/a><a href=\"https:\/\/fr.wikipedia.org\/wiki\/Frantz_Fanon#cite_note-1\">1<\/a>, est un\u00a0<a href=\"https:\/\/fr.wikipedia.org\/wiki\/Psychiatre\">psychiatre<\/a>\u00a0et\u00a0<a href=\"https:\/\/fr.wikipedia.org\/wiki\/Essai\">essayiste<\/a>\u00a0de nationalit\u00e9\u00a0<a href=\"https:\/\/fr.wikipedia.org\/wiki\/France\">fran\u00e7aise<\/a>\u00a0se consid\u00e9rant comme citoyen\u00a0<a href=\"https:\/\/fr.wikipedia.org\/wiki\/Alg%C3%A9riens\">alg\u00e9rien<\/a><a href=\"https:\/\/fr.wikipedia.org\/wiki\/Frantz_Fanon#cite_note-:1-2\">2<\/a>, fortement impliqu\u00e9 dans la lutte pour l\u2019ind\u00e9pendance de l\u2019<a href=\"https:\/\/fr.wikipedia.org\/wiki\/Alg%C3%A9rie\">Alg\u00e9rie<\/a>\u00a0et dans un combat international dressant une solidarit\u00e9 entre \u00ab\u00a0fr\u00e8res\u00a0\u00bb opprim\u00e9s.<\/p>\n<p>Il est l\u2019un des fondateurs du courant de pens\u00e9e\u00a0<a href=\"https:\/\/fr.wikipedia.org\/wiki\/Tiers-mondisme\">tiers-mondiste<\/a>, et une figure majeure de l\u2019<a href=\"https:\/\/fr.wikipedia.org\/wiki\/Anticolonialisme\">anticolonialisme<\/a>. Il a inspir\u00e9 les\u00a0<a href=\"https:\/\/fr.wikipedia.org\/wiki\/%C3%89tudes_postcoloniales\">\u00e9tudes postcoloniales<\/a>. Il cherche \u00e0 analyser les cons\u00e9quences psychologiques de la\u00a0<a href=\"https:\/\/fr.wikipedia.org\/wiki\/Colonisation\">colonisation<\/a>\u00a0\u00e0 la fois sur le colon et sur le colonis\u00e9. Dans ses livres les plus connus comme\u00a0<a href=\"https:\/\/fr.wikipedia.org\/wiki\/Les_Damn%C3%A9s_de_la_Terre\">Les Damn\u00e9s de la Terre<\/a>, il analyse le processus de\u00a0<a href=\"https:\/\/fr.wikipedia.org\/wiki\/D%C3%A9colonisation\">d\u00e9colonisation<\/a>\u00a0sous les angles sociologique, philosophique et psychiatrique. Il a \u00e9galement \u00e9crit des articles importants en\u00a0<a href=\"https:\/\/fr.wikipedia.org\/wiki\/Psychiatrie\">psychiatrie<\/a>.<\/p>\n<ol type=\"I\">\n<li><strong><u>BIOGRAPHIE DE FRANTZ FANON<\/u><\/strong><\/li>\n<\/ol>\n<p>Frantz Fanon na\u00eet en 1925 \u00e0 Fort-de-France en Martinique d\u2019un p\u00e8re inspecteur des douanes et d\u2019une m\u00e8re commer\u00e7ante, tous deux descendants d\u2019anciennes familles d\u2019esclaves. Les six enfants de la famille font des \u00e9tudes secondaires, Frantz aura comme professeur au lyc\u00e9e, Aim\u00e9 C\u00e9saire. En 1943, il s\u2019engage dans les Forces fran\u00e7aises libres aux c\u00f4t\u00e9s du g\u00e9n\u00e9ral de Gaulle. De retour en Martinique, il devient bachelier en 1946 puis, gr\u00e2ce \u00e0 une bourse, il part \u00e9tudier la m\u00e9decine \u00e0 Lyon et se sp\u00e9cialise en psychiatrie. Il suit aussi des cours de litt\u00e9rature et de philosophie, engrangeant une \u00e9norme culture livresque. En 1953, Frantz Fanon occupe le poste de m\u00e9decin-chef \u00e0 l\u2019h\u00f4pital psychiatrique de Blida en Alg\u00e9rie. L\u00e0, il met en place des m\u00e9thodes qui contestent le syst\u00e8me colonial et ses effets sur la psychologie des colonis\u00e9s notamment \u00e0 travers la d\u00e9personnalisation et la d\u00e9shumanisation dont ils sont victimes. Lorsque la guerre \u00e9clate, il choisit de\u2026<\/p>\n<p>Pour obtenir l&rsquo;expos\u00e9 complet contactez le +226 56196345 (WhatsApp).<\/p>\n","protected":false},"featured_media":831,"template":"","meta":{"jetpack_publicize_message":"","jetpack_publicize_feature_enabled":true,"jetpack_social_post_already_shared":false,"jetpack_social_options":{"image_generator_settings":{"template":"highway","default_image_id":0,"font":"","enabled":false},"version":2}},"product_brand":[],"product_cat":[598,613],"product_tag":[830],"class_list":{"0":"post-2072","1":"product","2":"type-product","3":"status-publish","4":"has-post-thumbnail","6":"product_cat-litterature","7":"product_cat-philosophie","8":"product_tag-frantz-fanon","10":"first","11":"instock","12":"downloadable","13":"virtual","14":"sold-individually","15":"purchasable","16":"product-type-simple"},"aioseo_notices":[],"jetpack_publicize_connections":[],"jetpack-related-posts":[],"jetpack_sharing_enabled":true,"_links":{"self":[{"href":"https:\/\/karandoogo.com\/index.php\/wp-json\/wp\/v2\/product\/2072","targetHints":{"allow":["GET"]}}],"collection":[{"href":"https:\/\/karandoogo.com\/index.php\/wp-json\/wp\/v2\/product"}],"about":[{"href":"https:\/\/karandoogo.com\/index.php\/wp-json\/wp\/v2\/types\/product"}],"wp:featuredmedia":[{"embeddable":true,"href":"https:\/\/karandoogo.com\/index.php\/wp-json\/wp\/v2\/media\/831"}],"wp:attachment":[{"href":"https:\/\/karandoogo.com\/index.php\/wp-json\/wp\/v2\/media?parent=2072"}],"wp:term":[{"taxonomy":"product_brand","embeddable":true,"href":"https:\/\/karandoogo.com\/index.php\/wp-json\/wp\/v2\/product_brand?post=2072"},{"taxonomy":"product_cat","embeddable":true,"href":"https:\/\/karandoogo.com\/index.php\/wp-json\/wp\/v2\/product_cat?post=2072"},{"taxonomy":"product_tag","embeddable":true,"href":"https:\/\/karandoogo.com\/index.php\/wp-json\/wp\/v2\/product_tag?post=2072"}],"curies":[{"name":"wp","href":"https:\/\/api.w.org\/{rel}","templated":true}]}}