{"id":2098,"date":"2022-08-30T16:56:28","date_gmt":"2022-08-30T16:56:28","guid":{"rendered":"https:\/\/karandoogo.com\/?post_type=product&#038;p=2098"},"modified":"2025-10-19T13:46:21","modified_gmt":"2025-10-19T13:46:21","slug":"expose-complet-sur-le-socialisme","status":"publish","type":"product","link":"https:\/\/karandoogo.com\/index.php\/produit\/expose-complet-sur-le-socialisme\/","title":{"rendered":"EXPOSE complet sur le SOCIALISME"},"content":{"rendered":"","protected":false},"excerpt":{"rendered":"<p><strong>NB:<\/strong> Les documents mis \u00e0 disposition sur ce site sont des documents \u00e0 exploiter, autrement dit des compl\u00e9ments pour parfaire votre travail. Ils ne sont pas faits pour \u00eatre pr\u00e9sent\u00e9s \u00e0 l\u2019\u00e9tat.<\/p>\n<p>Introduction<\/p>\n<ol type=\"I\">\n<li><a href=\"file:\/\/\/D:\/Expos%C3%A9%20Socialisme%20%E2%80%94%20Wikip%C3%A9dia.htm#D.C3.A9finitions\"><strong>\u00a0D\u00e9finitions<\/strong><\/a><u><\/u>\n<ol>\n<li><strong><u>Le socialisme au plan social<\/u><\/strong><\/li>\n<\/ol>\n<ol>\n<li>Le socialisme au plan \u00e9conomique<\/li>\n<\/ol>\n<ol>\n<li>Le socialisme au plan politique<\/li>\n<\/ol>\n<\/li>\n<li><a href=\"file:\/\/\/D:\/Expos%C3%A9%20Socialisme%20%E2%80%94%20Wikip%C3%A9dia.htm#Origines\"><strong>\u00a0Origines<\/strong><\/a><u><\/u>\n<ol>\n<li><strong><u>Origine \u00e9tymologique<\/u><\/strong><\/li>\n<\/ol>\n<ol>\n<li>Origine id\u00e9ologique<\/li>\n<\/ol>\n<\/li>\n<\/ol>\n<p>III.\u00a0 Diff\u00e9rentes forme de socialisme<\/p>\n<ol type=\"1\">\n<li><a href=\"file:\/\/\/D:\/Expos%C3%A9%20Socialisme%20%E2%80%94%20Wikip%C3%A9dia.htm#La_social-d.C3.A9mocratie_scandinave\">\u00a0La social-d\u00e9mocratie scandinave<\/a>\n<ol>\n<li><a href=\"file:\/\/\/D:\/Expos%C3%A9%20Socialisme%20%E2%80%94%20Wikip%C3%A9dia.htm#Autres_formes_de_socialisme\">\u00a0Autres formes de socialisme<\/a><\/li>\n<\/ol>\n<\/li>\n<\/ol>\n<p>IV.\u00a0<a href=\"file:\/\/\/D:\/Expos%C3%A9%20Socialisme%20%E2%80%94%20Wikip%C3%A9dia.htm#.C3.89volutions_et_divisions_du_socialisme_europ.C3.A9en\">\u00a0\u00c9volutions et divisions du socialisme europ\u00e9en<\/a><u><\/u><\/p>\n<ol type=\"1\">\n<li><a href=\"file:\/\/\/D:\/Expos%C3%A9%20Socialisme%20%E2%80%94%20Wikip%C3%A9dia.htm#Diffusion_des_id.C3.A9es_et_naissance_des_partis_politiques\">Diffusion des id\u00e9es et naissance des partis politiques<\/a><\/li>\n<\/ol>\n<p>2)\u00a0<a href=\"file:\/\/\/D:\/Expos%C3%A9%20Socialisme%20%E2%80%94%20Wikip%C3%A9dia.htm#Diffusion_du_socialisme_hors_d.27Europe\">\u00a0Diffusion du socialisme hors d\u2019Europe<\/a><\/p>\n<p>Les id\u00e9es socialistes se diffusent par ailleurs hors d\u2019Europe\u00a0:<\/p>\n<p>Conclusion<\/p>\n<p>Introduction<\/p>\n<p><em>Socialisme<\/em>\u00a0et\u00a0<em>socialiste<\/em>\u00a0sont des termes qui, en raison de leur connotation, ont \u00e9t\u00e9 revendiqu\u00e9s et diffus\u00e9s depuis leur cr\u00e9ation dans de nombreux contextes, et ont acquis une mosa\u00efque de significations diff\u00e9rentes, bien que des lignes directrices communes s\u2019en d\u00e9gagent. Le socialisme na\u00eet d\u2019une\u00a0<a href=\"https:\/\/fr.wikipedia.org\/wiki\/Philosophie_de_l%27histoire\">philosophie de l\u2019histoire<\/a>\u00a0occidentale, qui repose sur l\u2019id\u00e9e de progr\u00e8s, c\u2019est-\u00e0-dire de la transformation du monde dans un sens positif<a href=\"https:\/\/fr.wikipedia.org\/wiki\/Socialisme#cite_note-Winock_p33-3\"><sup>3<\/sup><\/a>\u00a0: dans son acception la plus large, il condamne les\u00a0<a href=\"https:\/\/fr.wikipedia.org\/wiki\/In%C3%A9galit%C3%A9_%28sociologie%29\">in\u00e9galit\u00e9s sociales<\/a>\u00a0et l\u2019<a href=\"https:\/\/fr.wikipedia.org\/wiki\/Exploitation_sociale\">exploitation de l\u2019homme par l\u2019homme<\/a><a href=\"https:\/\/fr.wikipedia.org\/wiki\/Socialisme#cite_note-Quid-9\"><sup>9<\/sup><\/a>\u00a0et d\u00e9fend le\u00a0<a href=\"https:\/\/fr.wikipedia.org\/wiki\/Progr%C3%A8s_social\">progr\u00e8s social<\/a>.\u00bb<\/p>\n<p>I)<a href=\"file:\/\/\/D:\/Expos%C3%A9%20Socialisme%20%E2%80%94%20Wikip%C3%A9dia.htm#D.C3.A9finitions\"><strong>\u00a0D\u00e9finitions<\/strong><\/a><u><\/u><\/p>\n<ul>\n<li><strong><u>Le socialisme au plan social<\/u><\/strong><\/li>\n<\/ul>\n<p>Le mot\u00a0<strong>socialisme<\/strong>\u00a0recouvre un ensemble tr\u00e8s divers de\u00a0<a href=\"https:\/\/fr.wikipedia.org\/wiki\/Id%C3%A9ologie\">courants de pens\u00e9e<\/a>\u00a0et de mouvements politiques<a href=\"https:\/\/fr.wikipedia.org\/wiki\/Socialisme#cite_note-DictionnaireSciencePolitique_p283-1\"><sup>1<\/sup><\/a>, dont le point commun est de rechercher une organisation\u00a0<a href=\"https:\/\/fr.wikipedia.org\/wiki\/Soci%C3%A9t%C3%A9_%28sciences_sociales%29\">sociale<\/a>\u00a0et\u00a0<a href=\"https:\/\/fr.wikipedia.org\/wiki\/%C3%89conomie\">\u00e9conomique<\/a>\u00a0plus\u00a0<a href=\"https:\/\/fr.wikipedia.org\/wiki\/Justice_sociale\">juste<\/a>. Le but originel du socialisme est d\u2019obtenir l\u2019<a href=\"https:\/\/fr.wikipedia.org\/wiki\/%C3%89galit%C3%A9_sociale\">\u00e9galit\u00e9 sociale<\/a>, ou du moins une r\u00e9duction des\u00a0<a href=\"https:\/\/fr.wikipedia.org\/wiki\/In%C3%A9galit%C3%A9_%28sociologie%29\">in\u00e9galit\u00e9s<\/a><a href=\"https:\/\/fr.wikipedia.org\/wiki\/Socialisme#cite_note-2\"><sup>2<\/sup><\/a>, et notamment pour les courants d\u2019inspiration\u00a0<a href=\"https:\/\/fr.wikipedia.org\/wiki\/Marxisme\">marxiste<\/a>, d\u2019\u00e9tablir une soci\u00e9t\u00e9 sans\u00a0<a href=\"https:\/\/fr.wikipedia.org\/wiki\/Classe_sociale\">classes sociales<\/a>. Le but originel du socialisme est d\u2019obtenir l\u2019<a href=\"https:\/\/fr.wikipedia.org\/wiki\/%C3%89galit%C3%A9_sociale\">\u00e9galit\u00e9 sociale<\/a>, ou du moins une r\u00e9duction des\u00a0<a href=\"https:\/\/fr.wikipedia.org\/wiki\/In%C3%A9galit%C3%A9_%28sociologie%29\">in\u00e9galit\u00e9s<\/a><a href=\"https:\/\/fr.wikipedia.org\/wiki\/Socialisme#cite_note-2\"><sup>2<\/sup><\/a>, et notamment pour les courants d\u2019inspiration\u00a0<a href=\"https:\/\/fr.wikipedia.org\/wiki\/Marxisme\">marxiste<\/a>, d\u2019\u00e9tablir une soci\u00e9t\u00e9 sans\u00a0<a href=\"https:\/\/fr.wikipedia.org\/wiki\/Classe_sociale\">classes sociales<\/a>. Plus largement, le socialisme peut \u00eatre d\u00e9fini comme une tendance politique, historiquement marqu\u00e9e \u00e0\u00a0<a href=\"https:\/\/fr.wikipedia.org\/wiki\/Gauche_%28politique%29\">gauche<\/a>, dont le principe de base est l\u2019aspiration \u00e0 un monde meilleur, fond\u00e9 sur une organisation sociale harmonieuse et sur la lutte contre les injustices.<\/p>\n<ul>\n<li>Le socialisme au plan \u00e9conomique<\/li>\n<\/ul>\n<p>Sur le plan \u00e9conomique, le mot\u00a0<em>socialisme<\/em>\u00a0d\u00e9signe \u00e0 l\u2019origine un ensemble de doctrines fond\u00e9es sur la propri\u00e9t\u00e9 collective ou \u00ab\u00a0propri\u00e9t\u00e9 sociale\u00a0\u00bb des\u00a0<a href=\"https:\/\/fr.wikipedia.org\/wiki\/Moyens_de_production\">moyens de production<\/a>, ou du moins la critique de la\u00a0<a href=\"https:\/\/fr.wikipedia.org\/wiki\/Propri%C3%A9t%C3%A9_priv%C3%A9e\">propri\u00e9t\u00e9 priv\u00e9e<\/a>\u00a0de ceux-ci\u00a0; par opposition \u00e0 la vision\u00a0<a href=\"https:\/\/fr.wikipedia.org\/wiki\/Capitalisme\">capitaliste<\/a>.\u00a0<a href=\"https:\/\/fr.wikipedia.org\/wiki\/%C3%89lie_Hal%C3%A9vy\">\u00c9lie Hal\u00e9vy<\/a>\u00a0r\u00e9sume le socialisme par la possibilit\u00e9 de \u00ab\u00a0remplacer la libre initiative des individus par l\u2019action concert\u00e9e de la collectivit\u00e9 dans la production et la r\u00e9partition des richesses\u00a0\u00bb\u00a0: ainsi d\u00e9fini, le socialisme est vu comme un syst\u00e8me de valeurs oppos\u00e9es \u00e0 celles du\u00a0<a href=\"https:\/\/fr.wikipedia.org\/wiki\/Lib%C3%A9ralisme\">lib\u00e9ralisme<\/a>.<\/p>\n<ul>\n<li>Le socialisme au plan politique<\/li>\n<\/ul>\n<p>Sur le plan politique, le socialisme s\u2019affirme en Europe au\u00a0<a href=\"https:\/\/fr.wikipedia.org\/wiki\/XIXe_si%C3%A8cle\">XIX<sup>e<\/sup>\u00a0si\u00e8cle<\/a>, en m\u00eame temps que le lib\u00e9ralisme et l\u2019aspiration\u00a0<a href=\"https:\/\/fr.wikipedia.org\/wiki\/D%C3%A9mocratie\">d\u00e9mocratique<\/a>. Si le socialisme se veut porteur d\u2019une d\u00e9mocratie universelle, socialisme et d\u00e9mocratie ne sont cependant pas synonymes sur les plans politique, \u00e9conomique et social. En effet, de par ses contraintes particuli\u00e8res, le socialisme peut se trouver en contradiction avec la d\u00e9mocratie. Plus largement, le socialisme peut \u00eatre d\u00e9fini comme une tendance politique, historiquement marqu\u00e9e \u00e0\u00a0<a href=\"https:\/\/fr.wikipedia.org\/wiki\/Gauche_%28politique%29\">gauche<\/a>, dont le principe de base est l\u2019aspiration \u00e0 un monde meilleur, fond\u00e9 sur une organisation sociale harmonieuse et sur la lutte contre les injustices.<\/p>\n<ol type=\"I\">\n<li><a href=\"file:\/\/\/D:\/Expos%C3%A9%20Socialisme%20%E2%80%94%20Wikip%C3%A9dia.htm#Origines\"><strong>\u00a0Origines<\/strong><\/a><u><\/u>\n<ol>\n<li><strong><u>Origine \u00e9tymologique<\/u><\/strong><\/li>\n<\/ol>\n<\/li>\n<\/ol>\n<p>Le mot\u00a0<em>socialisme<\/em>\u00a0appara\u00eet dans la langue fran\u00e7aise \u00e0 la m\u00eame \u00e9poque, sans rentrer pour autant imm\u00e9diatement dans le langage commun. \u00c9tymologiquement, le terme d\u00e9rive du mot\u00a0<a href=\"https:\/\/fr.wikipedia.org\/wiki\/Latin\">latin<\/a><em>socius<\/em>, nom commun signifiant\u00a0<em>compagnon, camarade, associ\u00e9, alli\u00e9, conf\u00e9d\u00e9r\u00e9<\/em>\u00a0et adjectif signifiant\u00a0<em>joint, uni, associ\u00e9, alli\u00e9, mis en commun, partag\u00e9<\/em>. Le mot\u00a0<em>socius<\/em>\u00a0d\u00e9rive du verbe\u00a0<em>sequi<\/em>\u00a0:\u00a0<em>suivre<\/em>. Sa premi\u00e8re utilisation remonte \u00e0 l\u2019<a href=\"https:\/\/fr.wikipedia.org\/wiki\/Emmanuel-Joseph_Siey%C3%A8s\">abb\u00e9 Siey\u00e8s<\/a>\u00a0qui dans les\u00a0<a href=\"https:\/\/fr.wikipedia.org\/wiki\/Ann%C3%A9es_1780\">ann\u00e9es 1780<\/a>\u00a0\u00e9voque un \u00ab\u00a0trait\u00e9 du socialisme\u00a0\u00bb devant parler \u00ab\u00a0du but que se propose l\u2019homme en soci\u00e9t\u00e9 et des moyens qu\u2019il a d\u2019y parvenir\u00a0\u00bb. Dans cette utilisation \u00e9ph\u00e9m\u00e8re, le mot signifie alors \u00ab\u00a0science de la soci\u00e9t\u00e9\u00a0\u00bb.<\/p>\n<ul>\n<li>Origine id\u00e9ologique<\/li>\n<\/ul>\n<p>L\u2019id\u00e9e d\u2019une organisation harmonieuse de la soci\u00e9t\u00e9 remonte \u00e0 la haute\u00a0<a href=\"https:\/\/fr.wikipedia.org\/wiki\/Antiquit%C3%A9\">Antiquit\u00e9<\/a>, bien avant l\u2019apparition du mot \u00ab\u00a0socialisme\u00a0\u00bb lui-m\u00eame. Des anc\u00eatres lointains et indirects du socialisme\u00a0bien que l\u2019emploi du mot soit tr\u00e8s anachronique\u00a0 comme du\u00a0<a href=\"https:\/\/fr.wikipedia.org\/wiki\/Communisme\">communisme<\/a>\u00a0dans son sens premier de soci\u00e9t\u00e9 sans propri\u00e9t\u00e9 priv\u00e9e\u00a0se trouvent sur plusieurs continents\u00a0: en\u00a0<a href=\"https:\/\/fr.wikipedia.org\/wiki\/Gr%C3%A8ce_antique\">Gr\u00e8ce<\/a>\u00a0chez\u00a0<a href=\"https:\/\/fr.wikipedia.org\/wiki\/Platon\">Platon<\/a>, qui imagine dans\u00a0<a href=\"https:\/\/fr.wikipedia.org\/wiki\/La_R%C3%A9publique\"><em>La R\u00e9publique<\/em><\/a>\u00a0et\u00a0<a href=\"https:\/\/fr.wikipedia.org\/wiki\/Les_Lois\"><em>Les Lois<\/em><\/a>\u00a0des modes id\u00e9aux d\u2019organisation de la cit\u00e9; en\u00a0<a href=\"https:\/\/fr.wikipedia.org\/wiki\/Asie\">Asie<\/a>\u00a0dans certains courants de pens\u00e9e du\u00a0<a href=\"https:\/\/fr.wikipedia.org\/wiki\/Confucianisme\">confucianisme<\/a>\u00a0et de l\u2019<a href=\"https:\/\/fr.wikipedia.org\/wiki\/Islam\">islam<\/a>\u00a0qui\u2026<\/p>\n<p>Pour obtenir l&rsquo;expos\u00e9 complet contactez le +226 56196345 (WhatsApp).<\/p>\n","protected":false},"featured_media":831,"template":"","meta":{"jetpack_publicize_message":"","jetpack_publicize_feature_enabled":true,"jetpack_social_post_already_shared":false,"jetpack_social_options":{"image_generator_settings":{"template":"highway","default_image_id":0,"font":"","enabled":false},"version":2}},"product_brand":[],"product_cat":[811,714,546],"product_tag":[840],"class_list":{"0":"post-2098","1":"product","2":"type-product","3":"status-publish","4":"has-post-thumbnail","6":"product_cat-geopolitique","7":"product_cat-politique","8":"product_cat-societe","9":"product_tag-socialisme","11":"first","12":"instock","13":"downloadable","14":"virtual","15":"sold-individually","16":"purchasable","17":"product-type-simple"},"aioseo_notices":[],"jetpack_publicize_connections":[],"jetpack-related-posts":[],"jetpack_sharing_enabled":true,"_links":{"self":[{"href":"https:\/\/karandoogo.com\/index.php\/wp-json\/wp\/v2\/product\/2098","targetHints":{"allow":["GET"]}}],"collection":[{"href":"https:\/\/karandoogo.com\/index.php\/wp-json\/wp\/v2\/product"}],"about":[{"href":"https:\/\/karandoogo.com\/index.php\/wp-json\/wp\/v2\/types\/product"}],"wp:featuredmedia":[{"embeddable":true,"href":"https:\/\/karandoogo.com\/index.php\/wp-json\/wp\/v2\/media\/831"}],"wp:attachment":[{"href":"https:\/\/karandoogo.com\/index.php\/wp-json\/wp\/v2\/media?parent=2098"}],"wp:term":[{"taxonomy":"product_brand","embeddable":true,"href":"https:\/\/karandoogo.com\/index.php\/wp-json\/wp\/v2\/product_brand?post=2098"},{"taxonomy":"product_cat","embeddable":true,"href":"https:\/\/karandoogo.com\/index.php\/wp-json\/wp\/v2\/product_cat?post=2098"},{"taxonomy":"product_tag","embeddable":true,"href":"https:\/\/karandoogo.com\/index.php\/wp-json\/wp\/v2\/product_tag?post=2098"}],"curies":[{"name":"wp","href":"https:\/\/api.w.org\/{rel}","templated":true}]}}