{"id":2107,"date":"2022-08-30T17:10:17","date_gmt":"2022-08-30T17:10:17","guid":{"rendered":"https:\/\/karandoogo.com\/?post_type=product&#038;p=2107"},"modified":"2025-10-19T13:46:21","modified_gmt":"2025-10-19T13:46:21","slug":"expose-complet-sur-averroes-et-son-oeuvre","status":"publish","type":"product","link":"https:\/\/karandoogo.com\/index.php\/produit\/expose-complet-sur-averroes-et-son-oeuvre\/","title":{"rendered":"Expos\u00e9 complet sur Averro\u00e8s et son \u0153uvre"},"content":{"rendered":"","protected":false},"excerpt":{"rendered":"<p><strong>NB:<\/strong> Les documents mis \u00e0 disposition sur ce site sont des documents \u00e0 exploiter, autrement dit des compl\u00e9ments pour parfaire votre travail. Ils ne sont pas faits pour \u00eatre pr\u00e9sent\u00e9s \u00e0 l\u2019\u00e9tat.<\/p>\n<p><strong><u>Plan<\/u><\/strong><\/p>\n<p><strong><u>INTRODUCTION<\/u><\/strong><\/p>\n<p><strong><u>II- BIBLIOGRAPHIE ET PRESENTATION<\/u><\/strong><\/p>\n<ol type=\"1\">\n<li><strong><u>Pr\u00e9sentation<\/u><\/strong><\/li>\n<li><strong><u>Bibliographie<\/u><\/strong><\/li>\n<\/ol>\n<p><strong><u>III- LA PENSEE DE L\u2019AUTEUR\u00a0:<\/u><\/strong><\/p>\n<p><strong><u>IV- CE QUE NOUS AVONS RETENU DE SA PHILOSOPHIE<\/u><\/strong><\/p>\n<p><strong><u>CONCLUSION<\/u><\/strong><\/p>\n<p><strong><u>INTRODUCTION<\/u><\/strong><\/p>\n<p>Pour le citoyen moyen qui regarde la t\u00e9l\u00e9vision, lit les journaux et\/ou \u00e9coute la radio, la question de l\u2019existence, pass\u00e9e ou future, d\u2019un islam des Lumi\u00e8res, d\u2019une religion musulmane \u00e9clair\u00e9e, se pose avec acuit\u00e9. La r\u00e9ponse \u00e0 cette question br\u00fblante est n\u00e9cessaire, voire urgente, si l\u2019on veut barrer la route \u00e0 la diffusion de rumeurs qui d\u00e9clarent cette religion ennemie de la paix et incompatible avec une sp\u00e9culation philosophique normale.<\/p>\n<p>Ibn Rushd, Averro\u00e8s de son nom latin, reste l\u2019incarnation m\u00eame de l\u2019esprit philosophique en islam. Mort en 1198, il prolongea toute une lign\u00e9e de falasifa, c\u2019est-\u00e0-dire d\u2019authentiques penseurs rationalistes qui assur\u00e8rent le d\u00e9veloppement d\u2019un legs spirituel gr\u00e9co-musulman. Nous verrons plus en d\u00e9tail ce personnage mythique au cours de cet expos\u00e9.<\/p>\n<ol type=\"I\">\n<li><strong><u>BIBLIOGRAPHIE ET PRESENTATION<\/u><\/strong><\/li>\n<li><strong><u>Pr\u00e9sentation<\/u><\/strong><\/li>\n<\/ol>\n<p>Ibn Rochd de Cordoue, plus connu en Occident sous son nom latinis\u00e9 d\u2019Averro\u00e8s, est un philosophe, th\u00e9ologien, juriste et m\u00e9decin musulman andalou de langue arabe du xiie si\u00e8cle, n\u00e9 le 14 avril 1126 \u00e0 Cordoue en Andalousie et mort le 10 d\u00e9cembre 1198 \u00e0 Marrakech au Maroc. Il exerce les fonctions de grand cadi (juge supr\u00eame) \u00e0 S\u00e9ville et \u00e0 Cordoue, et de m\u00e9decin priv\u00e9 des sultans almohades, \u00e0 Marrakech \u00e0 une \u00e9poque charni\u00e8re o\u00f9 le pouvoir passe des Almoravides aux Almohades. L\u2019int\u00e9r\u00eat d\u2019Averro\u00e8s pour la sp\u00e9culation philosophique hell\u00e9nique, donc pa\u00efenne et polyth\u00e9iste, ne s\u2019est jamais d\u00e9menti, m\u00eame si ce grand inspirateur du legs intellectuel gr\u00e9co-musulman a d\u00fb\u2026<\/p>\n<p>Pour obtenir l&rsquo;expos\u00e9 complet contactez le +226 56196345 (WhatsApp).<\/p>\n","protected":false},"featured_media":831,"template":"","meta":{"jetpack_publicize_message":"","jetpack_publicize_feature_enabled":true,"jetpack_social_post_already_shared":false,"jetpack_social_options":{"image_generator_settings":{"template":"highway","default_image_id":0,"font":"","enabled":false},"version":2}},"product_brand":[],"product_cat":[608,598,613],"product_tag":[844],"class_list":{"0":"post-2107","1":"product","2":"type-product","3":"status-publish","4":"has-post-thumbnail","6":"product_cat-histoire","7":"product_cat-litterature","8":"product_cat-philosophie","9":"product_tag-averroes","11":"first","12":"instock","13":"downloadable","14":"virtual","15":"sold-individually","16":"purchasable","17":"product-type-simple"},"aioseo_notices":[],"jetpack_publicize_connections":[],"jetpack-related-posts":[],"jetpack_sharing_enabled":true,"_links":{"self":[{"href":"https:\/\/karandoogo.com\/index.php\/wp-json\/wp\/v2\/product\/2107","targetHints":{"allow":["GET"]}}],"collection":[{"href":"https:\/\/karandoogo.com\/index.php\/wp-json\/wp\/v2\/product"}],"about":[{"href":"https:\/\/karandoogo.com\/index.php\/wp-json\/wp\/v2\/types\/product"}],"wp:featuredmedia":[{"embeddable":true,"href":"https:\/\/karandoogo.com\/index.php\/wp-json\/wp\/v2\/media\/831"}],"wp:attachment":[{"href":"https:\/\/karandoogo.com\/index.php\/wp-json\/wp\/v2\/media?parent=2107"}],"wp:term":[{"taxonomy":"product_brand","embeddable":true,"href":"https:\/\/karandoogo.com\/index.php\/wp-json\/wp\/v2\/product_brand?post=2107"},{"taxonomy":"product_cat","embeddable":true,"href":"https:\/\/karandoogo.com\/index.php\/wp-json\/wp\/v2\/product_cat?post=2107"},{"taxonomy":"product_tag","embeddable":true,"href":"https:\/\/karandoogo.com\/index.php\/wp-json\/wp\/v2\/product_tag?post=2107"}],"curies":[{"name":"wp","href":"https:\/\/api.w.org\/{rel}","templated":true}]}}