{"id":2112,"date":"2022-08-30T17:33:15","date_gmt":"2022-08-30T17:33:15","guid":{"rendered":"https:\/\/karandoogo.com\/?post_type=product&#038;p=2112"},"modified":"2025-10-19T13:45:13","modified_gmt":"2025-10-19T13:45:13","slug":"expose-complet-sur-la-philosophie-des-lumieres","status":"publish","type":"product","link":"https:\/\/karandoogo.com\/index.php\/produit\/expose-complet-sur-la-philosophie-des-lumieres\/","title":{"rendered":"Expos\u00e9 complet sur la philosophie des lumi\u00e8res"},"content":{"rendered":"","protected":false},"excerpt":{"rendered":"<p><strong>NB:<\/strong> Les documents mis \u00e0 disposition sur ce site sont des documents \u00e0 exploiter, autrement dit des compl\u00e9ments pour parfaire votre travail. Ils ne sont pas faits pour \u00eatre pr\u00e9sent\u00e9s \u00e0 l\u2019\u00e9tat.<\/p>\n<p><strong><u>PLAN<\/u><\/strong><\/p>\n<p><strong><u>INTRODUCTION<\/u><\/strong><\/p>\n<p>I-<strong><u>LES FONDEMENTS DE LA PENS\u00c9E DES LUMI\u00c8RES OU L\u2019ESPRIT DES LUMI\u00c8RES.<\/u><\/strong><\/p>\n<p><strong><u>1-Qu\u2019est-ce que les lumi\u00e8res.<\/u><\/strong><\/p>\n<p><strong>2-La croyance dans le progr\u00e8s<\/strong><\/p>\n<p><strong><u>3-L\u2019\u00e9mergence d\u2019une pens\u00e9e politique.<\/u><\/strong><\/p>\n<p><strong><u>II-LES MOYENS DE DIFFUSION<\/u><\/strong><\/p>\n<p><strong><u>a) Lieux et supports<\/u><\/strong><\/p>\n<p><strong><u>b) Les r\u00e9actions face \u00e0 ce mouvement<\/u><\/strong><\/p>\n<ol type=\"1\">\n<li><strong><u>La politisation de l\u2019\u00e9crivain ou la figure du philosophe.<\/u><\/strong><\/li>\n<li><strong><u>L\u2019encyclop\u00e9die<\/u><\/strong><\/li>\n<li><strong><u>Les difficult\u00e9s rencontr\u00e9es par les \u00e9crivains des lumi\u00e8res (proc\u00e8s, exil,censures)<\/u><\/strong><\/li>\n<\/ol>\n<p><strong><u>CONCLUSION<\/u><\/strong><\/p>\n<p>&nbsp;<\/p>\n<p><strong><u>PLAN<\/u><\/strong><\/p>\n<p><strong><u>INTRODUCTION<\/u><\/strong><\/p>\n<p>L\u2019Europe conna\u00eet au XVIII<sup>e<\/sup>\u00a0si\u00e8cle un renouveau intellectuel majeur. Pour les contemporains, la pens\u00e9e des philosophes permet de sortir enfin des \u00ab\u00a0t\u00e9n\u00e8bres\u00a0\u00bb de l\u2019ignorance, d\u2019o\u00f9 le nom de \u00ab\u00a0philosophie des Lumi\u00e8res\u00a0\u00bb. Les id\u00e9es des Lumi\u00e8res et leur conception de l\u2019homme et de la soci\u00e9t\u00e9 ont inspir\u00e9 les bourgeois cultiv\u00e9s qui ont men\u00e9 la R\u00e9volution fran\u00e7aise. Les r\u00e9gimes politiques qui suivent la R\u00e9volution (monarchie constitutionnelle, r\u00e9publique) sont issus de leurs r\u00e9flexions. Ces id\u00e9es ont permis l\u2019abolition de la torture (par Louis\u00a0XVI en 1780 et 1788) et une plus grande \u00e9quit\u00e9 dans la soci\u00e9t\u00e9 fran\u00e7aise puis, \u00e0 terme, \u00e0 l\u2019abolition de l\u2019esclavage (1848).<\/p>\n<p>I-<strong><u>LES FONDEMENTS DE LA PENS\u00c9E DES LUMI\u00c8RES OU L\u2019ESPRIT DES LUMI\u00c8RES.<\/u><\/strong><\/p>\n<p>1-<strong><u>Qu\u2019est-ce que les lumi\u00e8res.<\/u><\/strong><\/p>\n<p><strong>2-La croyance dans le progr\u00e8s<\/strong><\/p>\n<p><strong><u>3-L\u2019\u00e9mergence d\u2019une pens\u00e9e politique.<\/u><\/strong><\/p>\n<p><strong><u>II-LES MOYENS DE DIFFUSION<\/u><\/strong><\/p>\n<p><strong><u>a) Lieux et supports<\/u><\/strong><\/p>\n<p><strong><u>b) Les r\u00e9actions face \u00e0 ce mouvement<\/u><\/strong><\/p>\n<ol type=\"1\">\n<li><strong><u>La politisation de l\u2019\u00e9crivain ou la figure du philosophe.<\/u><\/strong><\/li>\n<li><strong><u>L\u2019encyclop\u00e9die<\/u><\/strong><\/li>\n<li><strong><u>Les difficult\u00e9s rencontr\u00e9es par les \u00e9crivains des lumi\u00e8res (proc\u00e8s, exil,censures)<\/u><\/strong><\/li>\n<\/ol>\n<p><strong><u>CONCLUSION<\/u><\/strong><\/p>\n<p>L\u2019application violente des principes des Lumi\u00e8res ont \u00e9galement conduit au r\u00e9gime de la Terreur pendant lequel ont \u00e9t\u00e9 commises des dizaines de milliers d\u2019ex\u00e9cutions arbitraires, d\u2019hommes, femmes et enfants qui ne partageaient pas l\u2019id\u00e9al r\u00e9volutionnaire. Leurs id\u00e9es antireligieuses ont men\u00e9 \u00e0 une tentative d\u2019\u00e9radiquer l\u2019\u00c9glise et le christianisme dans son ensemble, au nom d\u2019une conception mat\u00e9rialiste de l\u2019homme.<\/p>\n<p>Pour obtenir l&rsquo;expos\u00e9 complet contactez le +226 56196345 (WhatsApp).<\/p>\n","protected":false},"featured_media":831,"template":"","meta":{"jetpack_publicize_message":"","jetpack_publicize_feature_enabled":true,"jetpack_social_post_already_shared":false,"jetpack_social_options":{"image_generator_settings":{"template":"highway","default_image_id":0,"font":"","enabled":false},"version":2}},"product_brand":[],"product_cat":[598,613],"product_tag":[846],"class_list":{"0":"post-2112","1":"product","2":"type-product","3":"status-publish","4":"has-post-thumbnail","6":"product_cat-litterature","7":"product_cat-philosophie","8":"product_tag-philosophie-des-lumieres","10":"first","11":"instock","12":"downloadable","13":"virtual","14":"sold-individually","15":"purchasable","16":"product-type-simple"},"aioseo_notices":[],"jetpack_publicize_connections":[],"jetpack-related-posts":[],"jetpack_sharing_enabled":true,"_links":{"self":[{"href":"https:\/\/karandoogo.com\/index.php\/wp-json\/wp\/v2\/product\/2112","targetHints":{"allow":["GET"]}}],"collection":[{"href":"https:\/\/karandoogo.com\/index.php\/wp-json\/wp\/v2\/product"}],"about":[{"href":"https:\/\/karandoogo.com\/index.php\/wp-json\/wp\/v2\/types\/product"}],"wp:featuredmedia":[{"embeddable":true,"href":"https:\/\/karandoogo.com\/index.php\/wp-json\/wp\/v2\/media\/831"}],"wp:attachment":[{"href":"https:\/\/karandoogo.com\/index.php\/wp-json\/wp\/v2\/media?parent=2112"}],"wp:term":[{"taxonomy":"product_brand","embeddable":true,"href":"https:\/\/karandoogo.com\/index.php\/wp-json\/wp\/v2\/product_brand?post=2112"},{"taxonomy":"product_cat","embeddable":true,"href":"https:\/\/karandoogo.com\/index.php\/wp-json\/wp\/v2\/product_cat?post=2112"},{"taxonomy":"product_tag","embeddable":true,"href":"https:\/\/karandoogo.com\/index.php\/wp-json\/wp\/v2\/product_tag?post=2112"}],"curies":[{"name":"wp","href":"https:\/\/api.w.org\/{rel}","templated":true}]}}