{"id":2116,"date":"2022-08-30T17:56:54","date_gmt":"2022-08-30T17:56:54","guid":{"rendered":"https:\/\/karandoogo.com\/?post_type=product&#038;p=2116"},"modified":"2025-10-19T13:45:12","modified_gmt":"2025-10-19T13:45:12","slug":"expose-complet-sur-la-diaspora-burkinabe","status":"publish","type":"product","link":"https:\/\/karandoogo.com\/index.php\/produit\/expose-complet-sur-la-diaspora-burkinabe\/","title":{"rendered":"Expos\u00e9 complet sur la diaspora burkinab\u00e8"},"content":{"rendered":"","protected":false},"excerpt":{"rendered":"<p><strong>NB:<\/strong> Les documents mis \u00e0 disposition sur ce site sont des documents \u00e0 exploiter, autrement dit des compl\u00e9ments pour parfaire votre travail. Ils ne sont pas faits pour \u00eatre pr\u00e9sent\u00e9s \u00e0 l\u2019\u00e9tat.<\/p>\n<p><strong><u>INTRODUCTION<\/u><\/strong><\/p>\n<ol type=\"I\">\n<li><strong><u>DEFINITION<\/u><\/strong><\/li>\n<li><strong><u>CAUSSES DE LA DIASPORA BURKINABE<\/u><\/strong><\/li>\n<li><strong><u>DIFFICULTES QUE VECUES PAR LA DIASPORA BURKINABE<\/u><\/strong><\/li>\n<li><strong><u>CONTRIBUTION DE LA DIASPORA BURKINABE A L\u2019ECONOMIE NATIONALE<\/u><\/strong><\/li>\n<\/ol>\n<p><strong><u>CONCLUSION<\/u><\/strong><\/p>\n<p><strong><u>INTRODUCTION<\/u><\/strong><\/p>\n<p>La diaspora burkinab\u00e8 est une population qui r\u00e9sulte avant tout de la d\u00e9portation de Burkina \u00e0 l\u2019\u00e9poque des traites n\u00e9gri\u00e8res et de leurs descendants \u00e0 travers le monde d\u2019une part, et du ph\u00e9nom\u00e8ne d\u2019\u00e9migration d\u2019autre part.<\/p>\n<p>Enfin on peut aussi parler des immigrants burkinab\u00e8 pendant le xxe si\u00e8cle en France, aux \u00c9tats-Unis, en Italie, en Cote d\u2019Ivoire, etc.<\/p>\n<p>La diaspora burkinab\u00e8 dans le monde a beaucoup marqu\u00e9 l\u2019histoire et les dispositions socio politiques des continents sur lesquelles elle s\u2019\u00e9tait install\u00e9e.\u00a0 Les causes de ce ph\u00e9nom\u00e8ne et son impact seront la principale question analys\u00e9e dans cet expos\u00e9.<\/p>\n<ol type=\"I\">\n<li><strong><u>DEFINITION<\/u><\/strong><\/li>\n<\/ol>\n<p>La diaspora burkinab\u00e8 comme l\u2019ensemble des personnes d\u2019origine burkinab\u00e8 vivant \u00e0 l\u2019\u00e9tranger, c\u2019est-\u00e0-dire hors du territoire burkinab\u00e8. Celles-ci souhaitent contribuer au d\u00e9veloppement de leur pays. Cette d\u00e9finition englobe tous les individus d\u2019origine burkinab\u00e8.<\/p>\n<ol type=\"I\">\n<li><strong><u>REPARTITION DE LA DIASPORA BURKINABE DANS LE MONDE<\/u><\/strong><\/li>\n<\/ol>\n<p>La r\u00e9partition de la diaspora burkinab\u00e8 varie en fonction des pays dans laquelle elle se situe. En effet, la diaspora burkinab\u00e8 repr\u00e9sente 2 millions de personnes en Cote d\u2019Ivoire, 112 250 en Italie,\u00a0 50 000 au Mali, etc. La contribution de la diaspora burkinab\u00e8 au d\u00e9veloppement se caract\u00e9rise depuis des d\u00e9cennies par l\u2019envoi d\u2019argent et l\u2019investissement dans l\u2019immobilier. De plus en plus la diaspora burkinab\u00e8 est de plus en plus consid\u00e9r\u00e9e dans les prises de d\u00e9cisions politiques du Burkina.<\/p>\n<ol type=\"I\">\n<li><strong><u>CAUSSES DE LA DIASPORA BURKINABE<\/u><\/strong><\/li>\n<li><strong><u>Le ch\u00f4mage et la pauvret\u00e9<\/u><\/strong><\/li>\n<\/ol>\n<p>La croissance des infrastructures routi\u00e8res du Burkina ne s\u2019accompagne pas d\u2019une r\u00e9duction effective de la pauvret\u00e9. Suffisamment d\u2019emplois durables ne sont pas g\u00e9n\u00e9r\u00e9s pour les jeunes. Cette jeunesse reste marqu\u00e9e par une forte in\u00e9galit\u00e9 dans\u2026<\/p>\n<p>Pour obtenir l&rsquo;expos\u00e9 complet contactez le +226 56196345 (WhatsApp).<\/p>\n","protected":false},"featured_media":831,"template":"","meta":{"jetpack_publicize_message":"","jetpack_publicize_feature_enabled":true,"jetpack_social_post_already_shared":false,"jetpack_social_options":{"image_generator_settings":{"template":"highway","default_image_id":0,"font":"","enabled":false},"version":2}},"product_brand":[],"product_cat":[811,714,546],"product_tag":[852],"class_list":{"0":"post-2116","1":"product","2":"type-product","3":"status-publish","4":"has-post-thumbnail","6":"product_cat-geopolitique","7":"product_cat-politique","8":"product_cat-societe","9":"product_tag-diaspora-burkinabe","11":"first","12":"instock","13":"downloadable","14":"virtual","15":"sold-individually","16":"purchasable","17":"product-type-simple"},"aioseo_notices":[],"jetpack_publicize_connections":[],"jetpack-related-posts":[],"jetpack_sharing_enabled":true,"_links":{"self":[{"href":"https:\/\/karandoogo.com\/index.php\/wp-json\/wp\/v2\/product\/2116","targetHints":{"allow":["GET"]}}],"collection":[{"href":"https:\/\/karandoogo.com\/index.php\/wp-json\/wp\/v2\/product"}],"about":[{"href":"https:\/\/karandoogo.com\/index.php\/wp-json\/wp\/v2\/types\/product"}],"wp:featuredmedia":[{"embeddable":true,"href":"https:\/\/karandoogo.com\/index.php\/wp-json\/wp\/v2\/media\/831"}],"wp:attachment":[{"href":"https:\/\/karandoogo.com\/index.php\/wp-json\/wp\/v2\/media?parent=2116"}],"wp:term":[{"taxonomy":"product_brand","embeddable":true,"href":"https:\/\/karandoogo.com\/index.php\/wp-json\/wp\/v2\/product_brand?post=2116"},{"taxonomy":"product_cat","embeddable":true,"href":"https:\/\/karandoogo.com\/index.php\/wp-json\/wp\/v2\/product_cat?post=2116"},{"taxonomy":"product_tag","embeddable":true,"href":"https:\/\/karandoogo.com\/index.php\/wp-json\/wp\/v2\/product_tag?post=2116"}],"curies":[{"name":"wp","href":"https:\/\/api.w.org\/{rel}","templated":true}]}}