{"id":2131,"date":"2022-08-30T18:10:55","date_gmt":"2022-08-30T18:10:55","guid":{"rendered":"https:\/\/karandoogo.com\/?post_type=product&#038;p=2131"},"modified":"2025-10-19T13:45:12","modified_gmt":"2025-10-19T13:45:12","slug":"expose-complet-sur-la-revolution-anglaise-et-ses-consequences","status":"publish","type":"product","link":"https:\/\/karandoogo.com\/index.php\/produit\/expose-complet-sur-la-revolution-anglaise-et-ses-consequences\/","title":{"rendered":"expos\u00e9 complet sur la REVOLUTION ANGLAISE et ses cons\u00e9quences"},"content":{"rendered":"","protected":false},"excerpt":{"rendered":"<p><strong>NB:<\/strong> Les documents mis \u00e0 disposition sur ce site sont des documents \u00e0 exploiter, autrement dit des compl\u00e9ments pour parfaire votre travail. Ils ne sont pas faits pour \u00eatre pr\u00e9sent\u00e9s \u00e0 l\u2019\u00e9tat.<\/p>\n<p><strong>Introduction<\/strong><\/p>\n<ol type=\"I\">\n<li><strong>LA PREMIERE REVOLUTION (1641-1649)<\/strong><\/li>\n<li>Les causes<\/li>\n<li>Les cons\u00e9quences<\/li>\n<li><strong>LA DEUXIEME REVOLUTION ANGLAISE (1688-1689)<\/strong><\/li>\n<\/ol>\n<ol type=\"1\">\n<li>Les causes (Pourquoi glorieuse r\u00e9volution\u00a0?)<\/li>\n<li>Les cons\u00e9quences<\/li>\n<li>Le d\u00e9roulement<\/li>\n<\/ol>\n<p><strong>Conclusion<\/strong><\/p>\n<p><strong>Introduction<\/strong><\/p>\n<p>La r\u00e9volution anglaise est encore appel\u00e9e \u2018\u2019grande R\u00e9bellion\u2019\u2019 en Angleterre pendant le 17<sup>\u00e8me<\/sup>\u00a0si\u00e8cle. Pendant cette p\u00e9riode, il ya eu deux r\u00e9volutions en Angleterre. Une premi\u00e8re r\u00e9volution ou la grande r\u00e9bellion et une deuxi\u00e8me appel\u00e9e Glorieuse r\u00e9volution.<\/p>\n<ol type=\"I\">\n<li><strong>La premi\u00e8re r\u00e9volution (1641-1649)<\/strong><\/li>\n<\/ol>\n<p>Comme tout \u00e9v\u00e9nement \u00a0historique la r\u00e9volution anglaise a eu des causes et des cons\u00e9quences.<\/p>\n<ol type=\"1\">\n<li><strong>Les causes<\/strong><\/li>\n<\/ol>\n<p>L\u2019Angleterre pr\u00e9 r\u00e9volution (avant la r\u00e9volution) \u00e9tait le royaume de la reine Elisabeth 1<sup>\u00e8re<\/sup>. Apr\u00e8s sa mort y a eu une longue p\u00e9riode avant la venue de Jacques 1<sup>er<\/sup>\u00a0en 1603. Il a voulu d\u00e9velopper l\u2019union entre les couronnes d\u2019Ecosse et d\u2019Angleterre pour cr\u00e9er un royaume \u00a0un royaume unique sous\u2026<\/p>\n<p>Pour obtenir l&rsquo;expos\u00e9 complet contactez le +226 56196345 (WhatsApp).<\/p>\n","protected":false},"featured_media":831,"template":"","meta":{"jetpack_publicize_message":"","jetpack_publicize_feature_enabled":true,"jetpack_social_post_already_shared":false,"jetpack_social_options":{"image_generator_settings":{"template":"highway","default_image_id":0,"font":"","enabled":false},"version":2}},"product_brand":[],"product_cat":[608,714],"product_tag":[853],"class_list":{"0":"post-2131","1":"product","2":"type-product","3":"status-publish","4":"has-post-thumbnail","6":"product_cat-histoire","7":"product_cat-politique","8":"product_tag-revolution-anglaise","10":"first","11":"instock","12":"downloadable","13":"virtual","14":"sold-individually","15":"purchasable","16":"product-type-simple"},"aioseo_notices":[],"jetpack_publicize_connections":[],"jetpack-related-posts":[],"jetpack_sharing_enabled":true,"_links":{"self":[{"href":"https:\/\/karandoogo.com\/index.php\/wp-json\/wp\/v2\/product\/2131","targetHints":{"allow":["GET"]}}],"collection":[{"href":"https:\/\/karandoogo.com\/index.php\/wp-json\/wp\/v2\/product"}],"about":[{"href":"https:\/\/karandoogo.com\/index.php\/wp-json\/wp\/v2\/types\/product"}],"wp:featuredmedia":[{"embeddable":true,"href":"https:\/\/karandoogo.com\/index.php\/wp-json\/wp\/v2\/media\/831"}],"wp:attachment":[{"href":"https:\/\/karandoogo.com\/index.php\/wp-json\/wp\/v2\/media?parent=2131"}],"wp:term":[{"taxonomy":"product_brand","embeddable":true,"href":"https:\/\/karandoogo.com\/index.php\/wp-json\/wp\/v2\/product_brand?post=2131"},{"taxonomy":"product_cat","embeddable":true,"href":"https:\/\/karandoogo.com\/index.php\/wp-json\/wp\/v2\/product_cat?post=2131"},{"taxonomy":"product_tag","embeddable":true,"href":"https:\/\/karandoogo.com\/index.php\/wp-json\/wp\/v2\/product_tag?post=2131"}],"curies":[{"name":"wp","href":"https:\/\/api.w.org\/{rel}","templated":true}]}}