{"id":2166,"date":"2022-08-31T12:58:28","date_gmt":"2022-08-31T12:58:28","guid":{"rendered":"https:\/\/karandoogo.com\/?post_type=product&#038;p=2166"},"modified":"2025-10-19T13:45:12","modified_gmt":"2025-10-19T13:45:12","slug":"expose-complet-sur-le-processus-dadaptation-des-etre-vivants-a-leur-milieu-de-vie","status":"publish","type":"product","link":"https:\/\/karandoogo.com\/index.php\/produit\/expose-complet-sur-le-processus-dadaptation-des-etre-vivants-a-leur-milieu-de-vie\/","title":{"rendered":"Expos\u00e9 complet sur le processus d&rsquo;adaptation des \u00eatre vivants \u00e0 leur milieu de vie"},"content":{"rendered":"","protected":false},"excerpt":{"rendered":"<p><strong>NB:<\/strong> Les documents mis \u00e0 disposition sur ce site sont des documents \u00e0 exploiter, autrement dit des compl\u00e9ments pour parfaire votre travail. Ils ne sont pas faits pour \u00eatre pr\u00e9sent\u00e9s \u00e0 l\u2019\u00e9tat.<\/p>\n<p><strong><u>INTRODUCTION<\/u><\/strong><\/p>\n<ul>\n<li><strong><u>DEFINITION<\/u><\/strong><\/li>\n<li><strong><u>COMMENT LES ETRES VIVANTS S&rsquo;ADAPTENT A LEUR MILIEU ?<\/u><\/strong><\/li>\n<li><strong><u>Adaptations physiologiques<\/u><\/strong><\/li>\n<li><strong><u>Adaptations morphologiques<\/u><\/strong><\/li>\n<li><strong><u>Adaptations comportementales<\/u><\/strong><\/li>\n<li><strong><u>EXEMPLES D&rsquo;ADAPTATIONS DES ETRES VIVANTS A LEUR MILIEU<\/u><\/strong><\/li>\n<li><strong><u>Adaptation terrestre<\/u><\/strong><\/li>\n<li><strong><u>Adaptation aquatique <\/u><\/strong><\/li>\n<li><strong><u>Adaptation \u00e0 la temp\u00e9rature <\/u><\/strong><\/li>\n<\/ul>\n<p><strong><u>CONCLUSION<\/u><\/strong><\/p>\n<p><strong><u>\u00a0<\/u><\/strong><\/p>\n<p><strong><u>INTRODUCTION<\/u><\/strong><\/p>\n<p>Un milieu de vie et son peuplement forment un \u00e9cosyst\u00e8me. Au sein de ces \u00e9cosyst\u00e8mes, les \u00eatres vivants entretiennent des relations entre eux (relations alimentaires, etc.) ainsi que des relations avec leur milieu. Les \u00e9cosyst\u00e8mes peuvent \u00eatre modifi\u00e9s, par des facteurs physiques comme par des facteurs biologiques. Tous les \u00eatres vivants doivent s&rsquo;adapter \u00e0 leur environnement afin de pouvoir survivre. Face \u00e0 des changements environnementaux brusques, beaucoup d&rsquo;esp\u00e8ces ne sont pas capables d&rsquo;\u00e9voluer et de s&rsquo;adapter aux nouveaux param\u00e8tres climatiques et c&rsquo;est ainsi qu&rsquo;un bon nombre d&rsquo;animaux dans l&rsquo;incapacit\u00e9 de s&rsquo;adapter dispara\u00eet. D&rsquo;autre part, certaines esp\u00e8ces animales dites \u00ab\u00a0simples\u00a0\u00bb ont r\u00e9ussi \u00e0 survivre des mill\u00e9naires durant.<\/p>\n<ul>\n<li><strong><u>DEFINITION<\/u><\/strong><\/li>\n<\/ul>\n<p>L&rsquo;adaptation des \u00eatres vivants \u00e0 leur milieu est un ensemble de processus physiologiques, morphologiques ou de changements comportementaux qui permettent la survie des \u00eatres vivants \u00e0 diff\u00e9rents \u00e9cosyst\u00e8mes. L&rsquo;adaptation est une des raisons pour laquelle existe une grande disparit\u00e9 de formes de vie sur notre si jolie plan\u00e8te.<\/p>\n<p>Quand des changements importants se produisent au sein de nos \u00e9cosyst\u00e8mes, certains \u00eatres g\u00e9n\u00e9ralistes qui poss\u00e8dent des besoins sp\u00e9cifiques ont tendance \u00e0 dispara\u00eetre.<\/p>\n<ul>\n<li><strong><u>COMMENT LES ETRES VIVANTS S&rsquo;ADAPTENT A LEUR MILIEU ?<\/u><\/strong><\/li>\n<\/ul>\n<p>Gr\u00e2ce au processus d&rsquo;adaptation, beaucoup d&rsquo;esp\u00e8ces ont r\u00e9ussi \u00e0 traverser les \u00e2ges les plus compliqu\u00e9s de notre Terre. Tous les \u00eatres vivants sont intrins\u00e8quement capables de s&rsquo;adapter mais il s&rsquo;av\u00e8re que beaucoup de ces adaptations se sont faites au hasard des choses (apparition ou disparition des g\u00eanes), de plus, certains animaux ont disparu de la surface de notre plan\u00e8te non pas parce qu&rsquo;ils \u00e9taient inadapt\u00e9s \u00e0 leur environnement mais parce qu&rsquo;une catastrophe a entra\u00een\u00e9 leur disparition. Si vous souhaitez en apprendre plus sur les 5 grandes extinctions animales, c&rsquo;est par ici : Quelles sont les 5 grandes extinctions. L&rsquo;apparition de certaines caract\u00e9ristiques a aussi tr\u00e8s bien pu se produire par la mutation al\u00e9atoire de leur g\u00e9nome. Les diff\u00e9rentes types d&rsquo;adaptations sont :<\/p>\n<ul>\n<li><strong><u>Adaptations physiologiques<\/u><\/strong><\/li>\n<\/ul>\n<p>Ces adaptations sont en liens direct avec des changements du m\u00e9tabolisme des organismes. Certains organes commencent \u00e0 fonctionner de mani\u00e8re diff\u00e9rente quand&#8230;.<\/p>\n<p>Pour obtenir l&rsquo;expos\u00e9 complet contactez le +226 56196345 (WhatsApp).<\/p>\n","protected":false},"featured_media":831,"template":"","meta":{"jetpack_publicize_message":"","jetpack_publicize_feature_enabled":true,"jetpack_social_post_already_shared":false,"jetpack_social_options":{"image_generator_settings":{"template":"highway","default_image_id":0,"font":"","enabled":false},"version":2}},"product_brand":[],"product_cat":[789,627],"product_tag":[794,856],"class_list":{"0":"post-2166","1":"product","2":"type-product","3":"status-publish","4":"has-post-thumbnail","6":"product_cat-environnement","7":"product_cat-sciences-de-la-vie-et-de-la-terre","8":"product_tag-etre-vivants","9":"product_tag-milieu-de-vie","11":"first","12":"instock","13":"downloadable","14":"virtual","15":"sold-individually","16":"purchasable","17":"product-type-simple"},"aioseo_notices":[],"jetpack_publicize_connections":[],"jetpack-related-posts":[],"jetpack_sharing_enabled":true,"_links":{"self":[{"href":"https:\/\/karandoogo.com\/index.php\/wp-json\/wp\/v2\/product\/2166","targetHints":{"allow":["GET"]}}],"collection":[{"href":"https:\/\/karandoogo.com\/index.php\/wp-json\/wp\/v2\/product"}],"about":[{"href":"https:\/\/karandoogo.com\/index.php\/wp-json\/wp\/v2\/types\/product"}],"wp:featuredmedia":[{"embeddable":true,"href":"https:\/\/karandoogo.com\/index.php\/wp-json\/wp\/v2\/media\/831"}],"wp:attachment":[{"href":"https:\/\/karandoogo.com\/index.php\/wp-json\/wp\/v2\/media?parent=2166"}],"wp:term":[{"taxonomy":"product_brand","embeddable":true,"href":"https:\/\/karandoogo.com\/index.php\/wp-json\/wp\/v2\/product_brand?post=2166"},{"taxonomy":"product_cat","embeddable":true,"href":"https:\/\/karandoogo.com\/index.php\/wp-json\/wp\/v2\/product_cat?post=2166"},{"taxonomy":"product_tag","embeddable":true,"href":"https:\/\/karandoogo.com\/index.php\/wp-json\/wp\/v2\/product_tag?post=2166"}],"curies":[{"name":"wp","href":"https:\/\/api.w.org\/{rel}","templated":true}]}}