{"id":2167,"date":"2022-08-31T13:02:24","date_gmt":"2022-08-31T13:02:24","guid":{"rendered":"https:\/\/karandoogo.com\/?post_type=product&#038;p=2167"},"modified":"2025-10-19T13:45:12","modified_gmt":"2025-10-19T13:45:12","slug":"expose-complet-sur-la-diaspora-africaine-en-europe-et-en-amerique","status":"publish","type":"product","link":"https:\/\/karandoogo.com\/index.php\/produit\/expose-complet-sur-la-diaspora-africaine-en-europe-et-en-amerique\/","title":{"rendered":"Expos\u00e9 complet sur la diaspora Africaine en Europe et en Am\u00e9rique"},"content":{"rendered":"","protected":false},"excerpt":{"rendered":"<p><strong>NB:<\/strong> Les documents mis \u00e0 disposition sur ce site sont des documents \u00e0 exploiter, autrement dit des compl\u00e9ments pour parfaire votre travail. Ils ne sont pas faits pour \u00eatre pr\u00e9sent\u00e9s \u00e0 l\u2019\u00e9tat.<\/p>\n<p><strong><u>INTRODUCTION<\/u><\/strong><\/p>\n<ul>\n<li><strong><u>EVOLUTION DE LA DIASPORA AFRICAINE EN EUROPE<\/u><\/strong><\/li>\n<li><strong><u>Origine de la diaspora Africaine en Europe<\/u><\/strong><\/li>\n<li><strong><u>M\u00e9tissage des Africains en Europe<\/u><\/strong><\/li>\n<li><strong><u>Importance d\u00e9mographique des Africains en Europe<\/u><\/strong><\/li>\n<li><strong><u>EVOLUTION DE LA DIASPORA AFRICAINE EN AMERIQUE<\/u><\/strong><\/li>\n<li><strong><u>Origine de la diaspora Africaine en Am\u00e9rique<\/u><\/strong><\/li>\n<li><strong><u>M\u00e9tissage des Africains en Am\u00e9rique<\/u><\/strong><\/li>\n<li><strong><u>Importance d\u00e9mographique des Africains en Am\u00e9rique<\/u><\/strong><\/li>\n<\/ul>\n<p><strong><u>CONCLUSION<\/u><\/strong><\/p>\n<p><strong><u>\u00a0<\/u><\/strong><\/p>\n<p><strong><u>INTRODUCTION<\/u><\/strong><\/p>\n<p>La diaspora africaine est une population qui r\u00e9sulte de la d\u00e9portation d&rsquo;Africains \u00e0 l&rsquo;\u00e9poque des traites n\u00e9gri\u00e8res et de leurs descendants \u00e0 travers le monde d&rsquo;une part, et du ph\u00e9nom\u00e8ne d&rsquo;\u00e9migration d&rsquo;autre part.<\/p>\n<p>Les populations issues de la traite occidentale habitent plus particuli\u00e8rement sur le continent am\u00e9ricain dans les Cara\u00efbes, aux Guyanes (Guyane, Guyana et Suriname), aux \u00c9tats-Unis, au Canada, en Am\u00e9rique centrale et en Am\u00e9rique du Sud (dans tous les pays sauf au Chili et Argentine). Ils sont minoritaires partout sauf aux Antilles, o\u00f9 la population r\u00e9sulte du m\u00e9tissage entre Europ\u00e9ens et Africains. Enfin on peut aussi parler des immigrants africains pendant le xxe si\u00e8cle en France, aux \u00c9tats-Unis, en Grande-Bretagne, Canada, Pays du Golfe, etc.<\/p>\n<p>La diaspora africaine dans le monde a beaucoup marqu\u00e9 l\u2019histoire et les dispositions socio politiques des continents sur lesquelles elle s\u2019\u00e9tait install\u00e9e.\u00a0 Les causes de ce ph\u00e9nom\u00e8ne et son impact seront la principale question analys\u00e9e dans cet expos\u00e9.<\/p>\n<ul>\n<li><strong><u>EVOLUTION DE LA DIASPORA AFRICAINE EN EUROPE<\/u><\/strong><\/li>\n<li><strong><u>Origine de la diaspora Africaine en Europe<\/u><\/strong><\/li>\n<\/ul>\n<p>La constitution des diasporas africaines en France est n\u00e9e de cette n\u00e9cessit\u00e9 d\u2019agir pour sortir l\u2019Afrique noire de la situation de marasme dans laquelle elle se trouve. Cette approche d\u00e9politis\u00e9e doit \u00eatre mise en rapport avec l\u2019\u00e9volution de la formation et de la qualification des Africains qui ont suivi des fili\u00e8res plus techniques (comme l\u2019informatique, le management, la finance, etc.) au d\u00e9triment de branches litt\u00e9raires ou paralitt\u00e9raires. Elles sont relatives aux syst\u00e8mes \u00e9ducationnels non adapt\u00e9 cr\u00e9ant une inad\u00e9quation Emploi- formation, le ch\u00f4mage et au suivisme des autres de la diaspora. Elle concerne, le commerce, le tourisme, la religion, les \u00e9tudes, les visites, les r\u00e9unions et les migrations diplomatiques.<\/p>\n<ul>\n<li><strong><u>M\u00e9tissage des Africains en Europe<\/u><\/strong><\/li>\n<\/ul>\n<p>&nbsp;<\/p>\n<p>Les premiers Africains arriv\u00e9s au Mexique accompagnaient les arm\u00e9es de la Conqu\u00eate. Beaucoup d\u2019entre d\u2019eux \u00e9taient \u00ab m\u00e9tis \u00bb : ils \u00e9taient familiaris\u00e9s avec l\u2019h\u00e9ritage castillan et avaient \u00e9t\u00e9 christianis\u00e9s ; plusieurs d\u2019entre eux avaient obtenu&#8230;<\/p>\n<p>Pour obtenir l&rsquo;expos\u00e9 complet contactez le +226 56196345 (WhatsApp).<\/p>\n","protected":false},"featured_media":831,"template":"","meta":{"jetpack_publicize_message":"","jetpack_publicize_feature_enabled":true,"jetpack_social_post_already_shared":false,"jetpack_social_options":{"image_generator_settings":{"template":"highway","default_image_id":0,"font":"","enabled":false},"version":2}},"product_brand":[],"product_cat":[549,811,546],"product_tag":[857,818,653],"class_list":{"0":"post-2167","1":"product","2":"type-product","3":"status-publish","4":"has-post-thumbnail","6":"product_cat-geographie","7":"product_cat-geopolitique","8":"product_cat-societe","9":"product_tag-amerique","10":"product_tag-diaspora-africaine","11":"product_tag-europe","13":"first","14":"instock","15":"downloadable","16":"virtual","17":"sold-individually","18":"purchasable","19":"product-type-simple"},"aioseo_notices":[],"jetpack_publicize_connections":[],"jetpack-related-posts":[],"jetpack_sharing_enabled":true,"_links":{"self":[{"href":"https:\/\/karandoogo.com\/index.php\/wp-json\/wp\/v2\/product\/2167","targetHints":{"allow":["GET"]}}],"collection":[{"href":"https:\/\/karandoogo.com\/index.php\/wp-json\/wp\/v2\/product"}],"about":[{"href":"https:\/\/karandoogo.com\/index.php\/wp-json\/wp\/v2\/types\/product"}],"wp:featuredmedia":[{"embeddable":true,"href":"https:\/\/karandoogo.com\/index.php\/wp-json\/wp\/v2\/media\/831"}],"wp:attachment":[{"href":"https:\/\/karandoogo.com\/index.php\/wp-json\/wp\/v2\/media?parent=2167"}],"wp:term":[{"taxonomy":"product_brand","embeddable":true,"href":"https:\/\/karandoogo.com\/index.php\/wp-json\/wp\/v2\/product_brand?post=2167"},{"taxonomy":"product_cat","embeddable":true,"href":"https:\/\/karandoogo.com\/index.php\/wp-json\/wp\/v2\/product_cat?post=2167"},{"taxonomy":"product_tag","embeddable":true,"href":"https:\/\/karandoogo.com\/index.php\/wp-json\/wp\/v2\/product_tag?post=2167"}],"curies":[{"name":"wp","href":"https:\/\/api.w.org\/{rel}","templated":true}]}}