{"id":2168,"date":"2022-08-31T13:06:01","date_gmt":"2022-08-31T13:06:01","guid":{"rendered":"https:\/\/karandoogo.com\/?post_type=product&#038;p=2168"},"modified":"2025-10-19T13:45:12","modified_gmt":"2025-10-19T13:45:12","slug":"expose-complet-sur-le-leadership-types-formes-critiques","status":"publish","type":"product","link":"https:\/\/karandoogo.com\/index.php\/produit\/expose-complet-sur-le-leadership-types-formes-critiques\/","title":{"rendered":"Expos\u00e9 complet sur le Leadership (Types, Formes, Critiques)"},"content":{"rendered":"","protected":false},"excerpt":{"rendered":"<p><strong>NB:<\/strong> Les documents mis \u00e0 disposition sur ce site sont des documents \u00e0 exploiter, autrement dit des compl\u00e9ments pour parfaire votre travail. Ils ne sont pas faits pour \u00eatre pr\u00e9sent\u00e9s \u00e0 l\u2019\u00e9tat.<\/p>\n<p><strong><u>INTRODUCTION<\/u><\/strong><\/p>\n<ul>\n<li><strong><u>DEFINITION CONCEPTUELLE<\/u><\/strong><\/li>\n<li><strong><u>LES DIFFERENTS TYPES DE LEADERSHIP<\/u><\/strong><\/li>\n<\/ul>\n<ol>\n<li><strong><u>Le leadership \u00ab entrepreneurial \u00bb <\/u><\/strong><\/li>\n<li><strong><u>Le leadership de \u00ab dirigeance \u00bb <\/u><\/strong><\/li>\n<li><strong><u>Le leadership \u00ab manag\u00e9rial \u00bb <\/u><\/strong><\/li>\n<li><strong><u>Le leadership \u00ab d\u2019expertise \u00bb <\/u><\/strong><\/li>\n<\/ol>\n<ul>\n<li><strong><u>LES FORMES D\u2019ACQUISITION DU LEADERSHIP<\/u><\/strong><\/li>\n<\/ul>\n<ol>\n<li><strong><u>Leadership par le comportement<\/u><\/strong><\/li>\n<li><strong><u>Leadership par transformation<\/u><\/strong><\/li>\n<li><strong><u>Le leadership de situation<\/u><\/strong><\/li>\n<\/ol>\n<ul>\n<li><strong><u>CRITIQUE DU LEADERSHIP<\/u><\/strong><\/li>\n<\/ul>\n<p><strong><u>CONCLUSION<\/u><\/strong><\/p>\n<p><strong><u>\u00a0<\/u><\/strong><\/p>\n<p><strong><u>INTRODUCTION<\/u><\/strong><\/p>\n<p>Le leadership est l&rsquo;influence politique, psychologique, sociale, etc. d&rsquo;un individu sur un groupe d&rsquo;individus ou d&rsquo;un groupe d&rsquo;individus sur un autre groupe. Le leader a des comp\u00e9tences personnelles qui lui conf\u00e8rent une diff\u00e9rence et qui lui permettent d&rsquo;\u00eatre \u00e9cout\u00e9 et suivi par un groupe de personnes. Le mot Leadership vient de l&rsquo;anglais leader, le meneur et non le chef, d\u00e9sign\u00e9 par ses pairs, d&rsquo;un parti politique en Grande-Bretagne, et du suffixe -ship. D&rsquo;une mani\u00e8re g\u00e9n\u00e9rale, il peut \u00eatre d\u00e9fini comme \u00ab la capacit\u00e9 d&rsquo;un individu \u00e0 influencer, \u00e0 motiver, et \u00e0 rendre les autres capables de contribuer \u00e0 l&rsquo;efficacit\u00e9 et au succ\u00e8s des organisations dont ils sont membres \u00bb. Il d\u00e9signe les comportements que l&rsquo;on peut reconna\u00eetre \u00e0 celui qui assure la \u00ab fonction du leader \u00bb.<\/p>\n<ul>\n<li><strong><u>DEFINITION CONCEPTUELLE<\/u><\/strong><\/li>\n<\/ul>\n<p>Le leadership peut s&rsquo;appr\u00e9hender comme la capacit\u00e9 \u00e0 cr\u00e9er un Monde auquel les autres veulent appartenir. Cette approche s&rsquo;appuie sur les travaux des chercheurs Boltanski et Th\u00e9venot sur la th\u00e9orie des Mondes. Le leadership est alors la capacit\u00e9 \u00e0 diagnostiquer et comprendre le Monde actuel, \u00e0 concevoir et incarner le Monde voulu et enfin \u00e0 construire les passerelles pour que les autres acteurs rejoignent le Monde voulu.<\/p>\n<ul>\n<li><strong><u>LES DIFFERENTS TYPES D LEADERSHIP<\/u><\/strong><\/li>\n<\/ul>\n<p>&nbsp;<\/p>\n<p>Le leadership est susceptible de s&rsquo;exprimer \u00e0 tous les niveaux d&rsquo;une organisation. Sch\u00e9matiquement, il est possible de pr\u00e9senter quatre grandes typologies du leadership selon deux crit\u00e8res : d&rsquo;une part, le niveau d\u2019impact du leadership sur la strat\u00e9gie de l&rsquo;organisation ; d&rsquo;autre part, l&rsquo;origine de la l\u00e9gitimit\u00e9 du leadership de celui ou celle qui l\u2019incarne.<\/p>\n<ol>\n<li><strong><u>Le leadership \u00ab entrepreneurial \u00bb <\/u><\/strong><\/li>\n<\/ol>\n<p>Il tire sa l\u00e9gitimit\u00e9 de la capacit\u00e9 du dirigeant \u00e0 imaginer et \u00e0 mettre en \u0153uvre des projets cr\u00e9ateurs de valeur tout en \u00e9tant dispos\u00e9 \u00e0 prendre des risques, notamment sur ses biens personnels. Le niveau \u00e9lev\u00e9 d\u2019engagement et&#8230;<\/p>\n<p>Pour obtenir l&rsquo;expos\u00e9 complet contactez le +226 56196345 (WhatsApp).<\/p>\n","protected":false},"featured_media":831,"template":"","meta":{"jetpack_publicize_message":"","jetpack_publicize_feature_enabled":true,"jetpack_social_post_already_shared":false,"jetpack_social_options":{"image_generator_settings":{"template":"highway","default_image_id":0,"font":"","enabled":false},"version":2}},"product_brand":[],"product_cat":[546],"product_tag":[858],"class_list":{"0":"post-2168","1":"product","2":"type-product","3":"status-publish","4":"has-post-thumbnail","6":"product_cat-societe","7":"product_tag-leadership","9":"first","10":"instock","11":"downloadable","12":"virtual","13":"sold-individually","14":"purchasable","15":"product-type-simple"},"aioseo_notices":[],"jetpack_publicize_connections":[],"jetpack-related-posts":[],"jetpack_sharing_enabled":true,"_links":{"self":[{"href":"https:\/\/karandoogo.com\/index.php\/wp-json\/wp\/v2\/product\/2168","targetHints":{"allow":["GET"]}}],"collection":[{"href":"https:\/\/karandoogo.com\/index.php\/wp-json\/wp\/v2\/product"}],"about":[{"href":"https:\/\/karandoogo.com\/index.php\/wp-json\/wp\/v2\/types\/product"}],"wp:featuredmedia":[{"embeddable":true,"href":"https:\/\/karandoogo.com\/index.php\/wp-json\/wp\/v2\/media\/831"}],"wp:attachment":[{"href":"https:\/\/karandoogo.com\/index.php\/wp-json\/wp\/v2\/media?parent=2168"}],"wp:term":[{"taxonomy":"product_brand","embeddable":true,"href":"https:\/\/karandoogo.com\/index.php\/wp-json\/wp\/v2\/product_brand?post=2168"},{"taxonomy":"product_cat","embeddable":true,"href":"https:\/\/karandoogo.com\/index.php\/wp-json\/wp\/v2\/product_cat?post=2168"},{"taxonomy":"product_tag","embeddable":true,"href":"https:\/\/karandoogo.com\/index.php\/wp-json\/wp\/v2\/product_tag?post=2168"}],"curies":[{"name":"wp","href":"https:\/\/api.w.org\/{rel}","templated":true}]}}