{"id":2169,"date":"2022-08-31T13:09:08","date_gmt":"2022-08-31T13:09:08","guid":{"rendered":"https:\/\/karandoogo.com\/?post_type=product&#038;p=2169"},"modified":"2025-10-19T13:45:12","modified_gmt":"2025-10-19T13:45:12","slug":"expose-complet-sur-le-mythe-de-tantale","status":"publish","type":"product","link":"https:\/\/karandoogo.com\/index.php\/produit\/expose-complet-sur-le-mythe-de-tantale\/","title":{"rendered":"Expose complet sur le mythe de Tantale"},"content":{"rendered":"","protected":false},"excerpt":{"rendered":"<p><strong>NB:<\/strong> Les documents mis \u00e0 disposition sur ce site sont des documents \u00e0 exploiter, autrement dit des compl\u00e9ments pour parfaire votre travail. Ils ne sont pas faits pour \u00eatre pr\u00e9sent\u00e9s \u00e0 l\u2019\u00e9tat.<\/p>\n<p><strong>Plan<\/strong><\/p>\n<p><strong>Introduction<\/strong><\/p>\n<ul>\n<li><a href=\"zeno:\/\/fr.wikipedia\/A\/Tantale%20(mythologie)#Mythe\"><strong>Mythe<\/strong><\/a><\/li>\n<li><a href=\"zeno:\/\/fr.wikipedia\/A\/Tantale%20(mythologie)#Interpr.C3.A9tation\"><strong>Interpr\u00e9tation<\/strong><\/a><\/li>\n<li><a href=\"zeno:\/\/fr.wikipedia\/A\/Tantale%20(mythologie)#Bibliographie\"><strong>Bibliographie<\/strong><\/a><\/li>\n<\/ul>\n<p><strong>Conclusion<\/strong><\/p>\n<p><strong>\u00a0<\/strong><\/p>\n<p><strong>\u00a0<\/strong><\/p>\n<p><strong>Introduction<\/strong><\/p>\n<p>Dans la <a href=\"zeno:\/\/fr.wikipedia\/A\/Mythologie%20grecque\">mythologie grecque<\/a>, <strong>Tantale<\/strong> (en <a href=\"zeno:\/\/fr.wikipedia\/A\/Grec%20ancien\">grec ancien<\/a>\u03a4\u03ac\u03bd\u03c4\u03b1\u03bb\u03bf\u03c2 \/ <em>T\u00e1ntalos<\/em>, le rapprochement avec \u03c4\u03ac\u03bb\u03b1\u03c2 \/ <em>t\u00e1las<\/em>, \u00ab\u00a0malheureux\u00a0\u00bb, est une <a href=\"zeno:\/\/fr.wikipedia\/A\/%C3%89tymologie%20populaire\">\u00e9tymologie populaire<\/a>) est un mortel, fils de <a href=\"zeno:\/\/fr.wikipedia\/A\/Zeus\">Zeus<\/a> et de la nymphe <a href=\"zeno:\/\/fr.wikipedia\/A\/Plouto\">Plouto<\/a>, et roi de <a href=\"zeno:\/\/fr.wikipedia\/A\/Phrygie\">Phrygie<\/a> ou de <a href=\"zeno:\/\/fr.wikipedia\/A\/Lydie\">Lydie<\/a>. Il est l&rsquo;\u00e9poux de <a href=\"zeno:\/\/fr.wikipedia\/A\/Dion%C3%A9%20%28Hyade%29\">Dion\u00e9<\/a>, fille d&rsquo;<a href=\"zeno:\/\/fr.wikipedia\/A\/Atlas%20%28mythologie%29\">Atlas<\/a>, et le p\u00e8re de <a href=\"zeno:\/\/fr.wikipedia\/A\/P%C3%A9lops\">P\u00e9lops<\/a>, de <a href=\"zeno:\/\/fr.wikipedia\/A\/Niob%C3%A9%20fille%20de%20Tantale\">Niob\u00e9<\/a>, et de Brot\u00e9as.<\/p>\n<table>\n<tbody>\n<tr>\n<td><\/td>\n<\/tr>\n<\/tbody>\n<\/table>\n<ul>\n<li><strong>Mythe<\/strong><\/li>\n<\/ul>\n<p>Les dieux honor\u00e8rent son amiti\u00e9 et ils le re\u00e7urent \u00e0 leur table divine o\u00f9 il put devenir immortel en mangeant leur nourriture. Selon <a href=\"zeno:\/\/fr.wikipedia\/A\/Pindare\">Pindare<\/a>, il aurait vol\u00e9 l&rsquo;<a href=\"zeno:\/\/fr.wikipedia\/A\/Ambroisie%20%28mythologie%29\">ambroisie<\/a> pour donner ce mets divin aux mortels.<\/p>\n<p>Selon <a href=\"zeno:\/\/fr.wikipedia\/A\/Pausanias\">Pausanias<\/a>, lorsque le voleur <a href=\"zeno:\/\/fr.wikipedia\/A\/Pandar%C3%A9os\">Pandar\u00e9os<\/a> vint lui remettre le chien d&rsquo;or sacr\u00e9 vol\u00e9 dans le temple de Zeus en <a href=\"zeno:\/\/fr.wikipedia\/A\/Cr%C3%A8te\">Cr\u00e8te<\/a>, Tantale nia le poss\u00e9der puis refusa de le rendre \u00e0 <a href=\"zeno:\/\/fr.wikipedia\/A\/Herm%C3%A8s\">Herm\u00e8s<\/a>.<\/p>\n<p>Selon <a href=\"zeno:\/\/fr.wikipedia\/A\/Ovide\">Ovide<\/a>, il sert aux dieux son propre fils P\u00e9lops pour le simple plaisir de tester leur omniscience. Selon les versions plus anciennes, une ou deux divinit\u00e9s, notamment <a href=\"zeno:\/\/fr.wikipedia\/A\/D%C3%A9m%C3%A9ter\">D\u00e9m\u00e9ter<\/a>, tourment\u00e9e par l&rsquo;enl\u00e8vement de sa fille <a href=\"zeno:\/\/fr.wikipedia\/A\/Pers%C3%A9phone\">Pers\u00e9phone<\/a>, auraient quand m\u00eame&#8230;<\/p>\n<p>Pour obtenir l&rsquo;expos\u00e9 complet contactez le +226 56196345 (WhatsApp).<\/p>\n","protected":false},"featured_media":831,"template":"","meta":{"jetpack_publicize_message":"","jetpack_publicize_feature_enabled":true,"jetpack_social_post_already_shared":false,"jetpack_social_options":{"image_generator_settings":{"template":"highway","default_image_id":0,"font":"","enabled":false},"version":2}},"product_brand":[],"product_cat":[598,613],"product_tag":[859,860],"class_list":{"0":"post-2169","1":"product","2":"type-product","3":"status-publish","4":"has-post-thumbnail","6":"product_cat-litterature","7":"product_cat-philosophie","8":"product_tag-mythe","9":"product_tag-tantale","11":"first","12":"instock","13":"downloadable","14":"virtual","15":"sold-individually","16":"purchasable","17":"product-type-simple"},"aioseo_notices":[],"jetpack_publicize_connections":[],"jetpack-related-posts":[],"jetpack_sharing_enabled":true,"_links":{"self":[{"href":"https:\/\/karandoogo.com\/index.php\/wp-json\/wp\/v2\/product\/2169","targetHints":{"allow":["GET"]}}],"collection":[{"href":"https:\/\/karandoogo.com\/index.php\/wp-json\/wp\/v2\/product"}],"about":[{"href":"https:\/\/karandoogo.com\/index.php\/wp-json\/wp\/v2\/types\/product"}],"wp:featuredmedia":[{"embeddable":true,"href":"https:\/\/karandoogo.com\/index.php\/wp-json\/wp\/v2\/media\/831"}],"wp:attachment":[{"href":"https:\/\/karandoogo.com\/index.php\/wp-json\/wp\/v2\/media?parent=2169"}],"wp:term":[{"taxonomy":"product_brand","embeddable":true,"href":"https:\/\/karandoogo.com\/index.php\/wp-json\/wp\/v2\/product_brand?post=2169"},{"taxonomy":"product_cat","embeddable":true,"href":"https:\/\/karandoogo.com\/index.php\/wp-json\/wp\/v2\/product_cat?post=2169"},{"taxonomy":"product_tag","embeddable":true,"href":"https:\/\/karandoogo.com\/index.php\/wp-json\/wp\/v2\/product_tag?post=2169"}],"curies":[{"name":"wp","href":"https:\/\/api.w.org\/{rel}","templated":true}]}}