{"id":2170,"date":"2022-08-31T13:27:42","date_gmt":"2022-08-31T13:27:42","guid":{"rendered":"https:\/\/karandoogo.com\/?post_type=product&#038;p=2170"},"modified":"2025-10-19T13:45:12","modified_gmt":"2025-10-19T13:45:12","slug":"expose-complet-sur-le-royaume-dabomey-origine-evolution-civilisation-et-declin","status":"publish","type":"product","link":"https:\/\/karandoogo.com\/index.php\/produit\/expose-complet-sur-le-royaume-dabomey-origine-evolution-civilisation-et-declin\/","title":{"rendered":"Expos\u00e9 complet sur le Royaume du Dahomey\/Abomey (Origine, \u00e9volution, civilisation et d\u00e9clin)"},"content":{"rendered":"","protected":false},"excerpt":{"rendered":"<p><strong>NB:<\/strong> Les documents mis \u00e0 disposition sur ce site sont des documents \u00e0 exploiter, autrement dit des compl\u00e9ments pour parfaire votre travail. Ils ne sont pas faits pour \u00eatre pr\u00e9sent\u00e9s \u00e0 l\u2019\u00e9tat.<\/p>\n<p><strong><u>PLAN<\/u><\/strong><\/p>\n<p><strong><u>INTRODUCTION<\/u><\/strong><\/p>\n<ul>\n<li><strong><u>HISTOIRE\u00a0DU ROYAUME DU DAHOMEY: <\/u><\/strong><\/li>\n<li><strong><u>Origine et Evolution<\/u><\/strong><\/li>\n<li><strong>D\u00e9clin<\/strong><\/li>\n<li><strong><u>ORGANISATION DU ROYAUME DU DAHOMEY<\/u><\/strong><\/li>\n<li><strong><u>Organisation politique<\/u><\/strong><\/li>\n<li><strong><u>Organisation \u00e9conomique<\/u><\/strong><\/li>\n<li><strong><u>Organisation sociale<\/u><\/strong><\/li>\n<li><strong><u>LA CIVILISATION DU ROYAUME DU DAHOMEY<\/u><\/strong><\/li>\n<li><strong><u>Le culte des morts<\/u><\/strong><\/li>\n<li><strong><u>Les religions du serpent (vodou)<\/u><\/strong><\/li>\n<li><strong><u>Les Amazones<\/u><\/strong><\/li>\n<li><strong><u>R\u00e9sum\u00e9<\/u><\/strong>: <strong><u>Le royaume \u00e9tait bien organis\u00e9<\/u><\/strong>\u00a0:<\/li>\n<\/ul>\n<p><strong><u>CONCLUSION<\/u><\/strong><\/p>\n<p><strong><u>\u00a0<\/u><\/strong><\/p>\n<p><strong><u>\u00a0<\/u><\/strong><\/p>\n<p><strong><u>\u00a0<\/u><\/strong><\/p>\n<p><strong><u>\u00a0<\/u><\/strong><\/p>\n<p><strong><u>\u00a0<\/u><\/strong><\/p>\n<p><strong><u>\u00a0<\/u><\/strong><\/p>\n<p><strong><u>\u00a0<\/u><\/strong><\/p>\n<p><strong><u>\u00a0<\/u><\/strong><\/p>\n<p><strong><u>\u00a0<\/u><\/strong><\/p>\n<p><strong><u>\u00a0<\/u><\/strong><\/p>\n<p><strong><u>\u00a0<\/u><\/strong><\/p>\n<p><strong><u>INTRODUCTION<\/u><\/strong><\/p>\n<p>Entre le XVIIe si\u00e8cle et le XIXe si\u00e8cle l\u2019Afrique occidentale\u00a0 c\u00f4ti\u00e8re connait la domination de plusieurs royaumes parmi lesquels nous avons le royaume du Dahomey qui s\u2019\u00e9tendait dans les r\u00e9gions actuelles du Benin autour de la ville d\u2019Abomey. La naissance de ce royaume et son d\u00e9veloppement furent favoris\u00e9s par la traite n\u00e9gri\u00e8re. Comme d\u2019autres royaumes le royaume de Dahomey avait aussi, une organisation politique, \u00e9conomique et sociale. Il fut\u00a0 origine d\u2019une civilisation.<\/p>\n<ul>\n<li><strong><u>ORGANISATION DU ROYAUME DU DAHOMEY<\/u><\/strong><\/li>\n<li><strong><u>Origine et Evolution<\/u><\/strong><\/li>\n<\/ul>\n<p>Selon les traditions locales, des populations d\u2019origine Yorouba auraient quitt\u00e9 auraient quitt\u00e9 au \u00a0XVIe si\u00e8cle la r\u00e9gion de Ketou en pays Yorouba (Ouest et Sud du Nig\u00e9ria est du Benin) pour s\u2019\u00e9tablir \u00e0 Tado pr\u00e8s \u00a0du fleuve Mono Deux groupes s\u2019y forment\u00a0: Les Ewe (ou Ewe) qui se dirigent vers l\u2019Ouest (actuel Togo) et les Fons (Dauma ou Dahomees) qui s\u2019installent \u00e0 l\u2019Est. Les Ewe (ou Ehve) cr\u00e9ent Nuatja. Mais l\u2019avenement d\u2019un pouvoir autoritaire pousse vers 1700-1750 l\u2019ethnie \u00e0 se diviser en trois groupes\u00a0: les Anlos (ou Anglo) l\u2019Est de la Volta (fleuve vers le golfe de Guin\u00e9e) et les Ouatchis. Ils s\u2019installent dans les r\u00e9gions o\u00f9 ils vivent aujourd\u2019hui et forment des chefferies ou r\u00e9publique dirig\u00e9es par des conseils de sages.<\/p>\n<p>Les forts eux fondent trois royaumes. Vers 1600, ils fondent Allada (royaume des Ardres ou d\u2019Adra). Puis des guerres de succession conduisent \u00e0 la formation de deux autres royaumes Abomey et Adjatche (Porto Novo)<\/p>\n<p>Le royaume d\u2019Abomey, rebaptise plus tard Dahomey probablement par mauvaise retranscription europ\u00e9enne, prend vite le dessus lors de guerres de conqu\u00eate contre ses voisins et les Yorouba.<\/p>\n<p>Le royaume\u00a0 de Dahomey, est ainsi cr\u00e9e en 1625 par le peuple fon, \u00e9tabli depuis peu de temps dans la r\u00e9gion en provenance d\u2019un royaume Yorouba voisin (cf. ci-dessus) ou qui r\u00e9sulte de mariages entre le peuple Aja (ou Ada) et le peuple local Gedevi. Aho Houegbadja (vers 1645-1685) 3<sup>e<\/sup> roi d\u2019Abomey est le fondateur du D\u2019Abomey. C\u2019est \u00a0un roi b\u00e2tisseur qui fait construire les palais royaux d\u2019Abomey et&#8230;<\/p>\n<p>Pour obtenir l&rsquo;expos\u00e9 complet contactez le +226 56196345 (WhatsApp).<\/p>\n","protected":false},"featured_media":831,"template":"","meta":{"jetpack_publicize_message":"","jetpack_publicize_feature_enabled":true,"jetpack_social_post_already_shared":false,"jetpack_social_options":{"image_generator_settings":{"template":"highway","default_image_id":0,"font":"","enabled":false},"version":2}},"product_brand":[],"product_cat":[608],"product_tag":[574,862],"class_list":{"0":"post-2170","1":"product","2":"type-product","3":"status-publish","4":"has-post-thumbnail","6":"product_cat-histoire","7":"product_tag-histoire-des-peuples-dafrique","8":"product_tag-royaume-dabomey","10":"first","11":"instock","12":"downloadable","13":"virtual","14":"sold-individually","15":"purchasable","16":"product-type-simple"},"aioseo_notices":[],"jetpack_publicize_connections":[],"jetpack-related-posts":[],"jetpack_sharing_enabled":true,"_links":{"self":[{"href":"https:\/\/karandoogo.com\/index.php\/wp-json\/wp\/v2\/product\/2170","targetHints":{"allow":["GET"]}}],"collection":[{"href":"https:\/\/karandoogo.com\/index.php\/wp-json\/wp\/v2\/product"}],"about":[{"href":"https:\/\/karandoogo.com\/index.php\/wp-json\/wp\/v2\/types\/product"}],"wp:featuredmedia":[{"embeddable":true,"href":"https:\/\/karandoogo.com\/index.php\/wp-json\/wp\/v2\/media\/831"}],"wp:attachment":[{"href":"https:\/\/karandoogo.com\/index.php\/wp-json\/wp\/v2\/media?parent=2170"}],"wp:term":[{"taxonomy":"product_brand","embeddable":true,"href":"https:\/\/karandoogo.com\/index.php\/wp-json\/wp\/v2\/product_brand?post=2170"},{"taxonomy":"product_cat","embeddable":true,"href":"https:\/\/karandoogo.com\/index.php\/wp-json\/wp\/v2\/product_cat?post=2170"},{"taxonomy":"product_tag","embeddable":true,"href":"https:\/\/karandoogo.com\/index.php\/wp-json\/wp\/v2\/product_tag?post=2170"}],"curies":[{"name":"wp","href":"https:\/\/api.w.org\/{rel}","templated":true}]}}