{"id":2180,"date":"2022-08-31T13:17:57","date_gmt":"2022-08-31T13:17:57","guid":{"rendered":"https:\/\/karandoogo.com\/?post_type=product&#038;p=2180"},"modified":"2025-10-19T13:45:12","modified_gmt":"2025-10-19T13:45:12","slug":"expose-complet-sur-le-royaume-bambara-du-segou","status":"publish","type":"product","link":"https:\/\/karandoogo.com\/index.php\/produit\/expose-complet-sur-le-royaume-bambara-du-segou\/","title":{"rendered":"Expose complet sur le royaume Bambara du S\u00e9gou"},"content":{"rendered":"","protected":false},"excerpt":{"rendered":"<p><strong>NB:<\/strong> Les documents mis \u00e0 disposition sur ce site sont des documents \u00e0 exploiter, autrement dit des compl\u00e9ments pour parfaire votre travail. Ils ne sont pas faits pour \u00eatre pr\u00e9sent\u00e9s \u00e0 l\u2019\u00e9tat.<\/p>\n<p><strong><u>INTRODUCTION<\/u><\/strong><\/p>\n<ul>\n<li><strong><u>EVOLUTION DU ROYAUME<\/u><\/strong><\/li>\n<\/ul>\n<ol>\n<li><strong><u>Origine du Royaume<\/u><\/strong><\/li>\n<li><strong><u>Evolution du Royaume<\/u><\/strong><\/li>\n<li><strong><u>Apog\u00e9e du Royaume<\/u><\/strong><\/li>\n<li><strong><u>D\u00e9clin du royaume<\/u><\/strong><\/li>\n<\/ol>\n<ul>\n<li><strong><u>CIVILISATION DU ROYAUME BAMBARA DE SEGOU<\/u><\/strong><\/li>\n<\/ul>\n<ol>\n<li><strong><u>Organisation politique<\/u><\/strong><\/li>\n<li><strong><u>Organisation sociale<\/u><\/strong><\/li>\n<li><strong><u>Organisation \u00e9conomique<\/u><\/strong><\/li>\n<\/ol>\n<p><strong><u>CONCLUSION<\/u><\/strong><\/p>\n<p><strong><u>\u00a0<\/u><\/strong><\/p>\n<p><strong><u>INTRODUCTION<\/u><\/strong><\/p>\n<p>Au milieu du XVIIe si\u00e8cle, les Bambaras cr\u00e9ent avec Kaladjan Coulibaly un royaume animiste autour de S\u00e9gou . Deux dynasties r\u00e9gnantes se succ\u00e9d\u00e8rent : celle des Coulibaly et des Diarra. Les souverains les plus connus furent Biton Mamary Coulibaly et Monzon Diarra , qui porta le royaume de S\u00e9gou \u00e0 son apog\u00e9e [1] . Kaladjan Coulibaly r\u00e8gne pendant trente ans ( 1652- 1682) mais ne r\u00e9ussit pas \u00e0 fonder un \u00c9tat stable. Ses successeurs seraient les rois Danfassari (1682-1697) et Soma (1697-1712).<\/p>\n<ul>\n<li><strong><u>EVOLUTION DU ROYAUME<\/u><\/strong><\/li>\n<li><strong><u>Origine du Royaume<\/u><\/strong><\/li>\n<\/ul>\n<p>C&rsquo;est aux alentours de 1712 que Mamari Coulibaly prend le pouvoir \u00e0 S\u00e9gou gr\u00e2ce \u00e0 son \u00ab ton \u00bb, qui est une association compos\u00e9e de personnes de m\u00eame classe d&rsquo;\u00e2ge. Ce ton regroupait, sur une base \u00e9galitaire, des personnes de diff\u00e9rentes ethnies, des animistes comme des musulmans. Mamari Coulibaly, fils de chasseur , \u00e9tant reconnu par ses pairs comme chef d\u2019un \u00ab ton \u00bb, s&#8217;empare de S\u00e9gou et pr\u00eate serment d&rsquo;all\u00e9geance \u00e0 cette association, d&rsquo;o\u00f9 son surnom de \u00ab Biton \u00bb Coulibaly ( bi ton =\u00ab fils du ton \u00bb en peul ). C\u2019est \u00e0 partir de ce moment que le royaume va asseoir son autorit\u00e9.<\/p>\n<p>&nbsp;<\/p>\n<ul>\n<li><strong><u>Evolution du Royaume<\/u><\/strong><\/li>\n<\/ul>\n<p>Biton Coulibaly structure les tons en v\u00e9ritable arm\u00e9e de m\u00e9tier compos\u00e9e de volontaires, les \u00ab tondjons \u00bb (serviteurs du ton) mais o\u00f9 sont \u00e9galement incorpor\u00e9s d\u2019office les captifs de guerre et les habitants qui n\u2019arrivent pas \u00e0 payer l\u2019imp\u00f4t obligatoire sur le dolo . S\u2019associant aux Somono , une ethnie de p\u00eacheurs, il cr\u00e9e une flotte de guerre sur le Niger. Biton Coulibaly r\u00e8gne de 1712 \u00e0 sa mort en 1755 . Pendant son r\u00e8gne&#8230;<\/p>\n<p>Pour obtenir l&rsquo;expos\u00e9 complet contactez le +226 56196345 (WhatsApp).<\/p>\n","protected":false},"featured_media":831,"template":"","meta":{"jetpack_publicize_message":"","jetpack_publicize_feature_enabled":true,"jetpack_social_post_already_shared":false,"jetpack_social_options":{"image_generator_settings":{"template":"highway","default_image_id":0,"font":"","enabled":false},"version":2}},"product_brand":[],"product_cat":[608],"product_tag":[574,861],"class_list":{"0":"post-2180","1":"product","2":"type-product","3":"status-publish","4":"has-post-thumbnail","6":"product_cat-histoire","7":"product_tag-histoire-des-peuples-dafrique","8":"product_tag-royaume-bambara-de-segou","10":"first","11":"instock","12":"downloadable","13":"virtual","14":"sold-individually","15":"purchasable","16":"product-type-simple"},"aioseo_notices":[],"jetpack_publicize_connections":[],"jetpack-related-posts":[],"jetpack_sharing_enabled":true,"_links":{"self":[{"href":"https:\/\/karandoogo.com\/index.php\/wp-json\/wp\/v2\/product\/2180","targetHints":{"allow":["GET"]}}],"collection":[{"href":"https:\/\/karandoogo.com\/index.php\/wp-json\/wp\/v2\/product"}],"about":[{"href":"https:\/\/karandoogo.com\/index.php\/wp-json\/wp\/v2\/types\/product"}],"wp:featuredmedia":[{"embeddable":true,"href":"https:\/\/karandoogo.com\/index.php\/wp-json\/wp\/v2\/media\/831"}],"wp:attachment":[{"href":"https:\/\/karandoogo.com\/index.php\/wp-json\/wp\/v2\/media?parent=2180"}],"wp:term":[{"taxonomy":"product_brand","embeddable":true,"href":"https:\/\/karandoogo.com\/index.php\/wp-json\/wp\/v2\/product_brand?post=2180"},{"taxonomy":"product_cat","embeddable":true,"href":"https:\/\/karandoogo.com\/index.php\/wp-json\/wp\/v2\/product_cat?post=2180"},{"taxonomy":"product_tag","embeddable":true,"href":"https:\/\/karandoogo.com\/index.php\/wp-json\/wp\/v2\/product_tag?post=2180"}],"curies":[{"name":"wp","href":"https:\/\/api.w.org\/{rel}","templated":true}]}}