{"id":2184,"date":"2022-08-31T14:13:13","date_gmt":"2022-08-31T14:13:13","guid":{"rendered":"https:\/\/karandoogo.com\/?post_type=product&#038;p=2184"},"modified":"2025-10-19T13:45:12","modified_gmt":"2025-10-19T13:45:12","slug":"expose-complet-sur-limpact-de-lurbanisation-sur-lenvironnement","status":"publish","type":"product","link":"https:\/\/karandoogo.com\/index.php\/produit\/expose-complet-sur-limpact-de-lurbanisation-sur-lenvironnement\/","title":{"rendered":"Expos\u00e9 complet sur l&rsquo;impact de l&rsquo;urbanisation sur l&rsquo;environnement"},"content":{"rendered":"","protected":false},"excerpt":{"rendered":"<p><strong>NB:<\/strong> Les documents mis \u00e0 disposition sur ce site sont des documents \u00e0 exploiter, autrement dit des compl\u00e9ments pour parfaire votre travail. Ils ne sont pas faits pour \u00eatre pr\u00e9sent\u00e9s \u00e0 l\u2019\u00e9tat.<\/p>\n<p><strong><u>PLAN<\/u><\/strong><\/p>\n<p><strong><u>INTRODUCTION<\/u><\/strong><\/p>\n<ul>\n<li><strong><u>DEFINITION <\/u><\/strong><\/li>\n<li><strong><u>D\u00e9finition simple<\/u><\/strong><\/li>\n<li><strong><u>D\u00e9finition \u00e9tendue de l\u2019urbanisation<\/u><\/strong><\/li>\n<li><strong><u>CARACTERISTIQUES DE L\u2019URBANISATION <\/u><\/strong><\/li>\n<li><strong><u>Un ph\u00e9nom\u00e8ne croissant, peut-\u00eatre irr\u00e9versible<\/u><\/strong><\/li>\n<li><strong><u>Urbanisation et d\u00e9veloppement durable<\/u><\/strong><\/li>\n<li><strong><u>IMPACT DE L\u2019URBANISATION SUR L\u2019ENVIRONNEMENT <\/u><\/strong><\/li>\n<li><strong><u>Impact positif :<\/u><\/strong><\/li>\n<li><strong><u>Impact n\u00e9gatif : <\/u><\/strong><\/li>\n<\/ul>\n<p><strong><u>CONCLUSION<\/u><\/strong><\/p>\n<p><strong><u>\u00a0<\/u><\/strong><\/p>\n<p><strong><u>INTRODUCTION<\/u><\/strong><\/p>\n<p>L\u2019urbanisme et l\u2019environnement entretiennent une relation tr\u00e8s complexe. Le second s\u2019est impos\u00e9 au premier comme un d\u00e9fi majeur \u00e0 l\u2019aune des mutations contemporaines de peuplement qui caract\u00e9risent le processus d\u2019urbanisation mondiale. Depuis pas mal d\u2019ann\u00e9es, le discours environnemental est devenu de mode dans la planification urbaine, mais en raison des impacts diversement v\u00e9cus, l\u2019appr\u00e9ciation du lien entre les deux concepts met en pr\u00e9sence de deux th\u00e8ses relativement oppos\u00e9es. La premi\u00e8re est une th\u00e8se optimiste incarn\u00e9e par des auteurs comme Pigeon, qui d\u00e9fendent toute conception selon laquelle la transformation des environnements que constitue l\u2019urbanisation conduit souvent \u00e0 des adaptations positives et non pas in\u00e9luctablement destructrices.<\/p>\n<ul>\n<li><strong><u>DEFINITION <\/u><\/strong><\/li>\n<li><strong><u>D\u00e9finition simple<\/u><\/strong><\/li>\n<\/ul>\n<p>L\u2019urbanisation est un processus, ma\u00eetris\u00e9 ou subi, qui se caract\u00e9rise par la croissance des villes et de leur p\u00e9riph\u00e9rie au d\u00e9triment des espaces ruraux.<\/p>\n<ul>\n<li><strong><u>D\u00e9finition \u00e9tendue de l\u2019urbanisation<\/u><\/strong><\/li>\n<\/ul>\n<p>De mani\u00e8re g\u00e9n\u00e9rale et sur une perspective de long terme, l\u2019urbanisation est un ph\u00e9nom\u00e8ne global qui puise ses racines dans l\u2019histoire des populations humaines, qui s\u2019acc\u00e9l\u00e8re au fil des si\u00e8cles et semble promis \u00e0 une inexorable progression dans l\u2019avenir. Il se manifeste par une augmentation continue de la population des zones urbaines, et corollairement par l\u2019extension physique des agglom\u00e9rations.<\/p>\n<p>Le niveau d\u2019urbanisation d\u2019un territoire (r\u00e9gion, pays, continent\u2026) s\u2019\u00e9value par :<\/p>\n<ul>\n<li>le rapport entre le nombre des r\u00e9sidents urbains et celui des ruraux,<\/li>\n<li>la densit\u00e9 de peuplement des diff\u00e9rentes zones,<\/li>\n<li>l\u2019expansion territoriale des agglom\u00e9rations,<\/li>\n<li>la transformation des modes de vie.<\/li>\n<\/ul>\n<p>\u00c0 noter que le terme d\u2019urbanisation est \u00e0 distinguer de celui d\u2019urbanisme, qui d\u00e9signe la fa\u00e7on dont les villes et espaces p\u00e9riurbains sont construits, transform\u00e9s, am\u00e9nag\u00e9s et organis\u00e9s.<\/p>\n<ul>\n<li><strong><u>CARACTERISTIQUES DE L\u2019URBANISATION <\/u><\/strong><\/li>\n<li><strong><u>Un ph\u00e9nom\u00e8ne croissant, peut-\u00eatre irr\u00e9versible<\/u><\/strong><\/li>\n<\/ul>\n<p>Depuis les premi\u00e8res cit\u00e9s de la fin du N\u00e9olithique, l\u2019urbanisation n\u2019a cess\u00e9 de cro\u00eetre \u00e0 travers les \u00e2ges. En Europe, le processus s\u2019est accentu\u00e9 au Moyen \u00c2ge, puis brutalement acc\u00e9l\u00e9r\u00e9 avec l\u2019av\u00e8nement de l\u2019\u00e8re industrielle et le ph\u00e9nom\u00e8ne de l\u2019exode rural motiv\u00e9 par&#8230;<\/p>\n<p>Pour obtenir l&rsquo;expos\u00e9 complet contactez le +226 56196345 (WhatsApp).<\/p>\n","protected":false},"featured_media":831,"template":"","meta":{"jetpack_publicize_message":"","jetpack_publicize_feature_enabled":true,"jetpack_social_post_already_shared":false,"jetpack_social_options":{"image_generator_settings":{"template":"highway","default_image_id":0,"font":"","enabled":false},"version":2}},"product_brand":[],"product_cat":[703,789,546],"product_tag":[629,865],"class_list":{"0":"post-2184","1":"product","2":"type-product","3":"status-publish","4":"has-post-thumbnail","6":"product_cat-economie","7":"product_cat-environnement","8":"product_cat-societe","9":"product_tag-environnement","10":"product_tag-urbanisme","12":"first","13":"instock","14":"downloadable","15":"virtual","16":"sold-individually","17":"purchasable","18":"product-type-simple"},"aioseo_notices":[],"jetpack_publicize_connections":[],"jetpack-related-posts":[],"jetpack_sharing_enabled":true,"_links":{"self":[{"href":"https:\/\/karandoogo.com\/index.php\/wp-json\/wp\/v2\/product\/2184","targetHints":{"allow":["GET"]}}],"collection":[{"href":"https:\/\/karandoogo.com\/index.php\/wp-json\/wp\/v2\/product"}],"about":[{"href":"https:\/\/karandoogo.com\/index.php\/wp-json\/wp\/v2\/types\/product"}],"wp:featuredmedia":[{"embeddable":true,"href":"https:\/\/karandoogo.com\/index.php\/wp-json\/wp\/v2\/media\/831"}],"wp:attachment":[{"href":"https:\/\/karandoogo.com\/index.php\/wp-json\/wp\/v2\/media?parent=2184"}],"wp:term":[{"taxonomy":"product_brand","embeddable":true,"href":"https:\/\/karandoogo.com\/index.php\/wp-json\/wp\/v2\/product_brand?post=2184"},{"taxonomy":"product_cat","embeddable":true,"href":"https:\/\/karandoogo.com\/index.php\/wp-json\/wp\/v2\/product_cat?post=2184"},{"taxonomy":"product_tag","embeddable":true,"href":"https:\/\/karandoogo.com\/index.php\/wp-json\/wp\/v2\/product_tag?post=2184"}],"curies":[{"name":"wp","href":"https:\/\/api.w.org\/{rel}","templated":true}]}}