{"id":2187,"date":"2022-08-31T14:33:06","date_gmt":"2022-08-31T14:33:06","guid":{"rendered":"https:\/\/karandoogo.com\/?post_type=product&#038;p=2187"},"modified":"2025-10-19T13:45:12","modified_gmt":"2025-10-19T13:45:12","slug":"expose-general-et-tres-complet-sur-les-bouts-de-bois-de-dieu-de-sembene-ousmane","status":"publish","type":"product","link":"https:\/\/karandoogo.com\/index.php\/produit\/expose-general-et-tres-complet-sur-les-bouts-de-bois-de-dieu-de-sembene-ousmane\/","title":{"rendered":"Expos\u00e9 g\u00e9n\u00e9ral et tr\u00e8s complet sur les Bouts de Bois de Dieu de Semb\u00e8ne Ousmane"},"content":{"rendered":"","protected":false},"excerpt":{"rendered":"<p><strong>NB:<\/strong> Les documents mis \u00e0 disposition sur ce site sont des documents \u00e0 exploiter, autrement dit des compl\u00e9ments pour parfaire votre travail. Ils ne sont pas faits pour \u00eatre pr\u00e9sent\u00e9s \u00e0 l\u2019\u00e9tat.<\/p>\n<p><strong><u>PLAN<\/u><\/strong><\/p>\n<p><strong><u>INTODUCTON<br \/>\nI- L\u2019AUTEUR ET L\u2019\u0152UVRE<br \/>\n<\/u><\/strong><br \/>\n<strong><u>1- BIOGRAPHIE<\/u><\/strong><\/p>\n<p><strong><u>2- BIBLIOGRAPHIE<br \/>\n3- L\u2019\u0152UVRE<br \/>\n4- RESUME<\/u><\/strong><\/p>\n<p>&nbsp;<\/p>\n<p><strong><u>II- ETUDE THEMATIQUE DES PERSONNAGES<br \/>\n<\/u><\/strong><br \/>\n<strong><u>1- LE HEROS<br \/>\n2- LES PERSONNAGES PRINCIPAUX<br \/>\n3- PERSONNAGES SECONDAIRES<\/u><\/strong><\/p>\n<p>&nbsp;<\/p>\n<p><strong><u>III- ETUDE THEMATIQUE<\/u><\/strong><\/p>\n<p>&nbsp;<\/p>\n<p><strong><u>1- LES THEMES PRINCIPAUX<br \/>\n2- LES THEMES SECONDAIRES<\/u><\/strong><\/p>\n<p>&nbsp;<\/p>\n<p><strong><u>IV- ESPACE ET LE TEMPS<\/u><\/strong><\/p>\n<p>&nbsp;<\/p>\n<p><strong><u>1-ESPACE<br \/>\n2-LE TEMPS<\/u><\/strong><\/p>\n<p>&nbsp;<\/p>\n<p><strong><u>V- STYLE DE L\u2019AUTEUR<\/u><\/strong><\/p>\n<p>&nbsp;<\/p>\n<p><strong><u>VI-PORTEE DE L&rsquo;\u0152UVRE <\/u><\/strong><\/p>\n<p><strong><u>CONCLUSION<\/u><\/strong><\/p>\n<p>&nbsp;<\/p>\n<p>&nbsp;<\/p>\n<p><strong><u>INTODUCTON<br \/>\n<\/u><\/strong><br \/>\nL\u2019Afrique a connu une longue p\u00e9riode de colonisation. C\u2019est dans ce contexte que se situe ce roman, \u00ab Les bouts de bois de dieu \u00bb de SEMBENE OUSMANE. Ce roman met en sc\u00e8ne un groupe de syndicalistes \u00e0 la prise avec l\u2019administration coloniale. L\u2019auteur s\u2019inspire d\u2019un fait r\u00e9el, la gr\u00e8ve des cheminots de Dakar Niger en 1947 \u00e0 1948.Il d\u00e9nonce \u00e0 travers ce roman, les multiples formes de violence faites aux ouvriers. A l\u2019oppos\u00e9 SEMBENE OUSMANE appr\u00e9cie le courage et l\u2019abn\u00e9gation des militants. Ces militants n\u2019h\u00e9siteront pas \u00e0 affronter les forces de r\u00e9pression pour l\u2019aboutissement de leurs l\u00e9gitimes revendications.<\/p>\n<p><strong><u>I- L\u2019AUTEUR ET L\u2019\u0152UVRE<br \/>\n<\/u><\/strong><br \/>\n<strong><u>1- BIOGRAPHIE<br \/>\n<\/u><\/strong><br \/>\nSEMBENE OUSMANE est n\u00e9 au S\u00e9n\u00e9gal \u00e0 Casamance plus pr\u00e9cis\u00e9ment \u00e0 Ziguinchor le 1er janvier 1923.Il fut expuls\u00e9 \u00e0 l\u2019\u00e9cole primaire pour indiscipline et n\u2019a jamais reprit les \u00e9tudes.Il fut recrut\u00e9 comme travailleur s\u00e9n\u00e9galais en 1942.En 1949 SEMBENE embarque clandestinement pour la France ou il vivra de son m\u00e9tier de docker.C\u2019est en 1956 que SEMBENE publie son premier roman Le Docker Noir.Il suivi une formation en cin\u00e9matographie au \u00ab Gorki Studio \u00bb \u00e0 Moscou et r\u00e9alisa son premier long m\u00e9trage \u00ab La Noir de \u00bb consid\u00e9r\u00e9 comme le premier de l\u2019Afrique Noir : SEMBENE OUSMANE s\u2019est \u00e9teint le samedi 09 juin 2007 \u00e0 Ziguinchor \u00e0 l\u2019age de 84 ans et laisse \u00e0 sa post\u00e9rit\u00e9 un h\u00e9ritage immense.<\/p>\n<p><strong><u>2- BIBLIOGRAPHIE<br \/>\n<\/u><\/strong><br \/>\nEn plus des Bout de bois de Dieu, SEMBENE OUSMANE est l\u2019auteur d\u2019autres \u0153uvres telles que :<br \/>\n&#8211; Le Docker Noir 1956 (roman)<br \/>\n&#8211; \u00ab La Noir de \u00bb en 1962 (nouvelles)<br \/>\n&#8211; \u00ab V\u00e9hi-ciosane \u00bb suivi du \u00ab Mandat \u00bb en 1966 (Nouvelles)<br \/>\n&#8211; Xala en 1973 (roman)<br \/>\n&#8211; Le dernier de l\u2019empire en 1981 (roman)<\/p>\n<p><strong><u>3- L\u2019\u0152UVRE<br \/>\n<\/u><\/strong><br \/>\n\u00ab Les bouts de bois de Dieu \u00bb est une \u0153uvre parue en 1960 \u00e9dit\u00e9e dans les maisons d\u2019\u00e9ditions Presse Pocket. Ce roman est compos\u00e9 de 379 pages divis\u00e9s en trois parties :<br \/>\n&#8211; 1\u00e8re partie : Avant la gr\u00e8ve (page 13 \u00e0 48)<br \/>\n&#8211; 2\u00e8me partie : la gr\u00e8ves (page 49 \u00e0 349)<br \/>\n&#8211; 3\u00e8me partie : Apr\u00e8s la gr\u00e8ve (page 354 \u00e0 379)<\/p>\n<p><strong><u>4- RESUME<br \/>\n<\/u><\/strong><br \/>\nL\u2019auteur relate l\u2019histoire de la gr\u00e8ve des cheminots de \u00ab Dakar Niger qui du 10 octobre 1947 au 19 mars 1948 immobilisa plus de 1500 Kilom\u00e8tres de lignes. A Bamako, \u00e0 Dakar, les cheminots s\u2019organis\u00e8rent pour mener \u00e0 bien leurs luttes. Mais, c\u2019est \u00e0 Thi\u00e8s que les autorit\u00e9s interviennent d\u00e8s les premiers jours. Thi\u00e8s est en effet le centre de la r\u00e9gie des chemins de fer et celui de la direction du mouvement ouvrier.<br \/>\nMalgr\u00e9 les multiples interventions de l\u2019administration et les diff\u00e9rents obstacles : mort, famine, violence, les cheminots maintinrent leurs revendications. Apr\u00e8s plusieurs&#8230;<\/p>\n<p>Pour obtenir l&rsquo;expos\u00e9 complet contactez le +226 56196345 (WhatsApp).<\/p>\n","protected":false},"featured_media":831,"template":"","meta":{"jetpack_publicize_message":"","jetpack_publicize_feature_enabled":true,"jetpack_social_post_already_shared":false,"jetpack_social_options":{"image_generator_settings":{"template":"highway","default_image_id":0,"font":"","enabled":false},"version":2}},"product_brand":[],"product_cat":[598,547],"product_tag":[737,681],"class_list":{"0":"post-2187","1":"product","2":"type-product","3":"status-publish","4":"has-post-thumbnail","6":"product_cat-litterature","7":"product_cat-litterature-africaine","8":"product_tag-bouts-de-bois-de-dieu","9":"product_tag-sembene-ousmane","11":"first","12":"instock","13":"downloadable","14":"virtual","15":"sold-individually","16":"purchasable","17":"product-type-simple"},"aioseo_notices":[],"jetpack_publicize_connections":[],"jetpack-related-posts":[],"jetpack_sharing_enabled":true,"_links":{"self":[{"href":"https:\/\/karandoogo.com\/index.php\/wp-json\/wp\/v2\/product\/2187","targetHints":{"allow":["GET"]}}],"collection":[{"href":"https:\/\/karandoogo.com\/index.php\/wp-json\/wp\/v2\/product"}],"about":[{"href":"https:\/\/karandoogo.com\/index.php\/wp-json\/wp\/v2\/types\/product"}],"wp:featuredmedia":[{"embeddable":true,"href":"https:\/\/karandoogo.com\/index.php\/wp-json\/wp\/v2\/media\/831"}],"wp:attachment":[{"href":"https:\/\/karandoogo.com\/index.php\/wp-json\/wp\/v2\/media?parent=2187"}],"wp:term":[{"taxonomy":"product_brand","embeddable":true,"href":"https:\/\/karandoogo.com\/index.php\/wp-json\/wp\/v2\/product_brand?post=2187"},{"taxonomy":"product_cat","embeddable":true,"href":"https:\/\/karandoogo.com\/index.php\/wp-json\/wp\/v2\/product_cat?post=2187"},{"taxonomy":"product_tag","embeddable":true,"href":"https:\/\/karandoogo.com\/index.php\/wp-json\/wp\/v2\/product_tag?post=2187"}],"curies":[{"name":"wp","href":"https:\/\/api.w.org\/{rel}","templated":true}]}}