{"id":2188,"date":"2022-08-31T14:51:45","date_gmt":"2022-08-31T14:51:45","guid":{"rendered":"https:\/\/karandoogo.com\/?post_type=product&#038;p=2188"},"modified":"2025-10-19T13:45:12","modified_gmt":"2025-10-19T13:45:12","slug":"expose-le-royaume-du-gwiriko-de-kong-et-les-chefferies-de-louest-et-du-sud-ouest","status":"publish","type":"product","link":"https:\/\/karandoogo.com\/index.php\/produit\/expose-le-royaume-du-gwiriko-de-kong-et-les-chefferies-de-louest-et-du-sud-ouest\/","title":{"rendered":"EXPOSE LE ROYAUME DU GWIRIKO, DE KONG ET LES CHEFFERIES DE L\u2019OUEST ET DU SUD-OUEST"},"content":{"rendered":"","protected":false},"excerpt":{"rendered":"<p><strong>NB:<\/strong> Les documents mis \u00e0 disposition sur ce site sont des documents \u00e0 exploiter, autrement dit des compl\u00e9ments pour parfaire votre travail. Ils ne sont pas faits pour \u00eatre pr\u00e9sent\u00e9s \u00e0 l\u2019\u00e9tat.<\/p>\n<p><strong><em><u>Plan<\/u><\/em><\/strong><\/p>\n<p><strong><em><u>INTRODUCTION<\/u><\/em><\/strong><\/p>\n<p><strong><em>\u00a0 I.<u>LE ROYAUME DE KONG<\/u><\/em><\/strong><\/p>\n<ol>\n<li><strong><em><u> EVOLUTION DU ROYAUME DE KONG<\/u><\/em><\/strong><\/li>\n<li><strong><em><u> ORIGINE ET FONDATION DU ROYAUME DE KONG<\/u><\/em><\/strong><\/li>\n<li><strong><em><u> L\u2019APPOGEE DU ROYAUME DE KONG<\/u><\/em><\/strong><\/li>\n<li><strong><em><u> LE DECLIN DU ROYAUME DE KONG<\/u><\/em><\/strong><\/li>\n<li><strong> <em><u> LA CIVILISATION DU ROYAUME<\/u><\/em><\/strong><\/li>\n<li><strong><em><u> ORGANISATION POLITIQUE<\/u><\/em><\/strong><\/li>\n<li><strong><em><u> ORGANISATION ECONOMIQUE<\/u><\/em><\/strong><\/li>\n<\/ol>\n<p><strong><em>\u00a0\u00a0 II.<u>LE ROYAUME DU GWIRIKO <\/u><\/em><\/strong><\/p>\n<ol>\n<li><strong><em><u>ORIGINE ET EVOLUTION DU ROYAUME<\/u><\/em><\/strong><\/li>\n<li><strong><em><u>ORIGINE<\/u><\/em><\/strong><\/li>\n<li><strong><em><u>APPOGE DU ROYAUME<\/u><\/em><\/strong><\/li>\n<li><strong><em> <u>LE DECLIN<\/u><\/em><\/strong><\/li>\n<li><strong><em> <u>CIVILISATION DU ROYAUME<\/u><\/em><\/strong><\/li>\n<li><strong><em> <u>ORGANISATION POLITIQUE<\/u><\/em><\/strong><\/li>\n<li><strong><em><u>ORGANISATION ADMINISTRATIFS<\/u><\/em><\/strong><\/li>\n<li><strong> <em><u> L\u2019ORGANISATION ECONOMIQUE<\/u><\/em><\/strong><\/li>\n<\/ol>\n<p><strong><u>III<em>-LES CHEFFERIES DE L\u2019OUEST ET DU SUD-OUEST<\/em><\/u><\/strong><\/p>\n<ul>\n<li><strong><u>Origine<\/u><\/strong><\/li>\n<li><strong><u>Civilisation<\/u><\/strong><\/li>\n<li><strong><em><u>LES COMMUNAUTES VILLAGEOISES <\/u><\/em><\/strong><\/li>\n<li><strong><em><u>LES SOCIETES A ORGANISATION LIGNAGERES<\/u><\/em><\/strong><\/li>\n<\/ul>\n<p><strong><em><u>CONCLUSION<\/u><\/em><\/strong><\/p>\n<p>&nbsp;<\/p>\n<p><strong><em><u>\u00a0INTRODUCTION<\/u><\/em><\/strong><\/p>\n<p>Depuis le XV eme si\u00e8cle, l\u2019ouest du BURKINA FASO connait des soci\u00e9t\u00e9s\u00a0 organis\u00e9es sans pouvoir centralises\u00a0; ce sont les d\u00e9mocraties villageoises ou soci\u00e9t\u00e9s ac\u00e9phales. C\u2019est dans ce contexte qu\u2019apparait le GWIRIKO et le KONG.<\/p>\n<p><strong><em>\u00a0 I.<u>LE ROYAUME DE KONG<\/u><\/em><\/strong><\/p>\n<ol>\n<li><strong><em><u> EVOLUTION DU ROYAUME DE KONG<\/u><\/em><\/strong><\/li>\n<li><strong><em><u> ORIGINE ET FONDATION DU ROYAUME DE KONG<\/u><\/em><\/strong><\/li>\n<\/ol>\n<p>Apres la dislocation de l\u2019empire du Mali, le peuple Mande migre vers la foret du sud. Dans cette zone se trouvait les Senoufos, les Tiefos et les Koulangos. Le peuple Mande s\u2019installa dans la zone et commen\u00e7a le commerce de l\u2019or et du cola. Comme le commerce se d\u00e9veloppait, les Mandes firent appel a des chefs Malink\u00e9s pour les aides \u00e0\u00a0 s\u00e9curiser les routes commerciales. C\u2019est ainsi que S\u00e9kou Ouattara organise les peuples de la zone et cr\u00e9e le royaume de Kong. A partir de la, il commence les conqu\u00eates des zones situ\u00e9es sur les routes commerciales. Il occupa les pays du cours sup\u00e9rieur de la Como\u00e9 et ceux de la boucle du Mouhoun.<\/p>\n<ol>\n<li><strong><em><u> L\u2019APPOGEE DU ROYAUME DE KONG<\/u><\/em><\/strong><\/li>\n<\/ol>\n<p>Avec les armes \u00e0 feu qu\u2019il achetait dans les comptoirs des cotes, le roi constitua une forte arm\u00e9e. Il agrandit son royaume avec les pays du cours superieur de la Como\u00e9 et ceux de la boucle du Mouhoun. Mais la richesse du royaume de Kong reposait principalement sur le commerce. Le pays \u00e9tait sans cesse parcouru par des caravanes. Elles allaient du Manding au pays Haoussa et du fleuve Niger a la cote. Elles transportaient au nord le cola, l\u2019or\u00a0 et&#8230;<\/p>\n<p>Pour obtenir l&rsquo;expos\u00e9 complet contactez le +226 56196345 (WhatsApp).<\/p>\n","protected":false},"featured_media":831,"template":"","meta":{"jetpack_publicize_message":"","jetpack_publicize_feature_enabled":true,"jetpack_social_post_already_shared":false,"jetpack_social_options":{"image_generator_settings":{"template":"highway","default_image_id":0,"font":"","enabled":false},"version":2}},"product_brand":[],"product_cat":[608,546],"product_tag":[867,868,747,755],"class_list":{"0":"post-2188","1":"product","2":"type-product","3":"status-publish","4":"has-post-thumbnail","6":"product_cat-histoire","7":"product_cat-societe","8":"product_tag-chefferies-de-louest","9":"product_tag-chefferies-du-sud-ouest","10":"product_tag-gwiriko","11":"product_tag-royaume-de-kong","13":"first","14":"instock","15":"downloadable","16":"virtual","17":"sold-individually","18":"purchasable","19":"product-type-simple"},"aioseo_notices":[],"jetpack_publicize_connections":[],"jetpack-related-posts":[],"jetpack_sharing_enabled":true,"_links":{"self":[{"href":"https:\/\/karandoogo.com\/index.php\/wp-json\/wp\/v2\/product\/2188","targetHints":{"allow":["GET"]}}],"collection":[{"href":"https:\/\/karandoogo.com\/index.php\/wp-json\/wp\/v2\/product"}],"about":[{"href":"https:\/\/karandoogo.com\/index.php\/wp-json\/wp\/v2\/types\/product"}],"wp:featuredmedia":[{"embeddable":true,"href":"https:\/\/karandoogo.com\/index.php\/wp-json\/wp\/v2\/media\/831"}],"wp:attachment":[{"href":"https:\/\/karandoogo.com\/index.php\/wp-json\/wp\/v2\/media?parent=2188"}],"wp:term":[{"taxonomy":"product_brand","embeddable":true,"href":"https:\/\/karandoogo.com\/index.php\/wp-json\/wp\/v2\/product_brand?post=2188"},{"taxonomy":"product_cat","embeddable":true,"href":"https:\/\/karandoogo.com\/index.php\/wp-json\/wp\/v2\/product_cat?post=2188"},{"taxonomy":"product_tag","embeddable":true,"href":"https:\/\/karandoogo.com\/index.php\/wp-json\/wp\/v2\/product_tag?post=2188"}],"curies":[{"name":"wp","href":"https:\/\/api.w.org\/{rel}","templated":true}]}}