{"id":2189,"date":"2022-08-31T14:56:08","date_gmt":"2022-08-31T14:56:08","guid":{"rendered":"https:\/\/karandoogo.com\/?post_type=product&#038;p=2189"},"modified":"2025-10-19T13:45:12","modified_gmt":"2025-10-19T13:45:12","slug":"expose-complet-sur-la-correlation-entre-lagriculture-et-le-developpement-au-burkina","status":"publish","type":"product","link":"https:\/\/karandoogo.com\/index.php\/produit\/expose-complet-sur-la-correlation-entre-lagriculture-et-le-developpement-au-burkina\/","title":{"rendered":"Expos\u00e9 complet sur la corr\u00e9lation entre l&rsquo;Agriculture et le D\u00e9veloppement au Burkina"},"content":{"rendered":"","protected":false},"excerpt":{"rendered":"<p><strong>NB:<\/strong> Les documents mis \u00e0 disposition sur ce site sont des documents \u00e0 exploiter, autrement dit des compl\u00e9ments pour parfaire votre travail. Ils ne sont pas faits pour \u00eatre pr\u00e9sent\u00e9s \u00e0 l\u2019\u00e9tat.<\/p>\n<p><strong><u>PLAN<\/u><\/strong><\/p>\n<p><strong><u>INTRODUCTION<\/u><\/strong><\/p>\n<ol>\n<li><strong><u>LES DIFFERENTS TYPES D\u2019AGRICULTURE<\/u><\/strong><\/li>\n<li><strong><u>Les cultures traditionnelles<\/u><\/strong><\/li>\n<li><strong><u>Cultures modernes<\/u><\/strong><\/li>\n<\/ol>\n<ul>\n<li><strong><u>coton<\/u><\/strong><\/li>\n<li><strong><u>S\u00e9same <\/u><\/strong><\/li>\n<\/ul>\n<ol>\n<li><strong><u>R\u00f4le de l\u2019agriculture<\/u><\/strong><\/li>\n<\/ol>\n<ul>\n<li><strong><u>La place de l\u2019agriculture<\/u><\/strong><\/li>\n<\/ul>\n<ol>\n<li><strong><u>IMPACT DE L\u2019AGRICULTURE SUR L\u2019ECONOMIE <\/u><\/strong><\/li>\n<li><strong><u>Impact positif<\/u><\/strong><\/li>\n<li><strong><u>Impact N\u00e9gatif<\/u><\/strong><\/li>\n<\/ol>\n<ul>\n<li><strong><u>La lib\u00e9ralisation de la commercialisation et des prix des c\u00e9r\u00e9ales<br \/>\ntraditionnelles (mil, ma\u00efs, sorgho).<\/u><\/strong><\/li>\n<li><strong><u>La lib\u00e9ralisation du commerce interne du riz en 1996.<\/u><\/strong><\/li>\n<li><strong><u>La lib\u00e9ralisation de la commercialisation et des prix des graines ol\u00e9agineuses<\/u><\/strong><\/li>\n<li><strong><u>La privatisation de la quasi-totalit\u00e9 des entreprises publiques intervenant dans la production, la transformation et la commercialisation des produits agricoles.<\/u><\/strong><\/li>\n<\/ul>\n<ol>\n<li><strong><u>SOLUTIONS POUR LE SECTEUR DE L\u2019AGRICULTURE AU BURKINA FASO<\/u><\/strong><\/li>\n<\/ol>\n<p><strong><u>CONCLUSION<\/u><\/strong><\/p>\n<p><strong><u>\u00a0<\/u><\/strong><\/p>\n<p><strong><u>INTRODUCTION<\/u><\/strong><\/p>\n<p>&nbsp;<\/p>\n<p>Le Burkina Faso est un pays tr\u00e8s majoritairement agricole. Le secteur primaire, constitu\u00e9 par l&rsquo;agriculture et l&rsquo;\u00e9levage emploie presque toute la population rurale et une partie importante de la population urbaine. Entre 80 et 85% des Burkinab\u00e8 travaillent dans le secteur primaire. Mais le faible rendement agricole, les m\u00e9thodes archa\u00efques et les al\u00e9as climatiques rendent cette partie de la population pauvre et fragile m\u00eame si elle contribue \u00e0 hauteur de 40% au petit PIB du Faso.<\/p>\n<ol>\n<li><strong><u>LES DIFFERENTS TYPES D\u2019AGRICULTURE<\/u><\/strong><\/li>\n<\/ol>\n<p>&nbsp;<\/p>\n<ol>\n<li><strong><u>Les cultures traditionnelles<\/u><\/strong><\/li>\n<\/ol>\n<p>Syst\u00e8me de production bas\u00e9 sur la polyculture et l\u2019\u00e9levage. Il ne permet que de subvenir partiellement aux besoins alimentaires de la population.<\/p>\n<p>En effet ce qui caract\u00e9rise le plus l&rsquo;agriculture au Burkina Faso, ce sont h\u00e9las les techniques archa\u00efques employ\u00e9es. Un grand nombre de mains est n\u00e9cessaire pour faire fonctionner des exploitations g\u00e9n\u00e9ralement petites avec des outils non m\u00e9caniques et des rendements faibles. La daba, outil agricole embl\u00e9matique du Burkina Faso oblige le paysan \u00e0 rester courb\u00e9 des heures pour exploiter chaque m\u00e8tre carr\u00e9 de terre durcie par un soleil de plomb. Le labourage peut \u00eatre assist\u00e9 par une houe tir\u00e9e par une traction animale mais les r\u00e9coltes c\u00e9r\u00e9ali\u00e8res sont toujours faites \u00e0 la main par des communaut\u00e9s villageoises enti\u00e8rement sollicit\u00e9es.<\/p>\n<p>&nbsp;<\/p>\n<ol start=\"2\">\n<li><strong><u>Cultures modernes<\/u><\/strong><\/li>\n<li><strong><u>coton<\/u><\/strong><\/li>\n<\/ol>\n<p>La fili\u00e8re coton au Burkina est une fili\u00e8re bien structur\u00e9e selon une organisation pyramidale<a href=\"https:\/\/fr.wikipedia.org\/wiki\/Agriculture_au_Burkina_Faso#cite_note-coton-5\"><sup>5<\/sup><\/a>. \u00c0 la base, les producteurs font partie de groupements de producteurs de coton (GPC) b\u00e9n\u00e9ficiant d\u2019un encadrement technique. Chaque GPC comprend entre 12 et 50 membres. Il en existe environ&#8230;.<\/p>\n<p>Pour obtenir l&rsquo;expos\u00e9 complet contactez le +226 56196345 (WhatsApp).<\/p>\n","protected":false},"featured_media":831,"template":"","meta":{"jetpack_publicize_message":"","jetpack_publicize_feature_enabled":true,"jetpack_social_post_already_shared":false,"jetpack_social_options":{"image_generator_settings":{"template":"highway","default_image_id":0,"font":"","enabled":false},"version":2}},"product_brand":[],"product_cat":[786,703,714],"product_tag":[635,766,820],"class_list":{"0":"post-2189","1":"product","2":"type-product","3":"status-publish","4":"has-post-thumbnail","6":"product_cat-agriculture","7":"product_cat-economie","8":"product_cat-politique","9":"product_tag-agriculture","10":"product_tag-burkina","11":"product_tag-developpement","13":"first","14":"instock","15":"downloadable","16":"virtual","17":"sold-individually","18":"purchasable","19":"product-type-simple"},"aioseo_notices":[],"jetpack_publicize_connections":[],"jetpack-related-posts":[],"jetpack_sharing_enabled":true,"_links":{"self":[{"href":"https:\/\/karandoogo.com\/index.php\/wp-json\/wp\/v2\/product\/2189","targetHints":{"allow":["GET"]}}],"collection":[{"href":"https:\/\/karandoogo.com\/index.php\/wp-json\/wp\/v2\/product"}],"about":[{"href":"https:\/\/karandoogo.com\/index.php\/wp-json\/wp\/v2\/types\/product"}],"wp:featuredmedia":[{"embeddable":true,"href":"https:\/\/karandoogo.com\/index.php\/wp-json\/wp\/v2\/media\/831"}],"wp:attachment":[{"href":"https:\/\/karandoogo.com\/index.php\/wp-json\/wp\/v2\/media?parent=2189"}],"wp:term":[{"taxonomy":"product_brand","embeddable":true,"href":"https:\/\/karandoogo.com\/index.php\/wp-json\/wp\/v2\/product_brand?post=2189"},{"taxonomy":"product_cat","embeddable":true,"href":"https:\/\/karandoogo.com\/index.php\/wp-json\/wp\/v2\/product_cat?post=2189"},{"taxonomy":"product_tag","embeddable":true,"href":"https:\/\/karandoogo.com\/index.php\/wp-json\/wp\/v2\/product_tag?post=2189"}],"curies":[{"name":"wp","href":"https:\/\/api.w.org\/{rel}","templated":true}]}}