{"id":2190,"date":"2022-08-31T15:01:17","date_gmt":"2022-08-31T15:01:17","guid":{"rendered":"https:\/\/karandoogo.com\/?post_type=product&#038;p=2190"},"modified":"2025-10-19T13:45:12","modified_gmt":"2025-10-19T13:45:12","slug":"expose-sur-conflit-des-cultures-dans-laventure-ambigue-de-cheikh-amidou-kane","status":"publish","type":"product","link":"https:\/\/karandoogo.com\/index.php\/produit\/expose-sur-conflit-des-cultures-dans-laventure-ambigue-de-cheikh-amidou-kane\/","title":{"rendered":"Expos\u00e9 sur CONFLIT DES CULTURES dans l&rsquo;Aventure Ambigu\u00eb de Cheikh Amidou Kan\u00e9"},"content":{"rendered":"","protected":false},"excerpt":{"rendered":"<p><strong>NB:<\/strong> Les documents mis \u00e0 disposition sur ce site sont des documents \u00e0 exploiter, autrement dit des compl\u00e9ments pour parfaire votre travail. Ils ne sont pas faits pour \u00eatre pr\u00e9sent\u00e9s \u00e0 l\u2019\u00e9tat.<\/p>\n<p><strong>Introduction<\/strong><\/p>\n<p><strong>\u00a0<\/strong><\/p>\n<ol>\n<li><strong>LA PRESENTATION DE L\u2019\u0152UVRE <\/strong><\/li>\n<li>Le titre<\/li>\n<li>L\u2019auteur<\/li>\n<li>Biographie<\/li>\n<li>Bibliographie<\/li>\n<li>La maison d\u2019\u00e9dition et date de publication<\/li>\n<li>La subdivision de l\u2019\u0153uvre<\/li>\n<\/ol>\n<p><strong>\u00a0<\/strong><\/p>\n<ol>\n<li><strong>Le r\u00e9sum\u00e9 de l\u2019\u0153uvre<\/strong><\/li>\n<\/ol>\n<p><strong>\u00a0<\/strong><\/p>\n<ul>\n<li><strong>LES THEMES <\/strong><\/li>\n<\/ul>\n<ol>\n<li>Th\u00e8me principal\u00a0: conflit des cultures<\/li>\n<li>Les th\u00e8mes secondaires<\/li>\n<\/ol>\n<p>&nbsp;<\/p>\n<ol>\n<li><strong>LES PERSONNAGES ET LEURS ROLES<\/strong><\/li>\n<li>Les personnages principaux<\/li>\n<li>Les personnages secondaires<\/li>\n<li>Les adjuvants<\/li>\n<li>Les opposants<\/li>\n<\/ol>\n<p><strong>\u00a0<\/strong><\/p>\n<ol>\n<li><strong>L\u2019ESPACE ET LE TEMPS<\/strong><\/li>\n<\/ol>\n<p><strong>\u00a0<\/strong><\/p>\n<ol>\n<li><strong>LE STYLE DE CHEICK HAMIDOU KANE <\/strong><\/li>\n<\/ol>\n<p><strong>LA PORTEE DE L\u2019\u0152UVRE <\/strong><\/p>\n<p>&nbsp;<\/p>\n<ul>\n<li><strong>LA PORTEE DE L\u2019\u0152UVRE <\/strong><\/li>\n<\/ul>\n<p>&nbsp;<\/p>\n<p><strong>Conclusion<\/strong><\/p>\n<p><strong>Introduction<\/strong><\/p>\n<p><strong>L\u2019<\/strong>aventure ambigu\u00eb est une \u0153uvre phare dans le sens plein du terme du moment qu\u2019elle \u00e9claire et guide. Bien que publi\u00e9e en 1961, elle est encore d\u2019actualit\u00e9. C\u2019est une d\u2019\u0153uvres qui pose beaucoup de questions. L\u2019auteur s\u2019interroge tout au long de son \u0153uvre sur la fascination qu\u2019exerce l\u2019occident. L\u2019aventure ambigu\u00eb est domin\u00e9e avant tout par le rapport entre l\u2019Homme et Dieu, entre le terrestre et le spirituel. En d\u2019autres termes, l\u2019auteur pose le probl\u00e8me de l\u2019existence humaine et de sa finalit\u00e9. D\u00e8s lors l\u2019opposition entre le th\u00e8me principal de notre \u00e9tude.<\/p>\n<p>&nbsp;<\/p>\n<ol>\n<li><strong>LA PRESENTATION DE L\u2019\u0152UVRE <\/strong><\/li>\n<\/ol>\n<p>&nbsp;<\/p>\n<ol>\n<li><strong>Le titre <\/strong><\/li>\n<\/ol>\n<p>Cette \u0153uvre est titr\u00e9e <em>l\u2019aventure ambigu\u00eb<\/em><\/p>\n<p>&nbsp;<\/p>\n<ol start=\"2\">\n<li><strong>L\u2019auteur <\/strong><\/li>\n<\/ol>\n<p>Cheikh Hamidou Kane est l\u2019auteur de cette \u0153uvre<\/p>\n<p>&nbsp;<\/p>\n<ol>\n<li><strong>Biographie <\/strong><\/li>\n<\/ol>\n<p>Cheikh Hamidou Kane est n\u00e9 \u00a0Matam en 1928, village situ\u00e9 \u00e0 50km De Dakar. Il fr\u00e9quente l\u2019Ecole coranique jusqu\u2019\u00e0 l\u2019\u00e2ge de 10 ans puis l\u2019\u00e9cole des fils des chefs. Apr\u00e8s son baccalaur\u00e9at, il fait des \u00e9tudes de droit et de philosophie \u00e0 Paris. En 1959, il \u00e9tait dipl\u00f4m\u00e9 de l\u2019\u00e9cole Nationale de la France d\u2019outre-mer et devient en 1961 le chef du cabinet au minist\u00e8re du gouvernement s\u00e9n\u00e9galais en haut fonctionnaire national.<\/p>\n<p>&nbsp;<\/p>\n<ol>\n<li><strong>Bibliographie <\/strong><\/li>\n<\/ol>\n<p>En plus de l\u2019aventure ambigu\u00eb publi\u00e9 en 1961, et qui a re\u00e7u le prix litt\u00e9raire de l\u2019Afrique noire d\u2019expression fran\u00e7aise, Cheikh Hamidou Kane a aussi \u00e9crit <em>les Gardiens du temple<\/em> publi\u00e9 en1995.<\/p>\n<p>&nbsp;<\/p>\n<ol start=\"3\">\n<li><strong>La maison d\u2019\u00e9dition et date de publication <\/strong><\/li>\n<\/ol>\n<p>L\u2019aventure ambigu\u00eb a \u00e9t\u00e9 publi\u00e9e en 1961 aux \u00e9ditions Julliard France.<\/p>\n<p>&nbsp;<\/p>\n<ol start=\"4\">\n<li><strong>Le genre de l\u2019\u0153uvre<\/strong><\/li>\n<\/ol>\n<p>Cette \u0153uvre l\u2019aventure ambigu\u00eb\u00a0 est un roman d\u2019aventure.<\/p>\n<p>&nbsp;<\/p>\n<ol start=\"5\">\n<li><strong>La subdivision de l\u2019\u0153uvre<\/strong><\/li>\n<\/ol>\n<p>L\u2019aventure ambigu\u00eb est une \u0153uvre comportant 191 pages divis\u00e9es en deux grandes parties repartis en 10 chapitres.<\/p>\n<p>&nbsp;<\/p>\n<ol>\n<li><strong>Le r\u00e9sum\u00e9 de l\u2019\u0153uvre<\/strong><\/li>\n<\/ol>\n<p>L\u2019aventure ambigu\u00eb est l\u2019histoire d\u2019un jeune homme du nom de Samba DIALLO, h\u00e9ros \u00e0 pays Diallob\u00e9. Dans le roman il relate son passage de l\u2019\u00e9cole coranique \u00e0 l\u2019\u00e9cole des blancs. Trois personnages exercent une influence sur lui dans la premi\u00e8re partie de l\u2019\u0153uvre \u00e0 savoir le chef des Diallob\u00e9 son ma\u00eetre spirituel, Thierno et sa cousine la grande royale. Cette derni\u00e8re insiste pour que&#8230;<\/p>\n<p>Pour obtenir l&rsquo;expos\u00e9 complet contactez le +226 56196345 (WhatsApp).<\/p>\n","protected":false},"featured_media":831,"template":"","meta":{"jetpack_publicize_message":"","jetpack_publicize_feature_enabled":true,"jetpack_social_post_already_shared":false,"jetpack_social_options":{"image_generator_settings":{"template":"highway","default_image_id":0,"font":"","enabled":false},"version":2}},"product_brand":[],"product_cat":[598,547],"product_tag":[870,869],"class_list":{"0":"post-2190","1":"product","2":"type-product","3":"status-publish","4":"has-post-thumbnail","6":"product_cat-litterature","7":"product_cat-litterature-africaine","8":"product_tag-aventure-ambigue","9":"product_tag-conflit-des-cultures","11":"first","12":"instock","13":"downloadable","14":"virtual","15":"sold-individually","16":"purchasable","17":"product-type-simple"},"aioseo_notices":[],"jetpack_publicize_connections":[],"jetpack-related-posts":[],"jetpack_sharing_enabled":true,"_links":{"self":[{"href":"https:\/\/karandoogo.com\/index.php\/wp-json\/wp\/v2\/product\/2190","targetHints":{"allow":["GET"]}}],"collection":[{"href":"https:\/\/karandoogo.com\/index.php\/wp-json\/wp\/v2\/product"}],"about":[{"href":"https:\/\/karandoogo.com\/index.php\/wp-json\/wp\/v2\/types\/product"}],"wp:featuredmedia":[{"embeddable":true,"href":"https:\/\/karandoogo.com\/index.php\/wp-json\/wp\/v2\/media\/831"}],"wp:attachment":[{"href":"https:\/\/karandoogo.com\/index.php\/wp-json\/wp\/v2\/media?parent=2190"}],"wp:term":[{"taxonomy":"product_brand","embeddable":true,"href":"https:\/\/karandoogo.com\/index.php\/wp-json\/wp\/v2\/product_brand?post=2190"},{"taxonomy":"product_cat","embeddable":true,"href":"https:\/\/karandoogo.com\/index.php\/wp-json\/wp\/v2\/product_cat?post=2190"},{"taxonomy":"product_tag","embeddable":true,"href":"https:\/\/karandoogo.com\/index.php\/wp-json\/wp\/v2\/product_tag?post=2190"}],"curies":[{"name":"wp","href":"https:\/\/api.w.org\/{rel}","templated":true}]}}