{"id":2196,"date":"2022-08-31T15:36:01","date_gmt":"2022-08-31T15:36:01","guid":{"rendered":"https:\/\/karandoogo.com\/?post_type=product&#038;p=2196"},"modified":"2025-10-19T13:42:15","modified_gmt":"2025-10-19T13:42:15","slug":"expose-complet-sur-les-revolutions-sociales-au-19e-siecle","status":"publish","type":"product","link":"https:\/\/karandoogo.com\/index.php\/produit\/expose-complet-sur-les-revolutions-sociales-au-19e-siecle\/","title":{"rendered":"Expos\u00e9 complet sur les r\u00e9volutions sociales au 19e si\u00e8cle"},"content":{"rendered":"","protected":false},"excerpt":{"rendered":"<p><strong>NB:<\/strong> Les documents mis \u00e0 disposition sur ce site sont des documents \u00e0 exploiter, autrement dit des compl\u00e9ments pour parfaire votre travail. Ils ne sont pas faits pour \u00eatre pr\u00e9sent\u00e9s \u00e0 l\u2019\u00e9tat.<\/p>\n<p><strong><u>Introduction<\/u><\/strong><\/p>\n<ul>\n<li><strong><u>Mouvement de la population<\/u><\/strong><\/li>\n<li><strong><u>La formation des classes sociale<\/u><\/strong><\/li>\n<li><strong><u>La lutte des classes<\/u><\/strong><\/li>\n<li><strong><u>Mouvement ouvrier au 19<sup>e<\/sup> si\u00e8cle<\/u><\/strong><\/li>\n<li><strong><u>LA LUTTE OUVRIERE<\/u><\/strong><\/li>\n<li><strong><u>Une volont\u00e9 d&rsquo;\u00e9crasement<\/u><\/strong><\/li>\n<li><strong><u>Vari\u00e9t\u00e9 et lenteur des regroupements ouvriers<\/u><\/strong><\/li>\n<li><strong><u>LES CONSEQUENCES<\/u><\/strong><\/li>\n<li><strong><u>la naissance du mouvement ouvrier<\/u><\/strong><\/li>\n<li><strong><u>\u00a0Des acquis consid\u00e9rables<\/u><\/strong><\/li>\n<li><strong><u>Le mouvement ouvrier dans les \u00e9conomies lib\u00e9rales<\/u><\/strong><\/li>\n<\/ul>\n<p><strong><u>v- Les origines et les conditions de travail des ouvriers<\/u><\/strong><\/p>\n<ul>\n<li><strong><u>les origines<\/u><\/strong><\/li>\n<li><strong><u>Les conditions de travail<\/u><\/strong><\/li>\n<\/ul>\n<p><strong><u>Conclusion<\/u><\/strong><\/p>\n<p><strong><u>Introduction<\/u><\/strong><\/p>\n<p>L\u2019Europe est le plus petit continent du monde, pourtant sa place dans l\u2019histoire mondiale est majeure gr\u00e2ce aux r\u00e9alisations culturelles et scientifiques des Europ\u00e9ens. Aujourd\u2019hui, l\u2019espagnol, l\u2019anglais, le fran\u00e7ais\u2026 sont des langues pratiqu\u00e9es en Afrique, Am\u00e9rique et Oc\u00e9anie\u2026 Les Europ\u00e9ens ont marqu\u00e9 culturellement le monde entier. Pourtant, la population europ\u00e9enne n\u2019est qu\u2019une partie de la population mondiale. Ils passent de 40 millions d\u2019habitants dans l\u2019Antiquit\u00e9 \u00e0 plus de 400 millions en 1900.<\/p>\n<ul>\n<li><strong><u>Mouvement de la population<\/u><\/strong><\/li>\n<\/ul>\n<p>Au cours du XIXe si\u00e8cle, la stabilit\u00e9 politique, la R\u00e9volution industrielle, les progr\u00e8s de l&rsquo;agriculture et surtout l&rsquo;am\u00e9lioration de l&rsquo;hygi\u00e8ne publique (de Jenner \u00e0 Pasteur) entra\u00eenent une progression sans pr\u00e9c\u00e9dent de la population europ\u00e9enne. En Europe occidentale, l&rsquo;esp\u00e9rance de vie \u00e0 la naissance s&rsquo;\u00e9l\u00e8ve de 35 ans vers 1780 \u00e0 40 ans vers 1840 (soit tout de m\u00eame deux fois moins qu&rsquo;aujourd&rsquo;hui et encore moins que dans les pays les plus d\u00e9sh\u00e9rit\u00e9s de notre \u00e9poque).Parall\u00e8lement, la natalit\u00e9 augmente du fait de l&rsquo;abaissement de l&rsquo;\u00e2ge au mariage (sauf en France o\u00f9 les petits propri\u00e9taires ont d\u00e8s le milieu du XVIIIe si\u00e8cle limit\u00e9 leur descendance pour \u00e9viter de disperser leur h\u00e9ritage).Il s&rsquo;ensuit une tr\u00e8s forte pouss\u00e9e d\u00e9mographique. De 190 millions en 1800 (20% de la population mondiale), la population du continent passe \u00e0 420 millions en 1900 (25% de la population mondiale)&#8230; Ne s&rsquo;accroissant plus gu\u00e8re par la suite, la population europ\u00e9enne retombera \u00e0 la fin du XXe si\u00e8cle \u00e0 un modeste 10% de la population mondiale, Russie comprise. Cette pouss\u00e9e d\u00e9mographique favorise le d\u00e9veloppement industriel mais laisse beaucoup de gens sur le bord du chemin (paysans sans terre, ouvriers sans emploi, Irlandais ruin\u00e9s par la Grande Famine, r\u00e9fugi\u00e9s juifs d&rsquo;Europe orientale, chr\u00e9tiens chass\u00e9s de Turquie,&#8230;). Il s&rsquo;ensuit un puissant mouvement d&rsquo;\u00e9migration qui ne va cesser de s&rsquo;amplifier jusqu&rsquo;\u00e0 la veille de la Premi\u00e8re Guerre mondiale, avant que la contraception ne freine peu \u00e0 peu la natalit\u00e9 des diff\u00e9rents pays europ\u00e9ens. Dans les ann\u00e9es 1830, dix mille Europ\u00e9ens \u00e9migrent par an. Dans les ann\u00e9es 1900, ils sont&#8230; 1.500.000 ! Ces d\u00e9sh\u00e9rit\u00e9s se dirigent en priorit\u00e9 vers les Etats-Unis et dans une moindre mesure vers le Canada et l&rsquo;Australie. Ils vont aussi \u00abblanchir\u00bb l&rsquo;Am\u00e9rique du Sud (Chili, Argentine, Br\u00e9sil). Par la force de leurs bras et leur esprit d&rsquo;entreprise, ils vont contribuer \u00e0 diffuser tout autour de la plan\u00e8te la civilisation europ\u00e9enne,<\/p>\n<ul>\n<li><strong><u>La formation des classes sociale<\/u><\/strong><\/li>\n<li><strong><u>La lutte des classes<\/u><\/strong><\/li>\n<\/ul>\n<p>La lutte des classes est une th\u00e9orie qui explique les enjeux et les tensions dans une soci\u00e9t\u00e9 divis\u00e9e en classes sociales, chacune luttant pour sa situation sociale et \u00e9conomique. Ce concept est apparu au XIXe si\u00e8cle chez les historiens lib\u00e9raux fran\u00e7ais de la Restauration, Fran\u00e7ois Guizot, l&rsquo;initiateur, Augustin Thierry, Adolphe Thiers et Fran\u00e7ois-Auguste Mignet, auxquels Karl Marx l\u2019A emprunt\u00e9. La lutte des classes est un concept majeur de la philosophie politique marxiste, qui cherche \u00e0 rendre compte des enjeux historiques et&#8230;<\/p>\n<p>Pour obtenir l&rsquo;expos\u00e9 complet contactez le +226 56196345 (WhatsApp).<\/p>\n","protected":false},"featured_media":831,"template":"","meta":{"jetpack_publicize_message":"","jetpack_publicize_feature_enabled":true,"jetpack_social_post_already_shared":false,"jetpack_social_options":{"image_generator_settings":{"template":"highway","default_image_id":0,"font":"","enabled":false},"version":2}},"product_brand":[],"product_cat":[608,546],"product_tag":[876,875],"class_list":{"0":"post-2196","1":"product","2":"type-product","3":"status-publish","4":"has-post-thumbnail","6":"product_cat-histoire","7":"product_cat-societe","8":"product_tag-19eme-siecle","9":"product_tag-revolution-sociales","11":"first","12":"instock","13":"downloadable","14":"virtual","15":"sold-individually","16":"purchasable","17":"product-type-simple"},"aioseo_notices":[],"jetpack_publicize_connections":[],"jetpack-related-posts":[],"jetpack_sharing_enabled":true,"_links":{"self":[{"href":"https:\/\/karandoogo.com\/index.php\/wp-json\/wp\/v2\/product\/2196","targetHints":{"allow":["GET"]}}],"collection":[{"href":"https:\/\/karandoogo.com\/index.php\/wp-json\/wp\/v2\/product"}],"about":[{"href":"https:\/\/karandoogo.com\/index.php\/wp-json\/wp\/v2\/types\/product"}],"wp:featuredmedia":[{"embeddable":true,"href":"https:\/\/karandoogo.com\/index.php\/wp-json\/wp\/v2\/media\/831"}],"wp:attachment":[{"href":"https:\/\/karandoogo.com\/index.php\/wp-json\/wp\/v2\/media?parent=2196"}],"wp:term":[{"taxonomy":"product_brand","embeddable":true,"href":"https:\/\/karandoogo.com\/index.php\/wp-json\/wp\/v2\/product_brand?post=2196"},{"taxonomy":"product_cat","embeddable":true,"href":"https:\/\/karandoogo.com\/index.php\/wp-json\/wp\/v2\/product_cat?post=2196"},{"taxonomy":"product_tag","embeddable":true,"href":"https:\/\/karandoogo.com\/index.php\/wp-json\/wp\/v2\/product_tag?post=2196"}],"curies":[{"name":"wp","href":"https:\/\/api.w.org\/{rel}","templated":true}]}}