{"id":2199,"date":"2022-08-31T15:10:35","date_gmt":"2022-08-31T15:10:35","guid":{"rendered":"https:\/\/karandoogo.com\/?post_type=product&#038;p=2199"},"modified":"2025-10-19T13:42:15","modified_gmt":"2025-10-19T13:42:15","slug":"expose-complet-sur-lafrique-orientale","status":"publish","type":"product","link":"https:\/\/karandoogo.com\/index.php\/produit\/expose-complet-sur-lafrique-orientale\/","title":{"rendered":"Expos\u00e9 complet sur l&rsquo;Afrique Orientale"},"content":{"rendered":"","protected":false},"excerpt":{"rendered":"<p><strong>NB:<\/strong> Les documents mis \u00e0 disposition sur ce site sont des documents \u00e0 exploiter, autrement dit des compl\u00e9ments pour parfaire votre travail. Ils ne sont pas faits pour \u00eatre pr\u00e9sent\u00e9s \u00e0 l\u2019\u00e9tat.<\/p>\n<p><strong><u>INTRODUCTION<\/u><\/strong><\/p>\n<ul>\n<li><strong><u>L\u2019HOMME ET L\u2019ENVIRONNEMENT PHYSIQUE<\/u><\/strong><\/li>\n<li><strong><u>Les handicape de l\u2019homme sur l\u2019environnement<\/u><\/strong><\/li>\n<li><strong><u>Les probl\u00e8mes de l\u2019\u00e9rosion <\/u><\/strong><\/li>\n<li><strong><u>ORGANISATION ADMINISTRATIVE ET CADRE POLITIQUE<\/u><\/strong><\/li>\n<li><strong><u>ORGANISATION \u00c9CONOMIQUE<\/u><\/strong><\/li>\n<li><strong><u>LA DYNAMIQUE DE LA POPULATION<\/u><\/strong><\/li>\n<li><strong><u>LES PROBL\u00c8MES DE D\u00c9VELOPPEMENTS<\/u><\/strong><\/li>\n<li><strong><u>L\u2019inad\u00e9quation du syst\u00e8me \u00e9ducatif<\/u><\/strong><\/li>\n<li><strong><u>L\u2019instabilit\u00e9 sociopolitique<\/u><\/strong><\/li>\n<\/ul>\n<p><strong><u>CONCLUSION<\/u><\/strong><\/p>\n<p><strong><u>INTRODUCTION<\/u><\/strong><\/p>\n<p>L\u2019Afrique de \u00a0l\u2019Est est une r\u00e9gion de l\u2019Afrique Elle d\u00e9signe g\u00e9n\u00e9ralement les pays de la vall\u00e9e et du grand rift africain avec\u00a0 une superficie\u00a0 de 2 000 000 km\u00b2. La population est estim\u00e9e \u00e0 8 100 000 d\u2019habitants .Il est constitu\u00e9 par dix (10) pays :TANZANIE, SOUDAN, SOMALIE, RWANDA, OUGANDA, KENYA, ETHIOPIE, ERYTHREE, DJIBOUI, BURUNDI.<\/p>\n<ul>\n<li><strong><u>L\u2019HOMME ET L\u2019ENVIRONNEMENT PHYSIQUE<\/u><\/strong><\/li>\n<\/ul>\n<p>La relation entre l\u2019Homme et l\u2019Environnement dans les manuels scolaires des Sciences de la Vie et de la Terre du secondaire durant les 25 derni\u00e8res ann\u00e9es. Les\u00a0 r\u00e9sultats des analyses de ces manuels d\u00e9montrent que la relation entre l\u2019Homme et l\u2019Environnement est per\u00e7ue comme n\u00e9gative.<\/p>\n<p><strong><u>\u00a0<\/u><\/strong><\/p>\n<ul>\n<li><strong><u>Les handicape de l\u2019homme sur l\u2019environnement<\/u><\/strong><\/li>\n<\/ul>\n<p>L\u2019id\u00e9e d\u2019une d\u00e9gradation de l\u2019environnement dans lequel vivent les humains sur la terre est devenue largement majoritaire \u00e0 la fin du XX si\u00e8cle. Plus qu\u2019une id\u00e9e, les faits d\u00e9montrent que l\u2019\u00e9volution de l\u2019environnement est repr\u00e9sentative d\u2019une d\u00e9gradation de l\u2019habitat, imputable \u00e0 l\u2019activit\u00e9 humaine :<\/p>\n<ul>\n<li>La pollution apparente c\u2019est -\u00e0 dire les traces de compos\u00e9s synth\u00e9tis\u00e9s par l\u2019homme dans les milieux naturels\u00a0: les sols, l\u2019eau et l\u2019aire.<\/li>\n<li>La rar\u00e9faction des ressources naturelles, renouvelables ou pas.<\/li>\n<li>La perte de biodiversit\u00e9, qui est m\u00eame consid\u00e9r\u00e9 comme un indicateur cl\u00e9 de l\u2019\u00e9tat de l\u2019environnement.<\/li>\n<li>La coupe abusive des bois<\/li>\n<li>Les feux de brousse<\/li>\n<li>La divagation des animaux<\/li>\n<li>La destruction de la couche d\u2019ozone par les usines et les engins de la circulation.<\/li>\n<li><\/li>\n<li><strong><u>Les probl\u00e8mes de l\u2019\u00e9rosion <\/u><\/strong><\/li>\n<\/ul>\n<p>Les probl\u00e8mes li\u00e9s \u00e0 l\u2019\u00e9rosion, l\u2019\u00e9rosion est les ph\u00e9nom\u00e8nes naturels, mais elle peut s\u2019av\u00e9rer\u00a0 d\u00e9sastreuse lorsqu\u2019elle est provoqu\u00e9e par&#8230;<\/p>\n<p>Pour obtenir l&rsquo;expos\u00e9 complet contactez le +226 56196345 (WhatsApp).<\/p>\n","protected":false},"featured_media":831,"template":"","meta":{"jetpack_publicize_message":"","jetpack_publicize_feature_enabled":true,"jetpack_social_post_already_shared":false,"jetpack_social_options":{"image_generator_settings":{"template":"highway","default_image_id":0,"font":"","enabled":false},"version":2}},"product_brand":[],"product_cat":[703,789,549,546],"product_tag":[872],"class_list":{"0":"post-2199","1":"product","2":"type-product","3":"status-publish","4":"has-post-thumbnail","6":"product_cat-economie","7":"product_cat-environnement","8":"product_cat-geographie","9":"product_cat-societe","10":"product_tag-afrique-orientale","12":"first","13":"instock","14":"downloadable","15":"virtual","16":"sold-individually","17":"purchasable","18":"product-type-simple"},"aioseo_notices":[],"jetpack_publicize_connections":[],"jetpack-related-posts":[],"jetpack_sharing_enabled":true,"_links":{"self":[{"href":"https:\/\/karandoogo.com\/index.php\/wp-json\/wp\/v2\/product\/2199","targetHints":{"allow":["GET"]}}],"collection":[{"href":"https:\/\/karandoogo.com\/index.php\/wp-json\/wp\/v2\/product"}],"about":[{"href":"https:\/\/karandoogo.com\/index.php\/wp-json\/wp\/v2\/types\/product"}],"wp:featuredmedia":[{"embeddable":true,"href":"https:\/\/karandoogo.com\/index.php\/wp-json\/wp\/v2\/media\/831"}],"wp:attachment":[{"href":"https:\/\/karandoogo.com\/index.php\/wp-json\/wp\/v2\/media?parent=2199"}],"wp:term":[{"taxonomy":"product_brand","embeddable":true,"href":"https:\/\/karandoogo.com\/index.php\/wp-json\/wp\/v2\/product_brand?post=2199"},{"taxonomy":"product_cat","embeddable":true,"href":"https:\/\/karandoogo.com\/index.php\/wp-json\/wp\/v2\/product_cat?post=2199"},{"taxonomy":"product_tag","embeddable":true,"href":"https:\/\/karandoogo.com\/index.php\/wp-json\/wp\/v2\/product_tag?post=2199"}],"curies":[{"name":"wp","href":"https:\/\/api.w.org\/{rel}","templated":true}]}}