{"id":2200,"date":"2022-08-31T15:05:31","date_gmt":"2022-08-31T15:05:31","guid":{"rendered":"https:\/\/karandoogo.com\/?post_type=product&#038;p=2200"},"modified":"2025-10-19T13:42:15","modified_gmt":"2025-10-19T13:42:15","slug":"expose-sur-instabilite-politique-en-afrique-causes-consequences-et-proposition-de-solutions","status":"publish","type":"product","link":"https:\/\/karandoogo.com\/index.php\/produit\/expose-sur-instabilite-politique-en-afrique-causes-consequences-et-proposition-de-solutions\/","title":{"rendered":"Expos\u00e9 sur instabilit\u00e9 politique en Afrique (causes cons\u00e9quences et proposition de solutions)"},"content":{"rendered":"","protected":false},"excerpt":{"rendered":"<p><strong>NB:<\/strong> Les documents mis \u00e0 disposition sur ce site sont des documents \u00e0 exploiter, autrement dit des compl\u00e9ments pour parfaire votre travail. Ils ne sont pas faits pour \u00eatre pr\u00e9sent\u00e9s \u00e0 l\u2019\u00e9tat.<\/p>\n<p><strong><u>INTRODUCTION<\/u><\/strong><\/p>\n<ul>\n<li><strong><u>CAUSES DE L\u2019INSTABILITE POLITIQUE AFRICAINE<\/u><\/strong><\/li>\n<li><strong><u>Les luttes coloniales<\/u><\/strong><\/li>\n<li><strong><u>Les conflits inter\u00e9tatiques<\/u><\/strong><\/li>\n<li><strong><u>Les conflits ethniques<\/u><\/strong><\/li>\n<li><strong><u>H\u00e9ritage du syst\u00e8me politique colonial<\/u><\/strong><\/li>\n<li><strong><u>CONSEQUENCES DE L\u2019INSTABILITE POLITIQUE<\/u><\/strong><\/li>\n<li><strong><u>Instauration du cycle infernal des coups d\u2019Etat<\/u><\/strong><\/li>\n<li><strong><u>Exploitation des masses laborieuses<\/u><\/strong><\/li>\n<li><strong><u>SOLUTIONS POUR SORTIR DE L\u2019INSTABILITE POLITIQUE<\/u><\/strong> <strong><u>(UN MODEL DE GOUVERNANCE QUI NOUS RESSEMBLE)<\/u><\/strong><\/li>\n<\/ul>\n<p><strong><u>CONCLUSION<\/u><\/strong><\/p>\n<p>&nbsp;<\/p>\n<p><strong><u>INTRODUCTION<\/u><\/strong><\/p>\n<p>Au sortir du syst\u00e8me colonial, la paix et la stabilit\u00e9 constituaient deux des principaux enjeux auxquels les pays africains devaient faire face en raison de leur histoire politique et institutionnelle. Bien qu\u2019elle n\u2019ait dur\u00e9 qu\u2019une p\u00e9riode relativement courte de moins d\u2019un si\u00e8cle dans l\u2019histoire africaine, la colonisation a compl\u00e8tement remodel\u00e9 ce continent. Elle a cr\u00e9\u00e9 de nouveaux \u00c9tats, red\u00e9fini les enjeux de pouvoir, r\u00e9orient\u00e9 les formes \u00e9conomiques, cristallis\u00e9 de nouveaux int\u00e9r\u00eats\u2026 Le risque, dans ces conditions, \u00e9tait de voir le continent sombrer dans d\u2019interminables guerres de fronti\u00e8re apr\u00e8s la fin de la r\u00e9gulation coloniale.<\/p>\n<ul>\n<li><strong><u>CAUSES DE L\u2019INSTABILITE POLITIQUE AFRICAINE<\/u><\/strong><\/li>\n<li><strong><u>Les luttes coloniales<\/u><\/strong><\/li>\n<\/ul>\n<p>Les guerres d\u2019ind\u00e9pendance ont constitu\u00e9 un premier groupe de conflits. Au lendemain de la Seconde Guerre mondiale, en m\u00eame temps qu\u2019\u00e9merge la litt\u00e9rature engag\u00e9e \u00e9voqu\u00e9e au chapitre 2, les Africains commencent \u00e0 envisager la lutte arm\u00e9e comme voie d\u2019acc\u00e8s \u00e0 l\u2019ind\u00e9pendance.<\/p>\n<ul>\n<li><strong><u>Les conflits inter\u00e9tatiques<\/u><\/strong><\/li>\n<\/ul>\n<p>Certaines guerres inter\u00e9tatiques sont aussi le fruit direct du legs colonial. Ce type de conflits \u00e9tait le plus redout\u00e9 dans les ann\u00e9es 1960, quand la plupart des pays africains ont acc\u00e9d\u00e9 \u00e0 l\u2019ind\u00e9pendance. C\u2019est cette crainte qui explique les efforts visant \u00e0 les \u00e9viter \u00e0 travers le principe de l\u2019intangibilit\u00e9 des fronti\u00e8res issues de la colonisation inscrit dans la charte de l\u2019OUA. A posteriori, on remarque qu\u2019ils ont \u00e9t\u00e9 moins nombreux que les guerres civiles et qu\u2019ils ont presque disparu depuis les ann\u00e9es 1990. Les cas les plus connus ont oppos\u00e9 le Mali et le Burkina Faso \u00e0 deux reprises, la Somalie et l\u2019\u00c9thiopie, le Tchad et la Libye et, pour la p\u00e9riode post-1990, l\u2019\u00c9thiopie et l\u2019\u00c9rythr\u00e9e. Ces conflits sont des s\u00e9quelles du processus colonial en ce sens qu\u2019ils r\u00e9sultent du trac\u00e9 arbitraire de fronti\u00e8res peu reconnues et se structurent g\u00e9n\u00e9ralement autour de revendications territoriales.<\/p>\n<ul>\n<li><strong><u>Les conflits ethniques<\/u><\/strong><\/li>\n<\/ul>\n<p>Les conflits ethniques sont devenus ainsi un champ d\u2019\u00e9tudes \u00e0 part enti\u00e8re. Loin de s\u2019en tenir \u00e0 une explication primordiale, et sans tomber dans la th\u00e8se de la fabrication coloniale de l\u2019ethnicit\u00e9, Donald Horowitz montre comment la colonisation a renforc\u00e9 les identit\u00e9s ethniques. Certains groupes ont \u00e9t\u00e9 plus favoris\u00e9s que d\u2019autres, comme les Kikuyu au Kenya, les Djerma au Niger, les Baoul\u00e9 en C\u00f4te d\u2019Ivoire ou les Hawiye en Somalie. Selon Donald Horowitz, c\u2019est&#8230;<\/p>\n<p>Pour obtenir l&rsquo;expos\u00e9 complet contactez le +226 56196345 (WhatsApp).<\/p>\n","protected":false},"featured_media":831,"template":"","meta":{"jetpack_publicize_message":"","jetpack_publicize_feature_enabled":true,"jetpack_social_post_already_shared":false,"jetpack_social_options":{"image_generator_settings":{"template":"highway","default_image_id":0,"font":"","enabled":false},"version":2}},"product_brand":[],"product_cat":[811,714,546],"product_tag":[610,871],"class_list":{"0":"post-2200","1":"product","2":"type-product","3":"status-publish","4":"has-post-thumbnail","6":"product_cat-geopolitique","7":"product_cat-politique","8":"product_cat-societe","9":"product_tag-afrique","10":"product_tag-instabilite-politique","12":"first","13":"instock","14":"downloadable","15":"virtual","16":"sold-individually","17":"purchasable","18":"product-type-simple"},"aioseo_notices":[],"jetpack_publicize_connections":[],"jetpack-related-posts":[],"jetpack_sharing_enabled":true,"_links":{"self":[{"href":"https:\/\/karandoogo.com\/index.php\/wp-json\/wp\/v2\/product\/2200","targetHints":{"allow":["GET"]}}],"collection":[{"href":"https:\/\/karandoogo.com\/index.php\/wp-json\/wp\/v2\/product"}],"about":[{"href":"https:\/\/karandoogo.com\/index.php\/wp-json\/wp\/v2\/types\/product"}],"wp:featuredmedia":[{"embeddable":true,"href":"https:\/\/karandoogo.com\/index.php\/wp-json\/wp\/v2\/media\/831"}],"wp:attachment":[{"href":"https:\/\/karandoogo.com\/index.php\/wp-json\/wp\/v2\/media?parent=2200"}],"wp:term":[{"taxonomy":"product_brand","embeddable":true,"href":"https:\/\/karandoogo.com\/index.php\/wp-json\/wp\/v2\/product_brand?post=2200"},{"taxonomy":"product_cat","embeddable":true,"href":"https:\/\/karandoogo.com\/index.php\/wp-json\/wp\/v2\/product_cat?post=2200"},{"taxonomy":"product_tag","embeddable":true,"href":"https:\/\/karandoogo.com\/index.php\/wp-json\/wp\/v2\/product_tag?post=2200"}],"curies":[{"name":"wp","href":"https:\/\/api.w.org\/{rel}","templated":true}]}}