{"id":2204,"date":"2022-08-31T15:18:08","date_gmt":"2022-08-31T15:18:08","guid":{"rendered":"https:\/\/karandoogo.com\/?post_type=product&#038;p=2204"},"modified":"2025-10-19T13:42:15","modified_gmt":"2025-10-19T13:42:15","slug":"expose-sur-la-mal-gouvernance-dans-parachutage-de-norbert-zongo","status":"publish","type":"product","link":"https:\/\/karandoogo.com\/index.php\/produit\/expose-sur-la-mal-gouvernance-dans-parachutage-de-norbert-zongo\/","title":{"rendered":"expos\u00e9 sur la mal gouvernance dans Parachutage de Norbert Zongo"},"content":{"rendered":"","protected":false},"excerpt":{"rendered":"<p><strong>NB:<\/strong> Les documents mis \u00e0 disposition sur ce site sont des documents \u00e0 exploiter, autrement dit des compl\u00e9ments pour parfaire votre travail. Ils ne sont pas faits pour \u00eatre pr\u00e9sent\u00e9s \u00e0 l\u2019\u00e9tat.<\/p>\n<p><strong>Introduction <\/strong><\/p>\n<ol>\n<li><strong>BIBIOGRAPHIE DE L\u2019AUTEUR ET L\u2019\u0152UVRE <\/strong><\/li>\n<li>Biographie et information<\/li>\n<\/ol>\n<p>&nbsp;<\/p>\n<ol>\n<li><strong>ETUDES DES PERSONNAGES <\/strong><\/li>\n<li>Personnage principal<\/li>\n<li>Personnages secondaires<\/li>\n<\/ol>\n<p><strong>\u00a0<\/strong><\/p>\n<ul>\n<li><strong>ETUDE THEMATIQUE <\/strong><\/li>\n<\/ul>\n<ol>\n<li>Th\u00e8me principal<\/li>\n<li>Th\u00e8mes secondaires<\/li>\n<li>La corruption<\/li>\n<li>La d\u00e9ception<\/li>\n<li>La fuite du pr\u00e9sident Goama<\/li>\n<li>Assassinat du pr\u00e9sident<\/li>\n<\/ol>\n<p>&nbsp;<\/p>\n<ol>\n<li><strong>RESUME ET QUELQUES CITATIONS DE L\u2019\u0152UVRE <\/strong><\/li>\n<li>R\u00e9sum\u00e9<\/li>\n<li>Quelques citations de l\u2019\u0153uvre<\/li>\n<\/ol>\n<p><strong>Conclusion<\/strong><\/p>\n<p><strong>\u00a0<\/strong><\/p>\n<p><strong>\u00a0<\/strong><\/p>\n<p><strong>\u00a0<\/strong><\/p>\n<p><strong>\u00a0<\/strong><\/p>\n<p><strong>\u00a0<\/strong><\/p>\n<p><strong>Introduction<\/strong><\/p>\n<p>Norbert\u00a0 Zongo \u00e9tait journaliste, il a \u00e9t\u00e9 assassin\u00e9 en 1998 et son meurtre a fait vaciller le r\u00e9gime burkinab\u00e9 car le fr\u00e8re du pr\u00e9sident semble bien y avoir \u00e9t\u00e9 impliqu\u00e9.\u00a0 L\u2019opposition aurait m\u00eame r\u00e9ussi \u00e0 s\u2019unir pour r\u00e9clamer, en vain, la v\u00e9rit\u00e9 et la justice. Il n\u2019aura probablement pas \u00e9t\u00e9 surpris de tomber sous les balles des tueurs puisqu\u2019il\u00a0 soulignait \u2018\u2019le caract\u00e8re suicidaire, de toute opposition de toute et de toute contestation\u2019\u2019 en Afrique car \u2018\u2019tuer qui vous g\u00eane est une loi de la politique\u2019\u2019 (en France le meurtre reste symbolique).<\/p>\n<p>Sous forme de roman que l\u2019Harmattan a eu la bonne id\u00e9e de r\u00e9\u00e9diter, Norbert Zongo a \u00e9crit un des meilleurs pamphlets politiques, sur l\u2019Afrique. Ses r\u00e9flexions d\u00e9passent largement le cadre de ce continent. Dans un pays originaire, mais qui s\u2019inspire malheureusement de nombreux Etats africains un coup d\u2019Etat\u00a0 est traitreusement orchestr\u00e9 pour renverser un p\u00e8re fondateur de la nation \u2018\u2019mis en place par les ex colonisateurs\u00a0 et vir\u00e9 par eux, parce que l\u2019on a plus besoin de lui pour contenir la horde communiste\u2019\u2019 et truquer les \u00e9lections (il va falloir prendre les m\u00eames mesures qu\u2019\u00e0 l\u2019arriv\u00e9e des parlementaires europ\u00e9ens).<\/p>\n<p>Le \u2018\u2019guide\u2019\u2019 \u00e9clair\u00e9 parvient \u00e0 s\u2019enfuir red\u00e9couvre la vraie vie de son peuple la scolarit\u00e9 des petits gens et la traitrise de ses ex \u2018\u2019fr\u00e8re\u2019\u2019 puissants.<\/p>\n<p>&nbsp;<\/p>\n<ol>\n<li><strong> BIBIOGRAPHIE DE L\u2019AUTEUR ET L\u2019\u0152UVRE <\/strong><\/li>\n<li><strong> Biographie et information <\/strong><\/li>\n<\/ol>\n<p>N\u00e9 \u00e0 Koudougou, il obtient son baccalaur\u00e9at en 1975. Il est enseignant depuis 1971, il enseigne \u00e0 P\u00f4 et \u00e0 Ouagadougou. Comme journaliste, il commence sa carri\u00e8re en 1986 au sein de l\u2019organe officiel Sidwaya puis au carrefour africain. Apr\u00e8s avoir, commenc\u00e9 une enqu\u00eate sur la mort myst\u00e9rieuse de David Ou\u00e9draogo, le chauffeur de Fran\u00e7ois Compaor\u00e9, le fr\u00e8re du pr\u00e9sident Burkinab\u00e9 Blaise Compaor\u00e9. Norbert\u00a0 Zongo est assassin\u00e9 le 13 d\u00e9cembre 1998, avec les trois personnes qui l\u2019accompagnaient (Blaise Ilboudo, Ablass\u00e9Niki\u00e9ma et Ernest Zongo) soulevant une tr\u00e8s vive \u00e9motion \u00e0 Ouagadougou, \u00e0 travers tout le pays mais aussi dans les pays voisins. En r\u00e9action de nombreuses manifestations ont eu lieu dans tout le pays, les plus violentes ont \u00e9t\u00e9\u00a0:<\/p>\n<p>&nbsp;<\/p>\n<ol>\n<li><strong> ETUDES DES PERSONNAGES <\/strong><\/li>\n<li><strong>Personnage principal<\/strong><\/li>\n<\/ol>\n<p><strong>Goama<\/strong> \u00e9tait le p\u00e8re fondateur du parti \u2018\u2019le guide \u00e9claire\u2019\u2019, le pr\u00e9sident de la r\u00e9publique de Watinbow strat\u00e8ge le Timonier national, le guide supr\u00eame celui qui lutta farouchement pour donner \u00e0 son pays l\u2019ind\u00e9pendance.<\/p>\n<ol start=\"2\">\n<li><strong>Personnages secondaires <\/strong><\/li>\n<\/ol>\n<p><strong>\u00a0<\/strong><\/p>\n<p><strong>Tiga <\/strong>\u00e9tait le conseiller tr\u00e8s sp\u00e9cial du pr\u00e9sident. C\u2019\u00e9tait lui qui condamnait et ex\u00e9cutait les sacrifices d\u00e9cid\u00e9s par l\u2019\u00e9quipe de sorciers et&#8230;<\/p>\n<p>Pour obtenir l&rsquo;expos\u00e9 complet contactez le +226 56196345 (WhatsApp).<\/p>\n","protected":false},"featured_media":831,"template":"","meta":{"jetpack_publicize_message":"","jetpack_publicize_feature_enabled":true,"jetpack_social_post_already_shared":false,"jetpack_social_options":{"image_generator_settings":{"template":"highway","default_image_id":0,"font":"","enabled":false},"version":2}},"product_brand":[],"product_cat":[598,547],"product_tag":[590,732,648],"class_list":{"0":"post-2204","1":"product","2":"type-product","3":"status-publish","4":"has-post-thumbnail","6":"product_cat-litterature","7":"product_cat-litterature-africaine","8":"product_tag-auteur-burkinabe","9":"product_tag-norbert-zongo","10":"product_tag-parachutage","12":"first","13":"instock","14":"downloadable","15":"virtual","16":"sold-individually","17":"purchasable","18":"product-type-simple"},"aioseo_notices":[],"jetpack_publicize_connections":[],"jetpack-related-posts":[],"jetpack_sharing_enabled":true,"_links":{"self":[{"href":"https:\/\/karandoogo.com\/index.php\/wp-json\/wp\/v2\/product\/2204","targetHints":{"allow":["GET"]}}],"collection":[{"href":"https:\/\/karandoogo.com\/index.php\/wp-json\/wp\/v2\/product"}],"about":[{"href":"https:\/\/karandoogo.com\/index.php\/wp-json\/wp\/v2\/types\/product"}],"wp:featuredmedia":[{"embeddable":true,"href":"https:\/\/karandoogo.com\/index.php\/wp-json\/wp\/v2\/media\/831"}],"wp:attachment":[{"href":"https:\/\/karandoogo.com\/index.php\/wp-json\/wp\/v2\/media?parent=2204"}],"wp:term":[{"taxonomy":"product_brand","embeddable":true,"href":"https:\/\/karandoogo.com\/index.php\/wp-json\/wp\/v2\/product_brand?post=2204"},{"taxonomy":"product_cat","embeddable":true,"href":"https:\/\/karandoogo.com\/index.php\/wp-json\/wp\/v2\/product_cat?post=2204"},{"taxonomy":"product_tag","embeddable":true,"href":"https:\/\/karandoogo.com\/index.php\/wp-json\/wp\/v2\/product_tag?post=2204"}],"curies":[{"name":"wp","href":"https:\/\/api.w.org\/{rel}","templated":true}]}}