{"id":2205,"date":"2022-08-31T15:25:21","date_gmt":"2022-08-31T15:25:21","guid":{"rendered":"https:\/\/karandoogo.com\/?post_type=product&#038;p=2205"},"modified":"2025-10-19T13:42:15","modified_gmt":"2025-10-19T13:42:15","slug":"expose-sur-la-problematique-du-chomage-au-burkina-faso","status":"publish","type":"product","link":"https:\/\/karandoogo.com\/index.php\/produit\/expose-sur-la-problematique-du-chomage-au-burkina-faso\/","title":{"rendered":"Expos\u00e9 sur la Probl\u00e9matique du ch\u00f4mage au Burkina Faso"},"content":{"rendered":"","protected":false},"excerpt":{"rendered":"<p><strong>NB:<\/strong> Les documents mis \u00e0 disposition sur ce site sont des documents \u00e0 exploiter, autrement dit des compl\u00e9ments pour parfaire votre travail. Ils ne sont pas faits pour \u00eatre pr\u00e9sent\u00e9s \u00e0 l\u2019\u00e9tat.<\/p>\n<p><strong><u>PLAN<\/u><\/strong><\/p>\n<p><strong><u>INTRODUCTION<\/u><\/strong><\/p>\n<ul>\n<li><strong><u>CLARIFICATION CONCEPTUELLE<\/u><\/strong><\/li>\n<li><u>Au sens g\u00e9n\u00e9ral <\/u><\/li>\n<li><u>Conception du ch\u00f4mage selon Karl Marx <\/u><\/li>\n<li><strong><u>LES FACTEURS DU CHOMAGE AU BURKINA FASO<\/u><\/strong><\/li>\n<li><u>les facteurs li\u00e9s \u00e0 l\u2019environnement \u00e9conomique et d\u00e9mographique<\/u><\/li>\n<li><u>les facteurs lies a la faible employabilit\u00e9 des jeunes.<\/u><\/li>\n<li>Les faiblesses de l\u2019offre de L\u2019EFTP.<\/li>\n<li>Manque d\u2019exp\u00e9rience professionnelle.<\/li>\n<li>Le niveau d\u2019instruction\u00a0:<\/li>\n<li>L\u2019inad\u00e9quation entre les formations et les besoins du march\u00e9.<\/li>\n<li>Faiblesse de l\u2019acc\u00e8s des jeunes aux facteurs de production.<\/li>\n<li><strong><u>LES CONSEQUENCES DU CHOMAGE AU BURKINA FASO<\/u><\/strong><\/li>\n<li><strong><u>SOLUTIONS<\/u><\/strong><\/li>\n<li><u>Principales initiatives du gouvernement en faveur de l\u2019emploi des jeunes.<\/u><\/li>\n<li>Renforcement de l\u2019appui \u00e0 la cr\u00e9ation de l\u2019MPE<\/li>\n<li>L\u2019am\u00e9lioration de l\u2019employabilit\u00e9 des jeunes<\/li>\n<li><u>Principales perspectives du gouvernement en faveur de l\u2019emploi des jeunes.<\/u><\/li>\n<li>La mise en \u0153uvre du Projet d\u2019emploi des jeunes et d\u00e9veloppement des comp\u00e9tences(PEJDC).<\/li>\n<li>La mise en \u0153uvre de la strat\u00e9gie de G\u00e9n\u00e9ralisation de la Formation Professionnelle.<\/li>\n<\/ul>\n<p><strong><u>CONCLUSION<\/u><\/strong><\/p>\n<p><strong><u>\u00a0<\/u><\/strong><\/p>\n<p><strong><u>\u00a0<\/u><\/strong><\/p>\n<p><strong><u>INTRODUCTION<\/u><\/strong><\/p>\n<p>Au Burkina Faso le ch\u00f4mage est un ph\u00e9nom\u00e8ne urbain alors que le sous-emploi est un ph\u00e9nom\u00e8ne rural. En milieu rural 29,4% des jeunes \u00e2g\u00e9s de 15-24 ans sont au ch\u00f4mage tandis que le milieu rural est surtout marqu\u00e9 par un taux de sous-emploi relativement \u00e9lev\u00e9 de l\u2019ordre de 26,6%. De m\u00eame que les autres pays Africains, le Burkina Faso est fortement confront\u00e9 aux probl\u00e8mes du ch\u00f4mage et du sous-emploi des jeunes. Sur une population estim\u00e9e a 16 millions d\u2019habitants, les jeunes de 16 \u00e0 35 ans repr\u00e9sentent 61% de la population active Burkinab\u00e9. Le principal probl\u00e8me auquel ces jeunes sont confront\u00e9s sur le march\u00e9 du travail est leur manque de comp\u00e9tence ou l\u2019inadaptation de ces comp\u00e9tences aux besoins du march\u00e9 du travail. En effet 58% des jeunes de 16 \u00e0 24 ans et 71% de ceux de 25 \u00e0 35% ne sont ni instruit ni alphab\u00e9tis\u00e9s (BAD BIT, 2013), m\u00eame si le Burkina Faso affiche en 2013\/2014 un taux brut de de scolarisation de 83,0% et un taux de net de scolarisation de 64,74%. Ainsi quelles sont les causes de ce ph\u00e9nom\u00e8ne\u00a0? Quelle r\u00e9percussion que peut le ch\u00f4mage peut engendrer\u00a0? N\u2019y a-t-il pas des perspectives face \u00e0 ce probl\u00e8me. Le brut principal de ce travail sera d\u2019analyser ces diff\u00e9rentes interrogations sur la probl\u00e9matique de l\u2019emploi des jeunes au Burkina Faso.<\/p>\n<ol>\n<li><strong><u>CLARIFICATION CONCEPTUELLE<\/u><\/strong><\/li>\n<\/ol>\n<ul>\n<li><strong><u>Au sens g\u00e9n\u00e9ral <\/u><\/strong><\/li>\n<\/ul>\n<p>Le ch\u00f4mage est une action de ch\u00f4m\u00e9, arr\u00eat volontaire on forcer de travailler. Ainsi ch\u00f4m\u00e9 veut dire suspendre son travail on manquer de travail officiellement le ch\u00f4meur est d\u00e9fini comme \u00e9tant une personne en \u00e2ge de travailler (15 au plus) qui r\u00e9pond simultan\u00e9ment a trois conditions tel que \u00eatre sans emploi c\u2019est-a dire ne pas avoir travailler au moins une heure de r\u00e9f\u00e9rence, \u00eatre disponible pour prendre un emploi dans les quinze jours, avoir chercher active un emploi dans les six mois pr\u00e9c\u00e9dent ou avoir trouver un commerce dans au moins trois mois.<\/p>\n<ul>\n<li><strong><u>Conception du ch\u00f4mage selon Karl Marx <\/u><\/strong><\/li>\n<\/ul>\n<p>Le ch\u00f4mage est inh\u00e9rent au fonctionnement de syst\u00e8me capitaliste, le ch\u00f4mage de Marx \u00e9tant constance des p\u00e9riodes r\u00e9guli\u00e8re de crise du capitaliste. Le prol\u00e9tariat est alors divis\u00e9 en ceux qui en situation de surtravail (salari\u00e9) et sous-travail (ch\u00f4meur) \u00a0(arm\u00e9e industrielle de travail) qui permet au capitaliste de faire pression \u00e0 la baisse sur les salaires.<\/p>\n<ol>\n<li><strong><u>LES FACTEURS DU CHOMAGE AU BURKINA FASO<\/u><\/strong><\/li>\n<\/ol>\n<ul>\n<li><strong><u>Les facteurs li\u00e9s \u00e0 l\u2019environnement \u00e9conomique et d\u00e9mographique<\/u><\/strong><\/li>\n<\/ul>\n<p>La jeunesse Burkinab\u00e8 dans sa large majorit\u00e9 est confront\u00e9e au probl\u00e8me de ch\u00f4mage, de sous-emploi, et de pauvret\u00e9 qui sont essentiellement li\u00e9s d\u2019une part, \u00e0 la structure \u00e9conomique du pays, et d\u2019autre part \u00e0 la pression d\u00e9mographique.<\/p>\n<p>Le Burkina Faso est un pays principalement agricole, disposant d\u2019un secteur industriel r\u00e9duit. Hors, le secteur industriel est le plus souvent un secteur \u00e0 fort potentiel d\u2019emploi, notamment, les emplois qualifi\u00e9s et \u00e0 revenu \u00e9lev\u00e9.<\/p>\n<p>L\u2019\u00e9conomie agricole qui occupe plus de 80% de la\u00a0 population active, est tr\u00e8s fragile du fait de sas faible productivit\u00e9 et des al\u00e9as climatiques. Aussi, la majeure partie des actifs agricoles pratiquent l\u2019agriculture de subsistance. Lesquelles cultures de rente qui sont pratiqu\u00e9es sont soumissentaux fluctuations de prix sur le march\u00e9 mondial. La faible m\u00e9canisation, le mode d\u2019organisation du travail dans les m\u00e9nages agricoles, les difficult\u00e9s d\u2019acc\u00e8s \u00e0 des terres arables fertiles, ainsi&#8230;<\/p>\n<p>Pour obtenir l&rsquo;expos\u00e9 complet contactez le +226 56196345 (WhatsApp).<\/p>\n","protected":false},"featured_media":831,"template":"","meta":{"jetpack_publicize_message":"","jetpack_publicize_feature_enabled":true,"jetpack_social_post_already_shared":false,"jetpack_social_options":{"image_generator_settings":{"template":"highway","default_image_id":0,"font":"","enabled":false},"version":2}},"product_brand":[],"product_cat":[703,714,546],"product_tag":[561,873],"class_list":{"0":"post-2205","1":"product","2":"type-product","3":"status-publish","4":"has-post-thumbnail","6":"product_cat-economie","7":"product_cat-politique","8":"product_cat-societe","9":"product_tag-burkina-faso","10":"product_tag-chomage","12":"first","13":"instock","14":"downloadable","15":"virtual","16":"sold-individually","17":"purchasable","18":"product-type-simple"},"aioseo_notices":[],"jetpack_publicize_connections":[],"jetpack-related-posts":[],"jetpack_sharing_enabled":true,"_links":{"self":[{"href":"https:\/\/karandoogo.com\/index.php\/wp-json\/wp\/v2\/product\/2205","targetHints":{"allow":["GET"]}}],"collection":[{"href":"https:\/\/karandoogo.com\/index.php\/wp-json\/wp\/v2\/product"}],"about":[{"href":"https:\/\/karandoogo.com\/index.php\/wp-json\/wp\/v2\/types\/product"}],"wp:featuredmedia":[{"embeddable":true,"href":"https:\/\/karandoogo.com\/index.php\/wp-json\/wp\/v2\/media\/831"}],"wp:attachment":[{"href":"https:\/\/karandoogo.com\/index.php\/wp-json\/wp\/v2\/media?parent=2205"}],"wp:term":[{"taxonomy":"product_brand","embeddable":true,"href":"https:\/\/karandoogo.com\/index.php\/wp-json\/wp\/v2\/product_brand?post=2205"},{"taxonomy":"product_cat","embeddable":true,"href":"https:\/\/karandoogo.com\/index.php\/wp-json\/wp\/v2\/product_cat?post=2205"},{"taxonomy":"product_tag","embeddable":true,"href":"https:\/\/karandoogo.com\/index.php\/wp-json\/wp\/v2\/product_tag?post=2205"}],"curies":[{"name":"wp","href":"https:\/\/api.w.org\/{rel}","templated":true}]}}