{"id":2206,"date":"2022-08-31T15:30:45","date_gmt":"2022-08-31T15:30:45","guid":{"rendered":"https:\/\/karandoogo.com\/?post_type=product&#038;p=2206"},"modified":"2025-10-19T13:42:15","modified_gmt":"2025-10-19T13:42:15","slug":"expose-complet-sur-la-revolution-francaise","status":"publish","type":"product","link":"https:\/\/karandoogo.com\/index.php\/produit\/expose-complet-sur-la-revolution-francaise\/","title":{"rendered":"Expos\u00e9 complet sur La r\u00e9volution Fran\u00e7aise"},"content":{"rendered":"","protected":false},"excerpt":{"rendered":"<p><strong>NB:<\/strong> Les documents mis \u00e0 disposition sur ce site sont des documents \u00e0 exploiter, autrement dit des compl\u00e9ments pour parfaire votre travail. Ils ne sont pas faits pour \u00eatre pr\u00e9sent\u00e9s \u00e0 l\u2019\u00e9tat.<\/p>\n<p><strong><u>Introduction<\/u><\/strong><\/p>\n<p><strong><u>La r\u00e9volution<\/u><\/strong><\/p>\n<ul>\n<li><strong><u>Les causes de la r\u00e9volution<\/u><\/strong><\/li>\n<\/ul>\n<p>&nbsp;<\/p>\n<p><strong><u>Crise \u00e9conomiques<\/u><\/strong><\/p>\n<ul>\n<li><strong><u>Une crise sociale <\/u><\/strong><\/li>\n<li><strong><u>Une crise politique<\/u><\/strong><\/li>\n<li><strong><u>Les Etapes de la r\u00e9volution fran\u00e7aise <\/u><\/strong><\/li>\n<li><strong><u>L\u2019ann\u00e9e de la lumi\u00e8re<\/u><\/strong><\/li>\n<li><u><\/u><strong><u>les f\u00eates du tiers \u00e9<\/u><\/strong><strong><u>t<\/u><\/strong><strong><u>at et la paix <\/u><\/strong><\/li>\n<\/ul>\n<p><strong><u>la gue<\/u><\/strong><strong><u>r<\/u><\/strong><strong><u>re pour tous <\/u><\/strong><\/p>\n<ul>\n<li><strong><u>1794-1799 <\/u><\/strong><\/li>\n<li><strong><u>Les cons\u00e9quences de la r\u00e9volution<\/u><\/strong><\/li>\n<li><strong><u>Les cons\u00e9quences positives <\/u><\/strong><\/li>\n<li><strong><u>L&rsquo;av\u00e8nement de la d\u00e9mocratie <\/u><\/strong><\/li>\n<li><strong><u>La naissance de la R\u00e9publique <\/u><\/strong><\/li>\n<li><strong><u>La modernisation de la France<\/u><\/strong><\/li>\n<li><strong><u>Les cons\u00e9quences n\u00e9gatives<\/u><\/strong><\/li>\n<li><strong><u>Une violence exacerb\u00e9e<\/u><\/strong><\/li>\n<li><strong><u>La France qui tombe<\/u><\/strong><\/li>\n<li><strong><u>Les grands drames de l&rsquo;Histoire<\/u><\/strong><\/li>\n<\/ul>\n<p><strong><u>Conclusion<\/u><\/strong><\/p>\n<p><strong><u>Introduction<\/u><\/strong><\/p>\n<p>La R\u00e9volution fran\u00e7aise est une p\u00e9riode de bouleversements sociaux et politiques de grande envergure en France, dans ses colonies et en Europe \u00e0 la fin du xviiie si\u00e8cle. La p\u00e9riode habituellement comprise s&rsquo;\u00e9tend entre l&rsquo;ouverture des \u00c9tats g\u00e9n\u00e9raux, le 5 mai 1789, et au plus tard le coup d&rsquo;\u00c9tat de Napol\u00e9on Bonaparte le 9 novembre 1799 (18 brumaire de l&rsquo;an VIII). Cette p\u00e9riode de l&rsquo;histoire de France a mis fin \u00e0 l&rsquo;Ancien R\u00e9gime en rempla\u00e7ant la monarchie absolue par une suite de r\u00e9gimes plus ou moins d\u00e9finis, dont la Premi\u00e8re R\u00e9publique un peu plus de trois ans apr\u00e8s la prise de la Bastille.<\/p>\n<p>&nbsp;<\/p>\n<p>&nbsp;<\/p>\n<ul>\n<li><strong><u>La r\u00e9volution<\/u><\/strong>:<\/li>\n<\/ul>\n<p>&nbsp;<\/p>\n<ul>\n<li><u>En 1789<\/u> les Etats G\u00e9n\u00e9raux (repr\u00e9sentants \u00e9lus des 3 classes: la noblesse + le<br \/>\nclerg\u00e9 + le tiers \u00e9tat) se r\u00e9unissent \u00e0 Versailles. Devant des difficult\u00e9s venues<br \/>\nde discussions sur le protocole \u00e0 suivre (vote par ordres ou vote par t\u00eates) les<br \/>\nEtats G\u00e9n\u00e9raux se d\u00e9clarent \u00ab\u00a0Assembl\u00e9e Nationale\u00a0\u00bb. Le roi c\u00e8de devant la<br \/>\nr\u00e9volte du peuple de Paris qui le 14 Juillet prend la Bastille (prison vide mais<br \/>\nsymbole du despotisme). L&rsquo;Assembl\u00e9e supprime l&rsquo;absolutisme dans la nuit du 4<br \/>\nao\u00fbt et cr\u00e9e une monarchie constitutionnelle avec de nouvelles structures<\/li>\n<\/ul>\n<p>. \u00a0\u00a0\u00a0\u00a0\u00a0\u00a0\u00a0\u00a0\u00a0\u00a0\u00a0\u00a0\u00a0\u00a0\u00a0\u00a0\u00a0\u00a0\u00a0\u00a0\u00a0\u00a0\u00a0\u00a0\u00a0\u00a0\u00a0\u00a0\u00a0\u00a0\u00a0\u00a0\u00a0\u00a0\u00a0\u00a0\u00a0\u00a0\u00a0\u00a0\u00a0\u00a0\u00a0\u00a0\u00a0 \\<\/p>\n<p>Administratives.<\/p>\n<ul>\n<li>En 1792 le roi devenu impopulaire est renvers\u00e9. Il sera guillotin\u00e9 ainsi que <u>la<br \/>\n<\/u>reine en 1793. La r\u00e9publique est cr\u00e9\u00e9e au moment m\u00eame o\u00f9 la France entre en<br \/>\nguerre contre l&rsquo;Angleterre, l&rsquo;Autriche, et la Prusse<\/li>\n<li>En 1793-1794, pour r\u00e9sister \u00e0 l&rsquo;ennemi et aux contre-r\u00e9volutionnaires<br \/>\nRobespierre supprime les libert\u00e9s, instaure la terreur et la guillotine pour ses<br \/>\n.<\/li>\n<li>De 1795 \u00e0 1799 on essaie d&rsquo;instaurer une R\u00e9publique mod\u00e9r\u00e9e, mais la guerre<br \/>\ncontinue et les divisions int\u00e9rieures sont trop grandes. Ceci permet Un coup<br \/>\nd&rsquo;\u00e9tat militaire qui donne le pouvoir \u00e0 Napol\u00e9on Bonaparte en 1799.<\/li>\n<\/ul>\n<p>&nbsp;<\/p>\n<ul>\n<li><strong><u>Les causes de la r\u00e9volution<\/u><\/strong><\/li>\n<\/ul>\n<p>&nbsp;<\/p>\n<p>Les causes de la R\u00e9volution viennent surtout de l&rsquo;incapacit\u00e9 de la royaut\u00e9 \u00e0 se<br \/>\nmoderniser \u00e0 la fin du XVIII si\u00e8cle. Louis XVI et ses ministres appellent finalement<br \/>\nles Etats G\u00e9n\u00e9raux pour r\u00e9soudre la crise financi\u00e8re et politique au moment m\u00eame o\u00f9<br \/>\nle peuple subit une crise \u00e9conomique.<\/p>\n<ul>\n<li><strong><u>Crise \u00e9conomiques<\/u><\/strong><\/li>\n<\/ul>\n<p>Une crise \u00e9conomique Le r\u00e8gne de Louis XIV correspond \u00e0 une conjoncture \u00e9conomique difficile : baisse des prix agricoles, marasme de l&rsquo;industrie textile. Les pluies et les inondations de 1787, la s\u00e9cheresse puis la gr\u00eale de juillet 1788 ont eu pour cons\u00e9quence une tr\u00e8s mauvaise r\u00e9colte en 1788. L&rsquo;hiver 1788-1789 est tr\u00e8s rigoureux. Au printemps 1789, la mauvaise r\u00e9colte de c\u00e9r\u00e9ales de l&rsquo;ann\u00e9e pr\u00e9c\u00e9dente provoque une flamb\u00e9e des prix partout en France. A Paris, le prix du pain double.<\/p>\n<ul>\n<li><strong><u>Une crise sociale <\/u><\/strong><\/li>\n<\/ul>\n<p>Cette flamb\u00e9e des prix oblige les Fran\u00e7ais \u00e0 consacrer tous leurs revenus \u00e0 l&rsquo;achat du pain. Les artisans et les manufactures ne parviennent pas \u00e0 \u00e9couler leurs marchandises. La production textile baisse de moiti\u00e9 en 1789. Les faillites se multiplient, cr\u00e9ant du ch\u00f4mage. Le vagabondage et la mendicit\u00e9 se d\u00e9veloppent. Des troubles \u00e9clatent un peu partout.<\/p>\n<p>&nbsp;<\/p>\n<ul>\n<li><strong><u>Une crise politique<\/u><\/strong><\/li>\n<\/ul>\n<p>Dans cette p\u00e9riode particuli\u00e8rement troubl\u00e9e, Louis XVI ne pr\u00e9sente pas les qualit\u00e9s d&rsquo;un grand monarque. De caract\u00e8re faible, il n&rsquo;aime pas sa fonction de roi et l&rsquo;assume sans enthousiasme. Ses contemporains critiquent ses h\u00e9sitations. Quant \u00e0 la reine Marie-Antoinette, d&rsquo;origine autrichienne, elle est tr\u00e8s impopulaire aupr\u00e8s des Fran\u00e7ais, qui lui reprochent ses d\u00e9penses et ses frivolit\u00e9s. La monarchie est donc&#8230;<\/p>\n<p>Pour obtenir l&rsquo;expos\u00e9 complet contactez le +226 56196345 (WhatsApp).<\/p>\n","protected":false},"featured_media":831,"template":"","meta":{"jetpack_publicize_message":"","jetpack_publicize_feature_enabled":true,"jetpack_social_post_already_shared":false,"jetpack_social_options":{"image_generator_settings":{"template":"highway","default_image_id":0,"font":"","enabled":false},"version":2}},"product_brand":[],"product_cat":[608],"product_tag":[874],"class_list":{"0":"post-2206","1":"product","2":"type-product","3":"status-publish","4":"has-post-thumbnail","6":"product_cat-histoire","7":"product_tag-revolution-francaise","9":"first","10":"instock","11":"downloadable","12":"virtual","13":"sold-individually","14":"purchasable","15":"product-type-simple"},"aioseo_notices":[],"jetpack_publicize_connections":[],"jetpack-related-posts":[],"jetpack_sharing_enabled":true,"_links":{"self":[{"href":"https:\/\/karandoogo.com\/index.php\/wp-json\/wp\/v2\/product\/2206","targetHints":{"allow":["GET"]}}],"collection":[{"href":"https:\/\/karandoogo.com\/index.php\/wp-json\/wp\/v2\/product"}],"about":[{"href":"https:\/\/karandoogo.com\/index.php\/wp-json\/wp\/v2\/types\/product"}],"wp:featuredmedia":[{"embeddable":true,"href":"https:\/\/karandoogo.com\/index.php\/wp-json\/wp\/v2\/media\/831"}],"wp:attachment":[{"href":"https:\/\/karandoogo.com\/index.php\/wp-json\/wp\/v2\/media?parent=2206"}],"wp:term":[{"taxonomy":"product_brand","embeddable":true,"href":"https:\/\/karandoogo.com\/index.php\/wp-json\/wp\/v2\/product_brand?post=2206"},{"taxonomy":"product_cat","embeddable":true,"href":"https:\/\/karandoogo.com\/index.php\/wp-json\/wp\/v2\/product_cat?post=2206"},{"taxonomy":"product_tag","embeddable":true,"href":"https:\/\/karandoogo.com\/index.php\/wp-json\/wp\/v2\/product_tag?post=2206"}],"curies":[{"name":"wp","href":"https:\/\/api.w.org\/{rel}","templated":true}]}}