{"id":2212,"date":"2022-08-31T15:51:22","date_gmt":"2022-08-31T15:51:22","guid":{"rendered":"https:\/\/karandoogo.com\/?post_type=product&#038;p=2212"},"modified":"2025-10-19T13:42:15","modified_gmt":"2025-10-19T13:42:15","slug":"expose-sur-la-traite-negriere-et-principaux-domaines-geographiques","status":"publish","type":"product","link":"https:\/\/karandoogo.com\/index.php\/produit\/expose-sur-la-traite-negriere-et-principaux-domaines-geographiques\/","title":{"rendered":"Expos\u00e9 sur la traite n\u00e9gri\u00e8re et principaux domaines g\u00e9ographiques"},"content":{"rendered":"","protected":false},"excerpt":{"rendered":"<p><strong>NB:<\/strong> Les documents mis \u00e0 disposition sur ce site sont des documents \u00e0 exploiter, autrement dit des compl\u00e9ments pour parfaire votre travail. Ils ne sont pas faits pour \u00eatre pr\u00e9sent\u00e9s \u00e0 l\u2019\u00e9tat.<\/p>\n<p><strong><u>PLAN<\/u><\/strong><\/p>\n<p><strong><u>INTRODUCTION<\/u><\/strong><\/p>\n<ul>\n<li><strong><u>Origines ou causes de la traite<\/u><\/strong><\/li>\n<li><strong><u>Organisation ou d\u00e9roulement de la traite<\/u><\/strong><\/li>\n<li><strong><u>Principaux domaines g\u00e9ographiques de la traite<\/u><\/strong><\/li>\n<li><strong><u>Abolition de la traite<\/u><\/strong><\/li>\n<\/ul>\n<p><strong><u>CONCLUSION<\/u><\/strong><\/p>\n<p><strong><u>INTRODUCTION<\/u><\/strong><\/p>\n<p>La traite n\u00e9gri\u00e8re est le commerce des noirs arrach\u00e9s de force \u00e0 leurs familles vendues comme esclaves et transport\u00e9s en Am\u00e9rique \u00e0 partir du XVI si\u00e8cle. Elle est n\u00e9e en 1578 et est pratiqu\u00e9e par les Europ\u00e9ens. Elle se pratiquait entre trois continents \u00e0 savoir l\u2019Europe l\u2019Am\u00e9rique et l\u2019Afrique : Elle \u00e9volu\u00e9 de fa\u00e7on vertigineuse et prendra fin jusqu\u2019au XIX si\u00e8cle gr\u00e2ce au Christianisme.\u00a0 Ses cons\u00e9quences ont \u00e9t\u00e9 profitables pour l\u2019Am\u00e9rique et surtout pour l\u2019Europe qui en b\u00e9n\u00e9ficia davantage.<\/p>\n<ul>\n<li><strong><u>ORIGINES OU CAUSES DE LA TRAITE<\/u><\/strong><\/li>\n<\/ul>\n<p>Apr\u00e8s la d\u00e9couverte de l\u2019Am\u00e9rique les Europ\u00e9ens ont constat\u00e9s que la terre Am\u00e9ricaine \u00e9tait riche en mati\u00e8res premi\u00e8res de ressources mini\u00e8res et de plantations le besoin de main d\u2019\u0153uvres important pour les cultures et mati\u00e8res premi\u00e8res tropicale ont amen\u00e9 les Europ\u00e9ens a utilis\u00e9 les Am\u00e9rindiens comme\u00a0 man\u0153uvre dans les plantations. Mais ceux-ci \u00e9taient tr\u00e8s faibles et ne r\u00e9sistaient pas ; ils mouraient beaucoup aux cours des travaux. Ainsi la faiblesse des Am\u00e9rindiens repoussa les Europ\u00e9ens \u00e0 revenir sur les c\u00f4tes Africaines pour chercher de force les noirs qui \u00e9taient robustes et r\u00e9sistant par rapport aux Am\u00e9rindiens. Il faut aussi noter qu\u2019en Afrique la traite des hommes remonte en Egypte pharaonique. Les esclaves \u00e9taient des prisonniers de guerre et ils \u00e9taient affect\u00e9s\u00a0 aux canaux d\u2019irrigation et \u00e0 des travaux domestiques. Dans toutes les soci\u00e9t\u00e9s Africaines l\u2019esclavage a \u00e9t\u00e9 pratiqu\u00e9 \u00e0 petite \u00e9chelle et\u00a0 \u00e9tait pratiqu\u00e9 dans les familles.<\/p>\n<p>Les esclavagistes invent\u00e8rent des raisons scientifiques et morales pour justifier les actes inhumains. Ils s\u2019appuy\u00e8rent sur la bible sous pr\u00e9texte de convertir les africains au christianisme mais la v\u00e9ritable raison motivante de a traite des noirs \u00e9tait le profit. Les occidentaux avaient besoin d\u2019une main d\u2019\u0153uvre abondante et r\u00e9sistante pour remplacer les am\u00e9rindiens dans la production coloniale tels que le sucre, le caf\u00e9, le tabac, etc\u2026 qui ont \u00e9t\u00e9 a l\u2019\u0153uvre de la richesse occidentale.<\/p>\n<p>&nbsp;<\/p>\n<ul>\n<li><strong><u>La traite Orientale<\/u><\/strong><\/li>\n<\/ul>\n<p>La traite orientale encore appel\u00e9e la traite des arabes organis\u00e9s et&#8230;<\/p>\n<p>Pour obtenir l&rsquo;expos\u00e9 complet contactez le +226 56196345 (WhatsApp).<\/p>\n","protected":false},"featured_media":831,"template":"","meta":{"jetpack_publicize_message":"","jetpack_publicize_feature_enabled":true,"jetpack_social_post_already_shared":false,"jetpack_social_options":{"image_generator_settings":{"template":"highway","default_image_id":0,"font":"","enabled":false},"version":2}},"product_brand":[],"product_cat":[811,608],"product_tag":[877,771],"class_list":{"0":"post-2212","1":"product","2":"type-product","3":"status-publish","4":"has-post-thumbnail","6":"product_cat-geopolitique","7":"product_cat-histoire","8":"product_tag-domaines-geographiques","9":"product_tag-traite-negriere","11":"first","12":"instock","13":"downloadable","14":"virtual","15":"sold-individually","16":"purchasable","17":"product-type-simple"},"aioseo_notices":[],"jetpack_publicize_connections":[],"jetpack-related-posts":[],"jetpack_sharing_enabled":true,"_links":{"self":[{"href":"https:\/\/karandoogo.com\/index.php\/wp-json\/wp\/v2\/product\/2212","targetHints":{"allow":["GET"]}}],"collection":[{"href":"https:\/\/karandoogo.com\/index.php\/wp-json\/wp\/v2\/product"}],"about":[{"href":"https:\/\/karandoogo.com\/index.php\/wp-json\/wp\/v2\/types\/product"}],"wp:featuredmedia":[{"embeddable":true,"href":"https:\/\/karandoogo.com\/index.php\/wp-json\/wp\/v2\/media\/831"}],"wp:attachment":[{"href":"https:\/\/karandoogo.com\/index.php\/wp-json\/wp\/v2\/media?parent=2212"}],"wp:term":[{"taxonomy":"product_brand","embeddable":true,"href":"https:\/\/karandoogo.com\/index.php\/wp-json\/wp\/v2\/product_brand?post=2212"},{"taxonomy":"product_cat","embeddable":true,"href":"https:\/\/karandoogo.com\/index.php\/wp-json\/wp\/v2\/product_cat?post=2212"},{"taxonomy":"product_tag","embeddable":true,"href":"https:\/\/karandoogo.com\/index.php\/wp-json\/wp\/v2\/product_tag?post=2212"}],"curies":[{"name":"wp","href":"https:\/\/api.w.org\/{rel}","templated":true}]}}