{"id":2214,"date":"2022-08-31T16:11:22","date_gmt":"2022-08-31T16:11:22","guid":{"rendered":"https:\/\/karandoogo.com\/?post_type=product&#038;p=2214"},"modified":"2025-10-19T13:42:14","modified_gmt":"2025-10-19T13:42:14","slug":"expose-complet-sur-la-vie-et-loeuvre-de-norbert-zongo","status":"publish","type":"product","link":"https:\/\/karandoogo.com\/index.php\/produit\/expose-complet-sur-la-vie-et-loeuvre-de-norbert-zongo\/","title":{"rendered":"Expos\u00e9 complet sur la vie et l&rsquo;\u0153uvre de Norbert Zongo"},"content":{"rendered":"","protected":false},"excerpt":{"rendered":"<p><strong>NB:<\/strong> Les documents mis \u00e0 disposition sur ce site sont des documents \u00e0 exploiter, autrement dit des compl\u00e9ments pour parfaire votre travail. Ils ne sont pas faits pour \u00eatre pr\u00e9sent\u00e9s \u00e0 l\u2019\u00e9tat.<\/p>\n<p><strong><u>PLAN<\/u><\/strong><\/p>\n<p><strong><u>INTRODUCTION<\/u><\/strong><\/p>\n<ul>\n<li><strong><u>LA BIOGRAPHIE<\/u><\/strong><\/li>\n<li><strong><u>LA BIBLIOGRAPHIE<\/u><\/strong><\/li>\n<li><strong><u>CONTROVERSES AUTOUR DE LA VIE DE NORBERT ZONGO<\/u><\/strong><\/li>\n<li><strong><u>Assassinat<\/u><\/strong><\/li>\n<li><strong><u>L&rsquo;enqu\u00eate officielle<\/u><\/strong><\/li>\n<li><strong><u>Les enqu\u00eates ind\u00e9pendantes<\/u><\/strong><\/li>\n<li><strong><u>INFLUENCE CULTURELLE DE LA MORT DE ZONGO<\/u><\/strong><\/li>\n<\/ul>\n<p><strong><u>CONCLUSION<\/u><\/strong><\/p>\n<p><strong><u>\u00a0<\/u><\/strong><\/p>\n<p><strong><u>INTRODUCTION<\/u><\/strong><\/p>\n<p>Norbert Zongo est un journaliste burkinab\u00e8 n\u00e9 en 1949 \u00e0 Koudougou et mort assassin\u00e9 le 13 d\u00e9cembre 1998 \u00e0 Sapouy. Fondateur et directeur de la publication de l\u2019hebdomadaire L&rsquo;Ind\u00e9pendant, il est \u00e9galement auteur de deux romans : Le Parachutage et Rougb\u00eainga.<\/p>\n<ul>\n<li><strong><u>LA BIOGRAPHIE<\/u><\/strong><\/li>\n<\/ul>\n<p>NORBERT ZONGO est\u00a0 n\u00e9 le 31 juillet 1949 \u00e0 KOUDOUGOU. Inscris \u00e0 l\u2019\u00e9cole nationale de KOUDOUGOU-primaire, il fait la 3<sup>e<\/sup> au cours normal de KOUDOUGOU en octobre 1969 mais est interdit d\u2019acc\u00e8s \u00e0 toutes les classes de la seconde des \u00e9tablissements secondaires du BURKINA. Les raisons de cette interdiction restent inconnues. Il devient instituteur adjoint \u00e0 partir de 1971 il obtient son baccalaur\u00e9at en 1975, il s\u2019inscrit \u00e0 la facult\u00e9 de droit \u00e0 l\u2019universit\u00e9 d\u2019ABIDJAN o\u00f9 il pote pour l\u2019examen terminal unique (ETU). Il deviendra plus tard professeur de Fran\u00e7ais au lyc\u00e9e saint joseph \u00e0 OUAGADOUGOU. Il est admis \u00e0 l\u2019institut sup\u00e9rieur de presse du conseil de l\u2019entente \u00e0 LOME. Il lia amiti\u00e9 avec un conseiller du pr\u00e9sident EYADEMA qui avait rejoint l\u2019opposition. NORBERT ZONGO sera cherch\u00e9 ainsi que son ami par le service de renseignement togolais. Il r\u00e9ussit \u00e0 s\u2019\u00e9chapper et fuit vers le GHANA. Conduit \u00e0 l\u2019ambassade de la haute volta, il sera arr\u00eat\u00e9 et d\u00e9tenu \u00e0 la gendarmerie de OUAGADOUGOU pendant une ann\u00e9e (1981-1982). Il poursuit ses \u00e9tudes de journalisme plus tard avec l\u2019aide de l\u2019\u00e9crivain AMADOU KOUROUMA en 1984 \u00e0 l\u2019\u00e9cole sup\u00e9rieur de YAOUNDE. Il revient au BURKINA FASO en 1986 et forge ses premi\u00e8res armes dans des organes de presse d\u2019\u00e9tat tels que SIDWAYA et CARREFOUR africain. Ses analyses critiques sur la vie am\u00e8ne le pouvoir \u00e0l\u2019affecter \u00e0 BANFORA. Il refuse et rend sa d\u00e9mission puis cr\u00e9e son propre journal en juin 1993. NORBERT ZONGO sera assassin\u00e9 le 13 d\u00e9cembre avec trois personnes qui l\u2019accompagnaient alors qu\u2019il enqu\u00eatait sur la mort de DAVID OUEDRAOGO.<\/p>\n<ul>\n<li><strong><u>LA BIBLIOGRAPHIE<\/u><\/strong><\/li>\n<\/ul>\n<p>Engag\u00e9s d\u00e8s le d\u00e9but de son cursus scolaire dans le journalisme avec son journal (LA VOIE DU COURS NORMAL), sa carri\u00e8re de r\u00eave, NORBERT ZONGO s\u2019est plus consolid\u00e9 dans ce m\u00e9tier. Ainsi de son vivant, il n\u2019a \u00e9crit que deux romans. Le premier (LE PARACHUTAGE) dont nous parlerons dans notre expos\u00e9 qui est paru en 1988 aux \u00e9ditions ABC-communication\u00a0; et le second (ROUGBEINGA) en 1990. En 1990 avant ces deux romans, il publie une pi\u00e8ce de th\u00e9\u00e2tre titr\u00e9\u00a0\u00ab ET VOUS VOULEZ QU\u2019ON PRENNE L\u2019AFRIQUE AU SERIEUX\u00a0\u00bb. La pi\u00e8ce a \u00e9t\u00e9 \u00e9crite en 1972 et s\u00e9lectionn\u00e9 au concours th\u00e9\u00e2tral interafricain et diffus\u00e9 \u00e0 l\u2019\u00e9mission premi\u00e8re chaine sur les ondes de la RTI. A cela s\u2019ajoute deux recueils de nouvelles qui sont \u00ab\u00a0REQUIEM POUR UN SOUVENIR\u00a0\u00bb et \u00ab\u00a0LE PECHEUR DU DESERT\u00a0\u00bb. il faut noter qu\u2019il pr\u00e9parait la suite du roman parachutage dont il avait par ailleurs annonc\u00e9 la r\u00e9\u00e9dition pour la fin de l\u2019ann\u00e9e 1998.<\/p>\n<ul>\n<li><strong><u>CONTROVERSES AUTOUR DE LA VIE DE NORBERT ZONGO<\/u><\/strong><\/li>\n<li><strong><u>Assassinat<\/u><\/strong><\/li>\n<\/ul>\n<p>Apr\u00e8s avoir commenc\u00e9 une enqu\u00eate sur la mort myst\u00e9rieuse de David Ouedraogo, le chauffeur de Fran\u00e7ois Compaor\u00e9, le fr\u00e8re du pr\u00e9sident burkinab\u00e8 Blaise Compaor\u00e9, Norbert Zongo est assassin\u00e9 le 13 d\u00e9cembre 1998, avec les trois personnes qui l&rsquo;accompagnaient (Blaise Ilboudo, Ablass\u00e9 Niki\u00e9ma et Ernest Zongo), soulevant une tr\u00e8s vive \u00e9motion \u00e0 Ouagadougou, \u00e0 travers tout le pays mais aussi dans les pays voisins7,8. En r\u00e9action, de nombreuses manifestations ont eu lieu dans tout le pays, les plus violentes ont \u00e9t\u00e9 enregistr\u00e9es \u00e0 Koudougou (\u00e0 l&rsquo;ouest de Ouagadougou), o\u00f9 \u00e9tait n\u00e9 Norbert Zongo. Les partisans du parti au pouvoir, organis\u00e9s en milice et arm\u00e9s de gourdins, se sont livr\u00e9s \u00e0 une chasse aux manifestants dans plusieurs villes du pays.<\/p>\n<ul>\n<li><strong><u>L&rsquo;enqu\u00eate officielle<\/u><\/strong><\/li>\n<\/ul>\n<p>C\u00e9dant au m\u00e9contentement populaire, le pr\u00e9sident Blaise Compaor\u00e9 laisse une enqu\u00eate judiciaire s&rsquo;ouvrir. En sept ans d&rsquo;instruction, un&#8230;<\/p>\n<p>Pour obtenir l&rsquo;expos\u00e9 complet contactez le +226 56196345 (WhatsApp).<\/p>\n","protected":false},"featured_media":831,"template":"","meta":{"jetpack_publicize_message":"","jetpack_publicize_feature_enabled":true,"jetpack_social_post_already_shared":false,"jetpack_social_options":{"image_generator_settings":{"template":"highway","default_image_id":0,"font":"","enabled":false},"version":2}},"product_brand":[],"product_cat":[598,547],"product_tag":[732,879],"class_list":{"0":"post-2214","1":"product","2":"type-product","3":"status-publish","4":"has-post-thumbnail","6":"product_cat-litterature","7":"product_cat-litterature-africaine","8":"product_tag-norbert-zongo","9":"product_tag-vie-et-oeuvre","11":"first","12":"instock","13":"downloadable","14":"virtual","15":"sold-individually","16":"purchasable","17":"product-type-simple"},"aioseo_notices":[],"jetpack_publicize_connections":[],"jetpack-related-posts":[],"jetpack_sharing_enabled":true,"_links":{"self":[{"href":"https:\/\/karandoogo.com\/index.php\/wp-json\/wp\/v2\/product\/2214","targetHints":{"allow":["GET"]}}],"collection":[{"href":"https:\/\/karandoogo.com\/index.php\/wp-json\/wp\/v2\/product"}],"about":[{"href":"https:\/\/karandoogo.com\/index.php\/wp-json\/wp\/v2\/types\/product"}],"wp:featuredmedia":[{"embeddable":true,"href":"https:\/\/karandoogo.com\/index.php\/wp-json\/wp\/v2\/media\/831"}],"wp:attachment":[{"href":"https:\/\/karandoogo.com\/index.php\/wp-json\/wp\/v2\/media?parent=2214"}],"wp:term":[{"taxonomy":"product_brand","embeddable":true,"href":"https:\/\/karandoogo.com\/index.php\/wp-json\/wp\/v2\/product_brand?post=2214"},{"taxonomy":"product_cat","embeddable":true,"href":"https:\/\/karandoogo.com\/index.php\/wp-json\/wp\/v2\/product_cat?post=2214"},{"taxonomy":"product_tag","embeddable":true,"href":"https:\/\/karandoogo.com\/index.php\/wp-json\/wp\/v2\/product_tag?post=2214"}],"curies":[{"name":"wp","href":"https:\/\/api.w.org\/{rel}","templated":true}]}}