{"id":2216,"date":"2022-08-31T16:22:38","date_gmt":"2022-08-31T16:22:38","guid":{"rendered":"https:\/\/karandoogo.com\/?post_type=product&#038;p=2216"},"modified":"2025-10-19T13:42:14","modified_gmt":"2025-10-19T13:42:14","slug":"expose-complet-sur-lanalphabetisme-causes-consequences-solutions","status":"publish","type":"product","link":"https:\/\/karandoogo.com\/index.php\/produit\/expose-complet-sur-lanalphabetisme-causes-consequences-solutions\/","title":{"rendered":"Expos\u00e9 complet sur l&rsquo;analphab\u00e9tisme (causes, cons\u00e9quences, solutions)"},"content":{"rendered":"","protected":false},"excerpt":{"rendered":"<p><strong>NB:<\/strong> Les documents mis \u00e0 disposition sur ce site sont des documents \u00e0 exploiter, autrement dit des compl\u00e9ments pour parfaire votre travail. Ils ne sont pas faits pour \u00eatre pr\u00e9sent\u00e9s \u00e0 l\u2019\u00e9tat.<\/p>\n<p><strong><u>PLAN<\/u><\/strong><\/p>\n<p><strong><u>INTRODUCTION<\/u><\/strong><\/p>\n<ul>\n<li><strong><u>DEFINITION<\/u><\/strong><\/li>\n<li><strong><u>CAUSES DE L\u2019ANALPHABETISME<\/u><\/strong><\/li>\n<li><strong><u>CONSEQUENCES DE L\u2019ANALPHABETISME<\/u><\/strong><\/li>\n<li><strong><u>L\u2019ANALPHABETISME AU BURKINA FASO<\/u><\/strong><\/li>\n<li><strong><u>SOLUTIONS<\/u><\/strong><\/li>\n<\/ul>\n<p><strong><u>CONCLUSION<\/u><\/strong><\/p>\n<p>&nbsp;<\/p>\n<p>&nbsp;<\/p>\n<p><strong><u>INTRODUCTION<\/u><\/strong><\/p>\n<p>Les conceptions de l&rsquo;alphab\u00e9tisation et de l&rsquo;alphab\u00e9tisme au niveau des nations tendent \u00e0 ressembler \u00e0 celles pr\u00e9sent\u00e9es par l&rsquo;UNESCO, mais il subsiste n\u00e9anmoins des variations int\u00e9ressantes. Ainsi, une enqu\u00eate fut r\u00e9alis\u00e9e par l&rsquo;UNESCO dans 105 pays entre 1993 et 2004 pour objectif de d\u00e9terminer les diff\u00e9rentes d\u00e9finitions nationales. Environ 80\u00a0% des pays d\u00e9finissent l&rsquo;alphab\u00e9tisme comme la capacit\u00e9 de lire et\/ou d\u2019\u00e9crire un \u00e9nonc\u00e9 simple dans une langue nationale ou une langue autochtone.<\/p>\n<ul>\n<li><strong><u>DEFINITION<\/u><\/strong><\/li>\n<\/ul>\n<p>En\u00a0<a href=\"https:\/\/fr.wikipedia.org\/wiki\/1958\">1958<\/a>, l&rsquo;<a href=\"https:\/\/fr.wikipedia.org\/wiki\/Organisation_des_Nations_unies_pour_l%27%C3%A9ducation,_la_science_et_la_culture\">UNESCO<\/a>\u00a0donnait la d\u00e9finition suivante de l&rsquo;<em>alphab\u00e9tisme<\/em>\u00a0:\u00a0\u00ab\u00a0une personne est alphab\u00e8te si elle peut \u00e0 la fois lire et \u00e9crire, en le comprenant, un \u00e9nonc\u00e9 simple et bref se rapportant \u00e0 sa vie quotidienne\u00a0\u00bb<a href=\"https:\/\/fr.wikipedia.org\/wiki\/Analphab%C3%A9tisme#cite_note-EPT_2006_page_161-2\"><sup>2<\/sup><\/a>. L\u2019Unesco soutenait ainsi l\u2019id\u00e9e d\u2019une \u00ab\u00a0\u00e9ducation fondamentale\u00a0\u00bb, principalement centr\u00e9e sur les comp\u00e9tences en lecture et en \u00e9criture<a href=\"https:\/\/fr.wikipedia.org\/wiki\/Analphab%C3%A9tisme#cite_note-EPT_2006_page_161-2\"><sup>2<\/sup><\/a>.\u00a0<em>Analphab\u00e8te<\/em>\u00a0\u00e9tait alors un terme \u00ab\u00a0g\u00e9n\u00e9rique\u00a0\u00bb, qui ne consid\u00e9rait pas le parcours (scolaire) de la personne.<\/p>\n<p>Dans les ann\u00e9es\u00a0<a href=\"https:\/\/fr.wikipedia.org\/wiki\/1960\">1960<\/a>&#8211;<a href=\"https:\/\/fr.wikipedia.org\/wiki\/1970\">1970<\/a>, combattre l&rsquo;analphab\u00e9tisme a de plus en plus \u00e9t\u00e9 consid\u00e9r\u00e9 comme une condition n\u00e9cessaire de la\u00a0<a href=\"https:\/\/fr.wikipedia.org\/wiki\/Croissance_%C3%A9conomique\">croissance \u00e9conomique<\/a>\u00a0et du d\u00e9veloppement national. En 1965, le Congr\u00e8s mondial des ministres de l&rsquo;\u00e9ducation sur l&rsquo;\u00e9limination de l&rsquo;analphab\u00e9tisme a mis en avant le lien existant entre alphab\u00e9tisme et\u00a0<a href=\"https:\/\/fr.wikipedia.org\/wiki\/D%C3%A9veloppement_%C3%A9conomique_et_social\">d\u00e9veloppement<\/a>, et propos\u00e9 pour la premi\u00e8re fois le concept d&rsquo;alphab\u00e9tisme fonctionnel\u00a0:\u00a0\u00ab\u00a0L&rsquo;alphab\u00e9tisation doit \u00eatre consid\u00e9r\u00e9e non comme une fin en soi mais comme un moyen de pr\u00e9parer l\u2019homme \u00e0 un r\u00f4le social, civique et \u00e9conomique qui va au-del\u00e0 des limites de la forme rudimentaire de l&rsquo;alphab\u00e9tisation consistant simplement \u00e0 enseigner la lecture et l\u2019\u00e9criture.\u00a0\u00bb<\/p>\n<p>&nbsp;<\/p>\n<p>L&rsquo;<strong>analphab\u00e9tisme<\/strong>\u00a0est l&rsquo;incapacit\u00e9 ou la difficult\u00e9 \u00e0\u00a0<a href=\"https:\/\/fr.wikipedia.org\/wiki\/Lecture\">lire<\/a>,\u00a0<a href=\"https:\/\/fr.wikipedia.org\/wiki\/%C3%89criture\">\u00e9crire<\/a>\u00a0et\u00a0<a href=\"https:\/\/fr.wikipedia.org\/wiki\/Calcul_(math%C3%A9matiques)\">compter<\/a>, le plus souvent par manque d&rsquo;apprentissage.<\/p>\n<p>Il se distingue de l&rsquo;<a href=\"https:\/\/fr.wikipedia.org\/wiki\/Illettrisme\">illettrisme<\/a><a href=\"https:\/\/fr.wikipedia.org\/wiki\/Analphab%C3%A9tisme#cite_note-anlci-1\"><sup>1<\/sup><\/a>, terme utilis\u00e9 en France quand la personne a \u00e9t\u00e9 scolaris\u00e9e en fran\u00e7ais mais que cet apprentissage n&rsquo;a pas conduit \u00e0 la ma\u00eetrise de la lecture et de l&rsquo;\u00e9criture ou que cette ma\u00eetrise a \u00e9t\u00e9 perdue<\/p>\n<ul>\n<li><strong><u>CAUSES DE L\u2019ANALPHABETISME<\/u><\/strong><\/li>\n<\/ul>\n<p>Le probl\u00e8me de l\u2019analphab\u00e9tisme chez un individu r\u00e9sulte de diff\u00e9rentes causes qui sont g\u00e9n\u00e9ralement reli\u00e9es entre elles. Ensemble, elles cr\u00e9ent une s\u00e9rie d\u2019obstacles souvent insurmontables pour la personne concern\u00e9e. Par exemple,&#8230;<\/p>\n<p>Pour obtenir l&rsquo;expos\u00e9 complet contactez le +226 56196345 (WhatsApp).<\/p>\n","protected":false},"featured_media":831,"template":"","meta":{"jetpack_publicize_message":"","jetpack_publicize_feature_enabled":true,"jetpack_social_post_already_shared":false,"jetpack_social_options":{"image_generator_settings":{"template":"highway","default_image_id":0,"font":"","enabled":false},"version":2}},"product_brand":[],"product_cat":[714,546],"product_tag":[882],"class_list":{"0":"post-2216","1":"product","2":"type-product","3":"status-publish","4":"has-post-thumbnail","6":"product_cat-politique","7":"product_cat-societe","8":"product_tag-analphabetisme","10":"first","11":"instock","12":"downloadable","13":"virtual","14":"sold-individually","15":"purchasable","16":"product-type-simple"},"aioseo_notices":[],"jetpack_publicize_connections":[],"jetpack-related-posts":[],"jetpack_sharing_enabled":true,"_links":{"self":[{"href":"https:\/\/karandoogo.com\/index.php\/wp-json\/wp\/v2\/product\/2216","targetHints":{"allow":["GET"]}}],"collection":[{"href":"https:\/\/karandoogo.com\/index.php\/wp-json\/wp\/v2\/product"}],"about":[{"href":"https:\/\/karandoogo.com\/index.php\/wp-json\/wp\/v2\/types\/product"}],"wp:featuredmedia":[{"embeddable":true,"href":"https:\/\/karandoogo.com\/index.php\/wp-json\/wp\/v2\/media\/831"}],"wp:attachment":[{"href":"https:\/\/karandoogo.com\/index.php\/wp-json\/wp\/v2\/media?parent=2216"}],"wp:term":[{"taxonomy":"product_brand","embeddable":true,"href":"https:\/\/karandoogo.com\/index.php\/wp-json\/wp\/v2\/product_brand?post=2216"},{"taxonomy":"product_cat","embeddable":true,"href":"https:\/\/karandoogo.com\/index.php\/wp-json\/wp\/v2\/product_cat?post=2216"},{"taxonomy":"product_tag","embeddable":true,"href":"https:\/\/karandoogo.com\/index.php\/wp-json\/wp\/v2\/product_tag?post=2216"}],"curies":[{"name":"wp","href":"https:\/\/api.w.org\/{rel}","templated":true}]}}