{"id":2218,"date":"2022-08-31T16:41:28","date_gmt":"2022-08-31T16:41:28","guid":{"rendered":"https:\/\/karandoogo.com\/?post_type=product&#038;p=2218"},"modified":"2025-10-19T13:42:14","modified_gmt":"2025-10-19T13:42:14","slug":"expose-complet-sur-le-vih-sida-en-milieu-scolaire","status":"publish","type":"product","link":"https:\/\/karandoogo.com\/index.php\/produit\/expose-complet-sur-le-vih-sida-en-milieu-scolaire\/","title":{"rendered":"Expos\u00e9 complet sur le VIH-SIDA en milieu scolaire"},"content":{"rendered":"","protected":false},"excerpt":{"rendered":"<p><strong>NB<\/strong>: Les documents mis \u00e0 disposition sur ce site sont des documents \u00e0 exploiter, autrement dit des compl\u00e9ments pour parfaire votre travail. Ils ne sont pas faits pour \u00eatre pr\u00e9sent\u00e9s \u00e0 l\u2019\u00e9tat.<\/p>\n<p><strong><u>PLAN<\/u><\/strong><\/p>\n<p><strong><u>INTRODUCTION <\/u><\/strong><\/p>\n<ol>\n<li><strong><u> CAUSES <\/u><\/strong><\/li>\n<li><strong><u> Banalisation du virus<\/u><\/strong><\/li>\n<li><strong><u> Manque d&rsquo;\u00e9ducation sexuelle<\/u><\/strong><\/li>\n<li><strong><u> CONSEQUENCES <\/u><\/strong><\/li>\n<\/ol>\n<p><strong><u>III. SOLUTIONS <\/u><\/strong><\/p>\n<ol>\n<li><strong><u> solutions individuelles<\/u><\/strong><\/li>\n<li><strong><u> Solutions gouvernementales<\/u><\/strong><\/li>\n<li><strong><u> POLITIQUES NATIONALES DE LUTTE <\/u><\/strong><\/li>\n<\/ol>\n<p><strong><u>CONCLUSION<\/u><\/strong><\/p>\n<p><strong><u>Sources:<\/u><\/strong><\/p>\n<p><strong><u>\u00a0<\/u><\/strong><\/p>\n<p><strong><u>INTRODUCTION <\/u><\/strong><\/p>\n<p>Selon les statistiques de l&rsquo;ONG Family Health International, \u00ab\u00a0chaque minute, cinq jeunes de 15 \u00e0 25 ans sont infect\u00e9s par le virus du VIH-SIDA\u00a0\u00bb. Au Burkina Faso les statistiques recueillies au niveau des directions r\u00e9gionales de l\u2019enseignement secondaire, sup\u00e9rieur et de la recherche scientifique r\u00e9v\u00e8lent de nombreux cas de grossesses et d\u2019infections sexuelles dans les \u00e9tablissements secondaires en g\u00e9n\u00e9rale et particuli\u00e8rement dans la r\u00e9gion du Nord. Ce probl\u00e8me concernant les futurs hommes et femmes du Burkina est un probl\u00e8me a prendre bras le corps. Au cours de notre expos\u00e9 nous mettrons en lumi\u00e8re l&rsquo;origine de ce fl\u00e9au au Burkina et les moyens d&rsquo;y rem\u00e9dier.<\/p>\n<ol>\n<li><strong><u> CAUSES <\/u><\/strong><\/li>\n<li><strong><u> Banalisation du virus<\/u><\/strong><\/li>\n<\/ol>\n<p>Les \u00e9l\u00e8ves semblent uniquement pr\u00e9occup\u00e9s par le risque de grossesse quand on leur parle de rapports sexuels. Qui parle de grossesse parle de rapport sexuel non ou mal prot\u00e9g\u00e9. Toute chose qui expose ces jeunes \u00e0 des risques r\u00e9els de contagion. Dans certains milieux, la peur du VIH a foutu le camp. Les gens ont plut\u00f4t peur soit de la grossesse soit d\u2019une IST. Pour eux, avec les ARV, l\u2019on peut dissimuler son mal. Or, il y a des IST qui sont dissimulables difficilement. Surtout m\u00eame que l\u2019ARV est devenu une seule mol\u00e9cule. Cette mol\u00e9cule est prise une fois par jour. Ce n\u2019est plus comme avant o\u00f9, lorsque vous \u00eates d\u00e9clar\u00e9 malade, il faut prendre plusieurs comprim\u00e9s \u00e0 longueur de journ\u00e9e. Cette banalisation de la maladie occasionnera sans doute de nouveaux cas surtout dans la tranche d\u2019\u00e2ge des 15 \u00e0 28 ans. C\u2019est donc dire, que le Burkina Faso se doit d\u2019analyser le probl\u00e8me et prendre des mesures draconiennes qui si\u00e9ent.<\/p>\n<ol start=\"2\">\n<li><strong><u> Manque d&rsquo;\u00e9ducation sexuelle<\/u><\/strong><\/li>\n<\/ol>\n<p>La sexualit\u00e9 est un sujet tabou au Burkina Faso car elle est li\u00e9e au sexe. En g\u00e9n\u00e9ral, la sexualit\u00e9 est une question dont on parle peu publiquement dans notre soci\u00e9t\u00e9. Les parents du fait de leur \u00e9ducation et de la tradition n\u2019ont pas appris \u00e0 parler explicitement de ce sujet avec leurs enfants. De nos jours, du fait de la t\u00e9l\u00e9vision et des nouvelles technologies de l\u2019information et de la communication comme l\u2019Internet, les jeunes sont de plus en plus expos\u00e9s \u00e0 des images et des sc\u00e8nes pornographiques. Malheureusement&#8230;.<\/p>\n<p>Pour obtenir l&rsquo;expos\u00e9 complet contactez le +226 56196345 (WhatsApp).<\/p>\n","protected":false},"featured_media":831,"template":"","meta":{"jetpack_publicize_message":"","jetpack_publicize_feature_enabled":true,"jetpack_social_post_already_shared":false,"jetpack_social_options":{"image_generator_settings":{"template":"highway","default_image_id":0,"font":"","enabled":false},"version":2}},"product_brand":[],"product_cat":[627,546],"product_tag":[888,887,886],"class_list":{"0":"post-2218","1":"product","2":"type-product","3":"status-publish","4":"has-post-thumbnail","6":"product_cat-sciences-de-la-vie-et-de-la-terre","7":"product_cat-societe","8":"product_tag-milieu-scolaire","9":"product_tag-sida","10":"product_tag-vih","12":"first","13":"instock","14":"downloadable","15":"virtual","16":"sold-individually","17":"purchasable","18":"product-type-simple"},"aioseo_notices":[],"jetpack_publicize_connections":[],"jetpack-related-posts":[],"jetpack_sharing_enabled":true,"_links":{"self":[{"href":"https:\/\/karandoogo.com\/index.php\/wp-json\/wp\/v2\/product\/2218","targetHints":{"allow":["GET"]}}],"collection":[{"href":"https:\/\/karandoogo.com\/index.php\/wp-json\/wp\/v2\/product"}],"about":[{"href":"https:\/\/karandoogo.com\/index.php\/wp-json\/wp\/v2\/types\/product"}],"wp:featuredmedia":[{"embeddable":true,"href":"https:\/\/karandoogo.com\/index.php\/wp-json\/wp\/v2\/media\/831"}],"wp:attachment":[{"href":"https:\/\/karandoogo.com\/index.php\/wp-json\/wp\/v2\/media?parent=2218"}],"wp:term":[{"taxonomy":"product_brand","embeddable":true,"href":"https:\/\/karandoogo.com\/index.php\/wp-json\/wp\/v2\/product_brand?post=2218"},{"taxonomy":"product_cat","embeddable":true,"href":"https:\/\/karandoogo.com\/index.php\/wp-json\/wp\/v2\/product_cat?post=2218"},{"taxonomy":"product_tag","embeddable":true,"href":"https:\/\/karandoogo.com\/index.php\/wp-json\/wp\/v2\/product_tag?post=2218"}],"curies":[{"name":"wp","href":"https:\/\/api.w.org\/{rel}","templated":true}]}}