{"id":2219,"date":"2022-08-31T16:55:34","date_gmt":"2022-08-31T16:55:34","guid":{"rendered":"https:\/\/karandoogo.com\/?post_type=product&#038;p=2219"},"modified":"2025-10-19T13:42:14","modified_gmt":"2025-10-19T13:42:14","slug":"expose-complet-sur-le-clonage-et-ses-avantages","status":"publish","type":"product","link":"https:\/\/karandoogo.com\/index.php\/produit\/expose-complet-sur-le-clonage-et-ses-avantages\/","title":{"rendered":"Expos\u00e9 complet sur le clonage et ses avantages"},"content":{"rendered":"","protected":false},"excerpt":{"rendered":"<p><strong>NB:<\/strong> Les documents mis \u00e0 disposition sur ce site sont des documents \u00e0 exploiter, autrement dit des compl\u00e9ments pour parfaire votre travail. Ils ne sont pas faits pour \u00eatre pr\u00e9sent\u00e9s \u00e0 l\u2019\u00e9tat.<\/p>\n<p><strong>Introduction<\/strong><\/p>\n<ol>\n<li><strong> LE CLONAGE<\/strong><\/li>\n<\/ol>\n<p>1) D\u00e9finition<\/p>\n<p>2) Les\u00a0 types du clonage<\/p>\n<ol>\n<li>a) \u00a0Le clonage humain<\/li>\n<\/ol>\n<p>a.1) Le clonage th\u00e9rapeutique<\/p>\n<p>a.2) Le clonage reproductif<\/p>\n<ol>\n<li>b) Le clonage animal<\/li>\n<li>c) Le clonage v\u00e9g\u00e9tal<\/li>\n<\/ol>\n<p>&nbsp;<\/p>\n<p><strong>\u00a0\u00a0\u00a0\u00a0 II-\u00a0 AVANTAGES DU CLONAGE<\/strong><\/p>\n<p>1) Le clonage Humain<\/p>\n<p>2) Le clonage animal<\/p>\n<p>3) Le clonage v\u00e9g\u00e9tal<\/p>\n<p><strong>\u00a0\u00a0\u00a0\u00a0\u00a0\u00a0\u00a0\u00a0\u00a0\u00a0\u00a0\u00a0\u00a0\u00a0\u00a0\u00a0\u00a0 Conclusion<\/strong><\/p>\n<p><strong>Introduction<\/strong><\/p>\n<p>Le clonage apparut dans nos soci\u00e9t\u00e9s occidentales, voil\u00e0 plus de 50 ans est sujet \u00e0 de nombreux fonds armes scientifiques et populaires. Avant tout il faut pr\u00e9ciser ce qu\u2019est un clone, tel qu\u2019utiliser dans la majorit\u00e9 des m\u00e9dias.<\/p>\n<p>&nbsp;<\/p>\n<p>Un clone est un individu qui a le m\u00eame code g\u00e9n\u00e9tique qu\u2019un autre individu, une copie g\u00e9n\u00e9tique. Mais ce terme r\u00e9f\u00e8re aussi \u00e0 la copie au sens plus large. En g\u00e9n\u00e9tique, on parle de clone pour une copie d\u2019un g\u00e8ne ou encore pour une lign\u00e9e cellulaire obtenue \u00e0 partir d\u2019une seule cellule. On parle m\u00eame de clone en informatique. En fait le mot \u00ab\u00a0clone\u00a0\u00bb est de plus en plus utilis\u00e9 \u00e0 toutes les sources, ce qui n\u2019aide \u00e0 rien. Nous pouvons donc nous interroger\u00a0: le clonage humain est-il un progr\u00e8s immense pour l\u2019humanit\u00e9 ou une menace pour la survie de l\u2019esp\u00e8ce humaine\u00a0?<\/p>\n<p>C\u2019est pourquoi nous \u00e9tudierons la question \u00e0\u00a0 travers deux (02) grandes \u00a0parties. Nous aborderons tout d\u2019abord le sujet du point de vie technique, c&rsquo;est-\u00e0-dire que nous d\u00e9finirons globalement le m\u00e9canisme et les vari\u00e9t\u00e9s du clonage. Et pour finir nous analyserons<\/p>\n<p>&nbsp;<\/p>\n<p><strong>I- LE CLONAGE<\/strong><\/p>\n<p><strong>1) D\u00e9finition<\/strong><\/p>\n<p>Le clonage d\u00e9signe principalement deux (02) processus. C\u2019est d\u2019une part la multiplication naturelle et artificielle \u00e0 l\u2019identique d\u2019un \u00eatre vivant, c\u2019est-\u00e0-dire avec conservation exacte du m\u00eame g\u00e9nome pour tous les descendants (les clones). C\u2019est donc un synonyme de certaines formes de multiplication asexu\u00e9e tel que le bouturage. C\u2019est aussi la multiplication provoqu\u00e9e d\u2019un fragment d\u2019ADN par l\u2019interm\u00e9diaire d\u2019un microorganisme. Ainsi en biologie le mot clonage d\u00e9signe plusieurs choses. En outre, c\u2019est-\u00e0-dire la cr\u00e9ation d\u2019un \u00eatre humain \u00e0 partir de la totalit\u00e9 du mat\u00e9riel g\u00e9n\u00e9tique et obtenue \u00e0 la suite d\u2019une d\u00e9cision.<\/p>\n<p><strong>\u00a0\u00a0\u00a0\u00a0\u00a0\u00a0\u00a0\u00a0\u00a0\u00a0\u00a0\u00a0\u00a0\u00a0\u00a0\u00a0\u00a0\u00a0\u00a0\u00a0\u00a0\u00a0\u00a0\u00a0\u00a0\u00a0\u00a0\u00a0\u00a0\u00a0\u00a0\u00a0\u00a0\u00a0\u00a0\u00a0\u00a0\u00a0 2) Les\u00a0 types du clonage<\/strong><\/p>\n<ol>\n<li><strong> a) Le clonage humain<\/strong><\/li>\n<\/ol>\n<p>Le clonage humain est au centre d\u2019une \u00e9norme pol\u00e9mique, en effet celui-ci pose une importante question \u00e9thique. On peut dire qu\u2019il existe naturellement des clones quand on prend l\u2019exemple des vrais\u00a0 jumeaux. En effet, il poss\u00e8de exactement les m\u00eames s\u00e9quences d\u2019ADN. La r\u00e8glementation en mati\u00e8re de clonage humain est tr\u00e8s stricte mais le clonage Humain \u00e0 vertus th\u00e9rapeutique est toujours en d\u00e9bats l\u00e9gislatifs. D\u00e9claration des Nations Unies sur le clonage des \u00eatres humains \u00ab Les Etats membres sont invit\u00e9s \u00e0 adopter toutes les mesures voulues pour prot\u00e9ger comme il convient, la vie humaine dans l\u2019application des sciences de la vie ; les Etats membres sont invit\u00e9s \u00e0&#8230;.<\/p>\n<p>Pour obtenir l&rsquo;expos\u00e9 complet contactez le +226 56196345 (WhatsApp).<\/p>\n","protected":false},"featured_media":831,"template":"","meta":{"jetpack_publicize_message":"","jetpack_publicize_feature_enabled":true,"jetpack_social_post_already_shared":false,"jetpack_social_options":{"image_generator_settings":{"template":"highway","default_image_id":0,"font":"","enabled":false},"version":2}},"product_brand":[],"product_cat":[627,546],"product_tag":[890],"class_list":{"0":"post-2219","1":"product","2":"type-product","3":"status-publish","4":"has-post-thumbnail","6":"product_cat-sciences-de-la-vie-et-de-la-terre","7":"product_cat-societe","8":"product_tag-le-clonage","10":"first","11":"instock","12":"downloadable","13":"virtual","14":"sold-individually","15":"purchasable","16":"product-type-simple"},"aioseo_notices":[],"jetpack_publicize_connections":[],"jetpack-related-posts":[],"jetpack_sharing_enabled":true,"_links":{"self":[{"href":"https:\/\/karandoogo.com\/index.php\/wp-json\/wp\/v2\/product\/2219","targetHints":{"allow":["GET"]}}],"collection":[{"href":"https:\/\/karandoogo.com\/index.php\/wp-json\/wp\/v2\/product"}],"about":[{"href":"https:\/\/karandoogo.com\/index.php\/wp-json\/wp\/v2\/types\/product"}],"wp:featuredmedia":[{"embeddable":true,"href":"https:\/\/karandoogo.com\/index.php\/wp-json\/wp\/v2\/media\/831"}],"wp:attachment":[{"href":"https:\/\/karandoogo.com\/index.php\/wp-json\/wp\/v2\/media?parent=2219"}],"wp:term":[{"taxonomy":"product_brand","embeddable":true,"href":"https:\/\/karandoogo.com\/index.php\/wp-json\/wp\/v2\/product_brand?post=2219"},{"taxonomy":"product_cat","embeddable":true,"href":"https:\/\/karandoogo.com\/index.php\/wp-json\/wp\/v2\/product_cat?post=2219"},{"taxonomy":"product_tag","embeddable":true,"href":"https:\/\/karandoogo.com\/index.php\/wp-json\/wp\/v2\/product_tag?post=2219"}],"curies":[{"name":"wp","href":"https:\/\/api.w.org\/{rel}","templated":true}]}}