{"id":2221,"date":"2022-08-31T16:49:15","date_gmt":"2022-08-31T16:49:15","guid":{"rendered":"https:\/\/karandoogo.com\/?post_type=product&#038;p=2221"},"modified":"2025-10-19T13:42:14","modified_gmt":"2025-10-19T13:42:14","slug":"expose-complet-sur-les-energies-propres-formes-importance-avantages-et-limites","status":"publish","type":"product","link":"https:\/\/karandoogo.com\/index.php\/produit\/expose-complet-sur-les-energies-propres-formes-importance-avantages-et-limites\/","title":{"rendered":"Expos\u00e9 complet sur les \u00e9nergies propres (formes, importance, avantages et limites)"},"content":{"rendered":"","protected":false},"excerpt":{"rendered":"<p><strong>NB:<\/strong> Les documents mis \u00e0 disposition sur ce site sont des documents \u00e0 exploiter, autrement dit des compl\u00e9ments pour parfaire votre travail. Ils ne sont pas faits pour \u00eatre pr\u00e9sent\u00e9s \u00e0 l\u2019\u00e9tat.<\/p>\n<p><strong><u>PLAN<\/u><\/strong><\/p>\n<p><strong><u>\u00a0<\/u><\/strong><\/p>\n<p><strong><u>INTRODUCTION<\/u><\/strong><\/p>\n<ul>\n<li><strong><u>DEFINITION<\/u><\/strong><\/li>\n<li><strong><u>LES DIFFERENTES FORMES D\u2019ENERGIE RENOUVELABLES<\/u><\/strong><\/li>\n<li><strong><u>Energie solaire<\/u><\/strong><\/li>\n<li><strong><u>Energie hydro\u00e9lectrique <\/u><\/strong><\/li>\n<li><strong><u>Energie \u00e9olienne<\/u><\/strong><\/li>\n<li><strong><u>IMPORTANCE DES ENERGIES PROPRES<\/u><\/strong><\/li>\n<li><strong><u>Importance des \u00e9nergies solaires<\/u><\/strong><\/li>\n<li><strong><u>Importance de l\u2019\u00e9nergie hydro\u00e9lectrique<\/u><\/strong><\/li>\n<li><strong><u>Importance des \u00e9oliennes<\/u><\/strong><\/li>\n<li><strong><u>AVANTAGES ET LIMITES DES ENERGIES RENOUVELABLES<\/u><\/strong><\/li>\n<li><strong><u>Avantages<\/u><\/strong>\n<ul>\n<li><strong><u>Energie solaire<\/u><\/strong><\/li>\n<li><strong><u>Energie Eolienne<\/u><\/strong><\/li>\n<li><strong><u>Energie Hydro\u00e9lectrique<\/u><\/strong><\/li>\n<\/ul>\n<\/li>\n<li><strong><u>Limites <\/u><\/strong>\n<ul>\n<li><strong><u>Energie solaire<\/u><\/strong><\/li>\n<li><strong><u>Energie \u00c9olienne<\/u><\/strong><\/li>\n<li><strong><u>Energie Hydro\u00e9lectrique<\/u><\/strong><\/li>\n<\/ul>\n<\/li>\n<\/ul>\n<p><strong><u>CONCLUSION<\/u><\/strong><\/p>\n<p><strong><u>\u00a0<\/u><\/strong><\/p>\n<p><strong><u>\u00a0<\/u><\/strong><\/p>\n<p><strong><u>INTRODUCTION<\/u><\/strong><\/p>\n<p><strong>La demande \u00e9nerg\u00e9tique atteint des \u00ab\u00a0<\/strong><em><strong>pics jamais \u00e9gal\u00e9s dans l\u2019histoire\u00a0<\/strong><\/em><strong>\u00bb du pays contraignant ainsi le gouvernement \u00e0 y r\u00e9pondre en s\u2019engageant pour une transition \u00e9nerg\u00e9tique et un mix \u00e9nerg\u00e9tique \u00e0 travers l\u2019Agence nationale des \u00e9nergies renouvelables et de l\u2019efficacit\u00e9 \u00e9nerg\u00e9tique (ANEREE). Charg\u00e9e de faire la promotion desdites \u00e9nergies, la structure s\u2019est tourn\u00e9e vers les journalistes \u00ab\u00a0<\/strong><em><strong>vecteurs essentiels<\/strong><\/em><strong>\u00a0\u00bb pour parvenir au \u00ab\u00a0<\/strong><em><strong>changement de comportements<\/strong><\/em><strong>\u00a0\u00bb, un pr\u00e9alable \u00e0 l\u2019utilisation rationnelle des kilowatts d\u2019\u00e9nergie disponibles en attendant d\u2019avoir une offre \u00e0 m\u00eame de r\u00e9pondre \u00e0 la demande sans cesse croissante.<\/strong><\/p>\n<ul>\n<li><strong><u>DEFINITION<\/u><\/strong><\/li>\n<\/ul>\n<p>Les\u00a0<strong>\u00e9nergies propres<\/strong> sont des sources d&rsquo;\u00e9nergie dont le renouvellement naturel est assez rapide pour qu&rsquo;elles puissent \u00eatre consid\u00e9r\u00e9es comme in\u00e9puisables \u00e0 l&rsquo;\u00e9chelle du temps humain. Elles proviennent de ph\u00e9nom\u00e8nes naturels cycliques ou constants induits par les\u00a0<a href=\"https:\/\/fr.wikipedia.org\/wiki\/Objet_c%C3%A9leste\">astres<\/a>\u00a0: le Soleil surtout, pour la chaleur et la lumi\u00e8re, mais aussi la Lune (mar\u00e9es) et la Terre (g\u00e9othermie). Leur caract\u00e8re renouvelable d\u00e9pend d&rsquo;une part de la vitesse \u00e0 laquelle la source est consomm\u00e9e, et d&rsquo;autre part de la vitesse \u00e0 laquelle elle se r\u00e9g\u00e9n\u00e8re.<\/p>\n<ul>\n<li><strong><u>LES DIFFERENTES FORMES D\u2019ENERGIE RENOUVELABLES<\/u><\/strong><\/li>\n<\/ul>\n<p>&nbsp;<\/p>\n<ul>\n<li><strong><u>Energie solaire<\/u><\/strong><\/li>\n<\/ul>\n<p>Le soleil \u00e9met un rayonnement \u00e9lectromagn\u00e9tique dans lequel se trouvent notamment les\u00a0<a href=\"https:\/\/fr.wikipedia.org\/wiki\/Rayon_cosmique\">rayons cosmiques<\/a>,\u00a0<a href=\"https:\/\/fr.wikipedia.org\/wiki\/Rayon_gamma\">gamma<\/a>,\u00a0<a href=\"https:\/\/fr.wikipedia.org\/wiki\/Rayon_X\">X<\/a>, la\u00a0<a href=\"https:\/\/fr.wikipedia.org\/wiki\/Spectre_visible\">lumi\u00e8re visible<\/a>, l\u2019<a href=\"https:\/\/fr.wikipedia.org\/wiki\/Infrarouge\">infrarouge<\/a>, les\u00a0<a href=\"https:\/\/fr.wikipedia.org\/wiki\/Micro-onde\">micro-ondes<\/a>\u00a0et les\u00a0<a href=\"https:\/\/fr.wikipedia.org\/wiki\/Onde_radio\">ondes radios<\/a>\u00a0en fonction de la fr\u00e9quence d\u2019\u00e9mission. Tous ces types de rayonnements \u00e9lectromagn\u00e9tiques v\u00e9hiculent de l\u2019\u00e9nergie. Le niveau d\u2019irradiante\u00a0(le flux \u00e9nerg\u00e9tique) mesur\u00e9 \u00e0 la surface de la Terre d\u00e9pend de la longueur d\u2019onde du rayonnement solaire.<\/p>\n<p>Deux grandes familles d&rsquo;utilisation de l&rsquo;\u00e9nergie solaire \u00e0 cycle court se distinguent\u00a0:<\/p>\n<ul>\n<li>L\u2019\u00e9nergie solaire thermique, utilisation de la chaleur transmise par rayonnement,<\/li>\n<li>L\u2019\u00e9nergie photovolta\u00efque, utilisation du rayonnement lui-m\u00eame pour produire de l&rsquo;\u00e9lectricit\u00e9.<\/li>\n<\/ul>\n<p>&nbsp;<\/p>\n<ul>\n<li><strong><u>Energie hydro\u00e9lectrique <\/u><\/strong><\/li>\n<\/ul>\n<p>L\u2019eau (en fait, la vapeur d&rsquo;eau) acqui\u00e8re, en altitude, une\u00a0<a href=\"https:\/\/fr.wikipedia.org\/wiki\/%C3%89nergie_potentielle_de_pesanteur\">\u00e9nergie potentielle de pesanteur<\/a>\u00a0; lorsque l&rsquo;eau tombe, cette \u00e9nergie peut \u00eatre capt\u00e9e et transform\u00e9e dans des\u00a0<a href=\"https:\/\/fr.wikipedia.org\/wiki\/Barrage_hydro%C3%A9lectrique\">barrages hydro\u00e9lectriques<\/a>, lors du retour de l\u2019eau vers les oc\u00e9ans. Avant l\u2019av\u00e8nement de l\u2019\u00e9lectricit\u00e9,&#8230;.<\/p>\n<p>Pour obtenir l&rsquo;expos\u00e9 complet contactez le +226 56196345 (WhatsApp).<\/p>\n","protected":false},"featured_media":831,"template":"","meta":{"jetpack_publicize_message":"","jetpack_publicize_feature_enabled":true,"jetpack_social_post_already_shared":false,"jetpack_social_options":{"image_generator_settings":{"template":"highway","default_image_id":0,"font":"","enabled":false},"version":2}},"product_brand":[],"product_cat":[703,789,714,627],"product_tag":[889,841],"class_list":{"0":"post-2221","1":"product","2":"type-product","3":"status-publish","4":"has-post-thumbnail","6":"product_cat-economie","7":"product_cat-environnement","8":"product_cat-politique","9":"product_cat-sciences-de-la-vie-et-de-la-terre","10":"product_tag-energies-propres","11":"product_tag-energies-renouvelables","13":"first","14":"instock","15":"downloadable","16":"virtual","17":"sold-individually","18":"purchasable","19":"product-type-simple"},"aioseo_notices":[],"jetpack_publicize_connections":[],"jetpack-related-posts":[],"jetpack_sharing_enabled":true,"_links":{"self":[{"href":"https:\/\/karandoogo.com\/index.php\/wp-json\/wp\/v2\/product\/2221","targetHints":{"allow":["GET"]}}],"collection":[{"href":"https:\/\/karandoogo.com\/index.php\/wp-json\/wp\/v2\/product"}],"about":[{"href":"https:\/\/karandoogo.com\/index.php\/wp-json\/wp\/v2\/types\/product"}],"wp:featuredmedia":[{"embeddable":true,"href":"https:\/\/karandoogo.com\/index.php\/wp-json\/wp\/v2\/media\/831"}],"wp:attachment":[{"href":"https:\/\/karandoogo.com\/index.php\/wp-json\/wp\/v2\/media?parent=2221"}],"wp:term":[{"taxonomy":"product_brand","embeddable":true,"href":"https:\/\/karandoogo.com\/index.php\/wp-json\/wp\/v2\/product_brand?post=2221"},{"taxonomy":"product_cat","embeddable":true,"href":"https:\/\/karandoogo.com\/index.php\/wp-json\/wp\/v2\/product_cat?post=2221"},{"taxonomy":"product_tag","embeddable":true,"href":"https:\/\/karandoogo.com\/index.php\/wp-json\/wp\/v2\/product_tag?post=2221"}],"curies":[{"name":"wp","href":"https:\/\/api.w.org\/{rel}","templated":true}]}}