{"id":2236,"date":"2022-08-31T17:09:14","date_gmt":"2022-08-31T17:09:14","guid":{"rendered":"https:\/\/karandoogo.com\/?post_type=product&#038;p=2236"},"modified":"2025-10-19T13:42:14","modified_gmt":"2025-10-19T13:42:14","slug":"expose-complet-sur-les-crises-dans-les-relations-internationales-de-1931-a-1939","status":"publish","type":"product","link":"https:\/\/karandoogo.com\/index.php\/produit\/expose-complet-sur-les-crises-dans-les-relations-internationales-de-1931-a-1939\/","title":{"rendered":"Expos\u00e9 complet sur les crises dans les relations internationales de 1931 \u00e0 1939"},"content":{"rendered":"","protected":false},"excerpt":{"rendered":"<p><strong>NB:<\/strong> Les documents mis \u00e0 disposition sur ce site sont des documents \u00e0 exploiter, autrement dit des compl\u00e9ments pour parfaire votre travail. Ils ne sont pas faits pour \u00eatre pr\u00e9sent\u00e9s \u00e0 l\u2019\u00e9tat.<\/p>\n<p><strong><u>PLAN<\/u><\/strong><\/p>\n<p><strong><u>INTRODUCTION<\/u><\/strong><\/p>\n<ul>\n<li><strong><u>LES CRISES DE 1931 A 1939<\/u><\/strong><\/li>\n<li><strong><u>Crises de la Manchourie<\/u><\/strong><\/li>\n<li><strong><u>Crise Ethiopienne<\/u><\/strong><\/li>\n<li><strong><u>LES CRISES DE 1937 A 1939<\/u><\/strong><\/li>\n<li><strong><u>L\u2019anschluss<\/u><\/strong><\/li>\n<li><strong><u>La crise des sud\u00e8tes<\/u><\/strong><\/li>\n<li><strong><u>La guerre d\u2019Espagne<\/u><\/strong><\/li>\n<li><strong><u>AGRESSION DE LA POLOGNE<\/u><\/strong><\/li>\n<\/ul>\n<p><strong><u>CONCLUSION<\/u><\/strong><\/p>\n<p><strong><u>\u00a0<\/u><\/strong><\/p>\n<p><strong><u>INTRODUCTION<\/u><\/strong><\/p>\n<p>La France, puissance victorieuse est le pays le plus touch\u00e9 par la guerre 1914-18. Elle en sort d\u00e9vast\u00e9e, appauvrie, endett\u00e9e. Il faut reconstruire le pays et retrouver la prosp\u00e9rit\u00e9 perdue. Dans les ann\u00e9es 1930, la France doit faire face \u00e0 la crise \u00e9conomique. La p\u00e9riode de l&rsquo;entre deux guerres voit l&rsquo;alternance au pouvoir des partis de droite et de gauche. Ainsi, entre 1931 et 1939, les r\u00e9gimes ultra-nationalistes sont de plus en plus nombreux et ce que l&rsquo;on appelle \u00ab fascisme \u00bb se transforme, en quelque sorte, en un nouveau mot d&rsquo;ordre.<\/p>\n<ul>\n<li><strong><u>LES CRISES DE 1931 A 1939<\/u><\/strong><\/li>\n<li><strong><u>Crises de la Manchourie<\/u><\/strong><\/li>\n<\/ul>\n<p>L\u2019invasion japonaise de la Mandchourie commence le 19 septembre 1931, lorsque la Mandchourie est envahie par l&rsquo;Arm\u00e9e japonaise du Guandong de l&rsquo;Empire du Japon, imm\u00e9diatement apr\u00e8s l&rsquo;incident de Moukden. Les Japonais y forment, le 18 f\u00e9vrier 1932, un \u00c9tat fantoche, appel\u00e9 Mandchoukouo, qui leur est enti\u00e8rement assujetti et qui perdure jusqu&rsquo;en ao\u00fbt 1945, date de l&rsquo;invasion sovi\u00e9tique de la Mandchourie.<\/p>\n<p>Imm\u00e9diatement apr\u00e8s l&rsquo;explosion \u00e0 l&rsquo;origine de l&rsquo;incident de Moukden, les Japonais cern\u00e8rent la garnison chinoise toute proche et attaqu\u00e8rent les troupes qui y \u00e9taient cantonn\u00e9es, sous pr\u00e9texte que toute propri\u00e9t\u00e9 du Japon devaient \u00eatre prot\u00e9g\u00e9e des assauts des troupes chinoises. Cinq cents soldats japonais s&rsquo;en prirent donc \u00e0 une garnison chinoise forte de quelque sept mille soldats \u00e0 Beidaying. Zhang Xueliang, avec l&rsquo;approbation implicite du gouvernement de Tchang Ka\u00ef-chek, avait d\u00e9j\u00e0 pr\u00e9venu ses hommes de ne prendre part \u00e0 aucun combat et de mettre les armes hors de port\u00e9e des Japonais dans l&rsquo;\u00e9ventualit\u00e9 d&rsquo;une invasion. Du coup, les Japonais ne rencontr\u00e8rent aucune r\u00e9sistance \u00e0 Beidaying, et proc\u00e9d\u00e8rent le 19 septembre \u00e0 l&rsquo;occupation compl\u00e8te de la garnison et des villes principales de Moukden (Shenyang en chinois), Changchun (Tchang-Tchouen en fran\u00e7ais de l&rsquo;\u00e9poque), Antung (aujourd&rsquo;hui Dandong), et des environs directs. Lorsque des combats eurent lieu, ce fut en g\u00e9n\u00e9ral d\u00fb \u00e0 des malentendus entre le gouvernement central chinois et ses troupes, qui \u00e9taient suppos\u00e9es avoir re\u00e7u l&rsquo;ordre de ne pas r\u00e9sister. En quelques jours, les trois provinces du Heilongjiang, du Jilin et du Liaoning (o\u00f9 se situait Moukden) furent prises par les Japonais.<\/p>\n<ul>\n<li><strong><u>Crise Ethiopienne<\/u><\/strong><\/li>\n<\/ul>\n<p>La seconde guerre italo-\u00e9thiopienne ou campagne d&rsquo;Abyssinie est un conflit opposant l&rsquo;Italie fasciste de Benito Mussolini \u00e0 l&rsquo;Empire d&rsquo;\u00c9thiopie de Ha\u00efl\u00e9 S\u00e9lassi\u00e9 Ier du 3 octobre 1935 au 9 mai 1936. Elle constitue la seconde tentative de l&rsquo;Italie de s&#8217;emparer du pays apr\u00e8s la victoire \u00e9thiopienne d&rsquo;Adoua de 1896 lors de la premi\u00e8re tentative italienne, victoire non seulement militaire mais aussi politique et diplomatique puisqu&rsquo;elle avait garanti \u00e0 cet \u00c9tat africain son ind\u00e9pendance et sa reconnaissance internationale. L&rsquo;\u00c9thiopie et l&rsquo;Italie appartiennent \u00e0 la Soci\u00e9t\u00e9 des Nations, qui selon sa charte a pour mission d&rsquo;assurer la pr\u00e9vention des guerres au travers du principe de s\u00e9curit\u00e9 collective.<\/p>\n<p>Le d\u00e9clenchement de cette guerre entra\u00eene ainsi le retrait de l&rsquo;Italie de la Soci\u00e9t\u00e9 des Nations et son rapprochement avec l&rsquo;Allemagne nazie. Parall\u00e8lement l&rsquo;incapacit\u00e9 de la Soci\u00e9t\u00e9 des Nations \u00e0 emp\u00eacher l&rsquo;invasion la discr\u00e9dite sur le plan international, \u00e0 la veille de la Seconde Guerre mondiale. Malgr\u00e9 la sup\u00e9riorit\u00e9 technologique et&#8230;<\/p>\n<p>Pour obtenir l&rsquo;expos\u00e9 complet contactez le +226 56196345 (WhatsApp).<\/p>\n","protected":false},"featured_media":831,"template":"","meta":{"jetpack_publicize_message":"","jetpack_publicize_feature_enabled":true,"jetpack_social_post_already_shared":false,"jetpack_social_options":{"image_generator_settings":{"template":"highway","default_image_id":0,"font":"","enabled":false},"version":2}},"product_brand":[],"product_cat":[549,811,608],"product_tag":[891,805],"class_list":{"0":"post-2236","1":"product","2":"type-product","3":"status-publish","4":"has-post-thumbnail","6":"product_cat-geographie","7":"product_cat-geopolitique","8":"product_cat-histoire","9":"product_tag-1931-1939","10":"product_tag-crises-internationales","12":"first","13":"instock","14":"downloadable","15":"virtual","16":"sold-individually","17":"purchasable","18":"product-type-simple"},"aioseo_notices":[],"jetpack_publicize_connections":[],"jetpack-related-posts":[],"jetpack_sharing_enabled":true,"_links":{"self":[{"href":"https:\/\/karandoogo.com\/index.php\/wp-json\/wp\/v2\/product\/2236","targetHints":{"allow":["GET"]}}],"collection":[{"href":"https:\/\/karandoogo.com\/index.php\/wp-json\/wp\/v2\/product"}],"about":[{"href":"https:\/\/karandoogo.com\/index.php\/wp-json\/wp\/v2\/types\/product"}],"wp:featuredmedia":[{"embeddable":true,"href":"https:\/\/karandoogo.com\/index.php\/wp-json\/wp\/v2\/media\/831"}],"wp:attachment":[{"href":"https:\/\/karandoogo.com\/index.php\/wp-json\/wp\/v2\/media?parent=2236"}],"wp:term":[{"taxonomy":"product_brand","embeddable":true,"href":"https:\/\/karandoogo.com\/index.php\/wp-json\/wp\/v2\/product_brand?post=2236"},{"taxonomy":"product_cat","embeddable":true,"href":"https:\/\/karandoogo.com\/index.php\/wp-json\/wp\/v2\/product_cat?post=2236"},{"taxonomy":"product_tag","embeddable":true,"href":"https:\/\/karandoogo.com\/index.php\/wp-json\/wp\/v2\/product_tag?post=2236"}],"curies":[{"name":"wp","href":"https:\/\/api.w.org\/{rel}","templated":true}]}}