{"id":2237,"date":"2022-08-31T17:16:49","date_gmt":"2022-08-31T17:16:49","guid":{"rendered":"https:\/\/karandoogo.com\/?post_type=product&#038;p=2237"},"modified":"2025-10-19T13:42:14","modified_gmt":"2025-10-19T13:42:14","slug":"expose-complet-sur-les-doctrines-imperialistes","status":"publish","type":"product","link":"https:\/\/karandoogo.com\/index.php\/produit\/expose-complet-sur-les-doctrines-imperialistes\/","title":{"rendered":"Expos\u00e9 complet sur les doctrines imp\u00e9rialistes"},"content":{"rendered":"","protected":false},"excerpt":{"rendered":"<p><strong>NB:<\/strong> Les documents mis \u00e0 disposition sur ce site sont des documents \u00e0 exploiter, autrement dit des compl\u00e9ments pour parfaire votre travail. Ils ne sont pas faits pour \u00eatre pr\u00e9sent\u00e9s \u00e0 l\u2019\u00e9tat.<\/p>\n<p><strong><u>INTRODUCTION<\/u><\/strong><\/p>\n<ul>\n<li><strong><u>DEFINITION<\/u><\/strong><\/li>\n<li><strong><u>ORIGINE ET EVOLUTION<\/u><\/strong><\/li>\n<li><strong><u>Doctrine Imp\u00e9rialistes<\/u><\/strong><\/li>\n<li><strong><u>M\u00e9thodes imp\u00e9rialistes<\/u><\/strong><\/li>\n<li><strong><u>Les explorateurs<\/u><\/strong><\/li>\n<li><strong><u>Les missionnaires<\/u><\/strong><u>:<\/u><\/li>\n<li><strong><u>CAUSES DE L\u2019IMPERIALISME<\/u><\/strong><\/li>\n<li><strong><em><u>Arguments \u00e9conomiques<\/u><\/em><\/strong><u> : <\/u><\/li>\n<li><strong><em><u>Arguments scientifiques<\/u><\/em><\/strong><em><u> :<\/u><\/em><\/li>\n<li><strong><u>L\u2019accroissement d\u00e9mographique et Exotisme<\/u><\/strong><\/li>\n<li><strong><u>La mission civilisatrice<\/u><\/strong><\/li>\n<li><strong><u>La conf\u00e9rence de Berlin<\/u><\/strong><\/li>\n<\/ul>\n<p><strong><u>Conclusion<\/u><\/strong><\/p>\n<p><strong><u>\u00a0<\/u><\/strong><\/p>\n<p><strong><u>INTRODUCTION<\/u><\/strong><\/p>\n<p>L&rsquo;<strong>imp\u00e9rialisme<\/strong>\u00a0est une strat\u00e9gie ou une doctrine politique de conqu\u00eate, visant la formation d&rsquo;un\u00a0<a href=\"https:\/\/fr.wikipedia.org\/wiki\/Empire\">empire<\/a>\u00a0ou d&rsquo;une domination. Pour\u00a0<a href=\"https:\/\/fr.wikipedia.org\/wiki\/John_Atkinson_Hobson\">John Atkinson Hobson<\/a>, la nouveaut\u00e9 dans l&rsquo;imp\u00e9rialisme de la fin du\u00a0XIX<sup>e<\/sup>\u00a0si\u00e8cle et du d\u00e9but du\u00a0XX<sup>e<\/sup>\u00a0si\u00e8cle, c&rsquo;est qu&rsquo;il n&rsquo;est plus li\u00e9 \u00e0 l&rsquo;id\u00e9e d&rsquo;un empire couvrant le monde connu, comme c&rsquo;\u00e9tait le cas dans le cadre de la\u00a0<a href=\"https:\/\/fr.wikipedia.org\/wiki\/Pax_Romana\">Pax Romana<\/a>. Au contraire, \u00e0 la suite de la mont\u00e9e du\u00a0<a href=\"https:\/\/fr.wikipedia.org\/wiki\/Nationalisme\">nationalisme<\/a>\u00a0au\u00a0XIX<sup>e<\/sup>\u00a0si\u00e8cle, cet imp\u00e9rialisme donne lieu \u00e0 une lutte entre empires concurrents\u00a0(<a href=\"https:\/\/fr.wikipedia.org\/wiki\/Empire_allemand\">Empire allemand<\/a>,\u00a0<a href=\"https:\/\/fr.wikipedia.org\/wiki\/Empire_britannique\">Empire britannique<\/a>,\u00a0<a href=\"https:\/\/fr.wikipedia.org\/wiki\/Empire_russe\">Empire russe<\/a>, etc.). Au niveau \u00e9conomique, l&rsquo;imp\u00e9rialisme est alors de nature\u00a0<a href=\"https:\/\/fr.wikipedia.org\/wiki\/Protectionniste\">protectionniste<\/a>\u00a0et s&rsquo;oppose au\u00a0<a href=\"https:\/\/fr.wikipedia.org\/wiki\/Libre-%C3%A9change\">libre-\u00e9change<\/a>.<\/p>\n<ul>\n<li><strong><u>DEFINITION<\/u><\/strong><\/li>\n<\/ul>\n<p>L&rsquo;<strong>imp\u00e9rialisme<\/strong>\u00a0est la politique d&rsquo;un pays qui cherche \u00e0 conserver ou \u00e0 \u00e9tendre sa\u00a0<strong>domination sur d&rsquo;autres\u00a0<\/strong><a href=\"http:\/\/www.toupie.org\/Dictionnaire\/Peuple.htm\"><strong>peuples<\/strong><\/a><strong>\u00a0ou d&rsquo;autres\u00a0<\/strong><a href=\"http:\/\/www.toupie.org\/Dictionnaire\/Territoire.htm\"><strong>territoires<\/strong><\/a>. Les vis\u00e9es d&rsquo;expansion d&rsquo;un r\u00e9gime imp\u00e9rialiste peuvent se faire directement ou par l&rsquo;interm\u00e9diaire de\u00a0<strong>sph\u00e8res d&rsquo;<\/strong><a href=\"http:\/\/www.toupie.org\/Dictionnaire\/Influence.htm\"><strong>influence<\/strong><\/a>. Le\u00a0<a href=\"http:\/\/www.toupie.org\/Dictionnaire\/Colonialisme.htm\"><strong>colonialisme<\/strong><\/a>\u00a0est une forme d&rsquo;imp\u00e9rialisme<\/p>\n<ul>\n<li><strong><u>ORIGINE ET EVOLUTION<\/u><\/strong><\/li>\n<\/ul>\n<p>Des auteurs\u00a0<a href=\"https:\/\/fr.wikipedia.org\/wiki\/Marxisme\">marxistes<\/a>, principalement\u00a0<a href=\"https:\/\/fr.wikipedia.org\/wiki\/Rudolf_Hilferding\">Rudolf Hilferding<\/a>,\u00a0<a href=\"https:\/\/fr.wikipedia.org\/wiki\/Rosa_Luxemburg\">Rosa Luxemburg<\/a>, et\u00a0<a href=\"https:\/\/fr.wikipedia.org\/wiki\/L%C3%A9nine\">L\u00e9nine<\/a>\u00a0avec son ouvrage\u00a0<a href=\"https:\/\/fr.wikipedia.org\/wiki\/L%27Imp%C3%A9rialisme,_stade_supr%C3%AAme_du_capitalisme\"><em>L&rsquo;Imp\u00e9rialisme, stade supr\u00eame du capitalisme<\/em><\/a>\u00a0(1916), reprennent le terme de Hobson et le popularisent. Dans le cadre de la th\u00e9orie marxiste, l&rsquo;imp\u00e9rialisme correspond \u00e0 un stade de d\u00e9veloppement du capitalisme, et r\u00e9pond \u00e0 une logique essentiellement \u00e9conomique et non pas politique. L&rsquo;imp\u00e9rialisme est le moyen de faire face \u00e0 la\u00a0<a href=\"https:\/\/fr.wikipedia.org\/wiki\/Chute_tendancielle_du_taux_de_profit\">baisse tendancielle du taux de profit<\/a>\u00a0en \u00e9tendant l&rsquo;exploitation dans le monde colonial. L\u00e9nine analyse ainsi la <strong>Premi\u00e8re Guerre mondiale<\/strong> comme le produit de la lutte entre capitalistes pour l&rsquo;appropriation des\u00a0<a href=\"https:\/\/fr.wikipedia.org\/wiki\/Colonie\">colonies<\/a>. Au c\u0153ur de ce stade de d\u00e9veloppement du capitalisme, on trouve, apr\u00e8s la concentration ayant eu lieu au\u00a0XIX<sup>e<\/sup>\u00a0si\u00e8cle, le \u00ab\u00a0grand capital\u00a0\u00bb, largement contr\u00f4l\u00e9 par les banques et la finance selon L\u00e9nine.<\/p>\n<p>Cette th\u00e8se n&rsquo;a cess\u00e9 de faire l&rsquo;objet de vives critiques. En particulier, de tr\u00e8s nombreux auteurs ont contest\u00e9 l&rsquo;id\u00e9e que la finalit\u00e9 de l&rsquo;imp\u00e9rialisme soit avant tout \u00e9conomique. Un des premiers critiques de cette th\u00e9orie,\u00a0<a href=\"https:\/\/fr.wikipedia.org\/wiki\/Joseph_Schumpeter\">Joseph Schumpeter<\/a> d\u00e9fend, par exemple, l&rsquo;id\u00e9e qu&rsquo;il faut voir dans l&rsquo;imp\u00e9rialisme un ph\u00e9nom\u00e8ne de nature sociologique. Il insiste ainsi sur l&rsquo;importance de l&rsquo;aristocratie, notamment les\u00a0<a href=\"https:\/\/fr.wikipedia.org\/wiki\/Junker\"><em>Junker<\/em><\/a>s en Allemagne, dont la position sociale est fond\u00e9e sur le contr\u00f4le de ressources politiques, l&rsquo;exploitation de richesses terriennes locales et&#8230;<\/p>\n<p>Pour obtenir l&rsquo;expos\u00e9 complet contactez le +226 56196345 (WhatsApp).<\/p>\n","protected":false},"featured_media":831,"template":"","meta":{"jetpack_publicize_message":"","jetpack_publicize_feature_enabled":true,"jetpack_social_post_already_shared":false,"jetpack_social_options":{"image_generator_settings":{"template":"highway","default_image_id":0,"font":"","enabled":false},"version":2}},"product_brand":[],"product_cat":[811,714],"product_tag":[892],"class_list":{"0":"post-2237","1":"product","2":"type-product","3":"status-publish","4":"has-post-thumbnail","6":"product_cat-geopolitique","7":"product_cat-politique","8":"product_tag-doctrines-imperialistes","10":"first","11":"instock","12":"downloadable","13":"virtual","14":"sold-individually","15":"purchasable","16":"product-type-simple"},"aioseo_notices":[],"jetpack_publicize_connections":[],"jetpack-related-posts":[],"jetpack_sharing_enabled":true,"_links":{"self":[{"href":"https:\/\/karandoogo.com\/index.php\/wp-json\/wp\/v2\/product\/2237","targetHints":{"allow":["GET"]}}],"collection":[{"href":"https:\/\/karandoogo.com\/index.php\/wp-json\/wp\/v2\/product"}],"about":[{"href":"https:\/\/karandoogo.com\/index.php\/wp-json\/wp\/v2\/types\/product"}],"wp:featuredmedia":[{"embeddable":true,"href":"https:\/\/karandoogo.com\/index.php\/wp-json\/wp\/v2\/media\/831"}],"wp:attachment":[{"href":"https:\/\/karandoogo.com\/index.php\/wp-json\/wp\/v2\/media?parent=2237"}],"wp:term":[{"taxonomy":"product_brand","embeddable":true,"href":"https:\/\/karandoogo.com\/index.php\/wp-json\/wp\/v2\/product_brand?post=2237"},{"taxonomy":"product_cat","embeddable":true,"href":"https:\/\/karandoogo.com\/index.php\/wp-json\/wp\/v2\/product_cat?post=2237"},{"taxonomy":"product_tag","embeddable":true,"href":"https:\/\/karandoogo.com\/index.php\/wp-json\/wp\/v2\/product_tag?post=2237"}],"curies":[{"name":"wp","href":"https:\/\/api.w.org\/{rel}","templated":true}]}}